{"id":5693,"date":"2025-07-15T15:57:00","date_gmt":"2025-07-15T08:57:00","guid":{"rendered":"https:\/\/nhadepbepxinh.com.vn\/?post_type=product&#038;p=5693"},"modified":"2025-07-15T15:57:00","modified_gmt":"2025-07-15T08:57:00","slug":"voi-rua-bat-kluger-klf0008sc","status":"publish","type":"product","link":"https:\/\/nhadepbepxinh.com.vn\/?product=voi-rua-bat-kluger-klf0008sc","title":{"rendered":"V\u00f2i r\u1eeda b\u00e1t Kluger KLF0008SC"},"content":{"rendered":"<div class=\"wpb_text_column wpb_content_element \">\n<div class=\"wpb_wrapper\">\n<p><strong>V\u00f2i r\u1eeda b\u00e1t\u00a0Kluger KLF0008SC<\/strong>\u00a0phi\u00ean b\u1ea3n m\u00e0u Chrome s\u00e1ng b\u00f3ng \u2013 l\u1ef1a ch\u1ecdn ho\u00e0n h\u1ea3o cho nh\u1eefng ai y\u00eau th\u00edch v\u1ebb \u0111\u1eb9p hi\u1ec7n \u0111\u1ea1i, thanh l\u1ecbch. L\u1edbp m\u1ea1 Chrome kh\u00f4ng ch\u1ec9 t\u1ea1o hi\u1ec7u \u1ee9ng \u00e1nh kim sang tr\u1ecdng, d\u1ec5 ph\u1ed1i h\u1ee3p v\u1edbi m\u1ecdi phong c\u00e1ch b\u1ebfp m\u00e0 c\u00f2n gi\u00fap b\u1ec1 m\u1eb7t lu\u00f4n s\u1ea1ch s\u1ebd, ch\u1ed1ng b\u00e1m b\u1ea9n v\u00e0 d\u1ec5 v\u1ec7 sinh. Thi\u1ebft k\u1ebf d\u00e2y r\u00fat linh ho\u1ea1t k\u1ebft h\u1ee3p v\u1edbi ki\u1ec3u d\u00e1ng m\u1ea1nh m\u1ebd, d\u1ee9t kho\u00e1t \u0111\u1eb7c tr\u01b0ng c\u1ee7a d\u00f2ng RENE Series, mang \u0111\u1ebfn s\u1ef1 ti\u1ec7n nghi t\u1ed1i \u0111a trong t\u1eebng thao t\u00e1c.<\/p>\n<\/div>\n<\/div>\n<div class=\"vc_row wpb_row vc_inner product_content_row row_odd mb-3 vc_row-o-equal-height vc_row-o-content-middle vc_row-flex mx-0\">\n<div class=\"porto-wrap-container container\">\n<div class=\"row align-items-center\">\n<div class=\"col_inner_text vc_column_container col-md-6\">\n<div class=\"wpb_wrapper vc_column-inner\">\n<div class=\"wpb_text_column wpb_content_element \">\n<div class=\"wpb_wrapper\">\n<h4><strong>V\u00d2I XOAY 360<sup>o<\/sup>\u00a0<span class=\"text-hl\">T\u1ed0I \u01afU KH\u1ea2 N\u0102NG S\u1eec D\u1ee4NG<\/span><\/strong><\/h4>\n<p><img decoding=\"async\" src=\"https:\/\/kluger.vn\/wp-content\/uploads\/2023\/11\/voi-rua-bat-kluger-KLF0003C-xoay-360.jpg\" alt=\"V\u00f2i r\u1eeda b\u00e1t Kluger KLF0003C xoay 360 \u0111\u1ed9\" \/><\/p>\n<p>V\u00f2i Kluger thi\u1ebft k\u1ebf cao v\u00e0 kh\u1ea3 n\u0103ng xoay 360<sup>o<\/sup>, t\u1ea1o ra s\u1ef1 t\u01b0\u01a1ng th\u00edch ho\u00e0n h\u1ea3o v\u1edbi m\u1ecdi \u0111\u1ed3 d\u00f9ng. B\u1ea1n c\u00f3 th\u1ec3 d\u1ec5 d\u00e0ng l\u00e0m vi\u1ec7c v\u1edbi c\u00e1c thi\u1ebft b\u1ecb b\u1ebfp c\u00f3 k\u00edch th\u01b0\u1edbc \u0111\u1eb7c bi\u1ec7t m\u00e0 kh\u00f4ng g\u1eb7p b\u1ea5t k\u1ef3 kh\u00f3 kh\u0103n n\u00e0o. T\u1eadn h\u01b0\u1edfng s\u1ef1 ti\u1ec7n l\u1ee3i v\u00e0 linh ho\u1ea1t m\u00e0 thi\u1ebft k\u1ebf n\u00e0y mang l\u1ea1i, th\u1eddi gian n\u1ea5u n\u01b0\u1edbc s\u1ebd tr\u1edf n\u00ean tho\u1ea3i m\u00e1i v\u00e0 tr\u00e0n \u0111\u1ea7y c\u1ea3m h\u1ee9ng.<\/p>\n<\/div>\n<\/div>\n<\/div>\n<\/div>\n<\/div>\n<\/div>\n<\/div>\n<div class=\"vc_row wpb_row vc_inner row product_content_row row_even mb-3 vc_row-o-equal-height vc_row-o-content-middle vc_row-flex\">\n<div class=\"col_inner_text vc_column_container col-md-6\">\n<div class=\"wpb_wrapper vc_column-inner\">\n<div class=\"wpb_text_column wpb_content_element \">\n<div class=\"wpb_wrapper\">\n<h4><strong><span class=\"text-hl\">HO\u00c0N THI\u1ec6N<\/span>\u00a0KH\u00d4NG T\u00cc V\u1ebeT<\/strong><\/h4>\n<p><img decoding=\"async\" src=\"https:\/\/kluger.vn\/wp-content\/uploads\/2023\/11\/cau-tao-voi-kluger-05-lop.jpg\" alt=\"V\u00f2i r\u1eeda b\u00e1t Kluger ch\u1ea5t li\u1ec7u 05 l\u1edbp\" \/><\/p>\n<p>B\u1ec1 m\u1eb7t ho\u00e0n thi\u1ec7n c\u1ee7a v\u00f2i r\u1eeda Kluger mang \u0111\u1ebfn kh\u1ea3 n\u0103ng d\u1ec5 d\u00e0ng l\u00e0m s\u1ea1ch, ch\u1ed1ng tr\u1ea7y x\u01b0\u1edbc v\u00e0 \u0103n m\u00f2n, kh\u00e1ng khu\u1ea9n v\u00e0 ch\u1ed1ng vi khu\u1ea9n. Th\u00e2n v\u00f2i \u0111\u01b0\u1ee3c c\u1ea5u t\u1ea1o b\u1edfi 05 l\u1edbp, v\u1edbi b\u1ec1 m\u1eb7t ho\u00e0n thi\u1ec7n ch\u1ea5t l\u01b0\u1ee3ng cao, ng\u01b0\u1eddi d\u00f9ng c\u00f3 th\u1ec3 t\u1eadn h\u01b0\u1edfng v\u00f2i b\u1ebfp s\u00e1ng b\u00f3ng, b\u1ec1n b\u1ec9 v\u1edbi th\u1eddi gian<\/p>\n<\/div>\n<\/div>\n<\/div>\n<\/div>\n<\/div>\n<div class=\"vc_row wpb_row vc_inner product_content_row row_odd mb-3 vc_row-o-equal-height vc_row-o-content-middle vc_row-flex mx-0\">\n<div class=\"porto-wrap-container container\">\n<div class=\"row align-items-center\">\n<div class=\"col_inner_text vc_column_container col-md-6\">\n<div class=\"wpb_wrapper vc_column-inner\">\n<div class=\"wpb_text_column wpb_content_element \">\n<div class=\"wpb_wrapper\">\n<h4><strong>L\u00d5I D\u00c2Y R\u00daT\u00a0<span class=\"text-hl\">TH\u1ebe H\u1ec6 M\u1edaI<\/span><\/strong><\/h4>\n<p><img decoding=\"async\" src=\"https:\/\/kluger.vn\/wp-content\/uploads\/2023\/11\/loi-day-rut-voi-Chrome.jpg\" alt=\"L\u00f5i d\u00e2y r\u00fat PEX th\u1ebf h\u1ec7 m\u1edbi v\u00f2i Kluger\" \/><\/p>\n<p>L\u00f5i k\u00e9o d\u00e2y r\u00fat v\u00f2i r\u1eeda b\u00e1t l\u00e0 m\u1ed9t ph\u1ee5 ki\u1ec7n h\u1eefu \u00edch \u0111\u1ec3 t\u0103ng c\u01b0\u1eddng s\u1ef1 linh ho\u1ea1t v\u00e0 ti\u1ec7n \u00edch khi s\u1eed d\u1ee5ng v\u00f2i r\u1eeda b\u00e1t. V\u1edbi ch\u1ee9c n\u0103ng \u0111\u1ea7u d\u00e2y r\u00fat th\u00f4ng minh, v\u00f2i b\u1ebfp Kluger kh\u00f4ng ch\u1ec9 l\u00e0 m\u1ed9t c\u00f4ng c\u1ee5 th\u00f4ng th\u01b0\u1eddng, m\u00e0 tr\u1edf th\u00e0nh m\u1ed9t tr\u1ee3 th\u1ee7 \u0111\u00e1ng tin c\u1eady v\u00e0 \u0111a n\u0103ng trong nh\u1eefng ho\u1ea1t \u0111\u1ed9ng h\u00e0ng ng\u00e0y.<\/p>\n<\/div>\n<\/div>\n<\/div>\n<\/div>\n<\/div>\n<\/div>\n<\/div>\n<div class=\"vc_row wpb_row vc_inner row product_content_row row_even mb-3 vc_row-o-equal-height vc_row-o-content-middle vc_row-flex\">\n<div class=\"col_inner_text vc_column_container col-md-6\">\n<div class=\"wpb_wrapper vc_column-inner\">\n<div class=\"wpb_text_column wpb_content_element \">\n<div class=\"wpb_wrapper\">\n<h4><strong>\u0110\u1ea6U V\u00d2I PHUN\u00a0<span class=\"text-hl\">CH\u1ee8C N\u0102NG K\u00c9P<\/span><\/strong><\/h4>\n<p><img decoding=\"async\" src=\"https:\/\/kluger.vn\/wp-content\/uploads\/2023\/11\/voi-rua-bat-kluger-KLF0003C-che-do-phun-kep.jpg\" alt=\"V\u00f2i r\u1eeda b\u00e1t Kluger KLF0003C v\u00f2i phun ch\u1ee9c n\u0103ng k\u00e9p\" \/><\/p>\n<p>\u0110\u00e1p \u1ee9ng m\u1ecdi nhu c\u1ea7u c\u1ee7a b\u1ea1n v\u00e0 mang l\u1ea1i tr\u1ea3i nghi\u1ec7m s\u1eed d\u1ee5ng v\u00f2i b\u1ebfp \u0111a n\u0103ng v\u00e0 hi\u1ec7u qu\u1ea3 h\u01a1n bao gi\u1edd h\u1ebft.<em><strong>\u00a0Ch\u1ebf \u0111\u1ed9 d\u00f2ng ch\u1ea3y:\u00a0<\/strong><\/em>Nh\u1eb9 nh\u00e0ng ph\u00f9 h\u1ee3p v\u1edbi vi\u1ec7c r\u1eeda rau, tr\u00e1i c\u00e2y hay v\u1eadt d\u1ee5ng nh\u1ecf nh\u01b0 ch\u00e9n \u0111\u0129a. Ch\u1ebf \u0111\u1ed9 d\u00f2ng ch\u1ea3y t\u1ea1o ra m\u1ed9t d\u00f2ng n\u01b0\u1edbc \u00eam d\u1ecbu, kh\u00f4ng g\u00e2y b\u1eafn n\u01b0\u1edbc m\u1ea1nh.<em><strong>\u00a0Ch\u1ebf \u0111\u1ed9 phun x\u1ecbt:\u00a0<\/strong><\/em>T\u1ea1o ra m\u1ed9t d\u00f2ng n\u01b0\u1edbc m\u1ea1nh v\u00e0 t\u1eadp trung, ho\u00e0n h\u1ea3o cho c\u00e1c c\u00f4ng vi\u1ec7c \u0111\u00f2i h\u1ecfi \u00e1p l\u1ef1c n\u01b0\u1edbc cao, gi\u00fap b\u1ea1n d\u1ec5 d\u00e0ng lo\u1ea1i b\u1ecf v\u1ebft b\u1ea9n v\u00e0 m\u1ea3ng b\u00e1m kh\u00f3 v\u1ec7 sinh.<\/p>\n<\/div>\n<\/div>\n<\/div>\n<\/div>\n<\/div>\n<div class=\"vc_row wpb_row vc_inner product_content_row row_odd mb-3 vc_row-o-equal-height vc_row-o-content-middle vc_row-flex mx-0\">\n<div class=\"porto-wrap-container container\">\n<div class=\"row align-items-center\">\n<div class=\"col_inner_text vc_column_container col-md-6\">\n<div class=\"wpb_wrapper vc_column-inner\">\n<div class=\"wpb_text_column wpb_content_element \">\n<div class=\"wpb_wrapper\">\n<h4><strong>VAN L\u00d5I\u00a0<span class=\"text-hl\">SEDAL T\u00c2Y BAN NHA<\/span><\/strong><\/h4>\n<p><img decoding=\"async\" src=\"https:\/\/kluger.vn\/wp-content\/uploads\/2023\/11\/van-loi-sedal-voi-kluger.jpg\" alt=\"V\u00f2i Kluger van l\u00f5i SEDAL T\u00e2y Ban Nha\" \/><\/p>\n<p>L\u00e0 m\u1ed9t th\u00e0nh ph\u1ea7n quan tr\u1ecdng trong v\u00f2i b\u1ebfp Kluger. Th\u01b0\u1eddng \u0111\u01b0\u1ee3c l\u00e0m b\u1eb1ng nh\u1ef1a Composite ho\u1eb7c Ceramic, gi\u00fap gi\u1ea3m ma s\u00e1t v\u00e0 \u0111\u1ea3m b\u1ea3o \u0111\u1ed9 b\u1ec1n cao v\u1edbi nhi\u1ec7t \u0111\u1ed9 n\u01b0\u1edbc, l\u00f5i Sedal \u0111\u01b0\u1ee3c \u0111\u00e1nh gi\u00e1 ch\u1ea5t l\u01b0\u1ee3ng cao v\u00e0 \u0111\u00e1ng tin c\u1eady. Van l\u00f5i Sedal cho ph\u00e9p \u0111i\u1ec1u ch\u1ec9nh l\u01b0u l\u01b0\u1ee3ng n\u01b0\u1edbc, nhi\u1ec7t \u0111\u1ed9 theo \u00fd mu\u1ed1n. B\u1eb1ng c\u00e1ch xoay b\u00faa van, b\u1ea1n c\u00f3 th\u1ec3 t\u0103ng ho\u1eb7c gi\u1ea3m l\u01b0u l\u01b0\u1ee3ng, nhi\u1ec7t \u0111\u1ed9 n\u01b0\u1edbc m\u1ed9t c\u00e1ch d\u1ec5 d\u00e0ng v\u00e0 linh ho\u1ea1t ph\u00f9 h\u1ee3p v\u1edbi nhu c\u1ea7u s\u1eed d\u1ee5ng.<\/p>\n<\/div>\n<\/div>\n<\/div>\n<\/div>\n<\/div>\n<\/div>\n<\/div>\n<div class=\"vc_row wpb_row vc_inner row product_content_row row_even mb-3 vc_row-o-equal-height vc_row-o-content-middle vc_row-flex\">\n<div class=\"col_inner_text vc_column_container col-md-6\">\n<div class=\"wpb_wrapper vc_column-inner\">\n<div class=\"wpb_text_column wpb_content_element \">\n<div class=\"wpb_wrapper\">\n<h4><strong>C\u00d4NG NGH\u1ec6\u00a0<span class=\"text-hl\">ECO SMART<\/span><\/strong><\/h4>\n<p><img decoding=\"async\" src=\"https:\/\/kluger.vn\/wp-content\/uploads\/2023\/11\/cong-nghe-ecosmart-dau-voi-kluger.jpg\" alt=\"C\u00f4ng ngh\u1ec7 Eco SMart tr\u00ean v\u00f2i Kluger hi\u1ec7n \u0111\u1ea1i\" \/><\/p>\n<p>C\u00f4ng ngh\u1ec7 Ecosmart gi\u00fap gi\u1ea3m l\u01b0\u1ee3ng n\u01b0\u1edbc ti\u00eau th\u1ee5 m\u00e0 kh\u00f4ng \u1ea3nh h\u01b0\u1edfng \u0111\u1ebfn hi\u1ec7u su\u1ea5t r\u1eeda b\u00e1t. B\u1eb1ng c\u00e1ch s\u1eed d\u1ee5ng c\u00e1c b\u1ed9 ph\u1eadn ho\u1eb7c c\u00f4ng ngh\u1ec7 \u0111\u1eb7c bi\u1ec7t, v\u00f2i r\u1eeda b\u00e1t Ecosmart gi\u1edbi h\u1ea1n l\u01b0u l\u01b0\u1ee3ng n\u01b0\u1edbc th\u00f4ng qua v\u00f2i m\u1ed9t c\u00e1ch hi\u1ec7u qu\u1ea3, \u0111\u1ed3ng th\u1eddi gi\u1ea3m ti\u00eau th\u1ee5 n\u0103ng l\u01b0\u1ee3ng \u0111\u1ec3 n\u01b0\u1edbc c\u1ea7n \u0111\u01b0\u1ee3c l\u00e0m n\u00f3ng. \u0110i\u1ec1u n\u00e0y gi\u00fap ti\u1ebft ki\u1ec7m n\u0103ng l\u01b0\u1ee3ng v\u00e0 gi\u1ea3m h\u00f3a \u0111\u01a1n ti\u1ec1n \u0111i\u1ec7n. M\u1eb7c d\u00f9 gi\u1ea3m l\u01b0\u1ee3ng n\u01b0\u1edbc, v\u00f2i r\u1eeda b\u00e1t Kluger c\u00f4ng ngh\u1ec7 Ecosmart v\u1eabn cung c\u1ea5p m\u1ed9t tr\u1ea3i nghi\u1ec7m s\u1eed d\u1ee5ng t\u1ed1t.<\/p>\n<\/div>\n<\/div>\n<\/div>\n<\/div>\n<\/div>\n<div class=\"vc_row wpb_row vc_inner product_content_row row_odd mb-3 vc_row-o-equal-height vc_row-o-content-middle vc_row-flex mx-0\">\n<div class=\"porto-wrap-container container\">\n<div class=\"row align-items-center\">\n<div class=\"col_inner_text vc_column_container col-md-6\">\n<div class=\"wpb_wrapper vc_column-inner\">\n<div class=\"wpb_text_column wpb_content_element \">\n<div class=\"wpb_wrapper\">\n<h4><strong>C\u00d4NG NGH\u1ec6\u00a0<span class=\"text-hl\">AIR POWER<\/span><\/strong><\/h4>\n<p><img decoding=\"async\" src=\"https:\/\/kluger.vn\/wp-content\/uploads\/2023\/10\/Cong-nghe-Air-Power.jpg\" alt=\"C\u00f4ng ngh\u1ec7 Air Power tr\u00ean v\u00f2i Kluger\" \/><\/p>\n<p>L\u00e0 m\u1ed9t c\u00f4ng ngh\u1ec7 \u0111\u01b0\u1ee3c s\u1eed d\u1ee5ng trong v\u00f2i r\u1eeda b\u00e1t \u0111\u1ec3 t\u1ea1o ra m\u1ed9t d\u00f2ng n\u01b0\u1edbc m\u1ec1m m\u1ea1i v\u00e0 tho\u1ea3i m\u00e1i b\u1eb1ng c\u00e1ch k\u1ebft h\u1ee3p n\u01b0\u1edbc v\u1edbi kh\u00f4ng kh\u00ed. Khi n\u01b0\u1edbc ch\u1ea3y qua v\u00f2i r\u1eeda b\u00e1t AirPower, kh\u00f4ng kh\u00ed \u0111\u01b0\u1ee3c h\u00fat v\u00e0o v\u00e0 k\u1ebft h\u1ee3p v\u1edbi n\u01b0\u1edbc, t\u1ea1o ra m\u1ed9t hi\u1ec7u \u1ee9ng d\u00f2ng n\u01b0\u1edbc b\u1ecdt b\u1ecdt v\u00e0 m\u1ecbn m\u00e0ng (kh\u00f4ng b\u1ecb b\u1eafn n\u01b0\u1edbc tung t\u00f3e khi s\u1eed d\u1ee5ng).<\/p>\n<\/div>\n<\/div>\n<\/div>\n<\/div>\n<\/div>\n<\/div>\n<\/div>\n<div class=\"vc_row wpb_row vc_inner row product_content_row row_even mb-3 vc_row-o-equal-height vc_row-o-content-middle vc_row-flex\">\n<div class=\"col_inner_text vc_column_container col-md-6\">\n<div class=\"wpb_wrapper vc_column-inner\">\n<div class=\"wpb_text_column wpb_content_element \">\n<div class=\"wpb_wrapper\">\n<h4><strong>D\u00c2Y C\u1ea4P\u00a0<span class=\"text-hl\">NEOPERL TH\u1ee4Y S\u1ef8<\/span><\/strong><\/h4>\n<p><img decoding=\"async\" src=\"https:\/\/kluger.vn\/wp-content\/uploads\/2023\/11\/day-cap-Neoperl-thuy-sy-voi-Kluger.jpg\" alt=\"D\u00e2y c\u1ea5p NEOPERL Th\u1ee5y S\u1ef9 tr\u00ean v\u00f2i Kluger\" \/><\/p>\n<p>V\u00f2i b\u1ebfp Kluger t\u00edch h\u1ee3p nh\u1eefng linh ki\u1ec7n hi\u1ec7n \u0111\u1ea1i nh\u1ea5t, d\u00e2y c\u1ea5p \u0111\u01b0\u1ee3c t\u1ed1i \u01b0u h\u00f3a, an to\u00e0n, \u0111\u1ed9 b\u1ec1n cao \u0111\u1ec3 t\u0103ng c\u01b0\u1eddng hi\u1ec7u su\u1ea5t s\u1eed d\u1ee5ng, \u0111\u1ea3m b\u1ea3o mang \u0111\u1ebfn tr\u1ea3i nghi\u1ec7m s\u1eed d\u1ee5ng t\u1ed1i \u01b0u v\u00e0 \u0111\u00e1ng tin c\u1eady cho c\u0103n b\u1ebfp nh\u00e0 b\u1ea1n.<\/p>\n<\/div>\n<\/div>\n<\/div>\n<\/div>\n<\/div>\n<div class=\"wpb_text_column wpb_content_element \">\n<div class=\"wpb_wrapper\">\n<p>S\u1ea3n ph\u1ea9m\u00a0<em>v\u00f2i r\u1eeda b\u00e1t Kluger<\/em> \u0111\u01b0\u1ee3c thi\u1ebft k\u1ebf v\u1edbi s\u1ef1 tinh t\u1ebf v\u00e0 hi\u1ec7n \u0111\u1ea1i, ph\u00f9 h\u1ee3p v\u1edbi m\u1ecdi phong c\u00e1ch n\u1ed9i th\u1ea5t v\u00e0 kh\u00f4ng gian b\u1ebfp. Ch\u1ea5t li\u1ec7u cao c\u1ea5p v\u00e0 ho\u00e0n thi\u1ec7n t\u1ec9 m\u1ec9 \u0111\u1ea3m b\u1ea3o t\u00ednh th\u1ea9m m\u1ef9 v\u00e0 \u0111\u1ed9 b\u1ec1n, \u0111\u1ed3ng th\u1eddi gi\u00fap ti\u1ebft ki\u1ec7m th\u1eddi gian v\u00e0 c\u00f4ng s\u1ee9c trong qu\u00e1 tr\u00ecnh r\u1eeda b\u00e1t h\u00e0ng ng\u00e0y.<\/p>\n<div id=\"yrm-qprcm\" class=\"yrm-content yrm-content-1 yrm-hide\" data-id=\"1\" data-show-status=\"true\" data-after-action=\"\">\n<div id=\"yrm-inner-content-yrm-qprcm\" class=\"yrm-inner-content-wrapper yrm-cntent-1\">\n<p><strong>V\u00f2i b\u1ebfp Kluger<\/strong>\u00a0l\u00e0 s\u1ef1 k\u1ebft h\u1ee3p ho\u00e0n h\u1ea3o gi\u1eefa ch\u1ea5t l\u01b0\u1ee3ng, hi\u1ec7u su\u1ea5t v\u00e0 c\u1ea3m x\u00fac. H\u00e3y \u0111\u1ec3 n\u00f3 tr\u1edf th\u00e0nh \u0111i\u1ec3m ch\u1ea1m \u0111\u1ea7u ti\u00ean v\u00e0 cu\u1ed1i c\u00f9ng khi b\u1ea1n \u0111\u1eb7t ch\u00e2n v\u00e0o c\u0103n b\u1ebfp c\u1ee7a m\u00ecnh, \u0111\u1ec3 n\u00f3 l\u00e0m say \u0111\u1eafm tr\u00e1i tim v\u00e0 tinh th\u1ea7n c\u1ee7a b\u1ea1n, v\u00e0 mang \u0111\u1ebfn nh\u1eefng tr\u1ea3i nghi\u1ec7m tuy\u1ec7t v\u1eddi m\u1ed7i khi b\u1ea1n n\u1ea5u n\u01b0\u1edbng. Kh\u00f4ng ch\u1ec9 t\u1eadp trung v\u00e0o ch\u1ea5t l\u01b0\u1ee3ng s\u1ea3n ph\u1ea9m,\u00a0<strong>Kluger<\/strong>\u00a0c\u00f2n \u0111\u1eb7t s\u1ef1 h\u00e0i l\u00f2ng c\u1ee7a kh\u00e1ch h\u00e0ng l\u00ean h\u00e0ng \u0111\u1ea7u. \u0110\u1ed9i ng\u0169 nh\u00e2n vi\u00ean chuy\u00ean nghi\u1ec7p v\u00e0 t\u1eadn t\u00e2m c\u1ee7a Kluger lu\u00f4n s\u1eb5n s\u00e0ng h\u1ed7 tr\u1ee3 kh\u00e1ch h\u00e0ng trong qu\u00e1 tr\u00ecnh ch\u1ecdn l\u1ef1a s\u1ea3n ph\u1ea9m v\u00e0 cung c\u1ea5p d\u1ecbch v\u1ee5 h\u1eadu m\u00e3i t\u1ed1t nh\u1ea5t.<\/p>\n<p>\u0110\u01b0\u1ee3c nghi\u00ean c\u1ee9u v\u00e0 thi\u1ebft k\u1ebf v\u1edbi s\u1ef1 t\u1ec9 m\u1ec9 v\u00e0 ch\u00fa tr\u1ecdng \u0111\u1ebfn t\u1eebng chi ti\u1ebft, v\u00f2i r\u1eeda b\u00e1t Kluger hi\u1ec7n \u0111\u1ea1i h\u00f2a quy\u1ec7n m\u1ed9t phong c\u00e1ch ho\u00e0n h\u1ea3o gi\u1eefa h\u00ecnh th\u1ee9c v\u00e0 ch\u1ee9c n\u0103ng, t\u1ea1o ra m\u1ed9t \u0111i\u1ec3m nh\u1ea5n n\u1ed5i b\u1eadt v\u1ec1 kh\u00f4ng gian cho c\u0103n b\u1ebfp.<\/p>\n<p><em>Ngo\u00e0i nh\u1eefng t\u00ednh n\u0103ng n\u00eau tr\u00ean, v\u00f2i b\u1ebfp Kluger m\u00e3 KLF0008SC RENE Series c\u00f2n c\u00f3 m\u1ed9t s\u1ed1 \u0111\u1eb7c \u0111i\u1ec3m sau:<\/em><\/p>\n<h4><strong>\u1ed0ng d\u1eabn si\u00eau m\u1ecbn.<\/strong><\/h4>\n<p>\u1ed0ng d\u1eabn \u0111\u01b0\u1ee3c b\u1ecdc l\u1edbp d\u00f9 ch\u1eafc ch\u1eafn nh\u01b0ng v\u1eabn \u0111\u1ea3m b\u1ea3o t\u00ednh m\u1ec1m m\u1ea1i, gi\u00fap d\u00e2y c\u00f3 th\u1ec3 di chuy\u1ec3n linh ho\u1ea1t m\u00e0 kh\u00f4ng g\u00e2y h\u1ea1n ch\u1ebf trong qu\u00e1 tr\u00ecnh s\u1eed d\u1ee5ng.<\/p>\n<h4><strong>\u0110\u1ea7u v\u00f2i xoay 360 \u0111\u1ed9.<\/strong><\/h4>\n<p>Cung c\u1ea5p s\u1ef1 ti\u1ec7n l\u1ee3i v\u00e0 \u0111a d\u1ea1ng trong qu\u00e1 tr\u00ecnh s\u1eed d\u1ee5ng v\u00f2i r\u1eeda b\u00e1t. D\u1ec5 d\u00e0ng \u0111i\u1ec1u ch\u1ec9nh h\u01b0\u1edbng d\u00f2ng n\u01b0\u1edbc m\u1ed9t c\u00e1ch linh ho\u1ea1t \u0111\u1ec3 ph\u1ee5c v\u1ee5 c\u00e1c nhu c\u1ea7u kh\u00e1c nhau trong kh\u00f4ng gian nh\u00e0 b\u1ebfp.<\/p>\n<h4><strong>\u0110\u1ea7u v\u00f2i NEOPERL Th\u1ee5y S\u1ef9.<\/strong><\/h4>\n<p>Gi\u00fap \u0111i\u1ec1u ch\u1ec9nh d\u00f2ng n\u01b0\u1edbc m\u1ed9t c\u00e1ch ch\u00ednh x\u00e1c, ti\u1ebft ki\u1ec7m n\u01b0\u1edbc t\u1ed1i \u01b0u h\u00f3a d\u00f2ng ch\u1ea3y nh\u1edd c\u00f4ng ngh\u1ec7 Air Power t\u00edch h\u1ee3p tr\u00ean \u0111\u1ea7u v\u00f2i.<\/p>\n<h4><strong>B\u1ed9 \u0111ai c\u01b0\u1eddng l\u1ef1c SS304.<\/strong><\/h4>\n<p>L\u00e0 ph\u1ee5 ki\u1ec7n \u0111i k\u00e8m v\u00f2i r\u1eeda, c\u00f3 c\u00f4ng d\u1ee5ng r\u1ea5t l\u1edbn \u0111\u1ec3 c\u1ed1 \u0111\u1ecbnh v\u00f2i \u0111em \u0111\u1ebfn tr\u1ea3i nghi\u1ec7m ti\u1ec7n nghi nh\u1ea5t v\u1edbi ng\u01b0\u1eddi d\u00f9ng. B\u1ed9 \u0111ai c\u01b0\u1eddng l\u1ef1c ch\u1ecbu l\u1ef1c l\u1edbn, an to\u00e0n ngay c\u1ea3 v\u1edbi b\u1ec1 m\u1eb7t kh\u00f4ng b\u1eb1ng ph\u1eb3ng v\u00e0 kh\u00f4ng gian ch\u1eadt h\u1eb9p<\/p>\n<h4><strong>\u1ed0ng d\u1eabn n\u01b0\u1edbc PEX.<\/strong><\/h4>\n<p>Kh\u1ea3 n\u0103ng ch\u1ed1ng xo\u1eafn, ch\u1ecbu nhi\u1ec7t v\u00e0 va \u0111\u1eadp t\u1ed1t. \u0110\u1ea1t ch\u1ee9ng nh\u1eadn NSF v\u1ec1 thi\u1ebft b\u1ecb d\u1eabn n\u01b0\u1edbc d\u00f9ng trong \u0103n u\u1ed1ng.<\/p>\n<h4><strong>C\u00e1ch l\u1eafp \u0111\u1eb7t v\u00f2i r\u1eeda b\u00e1t Kluger.<\/strong><\/h4>\n<p>V\u00f2i b\u1ebfp Kluger c\u00f3 02 c\u00e1ch l\u1eafp \u0111\u1eb7t nh\u01b0 sau:<\/p>\n<p>\u2013 L\u1eafp v\u00f2i r\u1eeda b\u00e1t tr\u1ef1c ti\u1ebfp l\u00ean ch\u1eadu.<\/p>\n<p>\u2013 L\u1eafp v\u00f2i r\u1eeda b\u00e1t tr\u00ean m\u1eb7t b\u00e0n \u0111\u00e1.<\/p>\n<p><em>L\u01b0u \u00fd:\u00a0<\/em>C\u00e1ch l\u1eafp v\u00f2i r\u1eeda b\u00e1t c\u00f3 th\u1ec3 thay \u0111\u1ed5i t\u00f9y thu\u1ed9c v\u00e0o ki\u1ec3u v\u00f2i, ch\u1ea5t li\u1ec7u v\u00e0 ki\u1ec3u d\u00e1ng c\u1ee7a ch\u1eadu r\u1eeda b\u00e1t. Vi\u1ec7c l\u1eafp \u0111\u1eb7t v\u00f2i r\u1eeda b\u00e1t c\u00f3 th\u1ec3 \u0111\u00f2i h\u1ecfi s\u1ef1 am hi\u1ec3u v\u1ec1 h\u1ec7 th\u1ed1ng n\u01b0\u1edbc v\u00e0 k\u1ef9 thu\u1eadt l\u1eafp \u0111\u1eb7t. N\u1ebfu b\u1ea1n kh\u00f4ng t\u1ef1 tin ho\u1eb7c kh\u00f4ng c\u00f3 k\u1ef9 n\u0103ng c\u1ea7n thi\u1ebft, h\u00e3y nh\u1edd s\u1ef1 tr\u1ee3 gi\u00fap t\u1eeb m\u1ed9t th\u1ee3 l\u00e0nh ngh\u1ec1 ho\u1eb7c chuy\u00ean gia l\u1eafp \u0111\u1eb7t.<\/p>\n<p>\u0110\u1ec3 c\u00f3 nh\u1eefng tr\u1ea3i nghi\u1ec7m th\u1ef1c t\u1ebf v\u1ec1 s\u1ea3n ph\u1ea9m\u00a0<em>V\u00f2i r\u1eeda b\u00e1t Kluger KLF0008SC Rene\u00a0<\/em><em>Series<\/em>. Qu\u00fd kh\u00e1ch h\u00e0ng \u0111\u1ebfn \u0111\u1ecba ch\u1ec9 \u0111\u1ea1i l\u00fd g\u1ea7n nh\u1ea5t thu\u1ed9c h\u1ec7 th\u1ed1ng ph\u00e2n ph\u1ed1i ch\u00ednh h\u00e3ng c\u1ee7a Kluger<\/p>\n<h4><strong><a href=\"https:\/\/kluger.vn\/\" target=\"_blank\" rel=\"noopener\">V\u00f2i b\u1ebfp Kluger<\/a>\u00a0KLF0008SC \u2013 S\u1ef1 l\u1ef1a ch\u1ecdn h\u00e0ng \u0111\u1ea7u cho thi\u1ebft b\u1ecb nh\u00e0 b\u1ebfp ch\u1ea5t l\u01b0\u1ee3ng cao.<\/strong><\/h4>\n<p><strong>Kluger<\/strong>\u00a0l\u00e0 th\u01b0\u01a1ng hi\u1ec7u chuy\u00ean cung c\u1ea5p c\u00e1c s\u1ea3n ph\u1ea9m ch\u1eadu v\u00f2i b\u1ebfp cao c\u1ea5p theo ti\u00eau chu\u1ea9n Ch\u00e2u \u00c2u. Mang trong m\u00ecnh s\u1ee9 m\u1ec7nh ki\u1ebfn t\u1ea1o kh\u00f4ng gian b\u1ebfp ti\u1ec7n nghi v\u00e0 t\u1ea7m nh\u00ecn tr\u1edf th\u00e0nh th\u01b0\u01a1ng hi\u1ec7u s\u1ed1 1 Vi\u1ec7t Nam v\u1ec1 thi\u1ebft b\u1ecb nh\u00e0 b\u1ebfp, Kluger kh\u00f4ng ng\u1eebng n\u00e2ng cao kh\u1ea3 n\u0103ng s\u00e1ng t\u1ea1o, ch\u1ea5t l\u01b0\u1ee3ng s\u1ea3n ph\u1ea9m v\u00e0 d\u1ecbch v\u1ee5 kh\u00e1ch h\u00e0ng.<\/p>\n<p>V\u1edbi s\u1ee9 m\u1ec7nh t\u1ea1o ra kh\u00f4ng gian b\u1ebfp ti\u1ec7n nghi v\u00e0 m\u1ee5c ti\u00eau tr\u1edf th\u00e0nh th\u01b0\u01a1ng hi\u1ec7u h\u00e0ng \u0111\u1ea7u v\u1ec1 thi\u1ebft b\u1ecb nh\u00e0 b\u1ebfp t\u1ea1i Vi\u1ec7t Nam, Kluger \u0111\u00e3 kh\u1eb3ng \u0111\u1ecbnh v\u1ecb th\u1ebf c\u1ee7a m\u00ecnh nh\u01b0 m\u1ed9t th\u01b0\u01a1ng hi\u1ec7u chuy\u00ean cung c\u1ea5p c\u00e1c s\u1ea3n ph\u1ea9m ch\u1eadu v\u00f2i b\u1ebfp cao c\u1ea5p theo ti\u00eau chu\u1ea9n Ch\u00e2u \u00c2u.<\/p>\n<p>Kluger kh\u00f4ng ng\u1eebng n\u1ed7 l\u1ef1c n\u00e2ng cao kh\u1ea3 n\u0103ng s\u00e1ng t\u1ea1o v\u00e0 ch\u1ea5t l\u01b0\u1ee3ng s\u1ea3n ph\u1ea9m \u0111\u1ec3 \u0111\u00e1p \u1ee9ng nhu c\u1ea7u ng\u00e0y c\u00e0ng cao c\u1ee7a kh\u00e1ch h\u00e0ng. V\u1edbi vi\u1ec7c \u00e1p d\u1ee5ng c\u00f4ng ngh\u1ec7 ti\u00ean ti\u1ebfn v\u00e0 quy tr\u00ecnh s\u1ea3n xu\u1ea5t ch\u1ea5t l\u01b0\u1ee3ng, Kluger cam k\u1ebft mang \u0111\u1ebfn cho kh\u00e1ch h\u00e0ng nh\u1eefng s\u1ea3n ph\u1ea9m ch\u1ea5t l\u01b0\u1ee3ng, b\u1ec1n b\u1ec9 v\u00e0 \u0111\u00e1ng tin c\u1eady.<\/p>\n<p>S\u1ea3n ph\u1ea9m\u00a0<em>ch\u1eadu v\u00f2i r\u1eeda b\u00e1t Kluger<\/em>\u00a0\u0111\u01b0\u1ee3c thi\u1ebft k\u1ebf v\u1edbi s\u1ef1 tinh t\u1ebf v\u00e0 hi\u1ec7n \u0111\u1ea1i, ph\u00f9 h\u1ee3p v\u1edbi m\u1ecdi phong c\u00e1ch n\u1ed9i th\u1ea5t v\u00e0 kh\u00f4ng gian b\u1ebfp. Ch\u1ea5t li\u1ec7u cao c\u1ea5p v\u00e0 ho\u00e0n thi\u1ec7n t\u1ec9 m\u1ec9 c\u1ee7a ch\u1eadu r\u1eeda b\u00e1t Kluger \u0111\u1ea3m b\u1ea3o t\u00ednh th\u1ea9m m\u1ef9 v\u00e0 \u0111\u1ed9 b\u1ec1n, \u0111\u1ed3ng th\u1eddi gi\u00fap ti\u1ebft ki\u1ec7m th\u1eddi gian v\u00e0 c\u00f4ng s\u1ee9c trong qu\u00e1 tr\u00ecnh r\u1eeda b\u00e1t h\u00e0ng ng\u00e0y.<\/p>\n<p>Kh\u00f4ng ch\u1ec9 t\u1eadp trung v\u00e0o ch\u1ea5t l\u01b0\u1ee3ng s\u1ea3n ph\u1ea9m, Kluger c\u00f2n \u0111\u1eb7t s\u1ef1 h\u00e0i l\u00f2ng c\u1ee7a kh\u00e1ch h\u00e0ng l\u00ean h\u00e0ng \u0111\u1ea7u. \u0110\u1ed9i ng\u0169 nh\u00e2n vi\u00ean chuy\u00ean nghi\u1ec7p v\u00e0 t\u1eadn t\u00e2m c\u1ee7a Kluger lu\u00f4n s\u1eb5n s\u00e0ng h\u1ed7 tr\u1ee3 kh\u00e1ch h\u00e0ng trong qu\u00e1 tr\u00ecnh ch\u1ecdn l\u1ef1a s\u1ea3n ph\u1ea9m v\u00e0 cung c\u1ea5p d\u1ecbch v\u1ee5 h\u1eadu m\u00e3i t\u1ed1t nh\u1ea5t.<\/p>\n<p>V\u1edbi Kluger, b\u1ea1n c\u00f3 th\u1ec3 tin t\u01b0\u1edfng r\u1eb1ng b\u1ea1n \u0111ang l\u1ef1a ch\u1ecdn m\u1ed9t th\u01b0\u01a1ng hi\u1ec7u uy t\u00edn v\u00e0 ch\u1ea5t l\u01b0\u1ee3ng cho thi\u1ebft b\u1ecb nh\u00e0 b\u1ebfp.<\/p>\n<\/div>\n<\/div>\n<\/div>\n<\/div>\n","protected":false},"excerpt":{"rendered":"<ul>\n<li>Thu\u1ed9c d\u00f2ng: RENE Series.<\/li>\n<li>Ch\u1ea5t li\u1ec7u: H\u1ee3p Kim \u0110\u1ed3ng.<\/li>\n<li>Ki\u1ec3u d\u00e1ng: V\u00f2i d\u00e2y r\u00fat th\u1ebf h\u1ec7 m\u1edbi.<\/li>\n<li>M\u00e0u s\u1eafc: Chrome.<\/li>\n<li>Linh ho\u1ea1t: Xoay 360 \u0111\u1ed9, \u0111i\u1ec1u ch\u1ec9nh n\u00f3ng\/l\u1ea1nh.<br \/>\nLinh ki\u1ec7n v\u00f2i: Van l\u00f5i Sedal T\u00e2y Ban Nha, \u1ed1ng d\u1eabn n\u01b0\u1edbc PEX, d\u00e2y c\u1ea5p v\u00e0 \u0111\u1ea7u v\u00f2i Neoperl Th\u1ee5y S\u1ef9.<\/li>\n<\/ul>\n","protected":false},"featured_media":5694,"comment_status":"open","ping_status":"closed","template":"","meta":[],"product_brand":[],"product_cat":[17,132],"product_tag":[],"class_list":{"0":"post-5693","1":"product","2":"type-product","3":"status-publish","4":"has-post-thumbnail","6":"product_cat-voi-rua-bat","7":"product_cat-kluger-voi-rua-bat","9":"first","10":"instock","11":"shipping-taxable","12":"product-type-simple"},"_links":{"self":[{"href":"https:\/\/nhadepbepxinh.com.vn\/index.php?rest_route=\/wp\/v2\/product\/5693","targetHints":{"allow":["GET"]}}],"collection":[{"href":"https:\/\/nhadepbepxinh.com.vn\/index.php?rest_route=\/wp\/v2\/product"}],"about":[{"href":"https:\/\/nhadepbepxinh.com.vn\/index.php?rest_route=\/wp\/v2\/types\/product"}],"replies":[{"embeddable":true,"href":"https:\/\/nhadepbepxinh.com.vn\/index.php?rest_route=%2Fwp%2Fv2%2Fcomments&post=5693"}],"wp:featuredmedia":[{"embeddable":true,"href":"https:\/\/nhadepbepxinh.com.vn\/index.php?rest_route=\/wp\/v2\/media\/5694"}],"wp:attachment":[{"href":"https:\/\/nhadepbepxinh.com.vn\/index.php?rest_route=%2Fwp%2Fv2%2Fmedia&parent=5693"}],"wp:term":[{"taxonomy":"product_brand","embeddable":true,"href":"https:\/\/nhadepbepxinh.com.vn\/index.php?rest_route=%2Fwp%2Fv2%2Fproduct_brand&post=5693"},{"taxonomy":"product_cat","embeddable":true,"href":"https:\/\/nhadepbepxinh.com.vn\/index.php?rest_route=%2Fwp%2Fv2%2Fproduct_cat&post=5693"},{"taxonomy":"product_tag","embeddable":true,"href":"https:\/\/nhadepbepxinh.com.vn\/index.php?rest_route=%2Fwp%2Fv2%2Fproduct_tag&post=5693"}],"curies":[{"name":"wp","href":"https:\/\/api.w.org\/{rel}","templated":true}]}}