{"id":5684,"date":"2025-07-15T15:42:12","date_gmt":"2025-07-15T08:42:12","guid":{"rendered":"https:\/\/nhadepbepxinh.com.vn\/?post_type=product&#038;p=5684"},"modified":"2025-07-15T15:42:12","modified_gmt":"2025-07-15T08:42:12","slug":"sen-cay-vincy-nong-lanh-cao-cap-vc-0188","status":"publish","type":"product","link":"https:\/\/nhadepbepxinh.com.vn\/?product=sen-cay-vincy-nong-lanh-cao-cap-vc-0188","title":{"rendered":"Sen C\u00e2y Vincy N\u00f3ng L\u1ea1nh Cao C\u1ea5p &#8211; VC 0188"},"content":{"rendered":"<h3>\ud83d\udebf\u00a0<strong>SEN C\u00c2Y N\u00d3NG L\u1ea0NH VC 0188 \u2013 TH\u01af GI\u00c3N TUY\u1ec6T \u0110\u1ec8NH, CH\u1ea4T L\u01af\u1ee2NG B\u1ec0N L\u00c2U<\/strong><\/h3>\n<p>Sen c\u00e2y n\u00f3ng l\u1ea1nh\u00a0<strong>VC 0188<\/strong>\u00a0l\u00e0 l\u1ef1a ch\u1ecdn ho\u00e0n h\u1ea3o cho ph\u00f2ng t\u1eafm hi\u1ec7n \u0111\u1ea1i, k\u1ebft h\u1ee3p gi\u1eefa thi\u1ebft k\u1ebf sang tr\u1ecdng v\u00e0 ti\u1ec7n nghi t\u1ed1i \u0111a. V\u1edbi ch\u1ea5t li\u1ec7u\u00a0<strong>\u0111\u1ed3ng thau m\u1ea1 chrome s\u00e1ng b\u00f3ng<\/strong>, s\u1ea3n ph\u1ea9m kh\u00f4ng ch\u1ec9 b\u1ec1n b\u1ec9 v\u1edbi th\u1eddi gian m\u00e0 c\u00f2n mang \u0111\u1ebfn v\u1ebb \u0111\u1eb9p \u0111\u1eb3ng c\u1ea5p cho kh\u00f4ng gian s\u1ed1ng.<\/p>\n<p>\ud83d\udd39\u00a0<strong>Ch\u1ea5t li\u1ec7u cao c\u1ea5p<\/strong>: L\u00e0m t\u1eeb\u00a0<strong>\u0111\u1ed3ng thau nguy\u00ean kh\u1ed1i<\/strong>, m\u1ea1 l\u1edbp\u00a0<strong>chrome ch\u1ed1ng g\u1ec9 s\u00e9t<\/strong>\u00a0\u2013 ch\u1ecbu l\u1ef1c t\u1ed1t, kh\u00f4ng bong tr\u00f3c, d\u1ec5 v\u1ec7 sinh.<br \/>\n\ud83d\udd39\u00a0<strong>Thi\u1ebft k\u1ebf ti\u1ec7n nghi<\/strong>: G\u1ed3m\u00a0<strong>b\u00e1t sen tr\u00f2n tr\u00ean cao<\/strong>\u00a0t\u1ea1o c\u1ea3m gi\u00e1c nh\u01b0 m\u01b0a r\u01a1i t\u1ef1 nhi\u00ean, k\u1ebft h\u1ee3p\u00a0<strong>tay sen c\u1ea7m tay linh ho\u1ea1t<\/strong>\u00a0\u2013 \u0111\u00e1p \u1ee9ng m\u1ecdi nhu c\u1ea7u s\u1eed d\u1ee5ng.<br \/>\n\ud83d\udd39\u00a0<strong>Ch\u1ebf \u0111\u1ed9 n\u00f3ng l\u1ea1nh d\u1ec5 \u0111i\u1ec1u ch\u1ec9nh<\/strong>: Van g\u1ea1t nh\u1eb9 nh\u00e0ng, xoay chuy\u1ec3n linh ho\u1ea1t \u2013 ki\u1ec3m so\u00e1t nhi\u1ec7t \u0111\u1ed9 ch\u00ednh x\u00e1c, an to\u00e0n khi s\u1eed d\u1ee5ng.<br \/>\n\ud83d\udd39\u00a0<strong>Ph\u00f9 h\u1ee3p m\u1ecdi lo\u1ea1i ph\u00f2ng t\u1eafm<\/strong>: T\u1eeb nh\u00e0 \u1edf, chung c\u01b0 cao c\u1ea5p \u0111\u1ebfn homestay, kh\u00e1ch s\u1ea1n,\u2026 \u0111\u1ec1u d\u1ec5 d\u00e0ng l\u1eafp \u0111\u1eb7t v\u00e0 s\u1eed d\u1ee5ng.<\/p>\n<hr \/>\n<p>\u2705\u00a0<strong>M\u00e3 s\u1ea3n ph\u1ea9m<\/strong>: VC 0188<br \/>\n\u2705\u00a0<strong>Ch\u1ea5t li\u1ec7u<\/strong>: \u0110\u1ed3ng thau m\u1ea1 Chrome cao c\u1ea5p<br \/>\n\u2705\u00a0<strong>Ch\u1ebf \u0111\u1ed9 n\u01b0\u1edbc<\/strong>: N\u00f3ng \u2013 l\u1ea1nh<br \/>\n\u2705\u00a0<strong>Bao g\u1ed3m<\/strong>: C\u00e2y sen \u0111\u1ee9ng, tay sen c\u1ea7m tay, b\u00e1t sen tr\u00f2n, d\u00e2y d\u1eabn, van g\u1ea1t<\/p>\n<hr \/>\n<p>\ud83c\udf1f\u00a0<strong>VC 0188 kh\u00f4ng ch\u1ec9 l\u00e0 sen t\u1eafm \u2013 m\u00e0 c\u00f2n l\u00e0 tr\u1ea3i nghi\u1ec7m th\u01b0 gi\u00e3n \u0111\u00edch th\u1ef1c sau m\u1ed7i ng\u00e0y d\u00e0i!<\/strong><\/p>\n","protected":false},"excerpt":{"rendered":"<p>\ud83d\udebf\u00a0SEN C\u00c2Y N\u00d3NG L\u1ea0NH VC 0188 \u2013 TH\u01af GI\u00c3N TUY\u1ec6T \u0110\u1ec8NH, CH\u1ea4T L\u01af\u1ee2NG B\u1ec0N L\u00c2U Sen c\u00e2y n\u00f3ng l\u1ea1nh\u00a0VC 0188\u00a0l\u00e0 l\u1ef1a ch\u1ecdn ho\u00e0n h\u1ea3o cho ph\u00f2ng t\u1eafm hi\u1ec7n \u0111\u1ea1i, k\u1ebft h\u1ee3p gi\u1eefa thi\u1ebft k\u1ebf sang tr\u1ecdng v\u00e0 ti\u1ec7n nghi t\u1ed1i \u0111a. V\u1edbi ch\u1ea5t li\u1ec7u\u00a0\u0111\u1ed3ng thau m\u1ea1 chrome s\u00e1ng b\u00f3ng, s\u1ea3n ph\u1ea9m kh\u00f4ng ch\u1ec9 b\u1ec1n b\u1ec9&#8230;<\/p>\n","protected":false},"featured_media":5685,"comment_status":"open","ping_status":"closed","template":"","meta":[],"product_brand":[],"product_cat":[29,18],"product_tag":[],"class_list":{"0":"post-5684","1":"product","2":"type-product","3":"status-publish","4":"has-post-thumbnail","6":"product_cat-sen-cay","7":"product_cat-thiet-bi-ve-sinh","9":"first","10":"instock","11":"shipping-taxable","12":"product-type-simple"},"_links":{"self":[{"href":"https:\/\/nhadepbepxinh.com.vn\/index.php?rest_route=\/wp\/v2\/product\/5684","targetHints":{"allow":["GET"]}}],"collection":[{"href":"https:\/\/nhadepbepxinh.com.vn\/index.php?rest_route=\/wp\/v2\/product"}],"about":[{"href":"https:\/\/nhadepbepxinh.com.vn\/index.php?rest_route=\/wp\/v2\/types\/product"}],"replies":[{"embeddable":true,"href":"https:\/\/nhadepbepxinh.com.vn\/index.php?rest_route=%2Fwp%2Fv2%2Fcomments&post=5684"}],"wp:featuredmedia":[{"embeddable":true,"href":"https:\/\/nhadepbepxinh.com.vn\/index.php?rest_route=\/wp\/v2\/media\/5685"}],"wp:attachment":[{"href":"https:\/\/nhadepbepxinh.com.vn\/index.php?rest_route=%2Fwp%2Fv2%2Fmedia&parent=5684"}],"wp:term":[{"taxonomy":"product_brand","embeddable":true,"href":"https:\/\/nhadepbepxinh.com.vn\/index.php?rest_route=%2Fwp%2Fv2%2Fproduct_brand&post=5684"},{"taxonomy":"product_cat","embeddable":true,"href":"https:\/\/nhadepbepxinh.com.vn\/index.php?rest_route=%2Fwp%2Fv2%2Fproduct_cat&post=5684"},{"taxonomy":"product_tag","embeddable":true,"href":"https:\/\/nhadepbepxinh.com.vn\/index.php?rest_route=%2Fwp%2Fv2%2Fproduct_tag&post=5684"}],"curies":[{"name":"wp","href":"https:\/\/api.w.org\/{rel}","templated":true}]}}