{"id":5500,"date":"2025-06-11T16:25:27","date_gmt":"2025-06-11T09:25:27","guid":{"rendered":"https:\/\/nhadepbepxinh.com.vn\/?post_type=product&#038;p=5500"},"modified":"2025-06-11T16:25:27","modified_gmt":"2025-06-11T09:25:27","slug":"robot-roborock-qrevo-5ae","status":"publish","type":"product","link":"https:\/\/nhadepbepxinh.com.vn\/?product=robot-roborock-qrevo-5ae","title":{"rendered":"Robot Roborock Qrevo 5AE"},"content":{"rendered":"<p><strong><span class=\"text-base-xl font-medium leading-none\">\u0110\u1eb7c \u0110i\u1ec3m N\u1ed5i B\u1eadt<\/span><\/strong><\/p>\n<div class=\"details__content text-base rte\">\n<div class=\"specification grid grid-cols-12 gap-6 md:gap-10\">\n<div class=\"col-span-full\">\n<ul>\n<li>H\u1ec7 th\u1ed1ng ch\u1ed1ng r\u1ed1i 3 l\u1edbp th\u00f4ng minh: B\u1ed9 ba ch\u1ed5i ch\u00ednh DuoDivide, ch\u1ed5i c\u1ea1nh ch\u1ed1ng r\u1ed1i, v\u00e0 b\u00e1nh xe \u0111a h\u01b0\u1edbng v\u1eadn h\u00e0nh \u0111\u1ed3ng b\u1ed9<\/li>\n<li>L\u1ef1c h\u00fat m\u1ea1nh HyperForce 12.000 Pa: Kh\u1ea3 n\u0103ng l\u00e0m s\u1ea1ch m\u1ea1nh m\u1ebd, c\u00f3 th\u1ec3 h\u00fat s\u1ea1ch c\u1ea3 nh\u1eefng h\u1ea1t b\u1ee5i m\u1ecbn nh\u1ea5t<\/li>\n<li>C\u00f4ng ngh\u1ec7 FlexiArm: V\u1edbi gi\u1ebb lau c\u00f3 th\u1ec3 m\u1edf r\u1ed9ng ra \u0111\u1ec3 v\u1ec7 sinh ch\u00ednh x\u00e1c m\u1ecdi ng\u00f3c ng\u00e1ch<\/li>\n<li>Tr\u1ea1m s\u1ea1c \u0111a n\u0103ng: T\u1ef1 \u0111\u1ed9ng gi\u1eb7t v\u00e0 s\u1ea5y gi\u1ebb lau, t\u1ef1 \u0111\u1ed9ng l\u00e0m \u0111\u1ea7y b\u00ecnh n\u01b0\u1edbc, t\u1ef1 \u0111\u1ed9ng \u0111\u1ed5 b\u1ee5i, v\u00e0 \u0111\u1ebf s\u1ea1c c\u00f3 th\u1ec3 th\u00e1o r\u1eddi<\/li>\n<li>Gi\u1ebb lau xoay k\u00e9p v\u1edbi t\u1ed1c \u0111\u1ed9 quay 200 v\u00f2ng\/ph\u00fat v\u00e0 30 c\u1ea5p \u0111\u1ed9 t\u00f9y ch\u1ec9nh<\/li>\n<li>S\u1eed d\u1ee5ng c\u00f4ng ngh\u1ec7 Reactive Tech nh\u1eadn d\u1ea1ng v\u00e0 tr\u00e1nh c\u00e1c ch\u01b0\u1edbng ng\u1ea1i v\u1eadt, \u0111\u1ea3m b\u1ea3o d\u1ecdn d\u1eb9p th\u00f4ng minh<\/li>\n<li>C\u00f4ng ngh\u1ec7 PreciSense LiDAR h\u1ed7 tr\u1ee3 l\u1eadp b\u1ea3n \u0111\u1ed3 3D ng\u00f4i nh\u00e0 v\u00e0 x\u00e1c \u0111\u1ecbnh v\u1ecb tr\u00ed v\u1eadt th\u1ec3 \u0111\u1ec3 thi\u1ebft l\u1eadp tuy\u1ebfn \u0111\u01b0\u1eddng l\u00e0m s\u1ea1ch<\/li>\n<li>\u0110i\u1ec1u khi\u1ec3n qua gi\u1ecdng n\u00f3i t\u1eeb b\u00ean th\u1ee9 3 v\u00e0 t\u00edch h\u1ee3p \u1ee9ng d\u1ee5ng Roborock th\u00f4ng minh, c\u00e1 nh\u00e2n h\u00f3a c\u00e1c t\u00e1c v\u1ee5 l\u00e0m s\u1ea1ch<\/li>\n<\/ul>\n<p><strong><span class=\"text-base-xl font-medium leading-none\">Th\u00f4ng S\u1ed1 K\u1ef9 Thu\u1eadt<\/span><\/strong><\/p>\n<div class=\"details__content text-base rte\">\n<div class=\"specification grid grid-cols-12 gap-6 md:gap-10\">\n<div class=\"col-span-full\">\n<ul>\n<li>M\u00e0u: Tr\u1eafng &#8211; \u0110en<\/li>\n<li>L\u1ef1c h\u00fat: 12.000 Pa<\/li>\n<li>Di\u1ec7n t\u00edch 1 l\u1ea7n d\u1ecdn d\u1eb9p: 300m2<\/li>\n<li>Th\u1eddi gian ho\u1ea1t \u0111\u1ed9ng (ch\u1ebf \u0111\u1ed9 im l\u1eb7ng): 180 ph\u00fat<\/li>\n<li>C\u00f4ng su\u1ea5t: 60W<\/li>\n<li>\u0110\u1ed9 \u1ed3n: 64 dB<\/li>\n<li>Ch\u1ed5i xo\u1eafn k\u00e9p: 1 ch\u1ed5i<\/li>\n<li>Gi\u1ebb lau FlexiArm: C\u00f3<\/li>\n<li>Ch\u1ed5i xo\u1eafn k\u00e9p: C\u00f4ng ngh\u1ec7 DuoDivide\u2122 Brush<\/li>\n<li>Dung t\u00edch h\u1ed9p b\u1ee5i: 325 ml<\/li>\n<li>Dung t\u00edch h\u1ed9p n\u01b0\u1edbc: 80 ml<\/li>\n<li>Dung l\u01b0\u1ee3ng pin: 5200 mAh<\/li>\n<li>K\u00edch th\u01b0\u1edbc robot: 350*353*96.5mm<\/li>\n<li>K\u00edch th\u01b0\u1edbc tr\u1ea1m s\u1ea1c: 340*487*519mm<\/li>\n<\/ul>\n<\/div>\n<\/div>\n<\/div>\n<\/div>\n<\/div>\n<\/div>\n","protected":false},"excerpt":{"rendered":"<p>\u0110\u1eb7c \u0110i\u1ec3m N\u1ed5i B\u1eadt H\u1ec7 th\u1ed1ng ch\u1ed1ng r\u1ed1i 3 l\u1edbp th\u00f4ng minh: B\u1ed9 ba ch\u1ed5i ch\u00ednh DuoDivide, ch\u1ed5i c\u1ea1nh ch\u1ed1ng r\u1ed1i, v\u00e0 b\u00e1nh xe \u0111a h\u01b0\u1edbng v\u1eadn h\u00e0nh \u0111\u1ed3ng b\u1ed9 L\u1ef1c h\u00fat m\u1ea1nh HyperForce 12.000 Pa: Kh\u1ea3 n\u0103ng l\u00e0m s\u1ea1ch m\u1ea1nh m\u1ebd, c\u00f3 th\u1ec3 h\u00fat s\u1ea1ch c\u1ea3 nh\u1eefng h\u1ea1t b\u1ee5i m\u1ecbn nh\u1ea5t C\u00f4ng ngh\u1ec7 FlexiArm:&#8230;<\/p>\n","protected":false},"featured_media":5501,"comment_status":"open","ping_status":"closed","template":"","meta":[],"product_brand":[],"product_cat":[86,104],"product_tag":[],"class_list":{"0":"post-5500","1":"product","2":"type-product","3":"status-publish","4":"has-post-thumbnail","6":"product_cat-robot-may-hut-bui-lau-nha","7":"product_cat-roborock","9":"first","10":"instock","11":"shipping-taxable","12":"product-type-simple"},"_links":{"self":[{"href":"https:\/\/nhadepbepxinh.com.vn\/index.php?rest_route=\/wp\/v2\/product\/5500","targetHints":{"allow":["GET"]}}],"collection":[{"href":"https:\/\/nhadepbepxinh.com.vn\/index.php?rest_route=\/wp\/v2\/product"}],"about":[{"href":"https:\/\/nhadepbepxinh.com.vn\/index.php?rest_route=\/wp\/v2\/types\/product"}],"replies":[{"embeddable":true,"href":"https:\/\/nhadepbepxinh.com.vn\/index.php?rest_route=%2Fwp%2Fv2%2Fcomments&post=5500"}],"wp:featuredmedia":[{"embeddable":true,"href":"https:\/\/nhadepbepxinh.com.vn\/index.php?rest_route=\/wp\/v2\/media\/5501"}],"wp:attachment":[{"href":"https:\/\/nhadepbepxinh.com.vn\/index.php?rest_route=%2Fwp%2Fv2%2Fmedia&parent=5500"}],"wp:term":[{"taxonomy":"product_brand","embeddable":true,"href":"https:\/\/nhadepbepxinh.com.vn\/index.php?rest_route=%2Fwp%2Fv2%2Fproduct_brand&post=5500"},{"taxonomy":"product_cat","embeddable":true,"href":"https:\/\/nhadepbepxinh.com.vn\/index.php?rest_route=%2Fwp%2Fv2%2Fproduct_cat&post=5500"},{"taxonomy":"product_tag","embeddable":true,"href":"https:\/\/nhadepbepxinh.com.vn\/index.php?rest_route=%2Fwp%2Fv2%2Fproduct_tag&post=5500"}],"curies":[{"name":"wp","href":"https:\/\/api.w.org\/{rel}","templated":true}]}}