{"id":5491,"date":"2025-06-06T09:16:27","date_gmt":"2025-06-06T02:16:27","guid":{"rendered":"https:\/\/nhadepbepxinh.com.vn\/?post_type=product&#038;p=5491"},"modified":"2025-06-06T09:16:28","modified_gmt":"2025-06-06T02:16:28","slug":"noi-ap-suat-elmich-pce-1802","status":"publish","type":"product","link":"https:\/\/nhadepbepxinh.com.vn\/?product=noi-ap-suat-elmich-pce-1802","title":{"rendered":"N\u00d4\u0300I A\u0301P SU\u00c2\u0301T ELMICH PCE-1802"},"content":{"rendered":"<div id=\"thongtinsp\" class=\"item\">\n<h2>Th\u00f4ng tin s\u1ea3n ph\u1ea9m<\/h2>\n<div class=\"line\"><\/div>\n<div class=\"bic_wrap__ct\" data-target=\"tinhnang\">\n<div class=\"bic_wrap__ct\" data-target=\"tinhnang\">\u2013 D\u1ec5 d\u00e0ng s\u1eed d\u1ee5ng v\u1edbi h\u1ec7 th\u1ed1ng \u0111i\u1ec1u khi\u1ec3n c\u01a1, ti\u1ec7n l\u1ee3i v\u1edbi ch\u01b0\u01a1ng tr\u00ecnh n\u1ea5u \u0111\u00e3 \u0111\u01b0\u1ee3c c\u00e0i \u0111\u1eb7t s\u1eb5n.<br \/>\n\u2013 Ti\u1ec7n l\u1ee3i v\u1edbi khe d\u1ef1ng \u0111\u1ee9ng n\u1eafp tr\u00ean quai n\u1ed3i.<br \/>\n\u2013 An to\u00e0n tuy\u1ec7t \u0111\u1ed1i cho s\u1ee9c kh\u1ecfe v\u1edbi l\u00f2ng n\u1ed3i \u0111\u01b0\u1ee3c l\u00e0m t\u1eeb nh\u00f4m nguy\u00ean ch\u1ea5t, s\u1eed d\u1ee5ng ch\u1ea5t ch\u1ed1ng d\u00ednh cao c\u1ea5p c\u1ee7a Whitford.<br \/>\n\u2013 \u0110a ch\u1ee9c n\u0103ng : N\u1ea5u c\u01a1m, n\u1ea5u s\u00fap, n\u1ea5u ch\u00e1o, n\u1ea5u \u0111\u1eadu, l\u00e0m b\u00e1nh, h\u1ea7m g\u00e2n, h\u1ea5p c\u00e1\u2026<br \/>\n\u2013 D\u1ec5 d\u00e0ng v\u1ec7 sinh v\u00e0 v\u1eadn h\u00e0nh v\u1edbi c\u00e1c chi ti\u1ebft c\u00f3 th\u1ec3 th\u00e1o r\u1eddi.<br \/>\n\u2013 S\u1ea3n ph\u1ea9m \u0111\u1ea1t ti\u00eau chu\u1ea9n ch\u1ea5t l\u01b0\u1ee3ng ch\u00e2u \u00c2u. \u0110\u01b0\u1ee3c s\u1ea3n xu\u1ea5t v\u00e0 gi\u00e1m s\u00e1t b\u1edfi T\u1eadp \u0111o\u00e0n Elmich C\u1ed9ng h\u00f2a S\u00e9c.&nbsp;<\/p>\n<\/div>\n<\/div>\n<\/div>\n<div id=\"thongsokythuat\" class=\"item\">\n<h2>Th\u00f4ng s\u1ed1 k\u1ef9 thu\u1eadt<\/h2>\n<div class=\"line\"><\/div>\n<div class=\"bic_wrap__ct\" data-target=\"thongsosp\">\n<div>\n<div class=\"table_wrap table-responsive\">\n<table class=\"table table-bordered\" border=\"1\" cellspacing=\"1\" cellpadding=\"1\">\n<tbody>\n<tr>\n<td>Model<\/td>\n<td>PCS- 1802<\/td>\n<\/tr>\n<tr>\n<td>\u0110i\u1ec7n \u00e1p<\/td>\n<td>220VAC\/50Hz<\/td>\n<\/tr>\n<tr>\n<td>C\u00f4ng su\u1ea5t<\/td>\n<td>900W<\/td>\n<\/tr>\n<tr>\n<td>Th\u1ec3 t\u00edch<\/td>\n<td>5L<\/td>\n<\/tr>\n<tr>\n<td>\u0110a ch\u1ee9c n\u0103ng<\/td>\n<td>C\u00f3<\/td>\n<\/tr>\n<tr>\n<td>Ch\u1ed1ng d\u00ednh<\/td>\n<td>Whitford<\/td>\n<\/tr>\n<tr>\n<td>Th\u00e2n n\u1ed3i<\/td>\n<td>Inox<\/td>\n<\/tr>\n<tr>\n<td>Kh\u1ed1i l\u01b0\u1ee3ng t\u1ecbnh<\/td>\n<td>5 kg<\/td>\n<\/tr>\n<tr>\n<td>Xu\u1ea5t x\u1ee9<\/td>\n<td>Trung Qu\u1ed1c<\/td>\n<\/tr>\n<\/tbody>\n<\/table>\n<\/div>\n<\/div>\n<\/div>\n<\/div>\n<div id=\"gioithieu\" class=\"item\">\n<h2>H\u01b0\u1edbng d\u1eabn s\u1eed d\u1ee5ng<\/h2>\n<div class=\"line\"><\/div>\n<div class=\"bic_wrap__ct\" data-target=\"gioithieu\">\n<div>\n<p><strong>1. Tr\u01b0\u1edbc khi s\u1eed d\u1ee5ng<\/strong><br \/>\n\u2013 Tr\u01b0\u1edbc khi s\u1eed d\u1ee5ng, h\u00e3y ch\u00fa \u00fd \u0111\u1ebfn l\u01b0\u1ee3ng th\u1ee9c \u0103n v\u00e0 l\u01b0\u1ee3ng n\u01b0\u1edbc trong n\u1ed3i, kh\u00f4ng \u0111\u01b0\u1ee3c n\u1ea5u qu\u00e1 \u00edt so v\u1edbi v\u1ecb tr\u00ed th\u1ea5p nh\u1ea5t ho\u1eb7c n\u1ea5u qu\u00e1 \u0111\u1ea7y so v\u1edbi v\u1ea1ch ch\u1ec9 th\u1ecb cao nh\u1ea5t. Kh\u00f4ng k\u1ebft n\u1ed1i v\u1edbi ngu\u1ed3n \u0111i\u1ec7n khi thi\u1ebft b\u1ecb ch\u01b0a c\u00f3 th\u1ee9c \u0103n b\u00ean trong, n\u1ebfu kh\u00f4ng n\u00f3 c\u00f3 th\u1ec3 g\u00e2y ra h\u1ec7 th\u1ed1ng nhi\u1ec7t r\u1ed7ng, ho\u1eb7c nh\u1eefng nguy hi\u1ec3m kh\u00e1c.<br \/>\n\u2013 Khi v\u1ec7 sinh gio\u0103ng cao su n\u00ean c\u1ea9n th\u1eadn. Kh\u00f4ng bao gi\u1edd \u0111\u01b0\u01a1c k\u00e9o d\u00e0i gio\u0103ng cao su ho\u1eb7c thay th\u1ebf b\u1eb1ng c\u00e1c gio\u0103ng cao su kh\u00e1c m\u00e0 kh\u00f4ng \u0111\u01b0\u1ee3c nh\u00e0 s\u1ea3n xu\u1ea5t cho ph\u00e9p.<br \/>\n\u2013 C\u00e1c kh\u00f3a an to\u00e0n \u1edf n\u1eafp v\u00e0 van x\u1ea3 \u00e1p ph\u1ea3i \u0111\u01b0\u1ee3c ki\u1ec3m tra th\u01b0\u1eddng xuy\u00ean v\u00e0 v\u1ec7 sinh s\u1ea1ch s\u1ebd .<br \/>\n\u2013 Khi van \u00e1p su\u1ea5t ch\u01b0a \u1edf v\u1ecb tr\u00ed x\u1ea3, \u00e1p su\u1ea5t trong n\u1ed3i v\u1eabn c\u00f2n nhi\u1ec1u v\u00e0 n\u1eafp ch\u01b0a s\u1eb3n s\u00e0ng \u0111\u1ec3 m\u1edf, b\u1ea1n kh\u00f4ng \u0111\u01b0\u1ee3c d\u00f9ng l\u1ef1c m\u1ea1nh \u0111\u1ec3 c\u1ed1 t\u00ecnh m\u1edf n\u1eafp. Vi\u1ec7c n\u00e0y r\u1ea5t nguy hi\u1ec3m v\u00e0 c\u00f3 th\u1ec3 g\u00e2y b\u1ecfng cho ng\u01b0\u1eddi s\u1eed d\u1ee5ng.<br \/>\n\u2013 \u0110\u1ea3m b\u1ea3o ngu\u1ed3n \u0111i\u1ec7n s\u1eed d\u1ee5ng thi\u1ebft b\u1ecb l\u00e0 ph\u00f9 h\u1ee3p v\u1edbi th\u00f4ng s\u1ed1 k\u1ef9 thu\u1eadt c\u00f3 tr\u00ean s\u1ea3n ph\u1ea9m.<\/p>\n<p><strong>2. Ho\u1ea1t \u0111\u1ed9ng<\/strong><br \/>\n\u0110\u1ea7u ti\u00ean, gi\u1eef n\u1eafp th\u1eadt ch\u1eb7t. Xoay n\u1eafp theo chi\u1ec1u kim \u0111\u1ed3ng h\u1ed3. Sau \u0111\u00f3 nh\u1ea5c n\u1eafp l\u00ean B\u1ecf l\u00f2ng n\u1ed3i ra, \u0111\u1ed5 n\u01b0\u1edbc v\u00e0 th\u1ee9c \u0103n v\u00e0o. L\u01b0u \u00fd r\u1eb1ng l\u01b0\u1ee3ng n\u01b0\u1edbc v\u00e0 th\u1ef1c ph\u1ea9m kh\u00f4ng n\u00ean \u00edt h\u01a1n 1\/5\u00a0 ho\u1eb7c v\u01b0\u1ee3t qu\u00e1 4\/5 chi\u1ec1u cao c\u1ee7a l\u00f2ng n\u1ed3i. Th\u1ef1c ph\u1ea9m khi n\u1ea5u kh\u00f4ng \u0111\u01b0\u1ee3c n\u1edf cao qu\u00e1 3\/5 chi\u1ec1u cao c\u1ee7a l\u00f2ng n\u1ed3i L\u00e0m s\u1ea1ch n\u1ed3i v\u00e0 m\u00e2m nhi\u1ec7t b\u00ean trong, \u0111\u1ea3m b\u1ea3o\u00a0 v\u1eadt g\u00ec ch\u1eafn gi\u1eefa n\u00f3 v\u00e0 m\u00e2m nhi\u1ec7t.\u00a0 Sau \u0111\u00f3, \u0111\u1eb7t l\u00f2ng n\u1ed3i v\u00e0o b\u00ean trong. Xoay nh\u1eb9 sang b\u00ean tr\u00e1i v\u00e0 b\u00ean ph\u1ea3i \u0111\u1ec3 \u0111\u1ea3m b\u1ea3o n\u1ed3i b\u00ean trong \u0111\u00e3 ho\u00e0n to\u00e0n ti\u1ebfp x\u00fac v\u1edbi m\u00e2m nhi\u1ec7t. \u0110\u1eb7t van x\u1ea3 \u00e1p \u1edf v\u1ecb tr\u00ed \u0111\u00f3ng v\u00e0 ki\u1ec3m tra xem van phao \u0111\u00e3 h\u1ea1 xu\u1ed1ng ch\u01b0a (tr\u01b0\u1edbc khi n\u1ea5u, van phao ph\u1ea3i \u1edf v\u1ecb tr\u00ed th\u1ea5p l\u00f5m).<br \/>\nL\u01b0u \u00fd : Khi mu\u1ed1n m\u1edf n\u1eafp, ph\u1ea3i \u0111\u1ea3m b\u1ea3o r\u1eb1ng van phao \u0111\u00e3 h\u1ea1 xu\u1ed1ng v\u1ecb tr\u00ed th\u1ea5p nh\u1ea5t. Kh\u00f4ng c\u1ed1 d\u00f9ng l\u1ef1c c\u01b0\u1ee1ng \u00e9p\u00a0 \u0111\u1ec3 m\u1edf n\u1eafp khi van phao ch\u01b0a h\u1ea1 xu\u1ed1ng.<\/p>\n<p><strong>3. B\u1ea3o h\u00e0nh B\u1ea3o h\u00e0nh c\u00e1c h\u01b0 h\u1ecfng do l\u1ed7i k\u1ef9 thu\u1eadt trong 12 th\u00e1ng`<\/strong><\/p>\n<\/div>\n<\/div>\n<\/div>\n","protected":false},"excerpt":{"rendered":"<p>Th\u00f4ng tin s\u1ea3n ph\u1ea9m \u2013 D\u1ec5 d\u00e0ng s\u1eed d\u1ee5ng v\u1edbi h\u1ec7 th\u1ed1ng \u0111i\u1ec1u khi\u1ec3n c\u01a1, ti\u1ec7n l\u1ee3i v\u1edbi ch\u01b0\u01a1ng tr\u00ecnh n\u1ea5u \u0111\u00e3 \u0111\u01b0\u1ee3c c\u00e0i \u0111\u1eb7t s\u1eb5n. \u2013 Ti\u1ec7n l\u1ee3i v\u1edbi khe d\u1ef1ng \u0111\u1ee9ng n\u1eafp tr\u00ean quai n\u1ed3i. \u2013 An to\u00e0n tuy\u1ec7t \u0111\u1ed1i cho s\u1ee9c kh\u1ecfe v\u1edbi l\u00f2ng n\u1ed3i \u0111\u01b0\u1ee3c l\u00e0m t\u1eeb nh\u00f4m nguy\u00ean ch\u1ea5t, s\u1eed&#8230;<\/p>\n","protected":false},"featured_media":5492,"comment_status":"open","ping_status":"closed","template":"","meta":[],"product_brand":[],"product_cat":[61,64],"product_tag":[],"class_list":{"0":"post-5491","1":"product","2":"type-product","3":"status-publish","4":"has-post-thumbnail","6":"product_cat-hang-gia-dung","7":"product_cat-noi-ap-suat","9":"first","10":"instock","11":"shipping-taxable","12":"product-type-simple"},"_links":{"self":[{"href":"https:\/\/nhadepbepxinh.com.vn\/index.php?rest_route=\/wp\/v2\/product\/5491","targetHints":{"allow":["GET"]}}],"collection":[{"href":"https:\/\/nhadepbepxinh.com.vn\/index.php?rest_route=\/wp\/v2\/product"}],"about":[{"href":"https:\/\/nhadepbepxinh.com.vn\/index.php?rest_route=\/wp\/v2\/types\/product"}],"replies":[{"embeddable":true,"href":"https:\/\/nhadepbepxinh.com.vn\/index.php?rest_route=%2Fwp%2Fv2%2Fcomments&post=5491"}],"wp:featuredmedia":[{"embeddable":true,"href":"https:\/\/nhadepbepxinh.com.vn\/index.php?rest_route=\/wp\/v2\/media\/5492"}],"wp:attachment":[{"href":"https:\/\/nhadepbepxinh.com.vn\/index.php?rest_route=%2Fwp%2Fv2%2Fmedia&parent=5491"}],"wp:term":[{"taxonomy":"product_brand","embeddable":true,"href":"https:\/\/nhadepbepxinh.com.vn\/index.php?rest_route=%2Fwp%2Fv2%2Fproduct_brand&post=5491"},{"taxonomy":"product_cat","embeddable":true,"href":"https:\/\/nhadepbepxinh.com.vn\/index.php?rest_route=%2Fwp%2Fv2%2Fproduct_cat&post=5491"},{"taxonomy":"product_tag","embeddable":true,"href":"https:\/\/nhadepbepxinh.com.vn\/index.php?rest_route=%2Fwp%2Fv2%2Fproduct_tag&post=5491"}],"curies":[{"name":"wp","href":"https:\/\/api.w.org\/{rel}","templated":true}]}}