{"id":5484,"date":"2025-06-03T10:27:36","date_gmt":"2025-06-03T03:27:36","guid":{"rendered":"https:\/\/nhadepbepxinh.com.vn\/?post_type=product&#038;p=5484"},"modified":"2025-06-03T10:27:36","modified_gmt":"2025-06-03T03:27:36","slug":"bon-cau-1-khoi-korest-bkr9915","status":"publish","type":"product","link":"https:\/\/nhadepbepxinh.com.vn\/?product=bon-cau-1-khoi-korest-bkr9915","title":{"rendered":"B\u00d4\u0300N C\u00c2\u0300U 1 KH\u00d4\u0301I KOREST BKR9915"},"content":{"rendered":"<h2><strong>M\u1ed9t s\u1ed1 h\u00ecnh \u1ea3nh b\u00e0n c\u1ea7u 1 kh\u1ed1i BKR9915<\/strong><\/h2>\n<figure id=\"attachment_8806\" class=\"wp-caption aligncenter\" aria-describedby=\"caption-attachment-8806\"><img loading=\"lazy\" decoding=\"async\" class=\"wp-image-8806 lazyloaded\" src=\"https:\/\/korest.vn\/wp-content\/uploads\/2025\/04\/Ban-cau-1-khoi-BKR9915-anh-thuc-te.jpg\" sizes=\"auto, (max-width: 545px) 100vw, 545px\" srcset=\"https:\/\/korest.vn\/wp-content\/uploads\/2025\/04\/Ban-cau-1-khoi-BKR9915-anh-thuc-te.jpg 1200w, https:\/\/korest.vn\/wp-content\/uploads\/2025\/04\/Ban-cau-1-khoi-BKR9915-anh-thuc-te-375x375.jpg 375w, https:\/\/korest.vn\/wp-content\/uploads\/2025\/04\/Ban-cau-1-khoi-BKR9915-anh-thuc-te-575x575.jpg 575w, https:\/\/korest.vn\/wp-content\/uploads\/2025\/04\/Ban-cau-1-khoi-BKR9915-anh-thuc-te-150x150.jpg 150w\" alt=\"Ba\u0300n ca\u0302\u0300u 1 kho\u0302\u0301i BKR9915 - \u1ea2nh thu\u031b\u0323c te\u0302\u0301\" width=\"545\" height=\"545\" data-ll-status=\"loaded\" \/><figcaption id=\"caption-attachment-8806\" class=\"wp-caption-text\">Ba\u0300n ca\u0302\u0300u 1 kho\u0302\u0301i BKR9915 \u2013 \u1ea2nh thu\u031b\u0323c te\u0302\u0301<\/figcaption><\/figure>\n<figure id=\"attachment_8804\" class=\"wp-caption aligncenter\" aria-describedby=\"caption-attachment-8804\"><img loading=\"lazy\" decoding=\"async\" class=\"wp-image-8804 lazyloaded\" src=\"https:\/\/korest.vn\/wp-content\/uploads\/2025\/04\/Ban-cau-1-khoi-BKR9915-Korest-anh-thuc-te5.jpg\" sizes=\"auto, (max-width: 545px) 100vw, 545px\" srcset=\"https:\/\/korest.vn\/wp-content\/uploads\/2025\/04\/Ban-cau-1-khoi-BKR9915-Korest-anh-thuc-te5.jpg 1200w, https:\/\/korest.vn\/wp-content\/uploads\/2025\/04\/Ban-cau-1-khoi-BKR9915-Korest-anh-thuc-te5-375x375.jpg 375w, https:\/\/korest.vn\/wp-content\/uploads\/2025\/04\/Ban-cau-1-khoi-BKR9915-Korest-anh-thuc-te5-575x575.jpg 575w, https:\/\/korest.vn\/wp-content\/uploads\/2025\/04\/Ban-cau-1-khoi-BKR9915-Korest-anh-thuc-te5-150x150.jpg 150w\" alt=\"Ba\u0300n ca\u0302\u0300u 1 kho\u0302\u0301i BKR9915 Korest - \u1ea2nh thu\u031b\u0323c te\u0302\u0301 \" width=\"545\" height=\"545\" data-ll-status=\"loaded\" \/><figcaption id=\"caption-attachment-8804\" class=\"wp-caption-text\">Ba\u0300n ca\u0302\u0300u 1 kho\u0302\u0301i BKR9915 Korest \u2013 \u1ea2nh thu\u031b\u0323c te\u0302\u0301<\/figcaption><\/figure>\n<figure id=\"attachment_8803\" class=\"wp-caption aligncenter\" aria-describedby=\"caption-attachment-8803\"><img loading=\"lazy\" decoding=\"async\" class=\"wp-image-8803 lazyloaded\" src=\"https:\/\/korest.vn\/wp-content\/uploads\/2025\/04\/Ban-cau-1-khoi-BKR9915-Korest-anh-thuc-te4.jpg\" sizes=\"auto, (max-width: 545px) 100vw, 545px\" srcset=\"https:\/\/korest.vn\/wp-content\/uploads\/2025\/04\/Ban-cau-1-khoi-BKR9915-Korest-anh-thuc-te4.jpg 1200w, https:\/\/korest.vn\/wp-content\/uploads\/2025\/04\/Ban-cau-1-khoi-BKR9915-Korest-anh-thuc-te4-375x375.jpg 375w, https:\/\/korest.vn\/wp-content\/uploads\/2025\/04\/Ban-cau-1-khoi-BKR9915-Korest-anh-thuc-te4-575x575.jpg 575w, https:\/\/korest.vn\/wp-content\/uploads\/2025\/04\/Ban-cau-1-khoi-BKR9915-Korest-anh-thuc-te4-150x150.jpg 150w\" alt=\"Ba\u0300n ca\u0302\u0300u 1 kho\u0302\u0301i BKR9915 Korest - \u1ea2nh ch\u1ee5p th\u1ef1c t\u1ebf\" width=\"545\" height=\"545\" data-ll-status=\"loaded\" \/><figcaption id=\"caption-attachment-8803\" class=\"wp-caption-text\">Ba\u0300n ca\u0302\u0300u 1 kho\u0302\u0301i BKR9915 Korest \u2013 \u1ea2nh ch\u1ee5p th\u1ef1c t\u1ebf<\/figcaption><\/figure>\n<figure id=\"attachment_8802\" class=\"wp-caption aligncenter\" aria-describedby=\"caption-attachment-8802\"><img loading=\"lazy\" decoding=\"async\" class=\"wp-image-8802 lazyloaded\" src=\"https:\/\/korest.vn\/wp-content\/uploads\/2025\/04\/Ban-cau-1-khoi-BKR9915-Korest-anh-thuc-te3.jpg\" sizes=\"auto, (max-width: 545px) 100vw, 545px\" srcset=\"https:\/\/korest.vn\/wp-content\/uploads\/2025\/04\/Ban-cau-1-khoi-BKR9915-Korest-anh-thuc-te3.jpg 1200w, https:\/\/korest.vn\/wp-content\/uploads\/2025\/04\/Ban-cau-1-khoi-BKR9915-Korest-anh-thuc-te3-375x375.jpg 375w, https:\/\/korest.vn\/wp-content\/uploads\/2025\/04\/Ban-cau-1-khoi-BKR9915-Korest-anh-thuc-te3-575x575.jpg 575w, https:\/\/korest.vn\/wp-content\/uploads\/2025\/04\/Ban-cau-1-khoi-BKR9915-Korest-anh-thuc-te3-150x150.jpg 150w\" alt=\"Ba\u0300n ca\u0302\u0300u 1 kho\u0302\u0301i BKR9915 Korest - N\u1eafp k\u00e9t n\u01b0\u1edbc\" width=\"545\" height=\"545\" data-ll-status=\"loaded\" \/><figcaption id=\"caption-attachment-8802\" class=\"wp-caption-text\">Ba\u0300n ca\u0302\u0300u 1 kho\u0302\u0301i BKR9915 Korest \u2013 N\u1eafp k\u00e9t n\u01b0\u1edbc<\/figcaption><\/figure>\n<figure id=\"attachment_8801\" class=\"wp-caption aligncenter\" aria-describedby=\"caption-attachment-8801\"><img loading=\"lazy\" decoding=\"async\" class=\"wp-image-8801 lazyloaded\" src=\"https:\/\/korest.vn\/wp-content\/uploads\/2025\/04\/Ban-cau-1-khoi-BKR9915-Korest-anh-thuc-te2.jpg\" sizes=\"auto, (max-width: 545px) 100vw, 545px\" srcset=\"https:\/\/korest.vn\/wp-content\/uploads\/2025\/04\/Ban-cau-1-khoi-BKR9915-Korest-anh-thuc-te2.jpg 1200w, https:\/\/korest.vn\/wp-content\/uploads\/2025\/04\/Ban-cau-1-khoi-BKR9915-Korest-anh-thuc-te2-375x375.jpg 375w, https:\/\/korest.vn\/wp-content\/uploads\/2025\/04\/Ban-cau-1-khoi-BKR9915-Korest-anh-thuc-te2-575x575.jpg 575w, https:\/\/korest.vn\/wp-content\/uploads\/2025\/04\/Ban-cau-1-khoi-BKR9915-Korest-anh-thuc-te2-150x150.jpg 150w\" alt=\"Ba\u0300n ca\u0302\u0300u 1 kho\u0302\u0301i BKR9915 Korest-a\u0309nh thu\u031b\u0323c te\u0302\u0301\" width=\"545\" height=\"545\" data-ll-status=\"loaded\" \/><figcaption id=\"caption-attachment-8801\" class=\"wp-caption-text\">Ba\u0300n ca\u0302\u0300u 1 kho\u0302\u0301i BKR9915 Korest \u2013 \u1ea2nh thu\u031b\u0323c te\u0302\u0301<\/figcaption><\/figure>\n<h2><strong>Th\u00f4ng s\u1ed1 k\u1ef9 thu\u1eadt b\u1ed3n c\u1ea7u 1 kh\u1ed1i BKR9915<\/strong><\/h2>\n<ul>\n<li aria-level=\"1\">Lo\u1ea1i: B\u00e0n c\u1ea7u 1 kh\u1ed1i, b\u1ec7t li\u1ec1n k\u00e9t, b\u1ed3n c\u1ea7u 1 kh\u1ed1i<\/li>\n<li aria-level=\"1\">M\u00e3 s\u1ea3n ph\u1ea9m BKR9915<\/li>\n<li aria-level=\"1\">K\u00edch th\u01b0\u1edbc: 720x413x615mm<\/li>\n<li aria-level=\"1\">H\u1ec7 x\u1ea3: Xo\u00e1y k\u1ebft h\u1ee3p tia \u0111\u1ea9y<\/li>\n<li aria-level=\"1\">T\u00e2m tho\u00e1t S-trap 300 mm<\/li>\n<li aria-level=\"1\">\u1ed0ng tho\u00e1t y\u00eau c\u1ea7u : \u00d8 90<\/li>\n<li aria-level=\"1\">V\u00e0nh Rimfree (v\u00e0nh th\u1eb3ng kh\u00f4ng g\u00f3c khu\u1ea5t)<\/li>\n<li aria-level=\"1\">C\u00f4ng ngh\u1ec7 men: K- nano ceramic<\/li>\n<li aria-level=\"1\">N\u1eafp PP cao c\u1ea5p \u0111\u00f3ng \u00eam, v\u1edbi c\u01a1 ch\u1ebf th\u00e1o l\u1eafp d\u1ec5 d\u00e0ng (b\u1ea3o h\u00e0nh \u1ed1 v\u00e0ng, \u0111\u00f3ng \u00eam 3 n\u0103m)<\/li>\n<li aria-level=\"1\">2 ch\u1ebf \u0111\u1ed9 x\u1ea3 ti\u1ec3u, x\u1ea3 \u0111\u1ea1i, ti\u1ebft ki\u1ec7m n\u01b0\u1edbc<\/li>\n<li aria-level=\"1\">S\u1eed d\u1ee5ng b\u1ed9 ph\u1ee5 ki\u1ec7n k\u00e9t n\u01b0\u1edbc Filter (b\u1ea3o h\u00e0nh 3 n\u0103m)*(Y\u00eau c\u1ea7u k\u00edch ho\u1ea1t BH\u0110T)<\/li>\n<li aria-level=\"1\">Ph\u1ee5 ki\u1ec7n \u0111i k\u00e8m: D\u00e2y c\u1ea5p, van chia n\u01b0\u1edbc ch\u1eef T, gio\u0103ng ch\u1ed1ng m\u00f9i<\/li>\n<\/ul>\n","protected":false},"excerpt":{"rendered":"<p>M\u1ed9t s\u1ed1 h\u00ecnh \u1ea3nh b\u00e0n c\u1ea7u 1 kh\u1ed1i BKR9915 Ba\u0300n ca\u0302\u0300u 1 kho\u0302\u0301i BKR9915 \u2013 \u1ea2nh thu\u031b\u0323c te\u0302\u0301 Ba\u0300n ca\u0302\u0300u 1 kho\u0302\u0301i BKR9915 Korest \u2013 \u1ea2nh thu\u031b\u0323c te\u0302\u0301 Ba\u0300n ca\u0302\u0300u 1 kho\u0302\u0301i BKR9915 Korest \u2013 \u1ea2nh ch\u1ee5p th\u1ef1c t\u1ebf Ba\u0300n ca\u0302\u0300u 1 kho\u0302\u0301i BKR9915 Korest \u2013 N\u1eafp k\u00e9t n\u01b0\u1edbc Ba\u0300n ca\u0302\u0300u 1 kho\u0302\u0301i BKR9915 Korest&#8230;<\/p>\n","protected":false},"featured_media":5485,"comment_status":"open","ping_status":"closed","template":"","meta":[],"product_brand":[],"product_cat":[18,26],"product_tag":[],"class_list":{"0":"post-5484","1":"product","2":"type-product","3":"status-publish","4":"has-post-thumbnail","6":"product_cat-thiet-bi-ve-sinh","7":"product_cat-bon-cau","9":"first","10":"instock","11":"shipping-taxable","12":"product-type-simple"},"_links":{"self":[{"href":"https:\/\/nhadepbepxinh.com.vn\/index.php?rest_route=\/wp\/v2\/product\/5484","targetHints":{"allow":["GET"]}}],"collection":[{"href":"https:\/\/nhadepbepxinh.com.vn\/index.php?rest_route=\/wp\/v2\/product"}],"about":[{"href":"https:\/\/nhadepbepxinh.com.vn\/index.php?rest_route=\/wp\/v2\/types\/product"}],"replies":[{"embeddable":true,"href":"https:\/\/nhadepbepxinh.com.vn\/index.php?rest_route=%2Fwp%2Fv2%2Fcomments&post=5484"}],"wp:featuredmedia":[{"embeddable":true,"href":"https:\/\/nhadepbepxinh.com.vn\/index.php?rest_route=\/wp\/v2\/media\/5485"}],"wp:attachment":[{"href":"https:\/\/nhadepbepxinh.com.vn\/index.php?rest_route=%2Fwp%2Fv2%2Fmedia&parent=5484"}],"wp:term":[{"taxonomy":"product_brand","embeddable":true,"href":"https:\/\/nhadepbepxinh.com.vn\/index.php?rest_route=%2Fwp%2Fv2%2Fproduct_brand&post=5484"},{"taxonomy":"product_cat","embeddable":true,"href":"https:\/\/nhadepbepxinh.com.vn\/index.php?rest_route=%2Fwp%2Fv2%2Fproduct_cat&post=5484"},{"taxonomy":"product_tag","embeddable":true,"href":"https:\/\/nhadepbepxinh.com.vn\/index.php?rest_route=%2Fwp%2Fv2%2Fproduct_tag&post=5484"}],"curies":[{"name":"wp","href":"https:\/\/api.w.org\/{rel}","templated":true}]}}