{"id":5478,"date":"2025-06-03T10:25:13","date_gmt":"2025-06-03T03:25:13","guid":{"rendered":"https:\/\/nhadepbepxinh.com.vn\/?post_type=product&#038;p=5478"},"modified":"2025-06-03T10:25:14","modified_gmt":"2025-06-03T03:25:14","slug":"bon-cau-1-khoi-korest-bkr9910","status":"publish","type":"product","link":"https:\/\/nhadepbepxinh.com.vn\/?product=bon-cau-1-khoi-korest-bkr9910","title":{"rendered":"B\u00d4\u0300N C\u00c2\u0300U 1 KH\u00d4\u0301I KOREST BKR9910"},"content":{"rendered":"<p>V\u1edbi nh\u1eefng ai \u0111\u1ec1 cao tr\u1ea3i nghi\u1ec7m l\u00e2u d\u00e0i,\u00a0<strong>B\u00e0n c\u1ea7u 1 kh\u1ed1i BKR9910<\/strong>\u00a0l\u00e0 m\u1ed9t b\u01b0\u1edbc ti\u1ebfn \u0111\u00e1ng k\u1ec3 trong thi\u1ebft b\u1ecb v\u1ec7 sinh. T\u1eeb d\u00e1ng m\u1ed9t kh\u1ed1i li\u1ec1n m\u1ea1ch gi\u00fap t\u1ed1i \u01b0u v\u1ec7 sinh, m\u1ecdi chi ti\u1ebft c\u1ee7a m\u1eabu b\u1ed3n c\u1ea7u n\u00e0y \u0111\u1ec1u h\u01b0\u1edbng \u0111\u1ebfn s\u1ef1 s\u1ea1ch s\u1ebd, d\u1ec5 b\u1ea3o tr\u00ec v\u00e0 tho\u1ea3i m\u00e1i th\u1ef1c s\u1ef1 cho ng\u01b0\u1eddi d\u00f9ng m\u1ed7i ng\u00e0y.<\/p>\n<p>H\u00e3y c\u00f9ng Korest Vi\u1ec7t Nam kh\u00e1m ph\u00e1 ngay v\u00ec sao m\u1eabu b\u00e0n c\u1ea7u n\u00e0y \u0111\u01b0\u1ee3c xem l\u00e0 chu\u1ea9n m\u1ef1c m\u1edbi cho kh\u00f4ng gian v\u1ec7 sinh hi\u1ec7n \u0111\u1ea1i.<\/p>\n<h2><strong>M\u1ed9t s\u1ed1 h\u00ecnh \u1ea3nh b\u00e0n c\u1ea7u 1 kh\u1ed1i BKR9910<\/strong><\/h2>\n<figure id=\"attachment_8787\" class=\"wp-caption aligncenter\" aria-describedby=\"caption-attachment-8787\"><img loading=\"lazy\" decoding=\"async\" class=\"wp-image-8787 lazyloaded\" src=\"https:\/\/korest.vn\/wp-content\/uploads\/2025\/04\/Ban-cau-1-khoi-BKR9910_khong-gian-dep-mat.jpg\" sizes=\"auto, (max-width: 578px) 100vw, 578px\" srcset=\"https:\/\/korest.vn\/wp-content\/uploads\/2025\/04\/Ban-cau-1-khoi-BKR9910_khong-gian-dep-mat.jpg 1200w, https:\/\/korest.vn\/wp-content\/uploads\/2025\/04\/Ban-cau-1-khoi-BKR9910_khong-gian-dep-mat-375x375.jpg 375w, https:\/\/korest.vn\/wp-content\/uploads\/2025\/04\/Ban-cau-1-khoi-BKR9910_khong-gian-dep-mat-575x575.jpg 575w, https:\/\/korest.vn\/wp-content\/uploads\/2025\/04\/Ban-cau-1-khoi-BKR9910_khong-gian-dep-mat-150x150.jpg 150w\" alt=\"Ba\u0300n ca\u0302\u0300u 1 kho\u0302\u0301i BKR9910_kho\u0302ng gian \u0111e\u0323p ma\u0306\u0301t\" width=\"578\" height=\"578\" data-ll-status=\"loaded\" \/><figcaption id=\"caption-attachment-8787\" class=\"wp-caption-text\">Ba\u0300n ca\u0302\u0300u 1 kho\u0302\u0301i BKR9910_<em>kho\u0302ng gian \u0111e\u0323p ma\u0306\u0301t<\/em><\/figcaption><\/figure>\n<figure id=\"attachment_8788\" class=\"wp-caption aligncenter\" aria-describedby=\"caption-attachment-8788\"><img loading=\"lazy\" decoding=\"async\" class=\"wp-image-8788 lazyloaded\" src=\"https:\/\/korest.vn\/wp-content\/uploads\/2025\/04\/Ban-cau-1-khoi-BKR9910_Anh-thuc-te.jpg\" sizes=\"auto, (max-width: 578px) 100vw, 578px\" srcset=\"https:\/\/korest.vn\/wp-content\/uploads\/2025\/04\/Ban-cau-1-khoi-BKR9910_Anh-thuc-te.jpg 1200w, https:\/\/korest.vn\/wp-content\/uploads\/2025\/04\/Ban-cau-1-khoi-BKR9910_Anh-thuc-te-375x375.jpg 375w, https:\/\/korest.vn\/wp-content\/uploads\/2025\/04\/Ban-cau-1-khoi-BKR9910_Anh-thuc-te-575x575.jpg 575w, https:\/\/korest.vn\/wp-content\/uploads\/2025\/04\/Ban-cau-1-khoi-BKR9910_Anh-thuc-te-150x150.jpg 150w\" alt=\"Ba\u0300n ca\u0302\u0300u 1 kho\u0302\u0301i BKR9910_A\u0309nh thu\u031b\u0323c te\u0302\u0301\" width=\"578\" height=\"578\" data-ll-status=\"loaded\" \/><figcaption id=\"caption-attachment-8788\" class=\"wp-caption-text\">Ba\u0300n ca\u0302\u0300u 1 kho\u0302\u0301i BKR9910_<em>A\u0309nh thu\u031b\u0323c te\u0302\u0301<\/em><\/figcaption><\/figure>\n<figure id=\"attachment_8789\" class=\"wp-caption aligncenter\" aria-describedby=\"caption-attachment-8789\"><img loading=\"lazy\" decoding=\"async\" class=\"wp-image-8789 lazyloaded\" src=\"https:\/\/korest.vn\/wp-content\/uploads\/2025\/04\/Ban-cau-1-khoi-BKR9910_mat-sau.jpg\" sizes=\"auto, (max-width: 578px) 100vw, 578px\" srcset=\"https:\/\/korest.vn\/wp-content\/uploads\/2025\/04\/Ban-cau-1-khoi-BKR9910_mat-sau.jpg 1200w, https:\/\/korest.vn\/wp-content\/uploads\/2025\/04\/Ban-cau-1-khoi-BKR9910_mat-sau-375x375.jpg 375w, https:\/\/korest.vn\/wp-content\/uploads\/2025\/04\/Ban-cau-1-khoi-BKR9910_mat-sau-575x575.jpg 575w, https:\/\/korest.vn\/wp-content\/uploads\/2025\/04\/Ban-cau-1-khoi-BKR9910_mat-sau-150x150.jpg 150w\" alt=\"Ba\u0300n ca\u0302\u0300u 1 kho\u0302\u0301i BKR9910_ma\u0323\u0306t sau\" width=\"578\" height=\"578\" data-ll-status=\"loaded\" \/><figcaption id=\"caption-attachment-8789\" class=\"wp-caption-text\">Ba\u0300n ca\u0302\u0300u 1 kho\u0302\u0301i BKR9910_<em>ma\u0323\u0306t sau<\/em><\/figcaption><\/figure>\n<h2><strong>Th\u00f4ng s\u1ed1 k\u1ef9 thu\u1eadt b\u1ed3n c\u1ea7u 1 kh\u1ed1i BKR9910<\/strong><\/h2>\n<ul>\n<li>Lo\u1ea1i: B\u00e0n c\u1ea7u 1 kh\u1ed1i, b\u1ec7t li\u1ec1n k\u00e9t, b\u1ed3n c\u1ea7u 1 kh\u1ed1i<\/li>\n<li>M\u00e3 s\u1ea3n ph\u1ea9m BKR9910<\/li>\n<li>K\u00edch th\u01b0\u1edbc: 660x355x720mm<\/li>\n<li>H\u1ec7 x\u1ea3: Xo\u00e1y k\u1ebft h\u1ee3p tia \u0111\u1ea9y<\/li>\n<li>T\u00e2m tho\u00e1t S-trap 300 mm<\/li>\n<li>\u1ed0ng tho\u00e1t y\u00eau c\u1ea7u: \u00d8 90<\/li>\n<li>V\u00e0nh Rimfree (v\u00e0nh th\u1eb3ng kh\u00f4ng g\u00f3c khu\u1ea5t)<\/li>\n<li>C\u00f4ng ngh\u1ec7 men: K- nano ceramic<\/li>\n<li>N\u1eafp PP cao c\u1ea5p \u0111\u00f3ng \u00eam, v\u1edbi c\u01a1 ch\u1ebf th\u00e1o l\u1eafp d\u1ec5 d\u00e0ng (b\u1ea3o h\u00e0nh \u1ed1 v\u00e0ng, \u0111\u00f3ng \u00eam 3 n\u0103m)<\/li>\n<li>2 ch\u1ebf \u0111\u1ed9 x\u1ea3 ti\u1ec3u, x\u1ea3 \u0111\u1ea1i, ti\u1ebft ki\u1ec7m n\u01b0\u1edbc<\/li>\n<li>S\u1eed d\u1ee5ng b\u1ed9 ph\u1ee5 ki\u1ec7n k\u00e9t n\u01b0\u1edbc K-friendly (b\u1ea3o h\u00e0nh 3 n\u0103m) (Y\u00eau c\u1ea7u k\u00edch ho\u1ea1t BH\u0110T)<\/li>\n<li>Ph\u1ee5 ki\u1ec7n \u0111i k\u00e8m: D\u00e2y c\u1ea5p, van chia n\u01b0\u1edbc ch\u1eef T, gio\u0103ng ch\u1ed1ng m\u00f9i<\/li>\n<\/ul>\n","protected":false},"excerpt":{"rendered":"<p>V\u1edbi nh\u1eefng ai \u0111\u1ec1 cao tr\u1ea3i nghi\u1ec7m l\u00e2u d\u00e0i,\u00a0B\u00e0n c\u1ea7u 1 kh\u1ed1i BKR9910\u00a0l\u00e0 m\u1ed9t b\u01b0\u1edbc ti\u1ebfn \u0111\u00e1ng k\u1ec3 trong thi\u1ebft b\u1ecb v\u1ec7 sinh. T\u1eeb d\u00e1ng m\u1ed9t kh\u1ed1i li\u1ec1n m\u1ea1ch gi\u00fap t\u1ed1i \u01b0u v\u1ec7 sinh, m\u1ecdi chi ti\u1ebft c\u1ee7a m\u1eabu b\u1ed3n c\u1ea7u n\u00e0y \u0111\u1ec1u h\u01b0\u1edbng \u0111\u1ebfn s\u1ef1 s\u1ea1ch s\u1ebd, d\u1ec5 b\u1ea3o tr\u00ec v\u00e0 tho\u1ea3i m\u00e1i th\u1ef1c&#8230;<\/p>\n","protected":false},"featured_media":5479,"comment_status":"open","ping_status":"closed","template":"","meta":[],"product_brand":[],"product_cat":[18,26],"product_tag":[],"class_list":{"0":"post-5478","1":"product","2":"type-product","3":"status-publish","4":"has-post-thumbnail","6":"product_cat-thiet-bi-ve-sinh","7":"product_cat-bon-cau","9":"first","10":"instock","11":"shipping-taxable","12":"product-type-simple"},"_links":{"self":[{"href":"https:\/\/nhadepbepxinh.com.vn\/index.php?rest_route=\/wp\/v2\/product\/5478","targetHints":{"allow":["GET"]}}],"collection":[{"href":"https:\/\/nhadepbepxinh.com.vn\/index.php?rest_route=\/wp\/v2\/product"}],"about":[{"href":"https:\/\/nhadepbepxinh.com.vn\/index.php?rest_route=\/wp\/v2\/types\/product"}],"replies":[{"embeddable":true,"href":"https:\/\/nhadepbepxinh.com.vn\/index.php?rest_route=%2Fwp%2Fv2%2Fcomments&post=5478"}],"wp:featuredmedia":[{"embeddable":true,"href":"https:\/\/nhadepbepxinh.com.vn\/index.php?rest_route=\/wp\/v2\/media\/5479"}],"wp:attachment":[{"href":"https:\/\/nhadepbepxinh.com.vn\/index.php?rest_route=%2Fwp%2Fv2%2Fmedia&parent=5478"}],"wp:term":[{"taxonomy":"product_brand","embeddable":true,"href":"https:\/\/nhadepbepxinh.com.vn\/index.php?rest_route=%2Fwp%2Fv2%2Fproduct_brand&post=5478"},{"taxonomy":"product_cat","embeddable":true,"href":"https:\/\/nhadepbepxinh.com.vn\/index.php?rest_route=%2Fwp%2Fv2%2Fproduct_cat&post=5478"},{"taxonomy":"product_tag","embeddable":true,"href":"https:\/\/nhadepbepxinh.com.vn\/index.php?rest_route=%2Fwp%2Fv2%2Fproduct_tag&post=5478"}],"curies":[{"name":"wp","href":"https:\/\/api.w.org\/{rel}","templated":true}]}}