{"id":5473,"date":"2025-06-03T10:16:08","date_gmt":"2025-06-03T03:16:08","guid":{"rendered":"https:\/\/nhadepbepxinh.com.vn\/?post_type=product&#038;p=5473"},"modified":"2025-06-03T10:16:08","modified_gmt":"2025-06-03T03:16:08","slug":"bep-tu-kocher-di-617","status":"publish","type":"product","link":"https:\/\/nhadepbepxinh.com.vn\/?product=bep-tu-kocher-di-617","title":{"rendered":"B\u1ebeP T\u1eea KOCHER DI-617"},"content":{"rendered":"<div class=\"media_embed\">\n<div class=\"youtube-iframe-wrap\"><iframe loading=\"lazy\" title=\"Kh\u00e1m ph\u00e1 m\u1eabu b\u1ebfp t\u1eeb \u0111\u00f4i \u0111un n\u1ea5u nhanh, ti\u1ebft ki\u1ec7m \u0111i\u1ec7n #thietbinhabep #beptu #kocher\" src=\"https:\/\/www.youtube.com\/embed\/Y0gfyssDiHg\" width=\"350\" height=\"623\" frameborder=\"0\" allowfullscreen=\"allowfullscreen\" data-mce-fragment=\"1\"><\/iframe><\/div>\n<\/div>\n<p><strong>T\u00cdNH N\u0102NG S\u1ea2N PH\u1ea8M:\u00a0<\/strong><\/p>\n<p>+ M\u1eb7t k\u00ednh Keramik v\u00e1t c\u1ea1nh bo vi\u1ec1n Aluminum<\/p>\n<p>+ IGBT h\u00e3ng Siemens Germany<\/p>\n<p>+ \u0110i\u1ec1u khi\u1ec3n 2 ph\u00edm Slider v\u1edbi 9 m\u1ee9c c\u00f4ng su\u1ea5t<\/p>\n<p>+ Ch\u1ee9c n\u0103ng t\u0103ng t\u1ed1c khi \u0111un n\u1ea5u Booster<\/p>\n<p>+ Ch\u1ee9c n\u0103ng gi\u1eef \u1ea5m REHEAT<\/p>\n<p>+ Ch\u1ee9c n\u0103ng chi\u00ean x\u00e0o 3 m\u1ee9c \u0111\u1ed9 \u0111\u1ed9 nhi\u1ec7t: 200\u00b0C\/ 240\u00b0C\/ 280\u00b0<\/p>\n<p>+ T\u1ef1 nh\u1eadn k\u00edch c\u1ee1 xoong n\u1ed3i<\/p>\n<p>+ H\u1eb9n gi\u1edd \u0111\u1ed9c l\u1eadp cho t\u1eebng v\u00f9ng n\u1ea5u<\/p>\n<p>+ C\u00f4ng ngh\u1ec7 Inverter ti\u1ebft ki\u1ec7m \u0111i\u1ec7n n\u0103ng<\/p>\n<p><strong>T\u00cdNH N\u0102NG AN TO\u00c0N:\u00a0<\/strong><\/p>\n<p>+ C\u1ea3nh b\u00e1o nhi\u1ec7t d\u01b0 v\u00f9ng n\u1ea5u\u00a0<strong>Residual heat (H)<\/strong><\/p>\n<p>+ T\u1ef1 \u0111\u1ed9ng t\u1eaft b\u1ebfp khi kh\u00f4ng c\u00f3 n\u1ed3i\u00a0<strong>Pot Detection<\/strong><\/p>\n<p>+ T\u1ef1 \u0111\u1ed9ng t\u1eaft b\u1ebfp khi \u0111\u1ec3 qu\u00ean\u00a0<strong>Automatic switch off<\/strong><\/p>\n<p>+ H\u1ec7 th\u1ed1ng t\u1ef1 t\u1eaft khi qu\u00e1 \u00e1p, qu\u00e1 nhi\u1ec7t\u00a0<strong>Over heating shut off<\/strong><\/p>\n<p>+ Ch\u1ee9c n\u0103ng c\u1ea3m bi\u1ebfn ch\u1ed1ng tr\u00e0o n\u01b0\u1edbc t\u1ef1 \u0111\u1ed9ng ng\u1eaft\u00a0<strong>Auto water shut off<\/strong><\/p>\n<p>+ Kh\u00f3a an to\u00e0n tr\u1ebb em Child Lock; Ch\u1ee9c n\u0103ng t\u1ea1m d\u1eebng\u00a0<strong>Pause<\/strong><\/p>\n","protected":false},"excerpt":{"rendered":"<p>T\u00cdNH N\u0102NG S\u1ea2N PH\u1ea8M:\u00a0 + M\u1eb7t k\u00ednh Keramik v\u00e1t c\u1ea1nh bo vi\u1ec1n Aluminum + IGBT h\u00e3ng Siemens Germany + \u0110i\u1ec1u khi\u1ec3n 2 ph\u00edm Slider v\u1edbi 9 m\u1ee9c c\u00f4ng su\u1ea5t + Ch\u1ee9c n\u0103ng t\u0103ng t\u1ed1c khi \u0111un n\u1ea5u Booster + Ch\u1ee9c n\u0103ng gi\u1eef \u1ea5m REHEAT + Ch\u1ee9c n\u0103ng chi\u00ean x\u00e0o 3 m\u1ee9c \u0111\u1ed9 \u0111\u1ed9 nhi\u1ec7t: 200\u00b0C\/&#8230;<\/p>\n","protected":false},"featured_media":5474,"comment_status":"open","ping_status":"closed","template":"","meta":[],"product_brand":[],"product_cat":[15,35],"product_tag":[],"class_list":{"0":"post-5473","1":"product","2":"type-product","3":"status-publish","4":"has-post-thumbnail","6":"product_cat-bep-tu","7":"product_cat-hang-kocher","9":"first","10":"instock","11":"shipping-taxable","12":"product-type-simple"},"_links":{"self":[{"href":"https:\/\/nhadepbepxinh.com.vn\/index.php?rest_route=\/wp\/v2\/product\/5473","targetHints":{"allow":["GET"]}}],"collection":[{"href":"https:\/\/nhadepbepxinh.com.vn\/index.php?rest_route=\/wp\/v2\/product"}],"about":[{"href":"https:\/\/nhadepbepxinh.com.vn\/index.php?rest_route=\/wp\/v2\/types\/product"}],"replies":[{"embeddable":true,"href":"https:\/\/nhadepbepxinh.com.vn\/index.php?rest_route=%2Fwp%2Fv2%2Fcomments&post=5473"}],"wp:featuredmedia":[{"embeddable":true,"href":"https:\/\/nhadepbepxinh.com.vn\/index.php?rest_route=\/wp\/v2\/media\/5474"}],"wp:attachment":[{"href":"https:\/\/nhadepbepxinh.com.vn\/index.php?rest_route=%2Fwp%2Fv2%2Fmedia&parent=5473"}],"wp:term":[{"taxonomy":"product_brand","embeddable":true,"href":"https:\/\/nhadepbepxinh.com.vn\/index.php?rest_route=%2Fwp%2Fv2%2Fproduct_brand&post=5473"},{"taxonomy":"product_cat","embeddable":true,"href":"https:\/\/nhadepbepxinh.com.vn\/index.php?rest_route=%2Fwp%2Fv2%2Fproduct_cat&post=5473"},{"taxonomy":"product_tag","embeddable":true,"href":"https:\/\/nhadepbepxinh.com.vn\/index.php?rest_route=%2Fwp%2Fv2%2Fproduct_tag&post=5473"}],"curies":[{"name":"wp","href":"https:\/\/api.w.org\/{rel}","templated":true}]}}