{"id":5454,"date":"2025-05-19T16:13:27","date_gmt":"2025-05-19T09:13:27","guid":{"rendered":"https:\/\/nhadepbepxinh.com.vn\/?post_type=product&#038;p=5454"},"modified":"2025-05-19T16:13:27","modified_gmt":"2025-05-19T09:13:27","slug":"robot-roborock-saros-z70-robot-hut-bui-lau-nha-2025","status":"publish","type":"product","link":"https:\/\/nhadepbepxinh.com.vn\/?product=robot-roborock-saros-z70-robot-hut-bui-lau-nha-2025","title":{"rendered":"Robot Roborock Saros Z70 &#8211; Robot H\u00fat B\u1ee5i Lau Nh\u00e0 2025"},"content":{"rendered":"<p>Trong th\u1ebf gi\u1edbi hi\u1ec7n \u0111\u1ea1i, c\u00f4ng ngh\u1ec7 kh\u00f4ng ng\u1eebng ph\u00e1t tri\u1ec3n v\u00e0 mang l\u1ea1i nh\u1eefng gi\u1ea3i ph\u00e1p \u0111\u1ed9t ph\u00e1 gi\u00fap cu\u1ed9c s\u1ed1ng c\u1ee7a ch\u00fang ta tr\u1edf n\u00ean d\u1ec5 d\u00e0ng v\u00e0 ti\u1ec7n nghi h\u01a1n. M\u1ed9t trong nh\u1eefng s\u1ea3n ph\u1ea9m ti\u00ean ti\u1ebfn nh\u1ea5t trong ng\u00e0nh thi\u1ebft b\u1ecb gia d\u1ee5ng hi\u1ec7n nay l\u00e0 Robot H\u00fat B\u1ee5i Lau Nh\u00e0 Roborock Saros Z70. V\u1edbi thi\u1ebft k\u1ebf \u0111\u1ed9t ph\u00e1 v\u00e0 kh\u1ea3 n\u0103ng l\u00e0m s\u1ea1ch v\u01b0\u1ee3t tr\u1ed9i, s\u1ea3n ph\u1ea9m n\u00e0y h\u1ee9a h\u1eb9n s\u1ebd thay \u0111\u1ed5i ho\u00e0n to\u00e0n c\u00e1ch th\u1ee9c ch\u00fang ta duy tr\u00ec m\u1ed9t kh\u00f4ng gian s\u1ed1ng s\u1ea1ch s\u1ebd. \u0110\u1eb7c bi\u1ec7t,\u00a0<strong>Roborock Saros Z70<\/strong>\u00a0s\u1edf h\u1eefu c\u00e1nh tay c\u01a1 h\u1ecdc n\u0103m tr\u1ee5c c\u00f3 th\u1ec3 g\u1ea5p g\u1ecdn, l\u1ea7n \u0111\u1ea7u ti\u00ean xu\u1ea5t hi\u1ec7n tr\u00ean th\u1ebf gi\u1edbi, gi\u00fap robot kh\u00f4ng ch\u1ec9 di chuy\u1ec3n linh ho\u1ea1t m\u00e0 c\u00f2n l\u00e0m s\u1ea1ch nh\u1eefng khu v\u1ef1c kh\u00f3 ti\u1ebfp c\u1eadn, mang \u0111\u1ebfn hi\u1ec7u qu\u1ea3 l\u00e0m s\u1ea1ch cao h\u01a1n bao gi\u1edd h\u1ebft.<\/p>\n<div class=\"img-wrapper\"><img decoding=\"async\" src=\"https:\/\/roborocks.vn\/public\/upload\/images\/robot-roborock-saros-z70-15.jpg\" alt=\"Robot H\u00fat B\u1ee5i Lau Nh\u00e0 Roborock Saros Z70\" \/><\/div>\n<p>B\u00ean c\u1ea1nh \u0111\u00f3, v\u1edbi thi\u1ebft k\u1ebf si\u00eau m\u1ecfng ch\u1ec9 7.98cm, robot n\u00e0y c\u00f3 th\u1ec3 d\u1ec5 d\u00e0ng len l\u1ecfi v\u00e0o nh\u1eefng kh\u00f4ng gian h\u1eb9p, l\u00e0m s\u1ea1ch m\u1ecdi ng\u00f3c ng\u00e1ch trong nh\u00e0 m\u00e0 kh\u00f4ng c\u1ea7n s\u1ef1 tr\u1ee3 gi\u00fap c\u1ee7a con ng\u01b0\u1eddi. Kh\u00f4ng ch\u1ec9 \u0111\u01a1n thu\u1ea7n l\u00e0 m\u1ed9t thi\u1ebft b\u1ecb h\u00fat b\u1ee5i, Roborock Saros Z70 c\u00f2n l\u00e0 ng\u01b0\u1eddi b\u1ea1n \u0111\u1ed3ng h\u00e0nh \u0111\u1eafc l\u1ef1c trong c\u00f4ng vi\u1ec7c d\u1ecdn d\u1eb9p, gi\u00fap gia \u0111\u00ecnh b\u1ea1n ti\u1ebft ki\u1ec7m th\u1eddi gian v\u00e0 c\u00f4ng s\u1ee9c. Ch\u00ednh v\u00ec v\u1eady, s\u1ea3n ph\u1ea9m n\u00e0y kh\u00f4ng ch\u1ec9 l\u00e0 m\u1ed9t gi\u1ea3i ph\u00e1p l\u00e0m s\u1ea1ch hi\u1ec7u qu\u1ea3 m\u00e0 c\u00f2n l\u00e0 minh ch\u1ee9ng cho s\u1ef1 ph\u00e1t tri\u1ec3n kh\u00f4ng ng\u1eebng c\u1ee7a c\u00f4ng ngh\u1ec7, mang \u0111\u1ebfn cho ng\u01b0\u1eddi d\u00f9ng m\u1ed9t tr\u1ea3i nghi\u1ec7m v\u01b0\u1ee3t tr\u1ed9i v\u00e0 \u0111\u1ea7y ti\u1ec7n \u00edch.<\/p>\n<div class=\"img-wrapper\"><img decoding=\"async\" src=\"https:\/\/roborocks.vn\/public\/upload\/images\/robot-roborock-saros-z70-13.jpg\" alt=\"Robot H\u00fat B\u1ee5i Lau Nh\u00e0 Roborock Saros Z70\" \/><\/div>\n<h3><strong>Tr\u1ee3 th\u1ee7 \u0111\u1eafc l\u1ef1c cho ng\u00f4i nh\u00e0<\/strong><\/h3>\n<p>Roborock Saros Z70 kh\u00f4ng ch\u1ec9 \u0111\u01a1n gi\u1ea3n l\u00e0 m\u1ed9t robot h\u00fat b\u1ee5i, m\u00e0 l\u00e0 ng\u01b0\u1eddi b\u1ea1n \u0111\u1ed3ng h\u00e0nh hi\u1ec7u qu\u1ea3 trong vi\u1ec7c duy tr\u00ec kh\u00f4ng gian s\u1ed1ng lu\u00f4n s\u1ea1ch s\u1ebd. Nh\u1edd kh\u1ea3 n\u0103ng l\u00e0m s\u1ea1ch th\u00f4ng minh, thi\u1ebft b\u1ecb n\u00e0y c\u00f3 th\u1ec3 ti\u1ebfp c\u1eadn v\u00e0 l\u00e0m s\u1ea1ch m\u1ecdi ng\u00f3c ng\u00e1ch trong nh\u00e0, k\u1ec3 c\u1ea3 nh\u1eefng n\u01a1i kh\u00f3 ti\u1ebfp c\u1eadn nh\u1ea5t nh\u01b0 d\u01b0\u1edbi gi\u01b0\u1eddng, d\u01b0\u1edbi sofa hay c\u00e1c g\u00f3c khu\u1ea5t. \u0110i\u1ec1u n\u00e0y gi\u00fap ti\u1ebft ki\u1ec7m th\u1eddi gian v\u00e0 c\u00f4ng s\u1ee9c nh\u01b0ng v\u1eabn \u0111\u1ea1t hi\u1ec7u qu\u1ea3 t\u1ed1i \u01b0u.<\/p>\n<div class=\"img-wrapper\"><img decoding=\"async\" src=\"https:\/\/roborocks.vn\/public\/upload\/images\/robot-roborock-saros-z70-01.jpg\" alt=\"Robot H\u00fat B\u1ee5i Lau Nh\u00e0 Roborock Saros Z70\" \/><\/div>\n<p>Roborock Saros Z70 s\u1edf h\u1eefu h\u1ec7 th\u1ed1ng camera k\u00e9p \u0111\u1ed9c \u0111\u00e1o, bao g\u1ed3m m\u1ed9t camera tr\u00ean c\u00e1nh tay c\u01a1 \u0111\u1ed9ng v\u00e0 m\u1ed9t camera \u1edf ph\u00eda tr\u01b0\u1edbc robot. \u0110i\u1ec1u n\u00e0y gi\u00fap robot nh\u1eadn di\u1ec7n v\u00e0 t\u01b0\u01a1ng t\u00e1c v\u1edbi c\u00e1c v\u1eadt th\u1ec3 m\u1ed9t c\u00e1ch ch\u00ednh x\u00e1c, n\u00e2ng cao kh\u1ea3 n\u0103ng di chuy\u1ec3n v\u00e0 l\u00e0m s\u1ea1ch hi\u1ec7u qu\u1ea3. Camera tr\u00ean c\u00e1nh tay c\u01a1 \u0111\u1ed9ng gi\u00fap robot nh\u1eadn di\u1ec7n c\u00e1c v\u1eadt th\u1ec3 nh\u1ecf ho\u1eb7c g\u00f3c c\u1ea1nh, \u0111\u1ed3ng th\u1eddi tr\u00e1nh c\u00e1c ch\u01b0\u1edbng ng\u1ea1i v\u1eadt trong qu\u00e1 tr\u00ecnh di chuy\u1ec3n. Camera ph\u00eda tr\u01b0\u1edbc gi\u00fap x\u00e1c \u0111\u1ecbnh v\u1eadt c\u1ea3n v\u00e0 t\u1ea1o \u0111i\u1ec1u ki\u1ec7n di chuy\u1ec3n ch\u00ednh x\u00e1c h\u01a1n.<\/p>\n<h3><strong>Thi\u1ebft k\u1ebf si\u00eau m\u1ecfng v\u00e0 c\u00f4ng ngh\u1ec7 StarSight\u2122 2.0<\/strong><\/h3>\n<p>V\u1edbi thi\u1ebft k\u1ebf si\u00eau m\u1ecfng ch\u1ec9 9,5 cm, Roborock Saros Z70 c\u00f3 th\u1ec3 di chuy\u1ec3n linh ho\u1ea1t v\u00e0o nh\u1eefng kh\u00f4ng gian h\u1eb9p, nh\u01b0 d\u01b0\u1edbi b\u00e0n, gi\u01b0\u1eddng, ho\u1eb7c nh\u1eefng khu v\u1ef1c kh\u00f3 ti\u1ebfp c\u1eadn. C\u00f9ng v\u1edbi h\u1ec7 th\u1ed1ng StarSight\u2122 2.0, robot t\u1ef1 \u0111\u1ed9ng nh\u1eadn di\u1ec7n c\u00e1c v\u1eadt c\u1ea3n v\u00e0 \u0111i\u1ec1u ch\u1ec9nh l\u1ed9 tr\u00ecnh di chuy\u1ec3n hi\u1ec7u qu\u1ea3, t\u1ed1i \u01b0u h\u00f3a th\u1eddi gian d\u1ecdn d\u1eb9p.<\/p>\n<div class=\"img-wrapper\"><img decoding=\"async\" src=\"https:\/\/roborocks.vn\/public\/upload\/images\/robot-roborock-saros-z70-03.jpg\" alt=\"Robot H\u00fat B\u1ee5i Lau Nh\u00e0 Roborock Saros Z70\" \/><\/div>\n<h3><strong>Nh\u1eadn di\u1ec7n th\u00f4ng minh v\u1edbi AI<\/strong><\/h3>\n<p>Nh\u1edd tr\u00ed tu\u1ec7 nh\u00e2n t\u1ea1o (AI), Roborock Saros Z70 c\u00f3 kh\u1ea3 n\u0103ng nh\u1eadn di\u1ec7n v\u00e0 ph\u00e2n bi\u1ec7t c\u00e1c v\u1eadt th\u1ec3 trong qu\u00e1 tr\u00ecnh l\u00e0m s\u1ea1ch. C\u00f4ng ngh\u1ec7 n\u00e0y gi\u00fap robot \u0111\u01b0a ra quy\u1ebft \u0111\u1ecbnh th\u00f4ng minh v\u1ec1 c\u00e1c b\u01b0\u1edbc l\u00e0m s\u1ea1ch, tr\u00e1nh va ch\u1ea1m v\u00e0 b\u1ea3o v\u1ec7 \u0111\u1ed3 v\u1eadt kh\u1ecfi b\u1ecb h\u01b0 h\u1ea1i. \u0110i\u1ec1u n\u00e0y c\u0169ng gi\u00fap robot t\u1ed1i \u01b0u h\u00f3a l\u1ed9 tr\u00ecnh l\u00e0m vi\u1ec7c m\u00e0 kh\u00f4ng c\u1ea7n s\u1ef1 can thi\u1ec7p t\u1eeb ng\u01b0\u1eddi d\u00f9ng.<\/p>\n<div class=\"img-wrapper\"><img decoding=\"async\" src=\"https:\/\/roborocks.vn\/public\/upload\/images\/robot-roborock-saros-z70-02.jpg\" alt=\"Robot H\u00fat B\u1ee5i Lau Nh\u00e0 Roborock Saros Z70\" \/><\/div>\n<h3><strong>H\u1ec7 th\u1ed1ng ch\u1ed1ng r\u1ed1i k\u00e9p v\u00e0 b\u00e1nh xe Omni-Wheel<\/strong><\/h3>\n<p>Roborock Saros Z70 trang b\u1ecb h\u1ec7 th\u1ed1ng ch\u1ed1ng r\u1ed1i k\u00e9p, gi\u00fap ng\u0103n ng\u1eeba t\u00f3c hay b\u1ee5i b\u1ea9n qu\u1ea5n v\u00e0o b\u00e0n ch\u1ea3i trong su\u1ed1t qu\u00e1 tr\u00ecnh l\u00e0m s\u1ea1ch. \u0110i\u1ec1u n\u00e0y gi\u00fap robot ho\u1ea1t \u0111\u1ed9ng li\u00ean t\u1ee5c m\u00e0 kh\u00f4ng b\u1ecb gi\u00e1n \u0111o\u1ea1n. K\u1ebft h\u1ee3p v\u1edbi b\u00e1nh xe Omni-Wheel, robot c\u00f3 th\u1ec3 di chuy\u1ec3n m\u01b0\u1ee3t m\u00e0 tr\u00ean nhi\u1ec1u lo\u1ea1i m\u1eb7t s\u00e0n kh\u00e1c nhau nh\u01b0 g\u1ea1ch, th\u1ea3m hay g\u1ed7, n\u00e2ng cao kh\u1ea3 n\u0103ng l\u00e0m s\u1ea1ch.<\/p>\n<div class=\"img-wrapper\"><img decoding=\"async\" src=\"https:\/\/roborocks.vn\/public\/upload\/images\/robot-roborock-saros-z70-04.jpg\" alt=\"Robot H\u00fat B\u1ee5i Lau Nh\u00e0 Roborock Saros Z70\" \/><\/div>\n<h3><strong>L\u1ef1c h\u00fat m\u1ea1nh m\u1ebd 22.000 Pa<\/strong><\/h3>\n<p>Saros Z70 c\u00f3 l\u1ef1c h\u00fat m\u1ea1nh m\u1ebd l\u00ean t\u1edbi 22.000 Pa, gi\u00fap lo\u1ea1i b\u1ecf b\u1ee5i b\u1ea9n, l\u00f4ng th\u00fa, m\u1ea3nh v\u1ee5n v\u00e0 c\u1ea3 nh\u1eefng ch\u1ea5t b\u1ea9n c\u1ee9ng \u0111\u1ea7u m\u1ed9t c\u00e1ch d\u1ec5 d\u00e0ng. L\u1ef1c h\u00fat n\u00e0y \u0111\u1ea3m b\u1ea3o r\u1eb1ng m\u1ecdi g\u00f3c c\u1ea1nh trong nh\u00e0, t\u1eeb s\u00e0n g\u1ed7 \u0111\u1ebfn th\u1ea3m \u0111\u1ec1u \u0111\u01b0\u1ee3c l\u00e0m s\u1ea1ch hi\u1ec7u qu\u1ea3, nhanh ch\u00f3ng.<\/p>\n<div class=\"img-wrapper\"><img decoding=\"async\" src=\"https:\/\/roborocks.vn\/public\/upload\/images\/robot-roborock-saros-z70-05.jpg\" alt=\"Robot H\u00fat B\u1ee5i Lau Nh\u00e0 Roborock Saros Z70\" \/><\/div>\n<h3><strong>C\u00f4ng ngh\u1ec7 FlexiArm\u2122 v\u00e0 khung g\u1ea7m AdaptiLift\u2122<\/strong><\/h3>\n<p>C\u00f4ng ngh\u1ec7 FlexiArm\u2122 gi\u00fap Saros Z70 c\u00f3 th\u1ec3 thay \u0111\u1ed5i chi\u1ec1u cao \u0111\u1ec3 l\u00e0m s\u1ea1ch nh\u1eefng khu v\u1ef1c cao ho\u1eb7c th\u1ea5p m\u00e0 c\u00e1c robot kh\u00e1c kh\u00f4ng th\u1ec3 ti\u1ebfp c\u1eadn.<\/p>\n<div class=\"img-wrapper\"><img decoding=\"async\" src=\"https:\/\/roborocks.vn\/public\/upload\/images\/robot-roborock-saros-z70-06.jpg\" alt=\"Robot H\u00fat B\u1ee5i Lau Nh\u00e0 Roborock Saros Z70\" \/><\/div>\n<p>Khung g\u1ea7m AdaptiLift\u2122 gi\u00fap robot v\u01b0\u1ee3t qua c\u00e1c ch\u01b0\u1edbng ng\u1ea1i v\u1eadt nh\u01b0 b\u1eadc th\u1ec1m hay th\u1ea3m d\u00e0y, gi\u00fap qu\u00e1 tr\u00ecnh l\u00e0m s\u1ea1ch kh\u00f4ng b\u1ecb gi\u00e1n \u0111o\u1ea1n.<\/p>\n<div class=\"img-wrapper\"><img decoding=\"async\" src=\"https:\/\/roborocks.vn\/public\/upload\/images\/robot-roborock-saros-z70-07.jpg\" alt=\"Robot H\u00fat B\u1ee5i Lau Nh\u00e0 Roborock Saros Z70\" \/><\/div>\n<h3><strong>Dock s\u1ea1c \u0111a n\u0103ng 4.0<\/strong><\/h3>\n<p>Dock s\u1ea1c c\u1ee7a Saros Z70 t\u00edch h\u1ee3p c\u00f4ng ngh\u1ec7 4.0, cho ph\u00e9p t\u1ef1 \u0111\u1ed9ng b\u1ea3o d\u01b0\u1ee1ng robot khi quay v\u1ec1 dock. H\u1ec7 th\u1ed1ng n\u00e0y s\u1ebd l\u00e0m s\u1ea1ch c\u00e1c c\u1ea3m bi\u1ebfn v\u00e0 ki\u1ec3m tra tr\u1ea1ng th\u00e1i c\u1ee7a robot, gi\u00fap t\u1ed1i \u01b0u hi\u1ec7u su\u1ea5t v\u00e0 k\u00e9o d\u00e0i tu\u1ed5i th\u1ecd.<\/p>\n<div class=\"img-wrapper\"><img decoding=\"async\" src=\"https:\/\/roborocks.vn\/public\/upload\/images\/robot-roborock-saros-z70-08.jpg\" alt=\"Robot H\u00fat B\u1ee5i Lau Nh\u00e0 Roborock Saros Z70\" \/><\/div>\n<h3><strong>Nhi\u1ec1u t\u00ednh n\u0103ng t\u1ef1 \u0111\u1ed9ng<\/strong><\/h3>\n<ul>\n<li class=\"first\"><strong>T\u1ef1 \u0111\u1ed9ng th\u00e1o kh\u0103n lau:<\/strong>\u00a0Khi robot chuy\u1ec3n sang ch\u1ebf \u0111\u1ed9 h\u00fat b\u1ee5i, kh\u0103n lau s\u1ebd t\u1ef1 \u0111\u1ed9ng \u0111\u01b0\u1ee3c th\u00e1o ra \u0111\u1ec3 tr\u00e1nh \u01b0\u1edbt b\u1ec1 m\u1eb7t th\u1ea3m, n\u00e2ng cao hi\u1ec7u qu\u1ea3 l\u00e0m s\u1ea1ch.<\/li>\n<li><strong>Gi\u1eb7t kh\u0103n lau b\u1eb1ng n\u01b0\u1edbc n\u00f3ng 80\u00b0C:<\/strong>\u00a0Gi\u00fap lo\u1ea1i b\u1ecf v\u1ebft b\u1ea9n c\u1ee9ng \u0111\u1ea7u v\u00e0 di\u1ec7t khu\u1ea9n l\u00ean \u0111\u1ebfn 99,99%, b\u1ea3o v\u1ec7 s\u1ee9c kh\u1ecfe gia \u0111\u00ecnh.<\/li>\n<li><strong>S\u1ea5y kh\u00f4 kh\u0103n lau v\u00e0 dock:<\/strong>\u00a0Kh\u0103n lau v\u00e0 dock s\u1ebd \u0111\u01b0\u1ee3c s\u1ea5y kh\u00f4 b\u1eb1ng kh\u00f4ng kh\u00ed \u1ea5m, ng\u0103n ng\u1eeba m\u00f9i \u1ea9m v\u00e0 s\u1ef1 ph\u00e1t tri\u1ec3n c\u1ee7a n\u1ea5m m\u1ed1c.<\/li>\n<li class=\"last\"><strong>L\u00e0m s\u1ea1ch dock s\u1ea1c t\u1ef1 \u0111\u1ed9ng:<\/strong>\u00a0Dock s\u1ea1c \u0111\u01b0\u1ee3c l\u00e0m s\u1ea1ch b\u1eb1ng n\u01b0\u1edbc n\u00f3ng 80\u00b0C \u0111\u1ec3 lu\u00f4n s\u1ea1ch s\u1ebd v\u00e0 t\u1ed1i \u01b0u hi\u1ec7u su\u1ea5t.<\/li>\n<\/ul>\n<div class=\"img-wrapper\"><img decoding=\"async\" src=\"https:\/\/roborocks.vn\/public\/upload\/images\/robot-roborock-saros-z70-09.jpg\" alt=\"Robot H\u00fat B\u1ee5i Lau Nh\u00e0 Roborock Saros Z70\" \/><\/div>\n<h3><strong>Roborock SmartPlan\u2122 2.0<\/strong><\/h3>\n<p>C\u00f4ng ngh\u1ec7 SmartPlan\u2122 2.0 gi\u00fap robot l\u00ean k\u1ebf ho\u1ea1ch d\u1ecdn d\u1eb9p th\u00f4ng minh v\u00e0 t\u1ed1i \u01b0u cho kh\u00f4ng gian s\u1ed1ng c\u1ee7a b\u1ea1n. AI s\u1ebd t\u1ef1 \u0111\u1ed9ng \u0111i\u1ec1u ch\u1ec9nh l\u1ecbch tr\u00ecnh l\u00e0m vi\u1ec7c d\u1ef1a tr\u00ean c\u1ea5u tr\u00fac ng\u00f4i nh\u00e0, ti\u1ebft ki\u1ec7m th\u1eddi gian v\u00e0 c\u00f4ng s\u1ee9c.<\/p>\n<div class=\"img-wrapper\"><img decoding=\"async\" src=\"https:\/\/roborocks.vn\/public\/upload\/images\/robot-roborock-saros-z70-10.jpg\" alt=\"Robot H\u00fat B\u1ee5i Lau Nh\u00e0 Roborock Saros Z70\" \/><\/div>\n<p><strong>Gi\u00e1m s\u00e1t t\u1eeb xa v\u00e0 k\u1ebft n\u1ed1i th\u00f4ng minh<\/strong><\/p>\n<p>Roborock Saros Z70 \u0111\u01b0\u1ee3c t\u00edch h\u1ee3p camera gi\u00e1m s\u00e1t t\u1eeb xa, gi\u00fap b\u1ea1n theo d\u00f5i v\u00e0 ki\u1ec3m so\u00e1t t\u00ecnh h\u00ecnh nh\u00e0 c\u1eeda ngay c\u1ea3 khi kh\u00f4ng c\u00f3 m\u1eb7t t\u1ea1i \u0111\u00f3. C\u00f9ng v\u1edbi \u1ee9ng d\u1ee5ng Roborock, b\u1ea1n c\u00f3 th\u1ec3 d\u1ec5 d\u00e0ng \u0111i\u1ec1u khi\u1ec3n robot t\u1eeb xa, theo d\u00f5i ti\u1ebfn \u0111\u1ed9 d\u1ecdn d\u1eb9p, l\u00ean l\u1ecbch l\u00e0m vi\u1ec7c v\u00e0 \u0111i\u1ec1u ch\u1ec9nh c\u00e1c ch\u1ebf \u0111\u1ed9 l\u00e0m vi\u1ec7c ph\u00f9 h\u1ee3p.<\/p>\n<div class=\"img-wrapper\"><img decoding=\"async\" src=\"https:\/\/roborocks.vn\/public\/upload\/images\/robot-roborock-saros-z70-11.jpg\" alt=\"Robot H\u00fat B\u1ee5i Lau Nh\u00e0 Roborock Saros Z70\" \/><\/div>\n<h3><strong>\u0110i\u1ec1u khi\u1ec3n linh ho\u1ea1t t\u1eeb xa qua \u1ee9ng d\u1ee5ng Roborock<\/strong><\/h3>\n<p>Roborock Saros Z70 cho ph\u00e9p ng\u01b0\u1eddi d\u00f9ng \u0111i\u1ec1u khi\u1ec3n robot m\u1ed9t c\u00e1ch d\u1ec5 d\u00e0ng th\u00f4ng qua \u1ee9ng d\u1ee5ng Roborock tr\u00ean \u0111i\u1ec7n tho\u1ea1i th\u00f4ng minh. B\u1ea1n c\u00f3 th\u1ec3 theo d\u00f5i ti\u1ebfn \u0111\u1ed9 l\u00e0m s\u1ea1ch, thi\u1ebft l\u1eadp l\u1ecbch tr\u00ecnh d\u1ecdn d\u1eb9p, v\u00e0 \u0111i\u1ec1u ch\u1ec9nh c\u00e1c ch\u1ebf \u0111\u1ed9 l\u00e0m vi\u1ec7c c\u1ee7a robot m\u1ecdi l\u00fac, m\u1ecdi n\u01a1i. \u0110i\u1ec1u n\u00e0y mang l\u1ea1i s\u1ef1 ti\u1ec7n l\u1ee3i t\u1ed1i \u0111a, gi\u00fap b\u1ea1n ch\u1ee7 \u0111\u1ed9ng thay \u0111\u1ed5i c\u00e1c thi\u1ebft l\u1eadp ph\u00f9 h\u1ee3p v\u1edbi nhu c\u1ea7u c\u1ee7a gia \u0111\u00ecnh m\u00e0 kh\u00f4ng c\u1ea7n ph\u1ea3i tr\u1ef1c ti\u1ebfp t\u01b0\u01a1ng t\u00e1c v\u1edbi thi\u1ebft b\u1ecb.<\/p>\n<div class=\"img-wrapper\"><img decoding=\"async\" src=\"https:\/\/roborocks.vn\/public\/upload\/images\/robot-roborock-saros-z70-12.jpg\" alt=\"Robot H\u00fat B\u1ee5i Lau Nh\u00e0 Roborock Saros Z70\" \/><\/div>\n<h3>K\u1ebft Lu\u1eadn<\/h3>\n<p>Roborock Saros Z70 l\u00e0 m\u1ed9t tr\u1ee3 th\u1ee7 \u0111\u1eafc l\u1ef1c, mang \u0111\u1ebfn gi\u1ea3i ph\u00e1p l\u00e0m s\u1ea1ch hi\u1ec7u qu\u1ea3 v\u00e0 ti\u1ec7n l\u1ee3i cho m\u1ecdi kh\u00f4ng gian s\u1ed1ng. V\u1edbi c\u00f4ng ngh\u1ec7 ti\u00ean ti\u1ebfn nh\u01b0 tr\u00ed tu\u1ec7 nh\u00e2n t\u1ea1o AI, h\u1ec7 th\u1ed1ng camera k\u00e9p, v\u00e0 l\u1ef1c h\u00fat m\u1ea1nh m\u1ebd, s\u1ea3n ph\u1ea9m kh\u00f4ng ch\u1ec9 gi\u00fap l\u00e0m s\u1ea1ch m\u1ecdi ng\u00f3c ng\u00e1ch m\u00e0 c\u00f2n \u0111\u1ea3m b\u1ea3o t\u00ednh linh ho\u1ea1t v\u00e0 t\u1ed1i \u01b0u h\u00f3a qu\u00e1 tr\u00ecnh d\u1ecdn d\u1eb9p. Thi\u1ebft k\u1ebf si\u00eau m\u1ecfng, kh\u1ea3 n\u0103ng di chuy\u1ec3n linh ho\u1ea1t, c\u00f9ng c\u00e1c t\u00ednh n\u0103ng t\u1ef1 \u0111\u1ed9ng nh\u01b0 gi\u1eb7t v\u00e0 s\u1ea5y kh\u0103n lau, l\u00e0m s\u1ea1ch dock s\u1ea1c, khi\u1ebfn Saros Z70 tr\u1edf th\u00e0nh m\u1ed9t thi\u1ebft b\u1ecb th\u00f4ng minh, d\u1ec5 s\u1eed d\u1ee5ng v\u00e0 ch\u0103m s\u00f3c cho ng\u00f4i nh\u00e0 c\u1ee7a b\u1ea1n. V\u1edbi kh\u1ea3 n\u0103ng \u0111i\u1ec1u khi\u1ec3n t\u1eeb xa qua \u1ee9ng d\u1ee5ng, b\u1ea1n c\u00f3 th\u1ec3 theo d\u00f5i v\u00e0 qu\u1ea3n l\u00fd c\u00f4ng vi\u1ec7c d\u1ecdn d\u1eb9p b\u1ea5t c\u1ee9 l\u00fac n\u00e0o, gi\u00fap ti\u1ebft ki\u1ec7m th\u1eddi gian v\u00e0 c\u00f4ng s\u1ee9c m\u00e0 v\u1eabn \u0111\u1ea3m b\u1ea3o ng\u00f4i nh\u00e0 lu\u00f4n s\u1ea1ch s\u1ebd, tho\u00e1ng m\u00e1t.<\/p>\n<h2>TH\u00d4NG S\u1ed0 K\u1ef8 THU\u1eacT<\/h2>\n<ul>\n<li class=\"last first\">Th\u01b0\u01a1ng hi\u1ec7u:<\/li>\n<\/ul>\n<p>Roborock<\/p>\n<ul>\n<li class=\"last first\">L\u1ef1c h\u00fat:<\/li>\n<\/ul>\n<p>22.000 Pa<\/p>\n<ul>\n<li class=\"last first\">S\u1ea1c nhanh:<\/li>\n<\/ul>\n<p>2.5 gi\u1edd<\/p>\n<ul>\n<li class=\"last first\">Dung t\u00edch b\u00ecnh ch\u1ee9a\u00a0 n\u01b0\u1edbc lau s\u00e0n:<\/li>\n<\/ul>\n<p>590ml<\/p>\n<ul>\n<li class=\"last first\">Gi\u1eb7t gi\u1ebb lau b\u1eb1ng n\u01b0\u1edbc n\u00f3ng:<\/li>\n<\/ul>\n<p>80<sup>o<\/sup>C<\/p>\n<ul>\n<li class=\"last first\">V\u1ec7 sinh tr\u1ea1m s\u1ea1c b\u1eb1ng n\u01b0\u1edbc n\u00f3ng\u00a0:<\/li>\n<\/ul>\n<p>80<sup>o<\/sup>C<\/p>\n<ul>\n<li class=\"last first\">S\u1ea5y kh\u00f4 kh\u0103n lau b\u1eb1ng kh\u00ed n\u00f3ng:<\/li>\n<\/ul>\n<p>55<sup>o<\/sup>C<\/p>\n<ul>\n<li class=\"last first\">K\u00edch th\u01b0\u1edbc Robot:<\/li>\n<\/ul>\n<p>350 x 353 x 79.8\u00a0mm<\/p>\n<ul>\n<li class=\"last first\">K\u00edch th\u01b0\u1edbc tr\u1ea1m s\u1ea1c:<\/li>\n<\/ul>\n<p>381 x 475\u00a0x 488\u00a0mm<\/p>\n","protected":false},"excerpt":{"rendered":"<p>Trong th\u1ebf gi\u1edbi hi\u1ec7n \u0111\u1ea1i, c\u00f4ng ngh\u1ec7 kh\u00f4ng ng\u1eebng ph\u00e1t tri\u1ec3n v\u00e0 mang l\u1ea1i nh\u1eefng gi\u1ea3i ph\u00e1p \u0111\u1ed9t ph\u00e1 gi\u00fap cu\u1ed9c s\u1ed1ng c\u1ee7a ch\u00fang ta tr\u1edf n\u00ean d\u1ec5 d\u00e0ng v\u00e0 ti\u1ec7n nghi h\u01a1n. M\u1ed9t trong nh\u1eefng s\u1ea3n ph\u1ea9m ti\u00ean ti\u1ebfn nh\u1ea5t trong ng\u00e0nh thi\u1ebft b\u1ecb gia d\u1ee5ng hi\u1ec7n nay l\u00e0 Robot H\u00fat B\u1ee5i Lau Nh\u00e0&#8230;<\/p>\n","protected":false},"featured_media":5455,"comment_status":"open","ping_status":"closed","template":"","meta":[],"product_brand":[],"product_cat":[86,104],"product_tag":[],"class_list":{"0":"post-5454","1":"product","2":"type-product","3":"status-publish","4":"has-post-thumbnail","6":"product_cat-robot-may-hut-bui-lau-nha","7":"product_cat-roborock","9":"first","10":"instock","11":"shipping-taxable","12":"product-type-simple"},"_links":{"self":[{"href":"https:\/\/nhadepbepxinh.com.vn\/index.php?rest_route=\/wp\/v2\/product\/5454","targetHints":{"allow":["GET"]}}],"collection":[{"href":"https:\/\/nhadepbepxinh.com.vn\/index.php?rest_route=\/wp\/v2\/product"}],"about":[{"href":"https:\/\/nhadepbepxinh.com.vn\/index.php?rest_route=\/wp\/v2\/types\/product"}],"replies":[{"embeddable":true,"href":"https:\/\/nhadepbepxinh.com.vn\/index.php?rest_route=%2Fwp%2Fv2%2Fcomments&post=5454"}],"wp:featuredmedia":[{"embeddable":true,"href":"https:\/\/nhadepbepxinh.com.vn\/index.php?rest_route=\/wp\/v2\/media\/5455"}],"wp:attachment":[{"href":"https:\/\/nhadepbepxinh.com.vn\/index.php?rest_route=%2Fwp%2Fv2%2Fmedia&parent=5454"}],"wp:term":[{"taxonomy":"product_brand","embeddable":true,"href":"https:\/\/nhadepbepxinh.com.vn\/index.php?rest_route=%2Fwp%2Fv2%2Fproduct_brand&post=5454"},{"taxonomy":"product_cat","embeddable":true,"href":"https:\/\/nhadepbepxinh.com.vn\/index.php?rest_route=%2Fwp%2Fv2%2Fproduct_cat&post=5454"},{"taxonomy":"product_tag","embeddable":true,"href":"https:\/\/nhadepbepxinh.com.vn\/index.php?rest_route=%2Fwp%2Fv2%2Fproduct_tag&post=5454"}],"curies":[{"name":"wp","href":"https:\/\/api.w.org\/{rel}","templated":true}]}}