{"id":5451,"date":"2025-05-19T16:06:56","date_gmt":"2025-05-19T09:06:56","guid":{"rendered":"https:\/\/nhadepbepxinh.com.vn\/?post_type=product&#038;p=5451"},"modified":"2025-05-19T16:06:56","modified_gmt":"2025-05-19T09:06:56","slug":"bon-cau-vincera-1-khoi-v94","status":"publish","type":"product","link":"https:\/\/nhadepbepxinh.com.vn\/?product=bon-cau-vincera-1-khoi-v94","title":{"rendered":"B\u1ed3n c\u1ea7u Vincera 1 kh\u1ed1i V94"},"content":{"rendered":"<h2><u>GI\u1edaI THI\u1ec6U B\u1ed2N C\u1ea6U 1 KH\u1ed0I VINCERA V94 N\u1eaeP R\u01a0I \u00caM, X\u1ea2 2 NH\u1ea4N\u00a0<\/u><\/h2>\n<p><em>B\u1ed3n c\u1ea7u 1 kh\u1ed1i V94\u00a0<\/em>l\u00e0 d\u00f2ng s\u1ea3n ph\u1ea9m mang th\u01b0\u01a1ng hi\u1ec7u Vincera lu\u00f4n \u0111\u01b0\u1ee3c \u01b0a chu\u1ed9ng v\u00e0 \u0111\u00e1nh gi\u00e1 cao b\u1edfi th\u1ea9m m\u1ef9 \u0111\u1ed9c \u0111\u00e1o, sang tr\u1ecdng v\u00e0 \u0111\u1ed9 b\u1ec1n cao, t\u1ea1o kh\u00f4ng gian th\u01b0 gi\u00e3n cho ph\u00f2ng t\u1eafm nh\u00e0 b\u1ea1n.\u00a0<b>B\u1ed3n c\u1ea7u 1 kh\u1ed1i Vincera<\/b> \u0111\u01b0\u1ee3c ph\u00e2n ph\u1ed1i ch\u00ednh h\u00e3ng b\u1edfi Nha\u0300 \u0111e\u0323p b\u00ea\u0301p xinh v\u1edbi gi\u00e1 \u01b0u \u0111\u00e3i t\u1ed1t nh\u1ea5t.<\/p>\n<p><img decoding=\"async\" title=\"B\u1ed3n c\u1ea7u Vincera m\u1ed9t kh\u1ed1i V94 x\u1ea3 2 nh\u1ea5n, n\u1eafp r\u01a1i \u00eam\" src=\"https:\/\/phucsang24h.com\/upload\/images\/Bon-cau-vincera-mot-khoi-v94.jpg\" alt=\"B\u1ed3n c\u1ea7u Vincera m\u1ed9t kh\u1ed1i V94 x\u1ea3 2 nh\u1ea5n, n\u1eafp r\u01a1i \u00eam\" \/><\/p>\n<h3>B\u1ed3n c\u1ea7u Vicera 1 kh\u1ed1i V94 n\u1eafp r\u01a1i \u00eam<\/h3>\n<hr \/>\n<h2><u>NH\u1eeeNG TH\u00d4NG TIN CHI TI\u1ebeT B\u1ed2N C\u1ea6U 1 KH\u1ed0I VINCERA V94<\/u><\/h2>\n<p>\u2666\u00a0M\u00e3 s\u1ea3n ph\u1ea9m:\u00a0V94<\/p>\n<p>\u2666\u00a0Lo\u1ea1i b\u1ed3n c\u1ea7u:\u00a0<strong>Li\u1ec1n kh\u1ed1i<\/strong><\/p>\n<p>\u2666\u00a0H\u00e3ng s\u1ea3n xu\u1ea5t:\u00a0<strong>Vincera<\/strong><\/p>\n<p>\u2666\u00a0N\u01a1i s\u1ea3n xu\u1ea5t:\u00a0<strong>Vi\u1ec7t Nam<\/strong><\/p>\n<p>\u2666\u00a0C\u00f4ng ngh\u1ec7:\u00a0<strong>Men Nano kh\u00e1ng khu\u1ea9n<\/strong><\/p>\n<p>\u2666\u00a0K\u00edch th\u01b0\u1edbc (d\u00e0i x r\u1ed9ng x cao)<strong>: 680 x 355 x 730 mm<\/strong><\/p>\n<p>\u2666\u00a0\u00c1p l\u1ef1c n\u01b0\u1edbc:\u00a00,05MPa ~ 0,75MPa<\/p>\n<p>\u2666\u00a0Lo\u1ea1i n\u1eafp \u0111\u00f3ng:\u00a0<strong>N\u1eafp r\u01a1i \u00eam<\/strong><\/p>\n<p>\u2666\u00a0M\u00e0u s\u1eafc: M\u00e0u Tr\u1eafng<\/p>\n<p>\u2666\u00a0T\u00e2m x\u1ea3:\u00a0<strong>300 \u00b1 10 mm<\/strong><\/p>\n<p>\u2666\u00a0B\u1ea3o h\u00e0nh s\u1ee9:\u00a0<strong>10 n\u0103m<\/strong><\/p>\n<p>\u2666\u00a0B\u1ea3o h\u00e0nh linh ki\u1ec7n: 3 n\u0103m<\/p>\n<hr \/>\n<h2><u>T\u00cdNH N\u0102NG C\u1ee6A B\u1ed2N C\u1ea6U 1 KH\u1ed0I VINCERA V94<\/u><\/h2>\n<p>&#8211;\u00a0B\u1ed3n c\u1ea7u 1 kh\u1ed1i\u00a0Vincera V94 c\u00f3 thi\u1ebft k\u1ebf li\u1ec1n kh\u1ed1i tinh x\u1ea3o, sang tr\u1ecdng<\/p>\n<p>&#8211; H\u1ec7 th\u1ed1ng x\u1ea3 siphon m\u1ea1nh m\u1ebd<\/p>\n<p>&#8211;\u00a0C\u00f4ng ngh\u1ec7:\u00a0<strong>Men Nano kh\u00e1ng khu\u1ea9n, ch\u1ed1ng b\u00e1m b\u1ea9n<\/strong><\/p>\n<p>&#8211; N\u1eafp r\u01a1i \u00eam: gi\u1ea3m ti\u1ebfng \u1ed3n<\/p>\n<p>&#8211; B\u1ed9 x\u1ea3: x\u1ea3 nh\u1ea5n 2 ch\u1ebf \u0111\u1ed9 ti\u1ebft ki\u1ec7m n\u01b0\u1edbc<\/p>\n<p>&#8211; B\u1ed3n c\u1ea7u c\u00f3 thi\u1ebft k\u1ebf \u0111\u01a1n gi\u1ea3n: gi\u00fap d\u1ec5 d\u00e0ng v\u1ec7 sinh<\/p>\n","protected":false},"excerpt":{"rendered":"<p>GI\u1edaI THI\u1ec6U B\u1ed2N C\u1ea6U 1 KH\u1ed0I VINCERA V94 N\u1eaeP R\u01a0I \u00caM, X\u1ea2 2 NH\u1ea4N\u00a0 B\u1ed3n c\u1ea7u 1 kh\u1ed1i V94\u00a0l\u00e0 d\u00f2ng s\u1ea3n ph\u1ea9m mang th\u01b0\u01a1ng hi\u1ec7u Vincera lu\u00f4n \u0111\u01b0\u1ee3c \u01b0a chu\u1ed9ng v\u00e0 \u0111\u00e1nh gi\u00e1 cao b\u1edfi th\u1ea9m m\u1ef9 \u0111\u1ed9c \u0111\u00e1o, sang tr\u1ecdng v\u00e0 \u0111\u1ed9 b\u1ec1n cao, t\u1ea1o kh\u00f4ng gian th\u01b0 gi\u00e3n cho ph\u00f2ng t\u1eafm nh\u00e0 b\u1ea1n.\u00a0B\u1ed3n&#8230;<\/p>\n","protected":false},"featured_media":5452,"comment_status":"open","ping_status":"closed","template":"","meta":[],"product_brand":[],"product_cat":[26,18],"product_tag":[],"class_list":{"0":"post-5451","1":"product","2":"type-product","3":"status-publish","4":"has-post-thumbnail","6":"product_cat-bon-cau","7":"product_cat-thiet-bi-ve-sinh","9":"first","10":"instock","11":"shipping-taxable","12":"product-type-simple"},"_links":{"self":[{"href":"https:\/\/nhadepbepxinh.com.vn\/index.php?rest_route=\/wp\/v2\/product\/5451","targetHints":{"allow":["GET"]}}],"collection":[{"href":"https:\/\/nhadepbepxinh.com.vn\/index.php?rest_route=\/wp\/v2\/product"}],"about":[{"href":"https:\/\/nhadepbepxinh.com.vn\/index.php?rest_route=\/wp\/v2\/types\/product"}],"replies":[{"embeddable":true,"href":"https:\/\/nhadepbepxinh.com.vn\/index.php?rest_route=%2Fwp%2Fv2%2Fcomments&post=5451"}],"wp:featuredmedia":[{"embeddable":true,"href":"https:\/\/nhadepbepxinh.com.vn\/index.php?rest_route=\/wp\/v2\/media\/5452"}],"wp:attachment":[{"href":"https:\/\/nhadepbepxinh.com.vn\/index.php?rest_route=%2Fwp%2Fv2%2Fmedia&parent=5451"}],"wp:term":[{"taxonomy":"product_brand","embeddable":true,"href":"https:\/\/nhadepbepxinh.com.vn\/index.php?rest_route=%2Fwp%2Fv2%2Fproduct_brand&post=5451"},{"taxonomy":"product_cat","embeddable":true,"href":"https:\/\/nhadepbepxinh.com.vn\/index.php?rest_route=%2Fwp%2Fv2%2Fproduct_cat&post=5451"},{"taxonomy":"product_tag","embeddable":true,"href":"https:\/\/nhadepbepxinh.com.vn\/index.php?rest_route=%2Fwp%2Fv2%2Fproduct_tag&post=5451"}],"curies":[{"name":"wp","href":"https:\/\/api.w.org\/{rel}","templated":true}]}}