{"id":5444,"date":"2025-05-17T14:51:07","date_gmt":"2025-05-17T07:51:07","guid":{"rendered":"https:\/\/nhadepbepxinh.com.vn\/?post_type=product&#038;p=5444"},"modified":"2025-05-17T14:51:07","modified_gmt":"2025-05-17T07:51:07","slug":"noi-inox-16cm-lien-khoi-chockmen","status":"publish","type":"product","link":"https:\/\/nhadepbepxinh.com.vn\/?product=noi-inox-16cm-lien-khoi-chockmen","title":{"rendered":"N\u1ed3i inox 16cm li\u00ea\u0300n kh\u00f4\u0301i Chockmen"},"content":{"rendered":"<p>Ch\u1ea5t li\u1ec7u: 18\/10<\/p>\n<p>Quy c\u00e1ch:<\/p>\n<p>&#8211;\u00a0\u00a0\u00a0\u00a0\u00a0\u00a0\u00a0\u00a0 \u0110\u01b0\u1eddng k\u00ednh mi\u1ec7ng: 16cm<\/p>\n<p>&#8211;\u00a0\u00a0\u00a0\u00a0\u00a0\u00a0\u00a0\u00a0 Cao 9.5cm<\/p>\n<p>&#8211;\u00a0\u00a0\u00a0\u00a0\u00a0\u00a0\u00a0\u00a0 Tr\u1ecdng l\u01b0\u1ee3ng 880g<\/p>\n<p>&#8211;\u00a0\u00a0\u00a0\u00a0\u00a0\u00a0\u00a0\u00a0 Tr\u1ecdng l\u01b0\u1ee3ng n\u1eafp 320g<\/p>\n<p>&#8211;\u00a0\u00a0\u00a0\u00a0\u00a0\u00a0\u00a0\u00a0 Dung t\u00edch 1.5L<\/p>\n<p>M\u00f4 t\u1ea3:<\/p>\n<p>&#8211;\u00a0\u00a0\u00a0\u00a0\u00a0\u00a0\u00a0\u00a0 Thang \u0111o \u0111\u1ecbnh l\u01b0\u1ee3ng \u0111\u01b0\u1ee3c kh\u1eafc b\u1eb1ng laser b\u00ean trong l\u00f2ng n\u1ed3i<\/p>\n<p>&#8211;\u00a0\u00a0\u00a0\u00a0\u00a0\u00a0\u00a0\u00a0 Tay c\u1ea7m thi\u1ebft k\u1ebf d\u1ea1ng khoen h\u1edf gi\u00fap t\u1ea3n nhi\u1ec7t nhanh, kh\u00f4ng g\u00e2y b\u1ecfng khi c\u1ea7m<\/p>\n<p>&#8211;\u00a0\u00a0\u00a0\u00a0\u00a0\u00a0\u00a0\u00a0 Thi\u1ebft k\u1ebf \u0111\u1eb9p, sang tr\u1ecdng theo chu\u1ea9n Ch\u00e2u \u00c2u.<\/p>\n<p>&#8211;\u00a0\u00a0\u00a0\u00a0\u00a0\u00a0\u00a0\u00a0 K\u1ebft c\u1ea5u v\u1eadt l\u00fd 3 l\u1edbp, \u0111\u00fac to\u00e0n th\u00e2n theo c\u00f4ng ngh\u1ec7 \u0111\u1ed9c \u0111\u00e1o T-Technology c\u1ee7a \u0110\u1ee9c<\/p>\n<p>C\u00f4ng d\u1ee5ng: Lu\u1ed9c rau c\u1ee7, n\u1ea5u canh, n\u1ea5u ch\u00e1o, n\u1ea5u s\u00fap, kho th\u1ecbt, kho c\u00e1, r\u00e1n tr\u1ee9ng, rang th\u1ecbt,\u2026<\/p>\n","protected":false},"excerpt":{"rendered":"<p>Ch\u1ea5t li\u1ec7u: 18\/10 Quy c\u00e1ch: &#8211;\u00a0\u00a0\u00a0\u00a0\u00a0\u00a0\u00a0\u00a0 \u0110\u01b0\u1eddng k\u00ednh mi\u1ec7ng: 16cm &#8211;\u00a0\u00a0\u00a0\u00a0\u00a0\u00a0\u00a0\u00a0 Cao 9.5cm &#8211;\u00a0\u00a0\u00a0\u00a0\u00a0\u00a0\u00a0\u00a0 Tr\u1ecdng l\u01b0\u1ee3ng 880g &#8211;\u00a0\u00a0\u00a0\u00a0\u00a0\u00a0\u00a0\u00a0 Tr\u1ecdng l\u01b0\u1ee3ng n\u1eafp 320g &#8211;\u00a0\u00a0\u00a0\u00a0\u00a0\u00a0\u00a0\u00a0 Dung t\u00edch 1.5L M\u00f4 t\u1ea3: &#8211;\u00a0\u00a0\u00a0\u00a0\u00a0\u00a0\u00a0\u00a0 Thang \u0111o \u0111\u1ecbnh l\u01b0\u1ee3ng \u0111\u01b0\u1ee3c kh\u1eafc b\u1eb1ng laser b\u00ean trong l\u00f2ng n\u1ed3i &#8211;\u00a0\u00a0\u00a0\u00a0\u00a0\u00a0\u00a0\u00a0 Tay c\u1ea7m thi\u1ebft k\u1ebf d\u1ea1ng khoen h\u1edf gi\u00fap t\u1ea3n nhi\u1ec7t nhanh, kh\u00f4ng g\u00e2y&#8230;<\/p>\n","protected":false},"featured_media":5445,"comment_status":"open","ping_status":"closed","template":"","meta":[],"product_brand":[],"product_cat":[61,68],"product_tag":[],"class_list":{"0":"post-5444","1":"product","2":"type-product","3":"status-publish","4":"has-post-thumbnail","6":"product_cat-hang-gia-dung","7":"product_cat-noi-chao","9":"first","10":"instock","11":"shipping-taxable","12":"product-type-simple"},"_links":{"self":[{"href":"https:\/\/nhadepbepxinh.com.vn\/index.php?rest_route=\/wp\/v2\/product\/5444","targetHints":{"allow":["GET"]}}],"collection":[{"href":"https:\/\/nhadepbepxinh.com.vn\/index.php?rest_route=\/wp\/v2\/product"}],"about":[{"href":"https:\/\/nhadepbepxinh.com.vn\/index.php?rest_route=\/wp\/v2\/types\/product"}],"replies":[{"embeddable":true,"href":"https:\/\/nhadepbepxinh.com.vn\/index.php?rest_route=%2Fwp%2Fv2%2Fcomments&post=5444"}],"wp:featuredmedia":[{"embeddable":true,"href":"https:\/\/nhadepbepxinh.com.vn\/index.php?rest_route=\/wp\/v2\/media\/5445"}],"wp:attachment":[{"href":"https:\/\/nhadepbepxinh.com.vn\/index.php?rest_route=%2Fwp%2Fv2%2Fmedia&parent=5444"}],"wp:term":[{"taxonomy":"product_brand","embeddable":true,"href":"https:\/\/nhadepbepxinh.com.vn\/index.php?rest_route=%2Fwp%2Fv2%2Fproduct_brand&post=5444"},{"taxonomy":"product_cat","embeddable":true,"href":"https:\/\/nhadepbepxinh.com.vn\/index.php?rest_route=%2Fwp%2Fv2%2Fproduct_cat&post=5444"},{"taxonomy":"product_tag","embeddable":true,"href":"https:\/\/nhadepbepxinh.com.vn\/index.php?rest_route=%2Fwp%2Fv2%2Fproduct_tag&post=5444"}],"curies":[{"name":"wp","href":"https:\/\/api.w.org\/{rel}","templated":true}]}}