{"id":5438,"date":"2025-05-17T14:47:45","date_gmt":"2025-05-17T07:47:45","guid":{"rendered":"https:\/\/nhadepbepxinh.com.vn\/?post_type=product&#038;p=5438"},"modified":"2025-05-17T14:47:45","modified_gmt":"2025-05-17T07:47:45","slug":"may-xay-sinh-to-nutribullet-nb-101","status":"publish","type":"product","link":"https:\/\/nhadepbepxinh.com.vn\/?product=may-xay-sinh-to-nutribullet-nb-101","title":{"rendered":"M\u00e1y xay sinh t\u1ed1 Nutribullet NB-101"},"content":{"rendered":"<div id=\"productSpecification_fullContent\" class=\"plainmodal-content\">\n<article class=\"popup_content\">\n<table class=\"productSpecification_table\">\n<caption class=\"productSpecification_title\">\u0110\u1eb7c \u0111i\u1ec3m s\u1ea3n ph\u1ea9m<\/caption>\n<tbody id=\"custom-scroll-popup-tskt\" class=\"popup\">\n<tr>\n<td class=\"title\">Model:<\/td>\n<td class=\"value\">NB-101B<\/td>\n<\/tr>\n<tr>\n<td class=\"title\">M\u00e0u s\u1eafc:<\/td>\n<td class=\"value\">B\u1ea1c, \u0110en, \u0110o\u0309<\/td>\n<\/tr>\n<tr>\n<td class=\"title\">Nh\u00e0 s\u1ea3n xu\u1ea5t:<\/td>\n<td class=\"value\">NutriBullet<\/td>\n<\/tr>\n<tr>\n<td class=\"title\">Xu\u1ea5t x\u1ee9 s\u1ea3n ph\u1ea9m:<\/td>\n<td class=\"value\">Trung Qu\u00f4\u0301c<\/td>\n<\/tr>\n<tr>\n<td class=\"title\">N\u0103m ra m\u1eaft :<\/td>\n<td class=\"value\">\u0110ang c\u1eadp nh\u1eadt<\/td>\n<\/tr>\n<tr>\n<td class=\"title\">Th\u1eddi gian b\u1ea3o h\u00e0nh:<\/td>\n<td class=\"value\">12 Th\u00e1ng<\/td>\n<\/tr>\n<tr>\n<td class=\"title\">\u0110\u1ecba \u0111i\u1ec3m b\u1ea3o h\u00e0nh:<\/td>\n<td class=\"value\">Nha\u0300 \u0111e\u0323p b\u00ea\u0301p xinh<\/td>\n<\/tr>\n<tr>\n<td class=\"title\">Lo\u1ea1i m\u00e1y xay sinh t\u1ed1:<\/td>\n<td class=\"value\">M\u00e1y xay sinh t\u1ed1<\/td>\n<\/tr>\n<tr>\n<td class=\"title\">C\u00f4ng su\u1ea5t :<\/td>\n<td class=\"value\">600W<\/td>\n<\/tr>\n<tr>\n<td class=\"title\">Dung t\u00edch c\u1ed1i:<\/td>\n<td class=\"value\">C\u1ed1i l\u1edbn 700ml, C\u1ed1i nh\u1ecf 500ml<\/td>\n<\/tr>\n<tr>\n<td class=\"title\">Ch\u1ea5t li\u1ec7u c\u1ed1i:<\/td>\n<td class=\"value\">Nh\u01b0\u0323a Tritan cao c\u1ea5p<\/td>\n<\/tr>\n<tr>\n<td class=\"title\">S\u1ed1 l\u01b0\u1ee3ng c\u1ed1i:<\/td>\n<td class=\"value\">2 c\u1ed1i<\/td>\n<\/tr>\n<tr>\n<td class=\"title\">Ch\u1ee9c n\u0103ng:<\/td>\n<td class=\"value\">Xay tr\u00e1i c\u00e2y, xay rau c\u1ee7, sinh t\u1ed1, soup, n\u01b0\u1edbc s\u1ed1t&#8230;<\/td>\n<\/tr>\n<tr>\n<td class=\"title\">Ch\u1ea5t li\u1ec7u l\u01b0\u1ee1i xay:<\/td>\n<td class=\"value\">The\u0301p kh\u00f4ng gi\u0309<\/td>\n<\/tr>\n<tr>\n<td class=\"title\">T\u1ed1c \u0111\u1ed9:<\/td>\n<td class=\"value\">\u0110ang c\u1eadp nh\u1eadt<\/td>\n<\/tr>\n<tr>\n<td class=\"title\">Xay nh\u1ed3i:<\/td>\n<td class=\"value\">Kh\u00f4ng<\/td>\n<\/tr>\n<tr>\n<td class=\"title\">Kh\u00f3a an to\u00e0n:<\/td>\n<td class=\"value\">Ch\u1ec9 ho\u1ea1t \u0111\u1ed9ng khi l\u1eafp kh\u1edbp th\u00e2n m\u00e1y<\/td>\n<\/tr>\n<tr>\n<td class=\"title\">\u0110\u1ebf ch\u1ed1ng tr\u01b0\u1ee3t:<\/td>\n<td class=\"value\">C\u00f3<\/td>\n<\/tr>\n<tr>\n<td class=\"title\">T\u00ednh n\u0103ng kh\u00e1c:<\/td>\n<td class=\"value\">An to\u00e0n v\u1edbi m\u00e1y r\u1eeda ch\u00e9n<\/td>\n<\/tr>\n<tr>\n<td class=\"title\">Kh\u1ed1i l\u01b0\u1ee3ng s\u1ea3n ph\u1ea9m (kg):<\/td>\n<td class=\"value\">2.3 kg<\/td>\n<\/tr>\n<tr>\n<td class=\"title\">K\u00edch th\u01b0\u1edbc s\u1ea3n ph\u1ea9m:<\/td>\n<td class=\"value\">300 x 180 x 320 mm<\/td>\n<\/tr>\n<\/tbody>\n<\/table>\n<\/article>\n<\/div>\n","protected":false},"excerpt":{"rendered":"<p>\u0110\u1eb7c \u0111i\u1ec3m s\u1ea3n ph\u1ea9m Model: NB-101B M\u00e0u s\u1eafc: B\u1ea1c, \u0110en, \u0110o\u0309 Nh\u00e0 s\u1ea3n xu\u1ea5t: NutriBullet Xu\u1ea5t x\u1ee9 s\u1ea3n ph\u1ea9m: Trung Qu\u00f4\u0301c N\u0103m ra m\u1eaft : \u0110ang c\u1eadp nh\u1eadt Th\u1eddi gian b\u1ea3o h\u00e0nh: 12 Th\u00e1ng \u0110\u1ecba \u0111i\u1ec3m b\u1ea3o h\u00e0nh: Nha\u0300 \u0111e\u0323p b\u00ea\u0301p xinh Lo\u1ea1i m\u00e1y xay sinh t\u1ed1: M\u00e1y xay sinh t\u1ed1 C\u00f4ng su\u1ea5t : 600W&#8230;<\/p>\n","protected":false},"featured_media":5439,"comment_status":"open","ping_status":"closed","template":"","meta":[],"product_brand":[],"product_cat":[61,71],"product_tag":[],"class_list":{"0":"post-5438","1":"product","2":"type-product","3":"status-publish","4":"has-post-thumbnail","6":"product_cat-hang-gia-dung","7":"product_cat-may-xay-sinh-to","9":"first","10":"instock","11":"shipping-taxable","12":"product-type-simple"},"_links":{"self":[{"href":"https:\/\/nhadepbepxinh.com.vn\/index.php?rest_route=\/wp\/v2\/product\/5438","targetHints":{"allow":["GET"]}}],"collection":[{"href":"https:\/\/nhadepbepxinh.com.vn\/index.php?rest_route=\/wp\/v2\/product"}],"about":[{"href":"https:\/\/nhadepbepxinh.com.vn\/index.php?rest_route=\/wp\/v2\/types\/product"}],"replies":[{"embeddable":true,"href":"https:\/\/nhadepbepxinh.com.vn\/index.php?rest_route=%2Fwp%2Fv2%2Fcomments&post=5438"}],"wp:featuredmedia":[{"embeddable":true,"href":"https:\/\/nhadepbepxinh.com.vn\/index.php?rest_route=\/wp\/v2\/media\/5439"}],"wp:attachment":[{"href":"https:\/\/nhadepbepxinh.com.vn\/index.php?rest_route=%2Fwp%2Fv2%2Fmedia&parent=5438"}],"wp:term":[{"taxonomy":"product_brand","embeddable":true,"href":"https:\/\/nhadepbepxinh.com.vn\/index.php?rest_route=%2Fwp%2Fv2%2Fproduct_brand&post=5438"},{"taxonomy":"product_cat","embeddable":true,"href":"https:\/\/nhadepbepxinh.com.vn\/index.php?rest_route=%2Fwp%2Fv2%2Fproduct_cat&post=5438"},{"taxonomy":"product_tag","embeddable":true,"href":"https:\/\/nhadepbepxinh.com.vn\/index.php?rest_route=%2Fwp%2Fv2%2Fproduct_tag&post=5438"}],"curies":[{"name":"wp","href":"https:\/\/api.w.org\/{rel}","templated":true}]}}