{"id":5429,"date":"2025-05-17T14:41:51","date_gmt":"2025-05-17T07:41:51","guid":{"rendered":"https:\/\/nhadepbepxinh.com.vn\/?post_type=product&#038;p=5429"},"modified":"2025-05-17T14:43:14","modified_gmt":"2025-05-17T07:43:14","slug":"5429","status":"publish","type":"product","link":"https:\/\/nhadepbepxinh.com.vn\/?product=5429","title":{"rendered":"M\u00e1y \u00e9p ch\u1eadm Bosch MESM500W"},"content":{"rendered":"<h2 class=\"pd-content-title\">Gi\u1edbi thi\u1ec7u:\u00a0M\u00e1y \u00e9p ch\u1eadm Bosch MESM500W<\/h2>\n<div>\n<p>V\u1edbi m\u00e1y \u00e9p ch\u1eadm BOSCH MESM500W b\u1ea1n c\u00f3 th\u1ec3 d\u1ec5 d\u00e0ng \u00e9p m\u1ed9t ly n\u01b0\u1edbc tr\u00e1i c\u00e2y, rau c\u1ee7 v\u1edbi \u0111\u00e0y \u0111\u1ee7 v\u00e0 gi\u1eef v\u1eb9n nguy\u00ean \u0111\u01b0\u1ee3c d\u01b0\u1ee1ng ch\u1ea5t. \u01afu \u0111i\u1ec3m n\u1ed5i tr\u1ed9i nh\u1ea5t c\u1ee7a m\u00e1y \u00e9p ch\u1eadm so v\u1edbi c\u00e1c m\u00e1y \u00e9p th\u00f4ng th\u01b0\u1eddng l\u00e0 m\u00e1y kh\u00f4ng t\u1ea1o ra ti\u1ebfng \u1ed3n l\u1edbn khi ho\u1ea1t \u0111\u1ed9ng, l\u1ea1i t\u1ea1o ra n\u01b0\u1edbc \u00e9p th\u00e0nh ph\u1ea9m \u0111\u1eadm \u0111\u1eb7c h\u01a1n, nhi\u1ec1u h\u01a1n, kh\u00f4ng b\u1ecb t\u00e1ch n\u01b0\u1edbc v\u00e0 \u0111\u1eb7c bi\u1ec7t l\u00e0 b\u1ea3o to\u00e0n d\u01b0\u1ee1ng ch\u1ea5t h\u01a1n.<\/p>\n<p><b>V\u1eadn h\u00e0nh m\u1ea1nh m\u1ebd<\/b><br \/>\nBOSCH MESM500W \u00e1p d\u1ee5ng c\u00f4ng ngh\u1ec7 chi\u1ebft xu\u1ea5t ch\u1eadm \u0111\u1ed9c \u0111\u00e1o (55 v\u00f2ng\/ph\u00fat) cho ph\u00e9p b\u1ea1n c\u00f3 \u0111\u01b0\u1ee3c n\u01b0\u1edbc \u00e9p ch\u1ea5t l\u01b0\u1ee3ng cao h\u01a1n, gi\u1eef l\u1ea1i \u0111\u01b0\u1ee3c nhi\u1ec1u nh\u1ea5t l\u01b0\u1ee3ng vitamin, ch\u1ea5t kho\u00e1ng,.. M\u00e1y c\u00f3 \u0111\u1ed9ng c\u01a1 l\u00ean t\u1edbi 150W gi\u00fap m\u00e1y c\u00f3 th\u1ec3 v\u1eadn h\u00e0nh v\u1edbi hi\u1ec7u su\u1ea5t cao. T\u00f9y nhi\u00ean, m\u00e1y v\u1eabn v\u1eadn h\u00e0nh r\u1ea5t \u00eam \u00e1i v\u00e0 kh\u00f4ng t\u1ea1o ra nhi\u1ec1u ti\u1ebfng \u1ed3n.<\/p>\n<p><img decoding=\"async\" src=\"https:\/\/mediamart.vn\/images\/uploads\/2023\/5c31fe4b-194b-4c52-bb93-07af5cd827f1.png\" \/><\/p>\n<p><b>\u0110a d\u1ea1ng ti\u1ec7n \u00edch<br \/>\n<\/b>BOSCH MESM500W c\u00f3 th\u1ec3 l\u00e0m vi\u1ec7c \u0111\u01b0\u1ee3c v\u1edbi t\u1ea5t c\u1ea3 c\u00e1c lo\u1ea1i hoa qu\u1ea3 v\u00e0 rau. V\u1edbi ch\u1ee9c n\u0103ng \u0111\u1ea3o ng\u01b0\u1ee3c, qu\u00fd kh\u00e1ch c\u00f3 th\u1ec3 s\u1eed d\u1ee5ng \u0111\u1ec3 n\u1edbi l\u1ecfng th\u1ef1c ph\u1ea9m b\u1ecb m\u1eafc k\u1eb9t b\u1eb1ng c\u00e1ch ch\u1ea1y nhanh v\u00edt ng\u01b0\u1ee3c. Nh\u1edd b\u00e0n ch\u1ea3i xoay v\u1edbi d\u1ee5ng c\u1ee5 c\u1ea1o silicon, b\u1ea1n c\u00f3 th\u1ec3 d\u1ec5 d\u00e0ng tr\u1ed9n c\u00e1c th\u00e0nh ph\u1ea7n trong b\u00e1t v\u00e0 \u0111\u1ed5 n\u01b0\u1edbc \u00e9p tr\u1ef1c ti\u1ebfp. M\u00e1y c\u00f3 ch\u1ee9c n\u0103ng ng\u0103n ng\u1eeba nh\u1ecf gi\u1ecdt v\u00e0 do \u0111\u00f3 \u0111\u1ea3m b\u1ea3o b\u1ec1 m\u1eb7t l\u00e0m vi\u1ec7c s\u1ea1ch s\u1ebd sau khi \u00e9p.<\/p>\n<p><img decoding=\"async\" src=\"https:\/\/mediamart.vn\/images\/uploads\/2023\/54ceacb1-d54c-4605-bcc8-59840e6f5c6b.jpg\" \/><\/p>\n<p><b>D\u1ec5 d\u00e0ng v\u1ec7 sinh, an to\u00e0n s\u1eed d\u1ee5ng<br \/>\n<\/b>B\u00e0n ch\u1ea3i c\u1ee7a m\u00e1y \u0111\u01b0\u1ee3c ph\u00e1t tri\u1ec3n \u0111\u1eb7c bi\u1ec7t \u0111\u1ec3 l\u00e0m s\u1ea1ch d\u1ec5 d\u00e0ng v\u00e0 ch\u00ednh x\u00e1c. V\u1edbi chi\u00eac BOSCH MESM500W, qu\u00fd kh\u00e1ch ch\u1ec9 c\u1ea7n \u0111\u1ed5 \u0111\u1ea7y n\u01b0\u1edbc v\u00e0 cho m\u00e1y ch\u1ea1y, thi\u1ebft b\u1ecb t\u1ef1 l\u00e0m s\u1ea1ch m\u1ed9t c\u00e1ch g\u1ea7n nh\u01b0 ho\u00e0n to\u00e0n.B\u00ean c\u1ea1nh \u0111\u00f3 t\u1ea5t c\u1ea3 c\u00e1c b\u1ed9 ph\u1eadn c\u1ee7a m\u00e1y \u0111\u1ec1u c\u00f3 th\u1ec3 th\u00e1o r\u1eddi v\u00e0 v\u1ec7 sinh \u0111\u01b0\u1ee3c an to\u00e0n trong m\u00e1y r\u1eeda b\u00e1t.<\/p>\n<p><img decoding=\"async\" src=\"https:\/\/mediamart.vn\/images\/uploads\/2023\/59d008e9-beef-4bb2-91fc-936c48e73417.png\" \/><\/p>\n<p>T\u1ea5t c\u1ea3 c\u00e1c b\u1ed9 ph\u1eadn b\u1eb1ng nh\u1ef1a c\u1ee7a BOSCH MESM500W ti\u1ebfp x\u00fac v\u1edbi th\u1ef1c ph\u1ea9m \u0111\u1ec1u kh\u00f4ng c\u00f3 BPA v\u00ec v\u1eady r\u1ea5t l\u00e0nh m\u1ea1nh, an to\u00e0n cho s\u1ee9c kh\u1ecfe ng\u01b0\u1eddi s\u1eed d\u1ee5ng. \u0110\u1ed9ng c\u01a1 c\u1ee7a m\u00e1y ch\u1ec9 ch\u1ea1y khi \u0111\u01b0\u1ee3c c\u00e0i \u0111\u1eb7t ch\u00ednh x\u00e1c v\u00e0 thi\u1ebft b\u1ecb \u0111\u01b0\u1ee3c \u0111\u00f3ng l\u1ea1i.<\/p>\n<h3 class=\"pd-attribute-title\">Th\u00f4ng s\u1ed1 k\u1ef9 thu\u1eadt<\/h3>\n<div class=\"col-12 col-md-12\">\n<div id=\"thong-so-ky-thuat\" class=\"pdetail-attrs-comps\">\n<table class=\"table table-striped\">\n<tbody>\n<tr>\n<td>Th\u01b0\u01a1ng hi\u1ec7u<\/td>\n<td>\n<ul>\n<li>Bosch<\/li>\n<\/ul>\n<\/td>\n<\/tr>\n<tr>\n<td>M\u00e3 s\u1ea3n ph\u1ea9m<\/td>\n<td>\n<ul>\n<li>MESM500W<\/li>\n<\/ul>\n<\/td>\n<\/tr>\n<tr>\n<td>Lo\u1ea1i m\u00e1y \u00e9p:<\/td>\n<td>\n<ul>\n<li data-value=\"M\u00e1y \u00e9p ch\u1eadm\" data-attr=\"Lo\u1ea1i m\u00e1y \u00e9p\">M\u00e1y \u00e9p ch\u1eadm<\/li>\n<\/ul>\n<\/td>\n<\/tr>\n<tr>\n<td>C\u00f4ng su\u1ea5t:<\/td>\n<td>\n<ul>\n<li data-value=\"150W\" data-attr=\"C\u00f4ng su\u1ea5t\">150W<\/li>\n<\/ul>\n<\/td>\n<\/tr>\n<tr>\n<td>Dung t\u00edch b\u00ecnh ch\u1ee9a:<\/td>\n<td>\n<ul>\n<li data-value=\"0.55L\" data-attr=\"Dung t\u00edch b\u00ecnh ch\u1ee9a\">0.55L<\/li>\n<\/ul>\n<\/td>\n<\/tr>\n<tr>\n<td>Ch\u1ea5t li\u1ec7u b\u00ecnh ch\u1ee9a:<\/td>\n<td>\n<ul>\n<li data-value=\"Nh\u1ef1a\" data-attr=\"Ch\u1ea5t li\u1ec7u b\u00ecnh ch\u1ee9a\">Nh\u1ef1a<\/li>\n<\/ul>\n<\/td>\n<\/tr>\n<tr>\n<td>Ph\u1ee5 ki\u1ec7n:<\/td>\n<td>\n<ul>\n<li data-value=\"2 ly 1000ml v\u00e0 1300ml; 1 l\u01b0\u1edbi l\u1ecdc m\u1ecbn; 1 l\u01b0\u1edbi l\u1ecdc th\u00f4; 1 b\u1ea3n ch\u1ea3i v\u1ec7 sinh; 1 s\u00e1ch c\u00f4ng th\u1ee9c n\u01b0\u1edbc \u00e9p\" data-attr=\"Ph\u1ee5 ki\u1ec7n\">2 ly 1000ml v\u00e0 1300ml; 1 l\u01b0\u1edbi l\u1ecdc m\u1ecbn; 1 l\u01b0\u1edbi l\u1ecdc th\u00f4; 1 b\u1ea3n ch\u1ea3i v\u1ec7 sinh; 1 s\u00e1ch c\u00f4ng th\u1ee9c n\u01b0\u1edbc \u00e9p<\/li>\n<\/ul>\n<\/td>\n<\/tr>\n<tr>\n<td>\u0110\u1eb7c \u0111i\u1ec3m n\u1ed5i b\u1eadt:<\/td>\n<td>\n<ul>\n<li data-value=\"T\u1ed1c \u0111\u1ed9 \u00e9p 55 v\u00f2ng\/ ph\u00fat\" data-attr=\"\u0110\u1eb7c \u0111i\u1ec3m n\u1ed5i b\u1eadt\">T\u1ed1c \u0111\u1ed9 \u00e9p 55 v\u00f2ng\/ ph\u00fat<\/li>\n<li data-value=\"C\u00f4ng ngh\u1ec7 Dripstop \u0111\u1ea3m b\u1ea3o kh\u00f4ng b\u1ecb nh\u1ecf gi\u1ecdt sau khi \u00e9p\" data-attr=\"\u0110\u1eb7c \u0111i\u1ec3m n\u1ed5i b\u1eadt\">C\u00f4ng ngh\u1ec7 Dripstop \u0111\u1ea3m b\u1ea3o kh\u00f4ng b\u1ecb nh\u1ecf gi\u1ecdt sau khi \u00e9p<\/li>\n<li data-value=\"2 b\u1ed9 l\u1ecdc\" data-attr=\"\u0110\u1eb7c \u0111i\u1ec3m n\u1ed5i b\u1eadt\">2 b\u1ed9 l\u1ecdc<\/li>\n<li data-value=\"Thi\u1ebft k\u1ebf l\u01b0\u1ee1i dao \u00e9p Tritan\" data-attr=\"\u0110\u1eb7c \u0111i\u1ec3m n\u1ed5i b\u1eadt\">Thi\u1ebft k\u1ebf l\u01b0\u1ee1i dao \u00e9p Tritan<\/li>\n<li data-value=\"An to\u00e0n v\u1edbi m\u00e1y r\u1eeda b\u00e1t\" data-attr=\"\u0110\u1eb7c \u0111i\u1ec3m n\u1ed5i b\u1eadt\">An to\u00e0n v\u1edbi m\u00e1y r\u1eeda b\u00e1t<\/li>\n<\/ul>\n<\/td>\n<\/tr>\n<tr>\n<td>K\u00edch th\u01b0\u1edbc:<\/td>\n<td>\n<ul>\n<li data-value=\"33 x 23 x 37 cm\" data-attr=\"K\u00edch th\u01b0\u1edbc\">33 x 23 x 37 cm<\/li>\n<\/ul>\n<\/td>\n<\/tr>\n<tr>\n<td>Kh\u1ed1i l\u01b0\u1ee3ng:<\/td>\n<td>\n<ul>\n<li data-value=\"4.2Kg\" data-attr=\"Kh\u1ed1i l\u01b0\u1ee3ng\">4.2Kg<\/li>\n<\/ul>\n<\/td>\n<\/tr>\n<\/tbody>\n<\/table>\n<\/div>\n<\/div>\n<\/div>\n","protected":false},"excerpt":{"rendered":"<p>Gi\u1edbi thi\u1ec7u:\u00a0M\u00e1y \u00e9p ch\u1eadm Bosch MESM500W V\u1edbi m\u00e1y \u00e9p ch\u1eadm BOSCH MESM500W b\u1ea1n c\u00f3 th\u1ec3 d\u1ec5 d\u00e0ng \u00e9p m\u1ed9t ly n\u01b0\u1edbc tr\u00e1i c\u00e2y, rau c\u1ee7 v\u1edbi \u0111\u00e0y \u0111\u1ee7 v\u00e0 gi\u1eef v\u1eb9n nguy\u00ean \u0111\u01b0\u1ee3c d\u01b0\u1ee1ng ch\u1ea5t. \u01afu \u0111i\u1ec3m n\u1ed5i tr\u1ed9i nh\u1ea5t c\u1ee7a m\u00e1y \u00e9p ch\u1eadm so v\u1edbi c\u00e1c m\u00e1y \u00e9p th\u00f4ng th\u01b0\u1eddng l\u00e0 m\u00e1y kh\u00f4ng t\u1ea1o&#8230;<\/p>\n","protected":false},"featured_media":5430,"comment_status":"open","ping_status":"closed","template":"","meta":[],"product_brand":[],"product_cat":[61,93],"product_tag":[],"class_list":{"0":"post-5429","1":"product","2":"type-product","3":"status-publish","4":"has-post-thumbnail","6":"product_cat-hang-gia-dung","7":"product_cat-may-ep-hoa-qua","9":"first","10":"instock","11":"shipping-taxable","12":"product-type-simple"},"_links":{"self":[{"href":"https:\/\/nhadepbepxinh.com.vn\/index.php?rest_route=\/wp\/v2\/product\/5429","targetHints":{"allow":["GET"]}}],"collection":[{"href":"https:\/\/nhadepbepxinh.com.vn\/index.php?rest_route=\/wp\/v2\/product"}],"about":[{"href":"https:\/\/nhadepbepxinh.com.vn\/index.php?rest_route=\/wp\/v2\/types\/product"}],"replies":[{"embeddable":true,"href":"https:\/\/nhadepbepxinh.com.vn\/index.php?rest_route=%2Fwp%2Fv2%2Fcomments&post=5429"}],"wp:featuredmedia":[{"embeddable":true,"href":"https:\/\/nhadepbepxinh.com.vn\/index.php?rest_route=\/wp\/v2\/media\/5430"}],"wp:attachment":[{"href":"https:\/\/nhadepbepxinh.com.vn\/index.php?rest_route=%2Fwp%2Fv2%2Fmedia&parent=5429"}],"wp:term":[{"taxonomy":"product_brand","embeddable":true,"href":"https:\/\/nhadepbepxinh.com.vn\/index.php?rest_route=%2Fwp%2Fv2%2Fproduct_brand&post=5429"},{"taxonomy":"product_cat","embeddable":true,"href":"https:\/\/nhadepbepxinh.com.vn\/index.php?rest_route=%2Fwp%2Fv2%2Fproduct_cat&post=5429"},{"taxonomy":"product_tag","embeddable":true,"href":"https:\/\/nhadepbepxinh.com.vn\/index.php?rest_route=%2Fwp%2Fv2%2Fproduct_tag&post=5429"}],"curies":[{"name":"wp","href":"https:\/\/api.w.org\/{rel}","templated":true}]}}