{"id":5404,"date":"2025-05-11T15:24:21","date_gmt":"2025-05-11T08:24:21","guid":{"rendered":"https:\/\/nhadepbepxinh.com.vn\/?post_type=product&#038;p=5404"},"modified":"2025-05-11T15:24:22","modified_gmt":"2025-05-11T08:24:22","slug":"chao-duc-cao-cap-tefal-robusto-co-mieng-rot-26cm","status":"publish","type":"product","link":"https:\/\/nhadepbepxinh.com.vn\/?product=chao-duc-cao-cap-tefal-robusto-co-mieng-rot-26cm","title":{"rendered":"Ch\u1ea3o \u0111\u00fac cao c\u1ea5p Tefal Robusto c\u00f3 mi\u1ec7ng r\u00f3t 26cm"},"content":{"rendered":"<p>&#8211; \u0110\u00e1y d\u00e0y, tay c\u1ea7m si\u00eau ch\u1eafc ch\u1eafn, h\u00ecnh d\u1ea1ng v\u00e0 th\u00e2n c\u00f3 kh\u1ea3 n\u0103ng ch\u1ecbu l\u1ef1c cao<br \/>\n&#8211; Thi\u1ebft k\u1ebf m\u00f4i r\u00f3t ti\u1ec7n d\u1ee5ng<br \/>\n&#8211; Thi\u1ebft k\u1ebf n\u1eafp th\u00f4ng minh<br \/>\n&#8211; Chi\u00ean, n\u01b0\u1edbng \u00edt d\u1ea7u m\u1ee1<br \/>\n&#8211; \u0110\u00e1y b\u1eaft t\u1eeb nhanh<br \/>\n&#8211; Ch\u1ea5m \u0111\u1ecf b\u00e1o nhi\u1ec7t th\u00f4ng minh, b\u00e1o nhi\u1ec7t \u0111\u1ed9 l\u00fd t\u01b0\u1edfng \u0111\u1ec3 n\u1ea5u n\u01b0\u1edbng<br \/>\n&#8211; L\u1edbp ch\u1ed1ng d\u00ednh b\u1ec1n b\u1ec9, c\u00f3 tu\u1ed5i th\u1ecd cao g\u1ea5p 2 l\u1ea7n (24,000 l\u1ea7n ch\u00e0 nh\u00e1m), kh\u00f4ng ch\u1ee9a PFOA, kh\u00f4ng ch\u00ec, kh\u00f4ng cadmium.<br \/>\n&#8211; Thi\u1ebft k\u1ebf b\u1ec1n ch\u1eafc, sang tr\u1ecdng ph\u00f9 h\u1ee3p m\u1ecdi kh\u00f4ng gian b\u1ebfp<br \/>\n&#8211; Thi\u1ebft k\u1ebf \u0111\u00fac nguy\u00ean kh\u1ed1i \u0111\u1ea3m b\u1ea3o \u0111\u1ed9 b\u1ec1n v\u01b0\u1ee3t tr\u1ed9i<br \/>\n&#8211; Th\u01b0\u01a1ng hi\u1ec7u danh ti\u1ebfng t\u1eeb Ph\u00e1p<\/p>\n","protected":false},"excerpt":{"rendered":"<p>&#8211; \u0110\u00e1y d\u00e0y, tay c\u1ea7m si\u00eau ch\u1eafc ch\u1eafn, h\u00ecnh d\u1ea1ng v\u00e0 th\u00e2n c\u00f3 kh\u1ea3 n\u0103ng ch\u1ecbu l\u1ef1c cao &#8211; Thi\u1ebft k\u1ebf m\u00f4i r\u00f3t ti\u1ec7n d\u1ee5ng &#8211; Thi\u1ebft k\u1ebf n\u1eafp th\u00f4ng minh &#8211; Chi\u00ean, n\u01b0\u1edbng \u00edt d\u1ea7u m\u1ee1 &#8211; \u0110\u00e1y b\u1eaft t\u1eeb nhanh &#8211; Ch\u1ea5m \u0111\u1ecf b\u00e1o nhi\u1ec7t th\u00f4ng minh, b\u00e1o nhi\u1ec7t \u0111\u1ed9 l\u00fd t\u01b0\u1edfng \u0111\u1ec3&#8230;<\/p>\n","protected":false},"featured_media":5405,"comment_status":"open","ping_status":"closed","template":"","meta":[],"product_brand":[],"product_cat":[61,68],"product_tag":[],"class_list":{"0":"post-5404","1":"product","2":"type-product","3":"status-publish","4":"has-post-thumbnail","6":"product_cat-hang-gia-dung","7":"product_cat-noi-chao","9":"first","10":"instock","11":"shipping-taxable","12":"product-type-simple"},"_links":{"self":[{"href":"https:\/\/nhadepbepxinh.com.vn\/index.php?rest_route=\/wp\/v2\/product\/5404","targetHints":{"allow":["GET"]}}],"collection":[{"href":"https:\/\/nhadepbepxinh.com.vn\/index.php?rest_route=\/wp\/v2\/product"}],"about":[{"href":"https:\/\/nhadepbepxinh.com.vn\/index.php?rest_route=\/wp\/v2\/types\/product"}],"replies":[{"embeddable":true,"href":"https:\/\/nhadepbepxinh.com.vn\/index.php?rest_route=%2Fwp%2Fv2%2Fcomments&post=5404"}],"wp:featuredmedia":[{"embeddable":true,"href":"https:\/\/nhadepbepxinh.com.vn\/index.php?rest_route=\/wp\/v2\/media\/5405"}],"wp:attachment":[{"href":"https:\/\/nhadepbepxinh.com.vn\/index.php?rest_route=%2Fwp%2Fv2%2Fmedia&parent=5404"}],"wp:term":[{"taxonomy":"product_brand","embeddable":true,"href":"https:\/\/nhadepbepxinh.com.vn\/index.php?rest_route=%2Fwp%2Fv2%2Fproduct_brand&post=5404"},{"taxonomy":"product_cat","embeddable":true,"href":"https:\/\/nhadepbepxinh.com.vn\/index.php?rest_route=%2Fwp%2Fv2%2Fproduct_cat&post=5404"},{"taxonomy":"product_tag","embeddable":true,"href":"https:\/\/nhadepbepxinh.com.vn\/index.php?rest_route=%2Fwp%2Fv2%2Fproduct_tag&post=5404"}],"curies":[{"name":"wp","href":"https:\/\/api.w.org\/{rel}","templated":true}]}}