{"id":5390,"date":"2025-05-09T16:17:08","date_gmt":"2025-05-09T09:17:08","guid":{"rendered":"https:\/\/nhadepbepxinh.com.vn\/?post_type=product&#038;p=5390"},"modified":"2025-05-09T16:17:08","modified_gmt":"2025-05-09T09:17:08","slug":"binh-giu-nhiet-kaiyo-600ml-mau-trang-mau-xanh","status":"publish","type":"product","link":"https:\/\/nhadepbepxinh.com.vn\/?product=binh-giu-nhiet-kaiyo-600ml-mau-trang-mau-xanh","title":{"rendered":"B\u00ecnh gi\u1eef nhi\u1ec7t Kaiyo 600ml m\u00e0u tr\u1eafng, ma\u0300u xanh"},"content":{"rendered":"<p><strong>\u0110\u1eb6C\u00a0\u0110I\u1ec2M\u00a0\u01afU VI\u1ec6T<\/strong><\/p>\n<p><strong>&gt; Gi\u1eef tr\u1ecdn v\u1eb9n h\u01b0\u01a1ng v\u1ecb th\u01a1m ngon \u0111\u1ed3 u\u1ed1ng nh\u1edd kh\u1ea3 n\u0103ng Gi\u1eef nhi\u1ec7t \u0111\u1ec9nh cao \u0111\u1ebfn 12h:<\/strong>\u00a0B\u00ecnh gi\u1eef nhi\u1ec7t Kaiyo \u0111\u01b0\u1ee3c l\u00e0m t\u1eeb 2 l\u1edbp inox cao c\u1ea5p an to\u00e0n, si\u00eau d\u1ea7y d\u1eb7n, (b\u00ean ngo\u00e0i inox 304SS, b\u00ean trong inox 316SS), \u1edf gi\u1eefa l\u00e0 l\u1edbp ch\u00e2n kh\u00f4ng, n\u1eafp nh\u1ef1a PP r\u1ea5t k\u00edn, n\u00ean c\u00f3 kh\u1ea3 n\u0103ng gi\u1eef nhi\u1ec7t n\u00f3ng, l\u1ea1nh l\u00ean \u0111\u1ebfn 12 gi\u1edd, kh\u00f4ng c\u00f3 hi\u1ec7n t\u01b0\u1ee3ng to\u00e1t m\u1ed3 h\u00f4i b\u00ecnh, \u0111\u1ea3m b\u1ea3o tr\u1ecdn v\u1eb9n h\u01b0\u01a1ng v\u1ecb th\u01a1m ngon cho \u0111\u1ed3 u\u1ed1ng.<\/p>\n<p><strong>&gt; Thi\u1ebft k\u1ebf th\u00f4ng minh, ti\u1ec7n d\u1ee5ng:\u00a0<\/strong><br \/>\n&#8211; B\u00ecnh gi\u1eef nhi\u1ec7t Kaiyo c\u00f3 d\u00e2y \u0111eo ch\u1eafc ch\u1eafn, trong v\u00e0 ngo\u00e0i b\u00ecnh \u0111\u1ec1u \u0111\u01b0\u1ee3c l\u00e0m t\u1eeb inox kh\u00f4ng g\u1ec9 cao c\u1ea5p, c\u00f3 \u0111\u1ed9 c\u1ee9ng, \u0111\u1ed9 b\u1ec1n r\u1ea5t cao, kh\u00f4ng g\u1ec9 s\u00e9t, ch\u1ed1ng va \u0111\u1eadp v\u01b0\u1ee3t tr\u1ed9i, n\u1eafp nh\u1ef1a PP k\u00edn kh\u00edt, gi\u00fap ng\u0103n ch\u1eb7n r\u00f2 r\u1ec9 n\u00ean b\u00ecnh gi\u1eef nhi\u1ec7t Kaiyo r\u1ea5t thu\u1eadn ti\u1ec7n mang theo khi t\u1eadp th\u1ec3 thao, \u0111i du l\u1ecbch&#8230; s\u1eed d\u1ee5ng trong m\u1ecdi ho\u00e0n c\u1ea3nh, m\u1ecdi th\u1eddi ti\u1ebft.<\/p>\n<p><strong>&gt; Ph\u00f9 h\u1ee3p cho m\u1ecdi lo\u1ea1i \u0111\u1ed3 u\u1ed1ng:<\/strong>\u00a0B\u00ecnh gi\u1eef nhi\u1ec7t Kaiyo c\u00f3 k\u00edch th\u01b0\u1edbc ph\u00f9 h\u1ee3p \u0111\u1ec3 \u0111\u1ef1ng nhi\u1ec1u lo\u1ea1i \u0111\u1ed3 u\u1ed1ng, t\u1eeb n\u01b0\u1edbc, c\u00e0 ph\u00ea, tr\u00e0, n\u01b0\u1edbc tr\u00e1i c\u00e2y cho \u0111\u1ebfn c\u00e1c lo\u1ea1i \u0111\u1ed3 u\u1ed1ng n\u00f3ng ho\u1eb7c l\u1ea1nh kh\u00e1c.<\/p>\n<p><strong>&gt; Ki\u1ec3u d\u00e1ng sang tr\u1ecdng, hi\u1ec7n \u0111\u1ea1i:<\/strong>\u00a0B\u00ecnh gi\u1eef nhi\u1ec7t Kaiyo \u0111\u01b0\u1ee3c thi\u1ebft k\u1ebf th\u1ea9m m\u1ef9 cao v\u1edbi ki\u1ec3u d\u00e1ng sang tr\u1ecdng, m\u00e0u s\u1eafc \u0111\u1eb9p \u0111\u1ed9c \u0111\u00e1o, h\u00e0i ho\u00e0 k\u1ebft h\u1ee3p t\u1ed5ng th\u1ec3.<\/p>\n<p><strong>V\u1ec7 sinh v\u00e0 b\u1ea3o qu\u1ea3n:<\/strong><br \/>\n&#8211; R\u1eeda s\u1ea1ch b\u00ecnh gi\u1eef nhi\u1ec7t b\u1eb1ng v\u1ea3i m\u1ec1m ho\u1eb7c mi\u1ebfng b\u1ecdt bi\u1ec3n sau khi s\u1eed d\u1ee5ng v\u00e0 b\u1ea3o qu\u1ea3n \u1edf n\u01a1i kh\u00f4 r\u00e1o, tho\u00e1ng m\u00e1t.<br \/>\n&#8211; Kh\u00f4ng s\u1eed d\u1ee5ng b\u00ecnh gi\u1eef nhi\u1ec7t trong m\u00e1y r\u1eeda ch\u00e9n b\u00e1t.<\/p>\n","protected":false},"excerpt":{"rendered":"<p>\u0110\u1eb6C\u00a0\u0110I\u1ec2M\u00a0\u01afU VI\u1ec6T &gt; Gi\u1eef tr\u1ecdn v\u1eb9n h\u01b0\u01a1ng v\u1ecb th\u01a1m ngon \u0111\u1ed3 u\u1ed1ng nh\u1edd kh\u1ea3 n\u0103ng Gi\u1eef nhi\u1ec7t \u0111\u1ec9nh cao \u0111\u1ebfn 12h:\u00a0B\u00ecnh gi\u1eef nhi\u1ec7t Kaiyo \u0111\u01b0\u1ee3c l\u00e0m t\u1eeb 2 l\u1edbp inox cao c\u1ea5p an to\u00e0n, si\u00eau d\u1ea7y d\u1eb7n, (b\u00ean ngo\u00e0i inox 304SS, b\u00ean trong inox 316SS), \u1edf gi\u1eefa l\u00e0 l\u1edbp ch\u00e2n kh\u00f4ng, n\u1eafp nh\u1ef1a PP r\u1ea5t&#8230;<\/p>\n","protected":false},"featured_media":5391,"comment_status":"open","ping_status":"closed","template":"","meta":[],"product_brand":[],"product_cat":[61,75],"product_tag":[],"class_list":{"0":"post-5390","1":"product","2":"type-product","3":"status-publish","4":"has-post-thumbnail","6":"product_cat-hang-gia-dung","7":"product_cat-phich-giu-nhiet","9":"first","10":"instock","11":"shipping-taxable","12":"product-type-simple"},"_links":{"self":[{"href":"https:\/\/nhadepbepxinh.com.vn\/index.php?rest_route=\/wp\/v2\/product\/5390","targetHints":{"allow":["GET"]}}],"collection":[{"href":"https:\/\/nhadepbepxinh.com.vn\/index.php?rest_route=\/wp\/v2\/product"}],"about":[{"href":"https:\/\/nhadepbepxinh.com.vn\/index.php?rest_route=\/wp\/v2\/types\/product"}],"replies":[{"embeddable":true,"href":"https:\/\/nhadepbepxinh.com.vn\/index.php?rest_route=%2Fwp%2Fv2%2Fcomments&post=5390"}],"wp:featuredmedia":[{"embeddable":true,"href":"https:\/\/nhadepbepxinh.com.vn\/index.php?rest_route=\/wp\/v2\/media\/5391"}],"wp:attachment":[{"href":"https:\/\/nhadepbepxinh.com.vn\/index.php?rest_route=%2Fwp%2Fv2%2Fmedia&parent=5390"}],"wp:term":[{"taxonomy":"product_brand","embeddable":true,"href":"https:\/\/nhadepbepxinh.com.vn\/index.php?rest_route=%2Fwp%2Fv2%2Fproduct_brand&post=5390"},{"taxonomy":"product_cat","embeddable":true,"href":"https:\/\/nhadepbepxinh.com.vn\/index.php?rest_route=%2Fwp%2Fv2%2Fproduct_cat&post=5390"},{"taxonomy":"product_tag","embeddable":true,"href":"https:\/\/nhadepbepxinh.com.vn\/index.php?rest_route=%2Fwp%2Fv2%2Fproduct_tag&post=5390"}],"curies":[{"name":"wp","href":"https:\/\/api.w.org\/{rel}","templated":true}]}}