{"id":5379,"date":"2025-05-07T15:29:42","date_gmt":"2025-05-07T08:29:42","guid":{"rendered":"https:\/\/nhadepbepxinh.com.vn\/?post_type=product&#038;p=5379"},"modified":"2025-05-07T15:29:43","modified_gmt":"2025-05-07T08:29:43","slug":"den-hoc-chong-can-wilit-ul-u20","status":"publish","type":"product","link":"https:\/\/nhadepbepxinh.com.vn\/?product=den-hoc-chong-can-wilit-ul-u20","title":{"rendered":"\u0110\u00e8n h\u1ecdc ch\u1ed1ng c\u1eadn WILIT UL U20"},"content":{"rendered":"<div class=\"pro_mota_0\">\n<div class=\"title_module_main heading-bar d-flex justify-content-center align-items-center\">\n<h2 class=\"heading-bar__title \">\u0110\u1eb6C \u0110I\u1ec2M N\u1ed4I B\u1eacT<\/h2>\n<\/div>\n<div class=\"pro__desc\">\n<ul>\n<li>\u0110\u00e8n \u0111\u1ec3 b\u00e0n thanh l\u1ecbch v\u00e0 nh\u1ecf g\u1ecdn<\/li>\n<li>S\u1ea1c kh\u00f4ng d\u00e2y v\u00e0 c\u1ed5ng USB<\/li>\n<li>Ch\u00e2n \u0111\u00e8n t\u00edch h\u1ee3p \u0111\u00e8n ng\u1ee7 RGB<\/li>\n<li>5 m\u1ee9c \u0111\u1ed9 s\u00e1ng v\u00e0 3 m\u00e0u \u00e1nh s\u00e1ng<\/li>\n<\/ul>\n<\/div>\n<\/div>\n<div id=\"ega-uti-editable-content\" class=\"rte js-product-getcontent product_getcontent pos-relative\" data-platform=\"haravan\" data-id=\"1063401846\">\n<div id=\"content\" class=\"content js-content\">\n<hr \/>\n<p><strong>\u0110\u00e8n h\u1ecdc ch\u1ed1ng c\u1eadn WILIT UL U20 m\u00e0u tr\u1eafng<\/strong>\u00a0l\u00e0 m\u1ed9t trong nh\u1eefng l\u1ef1a ch\u1ecdn l\u00fd t\u01b0\u1edfng cho nh\u1eefng ai c\u1ea7n m\u1ed9t chi\u1ebfc \u0111\u00e8n ti\u1ec7n l\u1ee3i, b\u1ea3o v\u1ec7 m\u1eaft v\u00e0 mang \u0111\u1ebfn tr\u1ea3i nghi\u1ec7m s\u1eed d\u1ee5ng hi\u1ec7n \u0111\u1ea1i. V\u1edbi thi\u1ebft k\u1ebf thanh l\u1ecbch, nh\u1ecf g\u1ecdn, c\u00f9ng nhi\u1ec1u t\u00ednh n\u0103ng n\u1ed5i b\u1eadt nh\u01b0 s\u1ea1c kh\u00f4ng d\u00e2y, c\u1ed5ng USB v\u00e0 \u0111\u00e8n ng\u1ee7 RGB. V\u1edbi kh\u1ea3 n\u0103ng \u0111i\u1ec1u ch\u1ec9nh c\u01b0\u1eddng \u0111\u1ed9 s\u00e1ng v\u00e0 ch\u1ebf \u0111\u1ed9 m\u00e0u linh ho\u1ea1t, s\u1ea3n ph\u1ea9m n\u00e0y kh\u00f4ng ch\u1ec9 \u0111\u00e1p \u1ee9ng nhu c\u1ea7u chi\u1ebfu s\u00e1ng m\u00e0 c\u00f2n t\u1ea1o ra kh\u00f4ng gian l\u00e0m vi\u1ec7c \u0111\u1ea7y c\u1ea3m h\u1ee9ng.\u00a0C\u00f9ng\u00a0<strong>Nha\u0300 \u0111e\u0323p b\u00ea\u0301p xinh<\/strong>\u00a0kh\u00e1m ph\u00e1 chi ti\u1ebft nh\u1eefng t\u00ednh n\u0103ng n\u1ed5i b\u1eadt c\u1ee7a s\u1ea3n ph\u1ea9m ngay sau \u0111\u00e2y!<\/p>\n<p><img decoding=\"async\" src=\"https:\/\/file.hstatic.net\/200000661969\/file\/dau_6ce17a27484b4aa7aa0ab5f8d6a8dbf5.png\" \/><em>\u0110\u00e8n h\u1ecdc ch\u1ed1ng c\u1eadn WILIT UL U20 m\u00e0u tr\u1eafng<\/em><\/p>\n<h2><strong>\u0110\u00e8n h\u1ecdc ch\u1ed1ng c\u1eadn WILIT UL U20 m\u00e0u tr\u1eafng\u00a0hi\u1ec7n \u0111\u1ea1i v\u00e0 \u0111a n\u0103ng<\/strong><\/h2>\n<h3><strong>Thi\u1ebft k\u1ebf thanh l\u1ecbch v\u00e0 nh\u1ecf g\u1ecdn<\/strong><\/h3>\n<p>S\u1edf h\u1eefu ki\u1ec3u d\u00e1ng tinh t\u1ebf v\u1edbi m\u00e0u tr\u1eafng trang nh\u00e3, ph\u00f9 h\u1ee3p v\u1edbi nhi\u1ec1u phong c\u00e1ch n\u1ed9i th\u1ea5t kh\u00e1c nhau. \u0110\u00e8n c\u00f3 thi\u1ebft k\u1ebf t\u1ed1i gi\u1ea3n v\u1edbi ch\u00e2n \u0111\u1ebf ch\u1eafc ch\u1eafn v\u00e0 th\u00e2n \u0111\u00e8n linh ho\u1ea1t, c\u00f3 th\u1ec3 \u0111i\u1ec1u ch\u1ec9nh g\u00f3c \u0111\u1ed9 chi\u1ebfu s\u00e1ng d\u1ec5 d\u00e0ng.<\/p>\n<p>\u0110\u1eb7c bi\u1ec7t, \u0111\u00e8n c\u00f3 b\u1ea3ng \u0111i\u1ec1u khi\u1ec3n c\u1ea3m \u1ee9ng tr\u1ef1c quan, gi\u00fap ng\u01b0\u1eddi d\u00f9ng thao t\u00e1c d\u1ec5 d\u00e0ng ch\u1ec9 v\u1edbi m\u1ed9t ch\u1ea1m.<\/p>\n<p><img decoding=\"async\" src=\"https:\/\/file.hstatic.net\/200000661969\/file\/thiet_ke_552a9011686e41f1bd7b6a98ced3a409.png\" \/><em>Thi\u1ebft k\u1ebf thanh l\u1ecbch v\u00e0 nh\u1ecf g\u1ecdn<\/em><\/p>\n<h3><strong>T\u00edch h\u1ee3p s\u1ea1c kh\u00f4ng d\u00e2y 10W v\u00e0 c\u1ed5ng USB ti\u1ec7n l\u1ee3i<\/strong><\/h3>\n<p>M\u1ed9t trong nh\u1eefng \u0111i\u1ec3m n\u1ed5i b\u1eadt c\u1ee7a\u00a0<strong>\u0111\u00e8n h\u1ecdc<\/strong>\u00a0WILIT UL U20 l\u00e0 t\u00ednh n\u0103ng s\u1ea1c kh\u00f4ng d\u00e2y d\u00e0nh cho c\u00e1c thi\u1ebft b\u1ecb di \u0111\u1ed9ng nh\u01b0 iPhone, Samsung v\u00e0 nhi\u1ec1u d\u00f2ng smartphone kh\u00e1c h\u1ed7 tr\u1ee3 chu\u1ea9n s\u1ea1c kh\u00f4ng d\u00e2y Qi.<\/p>\n<p><img decoding=\"async\" src=\"https:\/\/file.hstatic.net\/200000661969\/file\/tich_hop_ca13fcb8c6804d21af45aeaa4feed27b.png\" \/><em>T\u00edch h\u1ee3p s\u1ea1c kh\u00f4ng d\u00e2y 10W v\u00e0 c\u1ed5ng USB ti\u1ec7n l\u1ee3i<\/em><\/p>\n<p>C\u00f4ng su\u1ea5t s\u1ea1c kh\u00f4ng d\u00e2y l\u00ean t\u1edbi 10W gi\u00fap s\u1ea1c nhanh ch\u00f3ng v\u00e0 ti\u1ec7n l\u1ee3i m\u00e0 kh\u00f4ng c\u1ea7n d\u00e2y c\u00e1p r\u01b0\u1eddm r\u00e0. Ngo\u00e0i ra, m\u1eb7t sau c\u1ee7a \u0111\u00e8n c\u00f2n trang b\u1ecb m\u1ed9t c\u1ed5ng USB 5V\/1A, cho ph\u00e9p s\u1ea1c th\u00eam m\u1ed9t thi\u1ebft b\u1ecb kh\u00e1c c\u00f9ng l\u00fac.<\/p>\n<h3><strong>H\u1ec7 th\u1ed1ng chi\u1ebfu s\u00e1ng linh ho\u1ea1t v\u1edbi 5 m\u1ee9c \u0111\u1ed9 s\u00e1ng v\u00e0 3 ch\u1ebf \u0111\u1ed9 m\u00e0u<\/strong><\/h3>\n<p>WILIT UL U20 mang \u0111\u1ebfn tr\u1ea3i nghi\u1ec7m chi\u1ebfu s\u00e1ng linh ho\u1ea1t v\u1edbi 5 m\u1ee9c \u0111\u1ed9 s\u00e1ng kh\u00e1c nhau, gi\u00fap ng\u01b0\u1eddi d\u00f9ng t\u00f9y ch\u1ec9nh theo nhu c\u1ea7u \u0111\u1ed3ng th\u1eddi gi\u1ea3m thi\u1ec3u kh\u1ea3 n\u0103ng c\u1eadn \u1edf tr\u1ebb em hay ngay c\u1ea3 ng\u01b0\u1eddi l\u1edbn. \u0110\u00e8n c\u00f2n h\u1ed7 tr\u1ee3 3 ch\u1ebf \u0111\u1ed9 m\u00e0u \u00e1nh s\u00e1ng:<\/p>\n<ul>\n<li>\u00c1nh s\u00e1ng l\u1ea1nh (5000 \u00b1400K): Ph\u00f9 h\u1ee3p v\u1edbi nh\u1eefng c\u00f4ng vi\u1ec7c c\u1ea7n s\u1ef1 t\u1eadp trung cao \u0111\u1ed9.<\/li>\n<li>\u00c1nh s\u00e1ng \u1ea5m (3000 \u00b1400K): Mang \u0111\u1ebfn kh\u00f4ng gian \u1ea5m c\u00fang, d\u1ec5 ch\u1ecbu.<\/li>\n<li>\u00c1nh s\u00e1ng t\u1ef1 nhi\u00ean (4000 \u00b1400K): K\u1ebft h\u1ee3p gi\u1eefa hai ch\u1ebf \u0111\u1ed9 tr\u00ean, t\u1ea1o s\u1ef1 c\u00e2n b\u1eb1ng cho m\u1eaft.<\/li>\n<\/ul>\n<p>V\u1edbi ch\u1ec9 s\u1ed1 ho\u00e0n m\u00e0u (CRI) &gt;80Ra, \u0111\u00e8n gi\u00fap t\u00e1i t\u1ea1o m\u00e0u s\u1eafc trung th\u1ef1c, kh\u00f4ng g\u00e2y m\u1ecfi m\u1eaft, \u0111au m\u1eaft\u00a0khi s\u1eed d\u1ee5ng trong th\u1eddi gian d\u00e0i.<\/p>\n<p><img decoding=\"async\" src=\"https:\/\/file.hstatic.net\/200000661969\/file\/he_thong.png\" \/><em>H\u1ec7 th\u1ed1ng chi\u1ebfu s\u00e1ng linh ho\u1ea1t v\u1edbi 5 m\u1ee9c \u0111\u1ed9 s\u00e1ng v\u00e0 3 ch\u1ebf \u0111\u1ed9 m\u00e0u<\/em><\/p>\n<h3><strong>\u0110\u1ebf \u0111\u00e8n t\u00edch h\u1ee3p \u0111\u00e8n ng\u1ee7 RGB \u0111a d\u1ea1ng<\/strong><\/h3>\n<p>Ngo\u00e0i ch\u1ee9c n\u0103ng chi\u1ebfu s\u00e1ng ch\u00ednh, \u0111\u00e8n WILIT UL U20 c\u00f2n c\u00f3 ch\u1ebf \u0111\u1ed9 \u0111\u00e8n ng\u1ee7 RGB t\u00edch h\u1ee3p ngay \u1edf ch\u00e2n \u0111\u00e8n. \u0110\u00e8n ng\u1ee7 RGB l\u00e0 lo\u1ea1i \u0111\u00e8n c\u00f3 kh\u1ea3 n\u0103ng ph\u00e1t ra \u00e1nh s\u00e1ng v\u1edbi nhi\u1ec1u m\u00e0u s\u1eafc kh\u00e1c nhau nh\u1edd c\u00f4ng ngh\u1ec7 RGB hi\u1ec7u \u1ee9ng chuy\u1ec3n \u0111\u1ed5i m\u00e0u.<\/p>\n<p><img decoding=\"async\" src=\"https:\/\/file.hstatic.net\/200000661969\/file\/rgb.png\" \/><em>\u0110\u1ebf \u0111\u00e8n t\u00edch h\u1ee3p \u0111\u00e8n ng\u1ee7 RGB \u0111a d\u1ea1ng<\/em><\/p>\n<p>Ng\u01b0\u1eddi d\u00f9ng c\u00f3 th\u1ec3 l\u1ef1a ch\u1ecdn c\u00e1c m\u00e0u s\u1eafc \u00e1nh s\u00e1ng kh\u00e1c nhau, t\u1ea1o kh\u00f4ng gian th\u01b0 gi\u00e3n ho\u1eb7c \u0111i\u1ec3m nh\u1ea5n \u0111\u1ed9c \u0111\u00e1o cho g\u00f3c h\u1ecdc t\u1eadp. Ch\u1ee9c n\u0103ng n\u00e0y \u0111\u1eb7c bi\u1ec7t h\u1eefu \u00edch v\u1edbi tr\u1ebb nh\u1ecf, gi\u00fap t\u1ea1o m\u00f4i tr\u01b0\u1eddng tho\u1ea3i m\u00e1i h\u01a1n tr\u01b0\u1edbc khi \u0111i ng\u1ee7.<\/p>\n<h3><strong>\u0110\u1ed3ng h\u1ed3 b\u00e1o th\u1ee9c v\u00e0 h\u1eb9n gi\u1edd ti\u1ec7n l\u1ee3i<\/strong><\/h3>\n<p><strong>WILIT<\/strong>\u00a0UL U20 kh\u00f4ng ch\u1ec9 l\u00e0 m\u1ed9t chi\u1ebfc \u0111\u00e8n b\u00e0n m\u00e0 c\u00f2n ho\u1ea1t \u0111\u1ed9ng nh\u01b0 m\u1ed9t chi\u1ebfc \u0111\u1ed3ng h\u1ed3 \u0111i\u1ec7n t\u1eed v\u1edbi kh\u1ea3 n\u0103ng hi\u1ec3n th\u1ecb gi\u1edd theo \u0111\u1ecbnh d\u1ea1ng 12\/24 gi\u1edd.<\/p>\n<p><img decoding=\"async\" src=\"https:\/\/file.hstatic.net\/200000661969\/file\/6_a19688035318444e87be3213f3a9be18.png\" \/><em>\u0110\u1ed3ng h\u1ed3 b\u00e1o th\u1ee9c v\u00e0 h\u1eb9n gi\u1edd ti\u1ec7n l\u1ee3i<\/em><\/p>\n<p>Ng\u01b0\u1eddi d\u00f9ng c\u00f3 th\u1ec3 d\u1ec5 d\u00e0ng c\u00e0i \u0111\u1eb7t b\u00e1o th\u1ee9c ho\u1eb7c s\u1eed d\u1ee5ng \u0111\u1ed3ng h\u1ed3 \u0111\u1ec3 qu\u1ea3n l\u00fd th\u1eddi gian h\u1ecdc t\u1eadp v\u00e0 l\u00e0m vi\u1ec7c hi\u1ec7u qu\u1ea3 h\u01a1n. Vi\u1ec7c \u0111i\u1ec1u ch\u1ec9nh \u0111\u1ed3ng h\u1ed3 \u0111\u01b0\u1ee3c th\u1ef1c hi\u1ec7n nhanh ch\u00f3ng ngay tr\u00ean b\u1ea3ng \u0111i\u1ec1u khi\u1ec3n c\u1ea3m \u1ee9ng c\u1ee7a \u0111\u00e8n.<\/p>\n<h3><strong>C\u00f4ng ngh\u1ec7 LED ti\u1ebft ki\u1ec7m \u0111i\u1ec7n v\u00e0 tu\u1ed5i th\u1ecd cao<\/strong><\/h3>\n<p>S\u1ea3n ph\u1ea9m s\u1eed d\u1ee5ng c\u00f4ng ngh\u1ec7 LED hi\u1ec7n \u0111\u1ea1i v\u1edbi t\u1ed5ng c\u1ed9ng 36 b\u00f3ng \u0111\u00e8n SMD2835, bao g\u1ed3m:<\/p>\n<ul>\n<li>24 b\u00f3ng \u00e1nh s\u00e1ng l\u1ea1nh<\/li>\n<li>12 b\u00f3ng \u00e1nh s\u00e1ng \u1ea5m<\/li>\n<\/ul>\n<p>Nh\u1edd \u0111\u00f3, WILIT UL U20 v\u1eeba \u0111\u1ea3m b\u1ea3o kh\u1ea3 n\u0103ng chi\u1ebfu s\u00e1ng m\u1ea1nh m\u1ebd, v\u1eeba ti\u1ebft ki\u1ec7m \u0111i\u1ec7n n\u0103ng t\u1ed1i \u01b0u. C\u00f4ng su\u1ea5t t\u1ed1i \u0111a c\u1ee7a \u0111\u00e8n l\u00e0 5W\u00b110%, gi\u00fap gi\u1ea3m thi\u1ec3u ti\u00eau th\u1ee5 \u0111i\u1ec7n m\u00e0 v\u1eabn mang l\u1ea1i hi\u1ec7u qu\u1ea3 chi\u1ebfu s\u00e1ng cao.<\/p>\n<h3><strong>D\u1ec5 d\u00e0ng s\u1eed d\u1ee5ng v\u00e0 \u0111i\u1ec1u ch\u1ec9nh<\/strong><\/h3>\n<p>\u0110\u00e8n h\u1ecdc\u00a0WILIT UL U20 c\u00f3 b\u1ea3ng \u0111i\u1ec1u khi\u1ec3n c\u1ea3m \u1ee9ng th\u00f4ng minh, cho ph\u00e9p ng\u01b0\u1eddi d\u00f9ng d\u1ec5 d\u00e0ng \u0111i\u1ec1u ch\u1ec9nh c\u01b0\u1eddng \u0111\u1ed9 s\u00e1ng, \u0111\u1ed5i ch\u1ebf \u0111\u1ed9 \u00e1nh s\u00e1ng v\u00e0 c\u00e0i \u0111\u1eb7t b\u00e1o th\u1ee9c m\u1ed9t c\u00e1ch nhanh ch\u00f3ng. Ngo\u00e0i ra, vi\u1ec7c b\u1eadt\/t\u1eaft \u0111\u00e8n c\u0169ng tr\u1edf n\u00ean ti\u1ec7n l\u1ee3i ch\u1ec9 v\u1edbi m\u1ed9t ch\u1ea1m nh\u1eb9.<\/p>\n<\/div>\n<\/div>\n","protected":false},"excerpt":{"rendered":"<p>\u0110\u1eb6C \u0110I\u1ec2M N\u1ed4I B\u1eacT \u0110\u00e8n \u0111\u1ec3 b\u00e0n thanh l\u1ecbch v\u00e0 nh\u1ecf g\u1ecdn S\u1ea1c kh\u00f4ng d\u00e2y v\u00e0 c\u1ed5ng USB Ch\u00e2n \u0111\u00e8n t\u00edch h\u1ee3p \u0111\u00e8n ng\u1ee7 RGB 5 m\u1ee9c \u0111\u1ed9 s\u00e1ng v\u00e0 3 m\u00e0u \u00e1nh s\u00e1ng \u0110\u00e8n h\u1ecdc ch\u1ed1ng c\u1eadn WILIT UL U20 m\u00e0u tr\u1eafng\u00a0l\u00e0 m\u1ed9t trong nh\u1eefng l\u1ef1a ch\u1ecdn l\u00fd t\u01b0\u1edfng cho nh\u1eefng ai c\u1ea7n m\u1ed9t&#8230;<\/p>\n","protected":false},"featured_media":5380,"comment_status":"open","ping_status":"closed","template":"","meta":[],"product_brand":[],"product_cat":[61,78],"product_tag":[],"class_list":{"0":"post-5379","1":"product","2":"type-product","3":"status-publish","4":"has-post-thumbnail","6":"product_cat-hang-gia-dung","7":"product_cat-den-chong-can","9":"first","10":"instock","11":"shipping-taxable","12":"product-type-simple"},"_links":{"self":[{"href":"https:\/\/nhadepbepxinh.com.vn\/index.php?rest_route=\/wp\/v2\/product\/5379","targetHints":{"allow":["GET"]}}],"collection":[{"href":"https:\/\/nhadepbepxinh.com.vn\/index.php?rest_route=\/wp\/v2\/product"}],"about":[{"href":"https:\/\/nhadepbepxinh.com.vn\/index.php?rest_route=\/wp\/v2\/types\/product"}],"replies":[{"embeddable":true,"href":"https:\/\/nhadepbepxinh.com.vn\/index.php?rest_route=%2Fwp%2Fv2%2Fcomments&post=5379"}],"wp:featuredmedia":[{"embeddable":true,"href":"https:\/\/nhadepbepxinh.com.vn\/index.php?rest_route=\/wp\/v2\/media\/5380"}],"wp:attachment":[{"href":"https:\/\/nhadepbepxinh.com.vn\/index.php?rest_route=%2Fwp%2Fv2%2Fmedia&parent=5379"}],"wp:term":[{"taxonomy":"product_brand","embeddable":true,"href":"https:\/\/nhadepbepxinh.com.vn\/index.php?rest_route=%2Fwp%2Fv2%2Fproduct_brand&post=5379"},{"taxonomy":"product_cat","embeddable":true,"href":"https:\/\/nhadepbepxinh.com.vn\/index.php?rest_route=%2Fwp%2Fv2%2Fproduct_cat&post=5379"},{"taxonomy":"product_tag","embeddable":true,"href":"https:\/\/nhadepbepxinh.com.vn\/index.php?rest_route=%2Fwp%2Fv2%2Fproduct_tag&post=5379"}],"curies":[{"name":"wp","href":"https:\/\/api.w.org\/{rel}","templated":true}]}}