{"id":5320,"date":"2025-05-06T17:18:55","date_gmt":"2025-05-06T10:18:55","guid":{"rendered":"https:\/\/nhadepbepxinh.com.vn\/?post_type=product&#038;p=5320"},"modified":"2025-05-06T17:18:56","modified_gmt":"2025-05-06T10:18:56","slug":"chao-chong-dinh-fivestar-20-26-28cm-3-day","status":"publish","type":"product","link":"https:\/\/nhadepbepxinh.com.vn\/?product=chao-chong-dinh-fivestar-20-26-28cm-3-day","title":{"rendered":"Ch\u1ea3o ch\u1ed1ng d\u00ednh Fivestar 20-26-28cm 3 \u0111\u00e1y"},"content":{"rendered":"<h2><strong>GI\u1edaI THI\u1ec6U S\u1ea2N PH\u1ea8M<\/strong><\/h2>\n<h3><strong>Ch\u1ea3o ch\u1ed1ng d\u00ednh Fivestar<\/strong><\/h3>\n<h3><strong>Thi\u1ebft k\u1ebf 3 l\u1edbp \u0111\u00e1y hi\u1ec7n \u0111\u1ea1i<\/strong><\/h3>\n<p>Ch\u1ea3o ch\u1ed1ng d\u00ednh Fivestar inox fivestar \u0111\u01b0\u1ee3c thi\u1ebft k\u1ebf v\u1edbi 3 l\u1edbp \u0111\u00e1y v\u1edbi c\u00f4ng ngh\u1ec7 hi\u1ec7n \u0111\u1ea1i \u0111\u1ea1t chu\u1ea9n ch\u00e2u \u00c2u.<br \/>\nK\u1ebft c\u1ea5u 3 l\u1edbp \u0111\u00e1y g\u1ed3m (inox \u2013 nh\u00f4m \u2013 inox) gi\u00fap l\u00f2ng ch\u1ea3o ch\u1ed1ng d\u00ednh ph\u00e2n b\u1ed5 nhi\u1ec7t l\u01b0\u1ee3ng \u0111\u1ec1u n\u00ean ch\u1ed1ng ch\u00e1y kh\u00e9t c\u1ee5c b\u1ed9.<br \/>\nCh\u1ea3o ch\u1ed1ng d\u00ednh fivestar c\u1ea5u t\u1ea1o b\u00ean trong l\u00e0 l\u1edbp ch\u1ed1ng d\u00ednh \u0111en b\u00f3ng, b\u00ean ngo\u00e0i l\u00e0 l\u1edbp inox s\u00e1ng b\u00f3ng tr\u00f4ng r\u1ea5t \u0111\u1eb9p m\u1eaft.<br \/>\n\u0110\u01b0\u1ee3c thi\u1ebft k\u1ebf theo phong c\u00e1ch ch\u00e2u \u00c2u sang tr\u1ecdng, ch\u1ea3o ch\u1ed1ng d\u00ednh 3 \u0111\u00e1y fivestar gi\u00fap c\u00f4ng vi\u1ec7c n\u1ea5u n\u01b0\u1edbng c\u1ee7a ch\u1ecb em d\u1ec5 d\u00e0ng v\u00e0 nhanh ch\u00f3ng h\u01a1n. \u0110\u1eb7c bi\u1ec7t, ch\u1ea3o \u0111\u00e1y t\u1eeb fivestar v\u1edbi m\u1eb7t \u0111\u00e1y ph\u1ee7 l\u1edbp ch\u1ed1ng d\u00ednh thi\u1ebft k\u1ebf c\u00f3 th\u1ec3 chi\u00ean kh\u00f4ng d\u1ea7u, gi\u00fap b\u1ea1n chi\u00ean x\u00e0o ti\u1ebft ki\u1ec7m d\u1ea7u \u0103n t\u1ed1i \u01b0u, c\u0169ng nh\u01b0 t\u1ed1t h\u01a1n cho s\u1ee9c kh\u1ecfe.<br \/>\n<a href=\"https:\/\/dienmaynamquan.com\/?attachment_id=3502#main\" rel=\"attachment wp-att-3502 noopener\" target=\"_blank\"><img loading=\"lazy\" decoding=\"async\" class=\"aligncenter wp-image-3502 lazy-load-active\" src=\"https:\/\/dienmaynamquan.com\/wp-content\/uploads\/2022\/07\/z3598796046106_72d9c5f130d846a8a6f81517d800174a.jpg\" sizes=\"auto, (max-width: 391px) 100vw, 391px\" srcset=\"https:\/\/dienmaynamquan.com\/wp-content\/uploads\/2022\/07\/z3598796046106_72d9c5f130d846a8a6f81517d800174a.jpg 960w, https:\/\/dienmaynamquan.com\/wp-content\/uploads\/2022\/07\/z3598796046106_72d9c5f130d846a8a6f81517d800174a-225x300.jpg 225w, https:\/\/dienmaynamquan.com\/wp-content\/uploads\/2022\/07\/z3598796046106_72d9c5f130d846a8a6f81517d800174a-768x1024.jpg 768w, https:\/\/dienmaynamquan.com\/wp-content\/uploads\/2022\/07\/z3598796046106_72d9c5f130d846a8a6f81517d800174a-600x800.jpg 600w\" alt=\"\" width=\"391\" height=\"521\" data-src=\"https:\/\/dienmaynamquan.com\/wp-content\/uploads\/2022\/07\/z3598796046106_72d9c5f130d846a8a6f81517d800174a.jpg\" data-srcset=\"https:\/\/dienmaynamquan.com\/wp-content\/uploads\/2022\/07\/z3598796046106_72d9c5f130d846a8a6f81517d800174a.jpg 960w, https:\/\/dienmaynamquan.com\/wp-content\/uploads\/2022\/07\/z3598796046106_72d9c5f130d846a8a6f81517d800174a-225x300.jpg 225w, https:\/\/dienmaynamquan.com\/wp-content\/uploads\/2022\/07\/z3598796046106_72d9c5f130d846a8a6f81517d800174a-768x1024.jpg 768w, https:\/\/dienmaynamquan.com\/wp-content\/uploads\/2022\/07\/z3598796046106_72d9c5f130d846a8a6f81517d800174a-600x800.jpg 600w\" \/><\/a><\/p>\n<h3><strong>L\u00f2ng ch\u1ea3o ph\u1ee7 l\u1edbp ch\u1ed1ng d\u00ednh an to\u00e0n\u00a0<\/strong><\/h3>\n<p>L\u00f2ng ch\u1ea3o ch\u1ed1ng d\u00ednh \u0111\u00e1y t\u1eeb \u0111\u01b0\u1ee3c ph\u1ee7 3 l\u1edbp ch\u1ed1ng d\u00ednh an to\u00e0n v\u00e0 kh\u00f4ng d\u1ec5 bong tr\u00f3c n\u00ean thu\u1eadn ti\u1ec7n cho vi\u1ec7c ch\u00f9i r\u1eeda, v\u1ec7 sinh ch\u1ea3o sau khi s\u1eed d\u1ee5ng. Thi\u1ebft k\u1ebf nh\u00e1m d\u1ea1ng caro n\u00ean ch\u1ea3o five star gi\u00fap ti\u1ebft ki\u1ec7m d\u1ea7u t\u1ed1i \u01b0u khi chi\u00ean.<br \/>\nV\u00e0 \u0111\u1eb7c bi\u1ec7t, ch\u1ea3o kh\u00f4ng d\u00ednh c\u00f3 th\u1ec3 chi\u00ean th\u1ecbt kh\u00f4ng c\u1ea7n d\u1ea7u ngon nh\u01b0 m\u00f3n n\u01b0\u1edbng, th\u1ee9c \u0103n h\u1ea1n ch\u1ebf d\u1ea7u m\u1ee1 s\u1ebd gi\u00fap gia \u0111\u00ecnh b\u1ea1n ngon mi\u1ec7ng h\u01a1n.<br \/>\n<a href=\"https:\/\/dienmaynamquan.com\/?attachment_id=3500#main\" rel=\"attachment wp-att-3500 noopener\" target=\"_blank\"><img loading=\"lazy\" decoding=\"async\" class=\"aligncenter wp-image-3500 lazy-load-active\" src=\"https:\/\/dienmaynamquan.com\/wp-content\/uploads\/2022\/07\/z3598789953495_52004c3fcceda0724f4191d943d31a04.jpg\" alt=\"Ch\u1ea3o ch\u1ed1ng d\u00ednh Fivestar 28cm\" width=\"433\" height=\"484\" data-src=\"https:\/\/dienmaynamquan.com\/wp-content\/uploads\/2022\/07\/z3598789953495_52004c3fcceda0724f4191d943d31a04.jpg\" \/><\/a><\/p>\n<h3 class=\"box-about\"><strong>Tay c\u1ea7m b\u1eb1ng nh\u1ef1a ch\u1ed1ng n\u00f3ng<\/strong><\/h3>\n<p class=\"box-about\">Tay c\u1ea7m ch\u1ea3o inox 3 \u0111\u00e1y fivestar d\u00e0y ch\u1eafc b\u1eb1ng nh\u1ef1a bakelite c\u00e1ch nhi\u1ec7t, ch\u1ed1ng n\u00f3ng, gi\u00fap b\u1ea1n c\u1ea7m n\u1eafm, di chuy\u1ec3n ch\u1ea3o inox d\u1ec5 d\u00e0ng ngay c\u1ea3 khi \u0111ang n\u1ea5u. V\u1edbi ch\u1ea3o t\u1eeb fivestar n\u00e0y, b\u1ea1n c\u00f3 th\u1ec3 n\u1ea5u \u1edf m\u1ecdi lo\u1ea1i b\u1ebfp k\u1ec3 c\u1ea3 b\u1ebfp t\u1eeb, s\u1eed d\u1ee5ng trong nhi\u1ec1u lo\u1ea1i \u0111\u1ed3 \u0103n m\u00e0 kh\u00f4ng lo b\u1ecb h\u01b0 h\u1ea1i.<\/p>\n<div class=\"box-about\">Thi\u1ebft k\u1ebf 3 l\u1edbp \u0111\u00e1y n\u00ean ch\u1ea3o t\u1eeb h\u1ea5p thu nhi\u1ec7t nhanh v\u00e0 d\u1eabn nhi\u1ec7t t\u1ecfa \u0111\u1ec1u, kh\u00f4ng ph\u1ea3n \u1ee9ng v\u1edbi th\u1ee9c \u0103n,<\/div>\n<div class=\"box-about\">\u0111\u1ea3m b\u1ea3o an to\u00e0n cho s\u1ee9c kho\u1ebb.<\/div>\n","protected":false},"excerpt":{"rendered":"<p>GI\u1edaI THI\u1ec6U S\u1ea2N PH\u1ea8M Ch\u1ea3o ch\u1ed1ng d\u00ednh Fivestar Thi\u1ebft k\u1ebf 3 l\u1edbp \u0111\u00e1y hi\u1ec7n \u0111\u1ea1i Ch\u1ea3o ch\u1ed1ng d\u00ednh Fivestar inox fivestar \u0111\u01b0\u1ee3c thi\u1ebft k\u1ebf v\u1edbi 3 l\u1edbp \u0111\u00e1y v\u1edbi c\u00f4ng ngh\u1ec7 hi\u1ec7n \u0111\u1ea1i \u0111\u1ea1t chu\u1ea9n ch\u00e2u \u00c2u. K\u1ebft c\u1ea5u 3 l\u1edbp \u0111\u00e1y g\u1ed3m (inox \u2013 nh\u00f4m \u2013 inox) gi\u00fap l\u00f2ng ch\u1ea3o ch\u1ed1ng d\u00ednh ph\u00e2n b\u1ed5&#8230;<\/p>\n","protected":false},"featured_media":5321,"comment_status":"open","ping_status":"closed","template":"","meta":[],"product_brand":[],"product_cat":[61,68],"product_tag":[],"class_list":{"0":"post-5320","1":"product","2":"type-product","3":"status-publish","4":"has-post-thumbnail","6":"product_cat-hang-gia-dung","7":"product_cat-noi-chao","9":"first","10":"instock","11":"shipping-taxable","12":"product-type-simple"},"_links":{"self":[{"href":"https:\/\/nhadepbepxinh.com.vn\/index.php?rest_route=\/wp\/v2\/product\/5320","targetHints":{"allow":["GET"]}}],"collection":[{"href":"https:\/\/nhadepbepxinh.com.vn\/index.php?rest_route=\/wp\/v2\/product"}],"about":[{"href":"https:\/\/nhadepbepxinh.com.vn\/index.php?rest_route=\/wp\/v2\/types\/product"}],"replies":[{"embeddable":true,"href":"https:\/\/nhadepbepxinh.com.vn\/index.php?rest_route=%2Fwp%2Fv2%2Fcomments&post=5320"}],"wp:featuredmedia":[{"embeddable":true,"href":"https:\/\/nhadepbepxinh.com.vn\/index.php?rest_route=\/wp\/v2\/media\/5321"}],"wp:attachment":[{"href":"https:\/\/nhadepbepxinh.com.vn\/index.php?rest_route=%2Fwp%2Fv2%2Fmedia&parent=5320"}],"wp:term":[{"taxonomy":"product_brand","embeddable":true,"href":"https:\/\/nhadepbepxinh.com.vn\/index.php?rest_route=%2Fwp%2Fv2%2Fproduct_brand&post=5320"},{"taxonomy":"product_cat","embeddable":true,"href":"https:\/\/nhadepbepxinh.com.vn\/index.php?rest_route=%2Fwp%2Fv2%2Fproduct_cat&post=5320"},{"taxonomy":"product_tag","embeddable":true,"href":"https:\/\/nhadepbepxinh.com.vn\/index.php?rest_route=%2Fwp%2Fv2%2Fproduct_tag&post=5320"}],"curies":[{"name":"wp","href":"https:\/\/api.w.org\/{rel}","templated":true}]}}