{"id":5288,"date":"2025-04-29T17:59:22","date_gmt":"2025-04-29T10:59:22","guid":{"rendered":"https:\/\/nhadepbepxinh.com.vn\/?post_type=product&#038;p=5288"},"modified":"2025-04-29T17:59:22","modified_gmt":"2025-04-29T10:59:22","slug":"am-sieu-toc-olivo-ek207","status":"publish","type":"product","link":"https:\/\/nhadepbepxinh.com.vn\/?product=am-sieu-toc-olivo-ek207","title":{"rendered":"\u1ea4m Si\u00eau T\u1ed1c OLIVO EK207"},"content":{"rendered":"<div class=\"tab-panels\">\n<div id=\"tab-description\" class=\"woocommerce-Tabs-panel woocommerce-Tabs-panel--description panel entry-content active collapse expanded\" role=\"tabpanel\" aria-labelledby=\"tab-title-description\">\n<p>&nbsp;<\/p>\n<h2><b>NH\u1eeeNG \u01afU \u0110I\u1ec2M V\u01af\u1ee2T TR\u1ed8I C\u1ee6A \u1ea4M SI\u00caU T\u1ed0C<br \/>\nOLIVO EK207<\/b><\/h2>\n<ul>\n<li aria-level=\"1\">\u1ea4m si\u00eau t\u1ed1c OLIVO EK207 \u0111\u01b0\u1ee3c thi\u1ebft k\u1ebf sang tr\u1ecdng v\u00e0 tinh t\u1ebf, mang \u0111\u1ebfn v\u1ebb \u0111\u1eb9p t\u1ed1i gi\u1ea3n cho m\u1ecdi kh\u00f4ng gian. \u0110\u00e2y c\u0169ng l\u00e0 \u1ea5m n\u01b0\u1edbc t\u00edch h\u1ee3p nhi\u1ec1u c\u00f4ng ngh\u1ec7 hi\u1ec7n \u0111\u1ea1i nh\u01b0 b\u1ed9 \u0111i\u1ec1u khi\u1ec3n STRIX v\u00e0 ch\u1ed1ng \u0111un s\u00f4i kh\u00f4, th\u1eddi gian \u0111un s\u00f4i nhanh ch\u00f3ng. Kh\u00f4ng nh\u1eefng v\u1eady, thi\u1ebft b\u1ecb n\u00e0y c\u00f2n d\u1ec5 d\u00e0ng chinh ph\u1ee5c ng\u01b0\u1eddi d\u00f9ng b\u1edfi ch\u1ea5t li\u1ec7u cao c\u1ea5p v\u00e0 an to\u00e0n cho s\u1ee9c kh\u1ecfe, mang \u0111\u1ebfn tr\u1ea3i nghi\u1ec7m v\u00f4 c\u00f9ng ti\u1ec7n l\u1ee3i v\u00e0 d\u1ec5 d\u00e0ng.<\/li>\n<li aria-level=\"1\">C\u00f9ng OLIVO VI\u1ec6T NAM kh\u00e1m ph\u00e1 nh\u1eefng \u01b0u \u0111i\u1ec3m v\u01b0\u1ee3t tr\u1ed9i c\u1ee7a s\u1ea3n ph\u1ea9m n\u00e0y nh\u00e9!<\/li>\n<\/ul>\n<h3><b>1. C\u00d4NG NGH\u1ec6 HI\u1ec6N \u0110\u1ea0I, \u0110UN S\u00d4I NHANH CH\u00d3NG<\/b><\/h3>\n<ul>\n<li aria-level=\"1\">\u1ea4m si\u00eau t\u1ed1c OLIVO EK207 \u0111\u01b0\u1ee3c t\u00edch h\u1ee3p b\u1ed9 \u0111i\u1ec1u khi\u1ec3n STRIX cao c\u1ea5p, \u0111\u00e2y l\u00e0 c\u00f4ng ngh\u1ec7 hi\u1ec7n \u0111\u1ea1i nh\u1ea5t \u0111\u01b0\u1ee3c \u1ee9ng d\u1ee5ng v\u00e0o d\u00f2ng \u1ea5m \u0111un n\u01b0\u1edbc si\u00eau t\u1ed1c hi\u1ec7n nay. V\u1edbi b\u1ed9 \u0111i\u1ec1u khi\u1ec3n n\u00e0y ng\u01b0\u1eddi d\u00f9ng d\u1ec5 d\u00e0ng ki\u1ec3m so\u00e1t nhi\u1ec7t \u0111\u1ed9 m\u1ed9t c\u00e1ch ch\u00ednh x\u00e1c, t\u1ef1 ng\u1eaft \u0111i\u1ec7n khi nhi\u1ec7t \u0111\u1ed9 v\u01b0\u1ee3t qu\u00e1 ng\u01b0\u1ee1ng cho ph\u00e9p, \u0111\u1ed3ng th\u1eddi ch\u1ed1ng ch\u1eadp \u0111i\u1ec7n, ch\u00e1y n\u1ed5 v\u00e0 n\u00e2ng cao tu\u1ed5i th\u1ecd c\u1ee7a \u1ea5m.<\/li>\n<li aria-level=\"1\">C\u00f4ng ngh\u1ec7 ch\u1ed1ng \u0111un s\u00f4i kh\u00f4, theo c\u01a1 ch\u1ebf n\u00e0y n\u1ebfu \u1ea5m kh\u00f4ng c\u00f3 n\u01b0\u1edbc th\u00ec kh\u00f4ng th\u1ec3 ho\u1ea1t \u0111\u1ed9ng, ngay c\u1ea3 khi ng\u01b0\u1eddi d\u00f9ng v\u00f4 t\u00ecnh b\u1eadt n\u00fat kh\u1edfi \u0111\u1ed9ng c\u1ee7a \u1ea5m. T\u1eeb \u0111\u00f3 \u0111\u1ea3m b\u1ea3o an to\u00e0n tuy\u1ec7t \u0111\u1ed1i cho ng\u01b0\u1eddi d\u00f9ng c\u0169ng nh\u01b0 ph\u00f2ng ch\u1ed1ng nguy c\u01a1 g\u00e2y ch\u00e1y n\u1ed5.<\/li>\n<\/ul>\n<h3><b>2. DUNG T\u00cdCH 1.7L, \u0110\u1ee6 CHO 3-10 NG\u01af\u1edcI<\/b><\/h3>\n<ul>\n<li aria-level=\"1\">\u1ea4m si\u00eau t\u1ed1c OLIVO EK207 c\u00f3 dung t\u00edch 1.7L, thu\u1ed9c ph\u00e2n kh\u00fac v\u1eeba ph\u1ea3i, ph\u00f9 h\u1ee3p cho c\u00e1c gia \u0111\u00ecnh, c\u01a1 quan, v\u0103n ph\u00f2ng t\u1eeb 3-10 ng\u01b0\u1eddi. V\u1edbi dung t\u00edch n\u00e0y ng\u01b0\u1eddi d\u00f9ng d\u1ec5 d\u00e0ng di chuy\u1ec3n, l\u1ea5y n\u01b0\u1edbc hay s\u1eed d\u1ee5ng \u1edf b\u1ea5t v\u1ecb tr\u00ed n\u00e0o c\u00f3 ngu\u1ed3n \u0111i\u1ec7n. Ch\u1ec9 c\u1ea7n m\u1ed9t l\u1ea7n n\u1ea5u n\u01b0\u1edbc l\u00e0 \u0111\u1ee7 cho nhi\u1ec1u ng\u01b0\u1eddi s\u1eed d\u1ee5ng m\u00e0 kh\u00f4ng m\u1ea5t th\u1eddi gian c\u0169ng nh\u01b0 c\u00f4ng s\u1ee9c.<\/li>\n<\/ul>\n<h3><b>3. S\u1eec D\u1ee4NG D\u1ec4 D\u00c0NG<\/b><\/h3>\n<ul>\n<li aria-level=\"1\">OLIVO EK207 kh\u00f4ng ch\u1ec9 c\u00f3 th\u1eddi gian \u0111un s\u00f4i n\u01b0\u1edbc nhanh ch\u00f3ng, m\u00e0 c\u00e1ch s\u1eed d\u1ee5ng c\u0169ng v\u00f4 c\u00f9ng d\u1ec5 d\u00e0ng nh\u1edd c\u00f4ng t\u1eafc B\u1eadt\/T\u1eaft \u0111\u01b0\u1ee3c thi\u1ebft k\u1ebf n\u1ed5i b\u1eadt v\u00e0 d\u1ec5 th\u1ea5y ngay b\u00ean d\u01b0\u1edbi tay c\u1ea7m. Khi n\u01b0\u1edbc s\u00f4i, b\u1ed9 ph\u1eadn r\u01a1-le nhi\u1ec7t c\u1ea3m \u1ee9ng s\u1ebd t\u1ef1 \u0111\u1ed9ng ng\u1eaft \u0111i\u1ec7n, tr\u00e1nh t\u00ecnh tr\u1ea1ng tr\u00e0o n\u01b0\u1edbc ra ngo\u00e0i ho\u1eb7c \u0111un s\u00f4i li\u00ean t\u1ee5c g\u00e2y c\u1ea1n n\u01b0\u1edbc, \u0111\u1ea3m b\u1ea3o an to\u00e0n cho ng\u01b0\u1eddi d\u00f9ng.<\/li>\n<li aria-level=\"1\">B\u00ean c\u1ea1nh \u0111\u00f3, h\u1ec7 th\u1ed1ng \u0111\u00e8n Led \u0111\u01b0\u1ee3c t\u00edch h\u1ee3p ngay \u1edf n\u00fat B\u1eadt\/T\u1eaft c\u0169ng s\u1ebd hi\u1ec3n th\u1ecb t\u1eeb l\u00fac b\u1eaft \u0111\u1ea7u cho \u0111\u1ebfn khi k\u1ebft th\u00fac qu\u00e1 tr\u00ecnh \u0111un s\u00f4i n\u01b0\u1edbc, gi\u00fap ng\u01b0\u1eddi d\u00f9ng d\u1ec5 d\u00e0ng nh\u1eadn bi\u1ebft t\u00ecnh tr\u1ea1ng c\u1ee7a \u1ea5m c\u00f3 \u0111ang ho\u1ea1t \u0111\u1ed9ng hay kh\u00f4ng.<\/li>\n<\/ul>\n<h3><b>4. THI\u1ebeT K\u1ebe T\u1ed0I GI\u1ea2N, SANG TR\u1eccNG PH\u00d9 H\u1ee2P V\u1edaI M\u1eccI KH\u00d4NG GIAN<\/b><\/h3>\n<ul>\n<li aria-level=\"1\">\u0110\u1ed1i v\u1edbi thi\u1ebft b\u1ecb \u1ea5m si\u00eau t\u1ed1c th\u01b0\u1eddng kh\u00f4ng b\u1ecb gi\u1edbi h\u1ea1n v\u1ec1 kh\u00f4ng gian, ng\u01b0\u1eddi d\u00f9ng c\u00f3 th\u1ec3 \u0111\u1eb7t \u1edf b\u1ea5t c\u1ee9 v\u1ecb tr\u00ed n\u00e0o, th\u1eadm ch\u00ed c\u1ea3 ph\u00f2ng kh\u00e1ch \u0111\u1ec3 thu\u1eadn ti\u1ec7n cho vi\u1ec7c s\u1eed d\u1ee5ng. Do \u0111\u00f3, thi\u1ebft k\u1ebf c\u0169ng nh\u01b0 ki\u1ec3u d\u00e1ng c\u1ee7a \u1ea5m c\u1ea7n h\u00e0i h\u00f2a v\u1edbi m\u1ecdi kh\u00f4ng gian v\u00e0 t\u00f4n l\u00ean v\u1ebb sang tr\u1ecdng, th\u1ec3 hi\u1ec7n gu th\u1ea9m m\u1ef9 c\u1ee7a ng\u01b0\u1eddi d\u00f9ng.<\/li>\n<li aria-level=\"1\">Ch\u00ednh v\u00ec th\u1ebf, trong qu\u00e1 tr\u00ecnh nghi\u00ean c\u1ee9u v\u00e0 s\u1ea3n xu\u1ea5t th\u1ebf h\u1ec7 \u1ea5m si\u00eau t\u1ed1c OLIVO EK207, nh\u00e0 s\u1ea3n xu\u1ea5t \u0111\u00e3 ch\u1ecdn thi\u1ebft k\u1ebf \u1ea5m theo phong c\u00e1ch Lagom v\u1edbi gam m\u00e0u ch\u1ee7 \u0111\u1ea1o l\u00e0 2 m\u00e0u tr\u1eafng v\u00e0 \u0111en theo ti\u00eau ch\u00ed \u0111\u01a1n gi\u1ea3n, tinh t\u1ebf, sang tr\u1ecdng nh\u01b0ng v\u1eabn \u1ea5n t\u01b0\u1ee3ng, tr\u1edf th\u00e0nh \u0111i\u1ec3m nh\u1ea5n khi \u0111\u1eb7t \u1edf b\u1ea5t k\u1ef3 kh\u00f4ng gian n\u00e0o.<\/li>\n<\/ul>\n<h3><b>5. V\u1eacT LI\u1ec6U CAO C\u1ea4P<\/b><\/h3>\n<ul>\n<li aria-level=\"1\">M\u1ed9t s\u1ea3n ph\u1ea9m c\u00f3 \u0111\u01b0\u1ee3c \u0111\u00e1nh gi\u00e1 l\u00e0 cao c\u1ea5p hay kh\u00f4ng n\u1eb1m \u1edf ch\u1ea5t li\u1ec7u s\u1ea3n ph\u1ea9m. Th\u1ee9 nh\u1ea5t l\u00e0 ph\u1ea3i \u0111\u1ea1t \u0111\u1ed9 B\u1ec0N B\u1ec8, th\u1ee9 hai ph\u1ea3i \u0111\u1ea1t \u0111\u1ed9 AN TO\u00c0N, \u0111\u1eb7c bi\u1ec7t c\u00e1c s\u1ea3n ph\u1ea9m gia d\u1ee5ng s\u1ebd ti\u1ebfp x\u00fac tr\u1ef1c ti\u1ebfp v\u1edbi th\u1ef1c ph\u1ea9m \u1edf nhi\u1ec7t \u0111\u1ed9 cao th\u00ec c\u00e0ng ph\u1ea3i s\u1eed d\u1ee5ng c\u00e1c v\u1eadt li\u1ec7u cao c\u1ea5p \u0111\u1ec3 \u0111\u1ea3m b\u1ea3o s\u1ee9c kh\u1ecfe ng\u01b0\u1eddi d\u00f9ng.<\/li>\n<li aria-level=\"1\">Th\u00e2m \u1ea5m v\u00e0 quai c\u1ea7m \u0111\u01b0\u1ee3c l\u00e0m t\u1eeb nh\u1ef1a PP cao c\u1ea5p kh\u00f4ng m\u00f9i, c\u00e1ch nhi\u1ec7t, c\u00e1ch \u0111i\u1ec7n v\u00e0 ch\u1ed1ng b\u1ecfng, ch\u1ecbu l\u1ef1c va \u0111\u1eadp, ng\u01b0\u1eddi d\u00f9ng c\u00f3 th\u1ec3 ho\u00e0n to\u00e0n y\u00ean t\u00e2m s\u1eed d\u1ee5ng m\u00e0 kh\u00f4ng c\u1ea7n lo l\u1eafng v\u1ec1 \u0111\u1ed9 an to\u00e0n c\u1ee7a s\u1ea3n ph\u1ea9m.<\/li>\n<li aria-level=\"1\">L\u00f2ng \u1ea5m INOX 304 cao c\u1ea5p ch\u1ed1ng \u0103n m\u00f2n, ch\u1ed1ng g\u1ec9 s\u00e9t, gi\u1eef nhi\u1ec7t t\u1ed1t v\u00e0 an to\u00e0n cho s\u1ee9c kh\u1ecfe ng\u01b0\u1eddi d\u00f9ng n\u00ean ng\u01b0\u1eddi d\u00f9ng c\u00f3 th\u1ec3 ho\u00e0n to\u00e0n y\u00ean t\u00e2m s\u1eed d\u1ee5ng h\u1eb1ng ng\u00e0y. Ch\u1ea5t li\u1ec7u n\u00e0y c\u0169ng d\u1ec5 d\u00e0ng v\u1ec7 sinh v\u00e0 l\u00e0m s\u1ea1ch, \u0111\u1ea3m b\u1ea3o l\u00f2ng \u1ea5m lu\u00f4n s\u1ea1ch bong v\u00e0 s\u00e1ng b\u00f3ng.<\/li>\n<\/ul>\n<h3><b>6. AN TO\u00c0N TUY\u1ec6T \u0110\u1ed0I<\/b><\/h3>\n<ul>\n<li aria-level=\"1\">B\u00ean c\u1ea1nh c\u00f4ng n\u0103ng v\u00e0 thi\u1ebft k\u1ebf, th\u00ec an to\u00e0n c\u0169ng l\u00e0 m\u1ed9t ti\u00eau ch\u00ed v\u00f4 c\u00f9ng quan tr\u1ecdng khi l\u1ef1a ch\u1ecdn c\u00e1c thi\u1ebft b\u1ecb gia d\u1ee5ng. V\u1edbi OLIVO EK207 ng\u01b0\u1eddi d\u00f9ng c\u00f3 th\u1ec3 ho\u00e0n to\u00e0n y\u00ean t\u00e2m khi s\u1eed d\u1ee5ng s\u1ea3n ph\u1ea9m n\u00e0y b\u1edfi c\u00e1c chi ti\u1ebft c\u1ee7a \u1ea5m \u0111\u1ec1u \u0111\u01b0\u1ee3c t\u00ednh to\u00e0n v\u00e0 nghi\u00ean c\u1ee9u t\u1ec9 m\u1ec9, \u0111\u1ea3m b\u1ea3o an to\u00e0n tuy\u1ec7t \u0111\u1ed1i cho ng\u01b0\u1eddi d\u00f9ng:<\/li>\n<li aria-level=\"1\">Th\u00e2n \u1ea5m thi\u1ebft k\u1ebf 2 l\u1edbp, l\u1edbp b\u00ean trong \u0111\u01b0\u1ee3c l\u00e0m t\u1eeb INOX 304 kh\u00f4ng sinh ra ch\u1ea5t g\u00e2y h\u1ea1i khi ti\u1ebfp x\u00fac v\u1edbi n\u01b0\u1edbc \u1edf nhi\u1ec7t \u0111\u1ed9 cao, kh\u00f4ng g\u1ec9 s\u00e9t g\u00e2y \u1ea3nh h\u01b0\u1edfng \u0111\u1ebfn ch\u1ea5t l\u01b0\u1ee3ng n\u01b0\u1edbc v\u00e0 s\u1ee9c kh\u1ecfe ng\u01b0\u1eddi d\u00f9ng. L\u1edbp v\u1ecf ngo\u00e0i \u0111\u01b0\u1ee3c l\u00e0m t\u1eeb nh\u1ef1a PP cao c\u1ea5p, \u0111\u1ea3m b\u1ea3o khi n\u01b0\u1edbc s\u00f4i hay trong qu\u00e1 tr\u00ecnh r\u00f3t n\u01b0\u1edbc kh\u00f4ng g\u00e2y b\u1ecfng cho ng\u01b0\u1eddi d\u00f9ng.<\/li>\n<li aria-level=\"1\">Quai c\u1ea7m ch\u1eafc ch\u1eafn k\u1ebft h\u1ee3p v\u1edbi thi\u1ebft k\u1ebf bo tr\u00f2n gi\u00fap cho vi\u1ec7c c\u1ea7m gi\u1eef, l\u1ea5y n\u01b0\u1edbc v\u00e0 r\u00f3t n\u01b0\u1edbc \u0111\u01b0\u1ee3c d\u1ec5 d\u00e0ng.<\/li>\n<li aria-level=\"1\">N\u1eafp \u1ea5m \u0111\u01b0\u1ee3c trang b\u1ecb gio\u0103ng cao su \u0111\u1ea3m b\u1ea3o trong qu\u00e1 tr\u00ecnh r\u00f3t n\u01b0\u1edbc s\u00f4i kh\u00f4ng b\u1ecb tr\u01b0\u1ee3t n\u1eafp hay kh\u00f4ng th\u1ec3 t\u1ef1 \u0111\u1ed9ng b\u1eadt m\u1edf n\u1ebfu nh\u01b0 kh\u00f4ng c\u00f3 l\u1ef1c t\u00e1c \u0111\u1ed9ng v\u00e0o.<\/li>\n<\/ul>\n<h3><b>7. C\u00d4NG SU\u1ea4T L\u1edaN, \u0110UN S\u00d4I N\u01af\u1edaC NHANH CH\u00d3NG<\/b><\/h3>\n<ul>\n<li aria-level=\"1\">V\u1edbi c\u00f4ng su\u1ea5t l\u00ean \u0111\u1ebfn 2000W, OLIVO EK207 cho kh\u1ea3 n\u0103ng \u0111un s\u00f4i n\u01b0\u1edbc ch\u1ec9 trong m\u1ed9t th\u1eddi gian ng\u1eafn. Khi nh\u00e0 c\u00f3 kh\u00e1ch, pha tr\u00e0, caf\u00e9, \u0111un n\u01b0\u1edbc \u0111\u1ec3 n\u1ea5u m\u00ec\u2026 ng\u01b0\u1eddi d\u00f9ng kh\u00f4ng c\u1ea7n m\u1ea5t th\u1eddi gian ch\u1edd \u0111\u1ee3i. \u0110i\u1ec1u n\u00e0y kh\u00f4ng ch\u1ec9 mang \u0111\u1ebfn s\u1ef1 ti\u1ec7n l\u1ee3i cho ng\u01b0\u1eddi d\u00f9ng m\u00e0 c\u00f2n gi\u00fap ti\u1ebft ki\u1ec7m t\u1ed1i \u0111a \u0111i\u1ec7n n\u0103ng m\u1ed9t c\u00e1ch v\u00f4 c\u00f9ng hi\u1ec7u qu\u1ea3.<\/li>\n<\/ul>\n<h3><b>8. TH\u00d9NG H\u1ed8P CH\u1eaeC CH\u1eaeN<\/b><\/h3>\n<ul>\n<li aria-level=\"1\">Th\u00f9ng h\u1ed9p mang \u0111\u1eadm phong c\u00e1ch OLIVO lu\u00f4n ch\u1eafc ch\u1eafn v\u00e0 \u1ea5n t\u01b0\u1ee3ng \u0111\u1ea3m b\u1ea3o an to\u00e0n kh\u00f4ng b\u1ecb m\u00f3p m\u00e9o trong qu\u00e1 tr\u00ecnh v\u1eadn chuy\u1ec3n.<\/li>\n<li aria-level=\"1\">Nh\u1eefng th\u00f4ng s\u1ed1 k\u1ef9 thu\u1eadt c\u01a1 b\u1ea3n c\u1ee7a m\u00e1y c\u0169ng nh\u01b0 h\u00ecnh \u1ea3nh s\u1ea3n ph\u1ea9m th\u1ef1c t\u1ebf c\u0169ng \u0111\u01b0\u1ee3c th\u1ec3 hi\u1ec7n r\u00f5 r\u00e0ng, sinh \u0111\u1ed9ng ngay tr\u00ean v\u1ecf h\u1ed9p. Ch\u1ec9 c\u1ea7n \u0111\u1ecdc c\u00e1c th\u00f4ng s\u1ed1 tr\u00ean th\u00f9ng h\u1ed9p l\u00e0 b\u1ea1n n\u1eafm \u0111\u01b0\u1ee3c c\u00f4ng n\u0103ng v\u00e0 \u01b0u \u0111i\u1ec3m n\u1ed5i tr\u1ed9i c\u1ee7a s\u1ea3n ph\u1ea9m.<\/li>\n<\/ul>\n<\/div>\n<\/div>\n","protected":false},"excerpt":{"rendered":"<p>&nbsp; NH\u1eeeNG \u01afU \u0110I\u1ec2M V\u01af\u1ee2T TR\u1ed8I C\u1ee6A \u1ea4M SI\u00caU T\u1ed0C OLIVO EK207 \u1ea4m si\u00eau t\u1ed1c OLIVO EK207 \u0111\u01b0\u1ee3c thi\u1ebft k\u1ebf sang tr\u1ecdng v\u00e0 tinh t\u1ebf, mang \u0111\u1ebfn v\u1ebb \u0111\u1eb9p t\u1ed1i gi\u1ea3n cho m\u1ecdi kh\u00f4ng gian. \u0110\u00e2y c\u0169ng l\u00e0 \u1ea5m n\u01b0\u1edbc t\u00edch h\u1ee3p nhi\u1ec1u c\u00f4ng ngh\u1ec7 hi\u1ec7n \u0111\u1ea1i nh\u01b0 b\u1ed9 \u0111i\u1ec1u khi\u1ec3n STRIX v\u00e0 ch\u1ed1ng \u0111un&#8230;<\/p>\n","protected":false},"featured_media":5289,"comment_status":"open","ping_status":"closed","template":"","meta":[],"product_brand":[],"product_cat":[61,76],"product_tag":[],"class_list":{"0":"post-5288","1":"product","2":"type-product","3":"status-publish","4":"has-post-thumbnail","6":"product_cat-hang-gia-dung","7":"product_cat-am-dun-sieu-toc","9":"first","10":"instock","11":"shipping-taxable","12":"product-type-simple"},"_links":{"self":[{"href":"https:\/\/nhadepbepxinh.com.vn\/index.php?rest_route=\/wp\/v2\/product\/5288","targetHints":{"allow":["GET"]}}],"collection":[{"href":"https:\/\/nhadepbepxinh.com.vn\/index.php?rest_route=\/wp\/v2\/product"}],"about":[{"href":"https:\/\/nhadepbepxinh.com.vn\/index.php?rest_route=\/wp\/v2\/types\/product"}],"replies":[{"embeddable":true,"href":"https:\/\/nhadepbepxinh.com.vn\/index.php?rest_route=%2Fwp%2Fv2%2Fcomments&post=5288"}],"wp:featuredmedia":[{"embeddable":true,"href":"https:\/\/nhadepbepxinh.com.vn\/index.php?rest_route=\/wp\/v2\/media\/5289"}],"wp:attachment":[{"href":"https:\/\/nhadepbepxinh.com.vn\/index.php?rest_route=%2Fwp%2Fv2%2Fmedia&parent=5288"}],"wp:term":[{"taxonomy":"product_brand","embeddable":true,"href":"https:\/\/nhadepbepxinh.com.vn\/index.php?rest_route=%2Fwp%2Fv2%2Fproduct_brand&post=5288"},{"taxonomy":"product_cat","embeddable":true,"href":"https:\/\/nhadepbepxinh.com.vn\/index.php?rest_route=%2Fwp%2Fv2%2Fproduct_cat&post=5288"},{"taxonomy":"product_tag","embeddable":true,"href":"https:\/\/nhadepbepxinh.com.vn\/index.php?rest_route=%2Fwp%2Fv2%2Fproduct_tag&post=5288"}],"curies":[{"name":"wp","href":"https:\/\/api.w.org\/{rel}","templated":true}]}}