{"id":5205,"date":"2025-04-29T15:22:02","date_gmt":"2025-04-29T08:22:02","guid":{"rendered":"https:\/\/nhadepbepxinh.com.vn\/?post_type=product&#038;p=5205"},"modified":"2025-04-29T15:22:03","modified_gmt":"2025-04-29T08:22:03","slug":"noi-chien-hoi-nuoc-tapuho-tsf16","status":"publish","type":"product","link":"https:\/\/nhadepbepxinh.com.vn\/?product=noi-chien-hoi-nuoc-tapuho-tsf16","title":{"rendered":"N\u1ed3i Chi\u00ean H\u01a1i N\u01b0\u1edbc TAPUHO TSF16"},"content":{"rendered":"<p><em><strong>TH\u00d4NG S\u00d4\u0301 KY\u0303 THU\u00c2\u0323T<\/strong><\/em><\/p>\n<table width=\"1006\">\n<tbody>\n<tr>\n<td>\n<div>Xu\u1ea5t x\u1ee9 th\u01b0\u01a1ng hi\u1ec7u<\/div>\n<\/td>\n<td>\n<div>\u0110\u1ee9c<\/div>\n<\/td>\n<\/tr>\n<tr>\n<td>\n<div>\u00a0M\u00e3 s\u1ea3n ph\u1ea9m<\/div>\n<\/td>\n<td>\n<div>TSF16<\/div>\n<\/td>\n<\/tr>\n<tr>\n<td>\n<div>\u00a0Ti\u00eau chu\u1ea9n c\u00f4ng ngh\u1ec7<\/div>\n<\/td>\n<td>\n<div>\u0110\u1ee9c<\/div>\n<\/td>\n<\/tr>\n<tr>\n<td>\n<div>\u00a0C\u00f4ng su\u1ea5t n\u01b0\u1edbng<\/div>\n<\/td>\n<td>\n<div>1800W<\/div>\n<\/td>\n<\/tr>\n<tr>\n<td>\n<div>\u00a0C\u00f4ng su\u1ea5t h\u1ea5p<\/div>\n<\/td>\n<td>\n<div>1000W<\/div>\n<\/td>\n<\/tr>\n<tr>\n<td>\n<div>\u00a0\u0110i\u1ec7n \u00e1p \u0111\u1ecbnh m\u1ee9c<\/div>\n<\/td>\n<td>\n<div>220-240V\/50- 60Hz<\/div>\n<\/td>\n<\/tr>\n<tr>\n<td>\n<div>\u00a0Dung t\u00edch<\/div>\n<\/td>\n<td>\n<div>16 L<\/div>\n<\/td>\n<\/tr>\n<tr>\n<td>\n<div>\u00a0D\u1ea3i nhi\u1ec7t ch\u1ee9c n\u0103ng n\u01b0\u1edbng<\/div>\n<\/td>\n<td>\n<div>30 &#8211; 230 \u0111\u1ed9 C<\/div>\n<\/td>\n<\/tr>\n<tr>\n<td>\n<div>\u00a0D\u1ea3i nhi\u1ec7t ch\u1ee9c n\u0103ng h\u1ea5p<\/div>\n<\/td>\n<td>\n<div>40 \u2013 130\u00a0\u0111\u1ed9 C<\/div>\n<\/td>\n<\/tr>\n<tr>\n<td>\n<div>\u00a0K\u00edch th\u01b0\u1edbc n\u1ed3i<\/div>\n<\/td>\n<td>\n<div>335mm*320mm*355mm<\/div>\n<\/td>\n<\/tr>\n<tr>\n<td>\n<div>\u00a0K\u00edch th\u01b0\u1edbc \u0111\u00f3ng g\u00f3i<\/div>\n<\/td>\n<td>\n<div>406mm*379mm*437mm<\/div>\n<\/td>\n<\/tr>\n<tr>\n<td>\n<div>\u00a0B\u1ea3o h\u00e0nh<\/div>\n<\/td>\n<td>\n<div>30 th\u00e1ng; L\u1ed7i 1 \u0111\u1ed5i 1 trong 10 ng\u00e0y<\/div>\n<\/td>\n<\/tr>\n<\/tbody>\n<\/table>\n<h1 class=\"grid-item with\"><img decoding=\"async\" src=\"https:\/\/tapuho.com\/pic\/Product\/images\/N%E1%BB%93i%20chi%C3%AAn\/logo%20m%E1%BB%9Bi%201\/z5385524862714_510939172443200108db47acae8ac5d8.jpg\" alt=\"\" \/><\/h1>\n<h1 class=\"grid-item with\"><img decoding=\"async\" src=\"https:\/\/tapuho.com\/pic\/Product\/images\/N%E1%BB%93i%20chi%C3%AAn\/logo%20m%E1%BB%9Bi%201\/z5385524874979_4c45e851a6ca22b15ecde231af2b6123.jpg\" alt=\"\" \/><\/h1>\n<h1 class=\"grid-item with\"><img decoding=\"async\" src=\"https:\/\/tapuho.com\/pic\/Product\/images\/N%E1%BB%93i%20chi%C3%AAn\/logo%20m%E1%BB%9Bi%201\/z5385524874980_ec178c34bb1d7b178abfa1ebbae1e123.jpg\" alt=\"\" \/><\/h1>\n<h1 class=\"grid-item with\"><img decoding=\"async\" src=\"https:\/\/tapuho.com\/pic\/Product\/images\/N%E1%BB%93i%20chi%C3%AAn\/logo%20m%E1%BB%9Bi%201\/z5385524885013_93b5dfd7e6240f2d7bf5c1b7c08d5ee4.jpg\" alt=\"\" \/><\/h1>\n<h1 class=\"grid-item with\"><img decoding=\"async\" src=\"https:\/\/tapuho.com\/pic\/Product\/images\/N%E1%BB%93i%20chi%C3%AAn\/logo%20m%E1%BB%9Bi%201\/z5385524874978_d76a31fd920dd255193ac223600709dc.jpg\" alt=\"\" \/><\/h1>\n<h1 class=\"grid-item with\"><img decoding=\"async\" src=\"https:\/\/tapuho.com\/pic\/Product\/images\/N%E1%BB%93i%20chi%C3%AAn\/logo%20m%E1%BB%9Bi%201\/z5385524917866_88e6761c9e873afb63932f7020e93a61.jpg\" alt=\"\" \/><\/h1>\n<h1 class=\"grid-item with\"><img decoding=\"async\" src=\"https:\/\/tapuho.com\/pic\/Product\/images\/N%E1%BB%93i%20chi%C3%AAn\/logo%20m%E1%BB%9Bi%201\/z5385524824407_088fad9e247f20f8f3f6cfe3017a0737.jpg\" alt=\"\" \/><\/h1>\n<h1 class=\"grid-item with\"><img decoding=\"async\" src=\"https:\/\/tapuho.com\/pic\/Product\/images\/N%E1%BB%93i%20chi%C3%AAn\/logo%20m%E1%BB%9Bi%201\/z5385524852423_f285c146a23c9a1360453d266d471705.jpg\" alt=\"\" \/><\/h1>\n<h1 class=\"grid-item with\"><img decoding=\"async\" src=\"https:\/\/tapuho.com\/pic\/Product\/images\/N%E1%BB%93i%20chi%C3%AAn\/logo%20m%E1%BB%9Bi%201\/z5385524894953_ef1e52d2fe27f6b994bc108c8738a751.jpg\" alt=\"\" \/><\/h1>\n<h1 class=\"grid-item with\"><img decoding=\"async\" src=\"https:\/\/tapuho.com\/pic\/Product\/images\/N%E1%BB%93i%20chi%C3%AAn\/logo%20m%E1%BB%9Bi%201\/z5385524906060_801e335b82a7a9fb42fff7c452b472f5.jpg\" alt=\"\" \/><\/h1>\n<h1 class=\"grid-item with\"><img decoding=\"async\" src=\"https:\/\/tapuho.com\/pic\/Product\/images\/N%E1%BB%93i%20chi%C3%AAn\/logo%20m%E1%BB%9Bi%201\/z5385524940965_cb2a0d8a8e03179be00d84c6831571d2.jpg\" alt=\"\" \/><\/h1>\n<h1 class=\"grid-item with\"><img decoding=\"async\" src=\"https:\/\/tapuho.com\/pic\/Product\/images\/chi%C3%AAn%20h%E1%BA%A5p.jpg\" alt=\"\" \/><\/h1>\n<h1 class=\"grid-item with\"><img decoding=\"async\" src=\"https:\/\/tapuho.com\/pic\/Product\/images\/%C4%91a%20n%C4%83ng.jpg\" alt=\"\" \/><\/h1>\n<h1 class=\"grid-item with\"><img decoding=\"async\" src=\"https:\/\/tapuho.com\/pic\/Product\/images\/N%E1%BB%93i%20chi%C3%AAn\/logo%20m%E1%BB%9Bi%201\/z5378165642322_92a9d3e455395a727442989c92d6959e.jpg\" alt=\"\" \/><\/h1>\n","protected":false},"excerpt":{"rendered":"<p>TH\u00d4NG S\u00d4\u0301 KY\u0303 THU\u00c2\u0323T Xu\u1ea5t x\u1ee9 th\u01b0\u01a1ng hi\u1ec7u \u0110\u1ee9c \u00a0M\u00e3 s\u1ea3n ph\u1ea9m TSF16 \u00a0Ti\u00eau chu\u1ea9n c\u00f4ng ngh\u1ec7 \u0110\u1ee9c \u00a0C\u00f4ng su\u1ea5t n\u01b0\u1edbng 1800W \u00a0C\u00f4ng su\u1ea5t h\u1ea5p 1000W \u00a0\u0110i\u1ec7n \u00e1p \u0111\u1ecbnh m\u1ee9c 220-240V\/50- 60Hz \u00a0Dung t\u00edch 16 L \u00a0D\u1ea3i nhi\u1ec7t ch\u1ee9c n\u0103ng n\u01b0\u1edbng 30 &#8211; 230 \u0111\u1ed9 C \u00a0D\u1ea3i nhi\u1ec7t ch\u1ee9c n\u0103ng h\u1ea5p 40 \u2013 130\u00a0\u0111\u1ed9 C&#8230;<\/p>\n","protected":false},"featured_media":5206,"comment_status":"open","ping_status":"closed","template":"","meta":[],"product_brand":[],"product_cat":[61,63],"product_tag":[],"class_list":{"0":"post-5205","1":"product","2":"type-product","3":"status-publish","4":"has-post-thumbnail","6":"product_cat-hang-gia-dung","7":"product_cat-noi-chien-hoi-nuoc","9":"first","10":"instock","11":"shipping-taxable","12":"product-type-simple"},"_links":{"self":[{"href":"https:\/\/nhadepbepxinh.com.vn\/index.php?rest_route=\/wp\/v2\/product\/5205","targetHints":{"allow":["GET"]}}],"collection":[{"href":"https:\/\/nhadepbepxinh.com.vn\/index.php?rest_route=\/wp\/v2\/product"}],"about":[{"href":"https:\/\/nhadepbepxinh.com.vn\/index.php?rest_route=\/wp\/v2\/types\/product"}],"replies":[{"embeddable":true,"href":"https:\/\/nhadepbepxinh.com.vn\/index.php?rest_route=%2Fwp%2Fv2%2Fcomments&post=5205"}],"wp:featuredmedia":[{"embeddable":true,"href":"https:\/\/nhadepbepxinh.com.vn\/index.php?rest_route=\/wp\/v2\/media\/5206"}],"wp:attachment":[{"href":"https:\/\/nhadepbepxinh.com.vn\/index.php?rest_route=%2Fwp%2Fv2%2Fmedia&parent=5205"}],"wp:term":[{"taxonomy":"product_brand","embeddable":true,"href":"https:\/\/nhadepbepxinh.com.vn\/index.php?rest_route=%2Fwp%2Fv2%2Fproduct_brand&post=5205"},{"taxonomy":"product_cat","embeddable":true,"href":"https:\/\/nhadepbepxinh.com.vn\/index.php?rest_route=%2Fwp%2Fv2%2Fproduct_cat&post=5205"},{"taxonomy":"product_tag","embeddable":true,"href":"https:\/\/nhadepbepxinh.com.vn\/index.php?rest_route=%2Fwp%2Fv2%2Fproduct_tag&post=5205"}],"curies":[{"name":"wp","href":"https:\/\/api.w.org\/{rel}","templated":true}]}}