{"id":5177,"date":"2025-04-28T17:41:27","date_gmt":"2025-04-28T10:41:27","guid":{"rendered":"https:\/\/nhadepbepxinh.com.vn\/?post_type=product&#038;p=5177"},"modified":"2025-04-28T17:41:27","modified_gmt":"2025-04-28T10:41:27","slug":"quat-cam-tay-tiross-usb-ts3422","status":"publish","type":"product","link":"https:\/\/nhadepbepxinh.com.vn\/?product=quat-cam-tay-tiross-usb-ts3422","title":{"rendered":"Qu\u1ea1t c\u1ea7m tay Tiross USB TS3422"},"content":{"rendered":"<div class=\"ProductDesc__Wrapper-sc-1xndkef-0 gazEik\">\n<div class=\"ProductDesc__Desc-sc-1xndkef-1 kiQDUx\">\n<h2 class=\"detail-product-title\">Th\u00f4ng tin chi ti\u1ebft<\/h2>\n<div class=\"product-desc-content\">\n<p>&#8211; Ch\u1ea5t li\u1ec7u nh\u1ef1a cao c\u1ea5p<\/p>\n<p>&#8211; C\u00f3 m\u00e0n h\u00ecnh hi\u1ec3n th\u1ecb<\/p>\n<p>&#8211; T\u1ed1c \u0111\u1ed9 t\u1eeb 01-100<\/p>\n<p>&#8211; C\u1ed5ng k\u1ebft n\u1ed1i type-C<\/p>\n<p>&#8211; \u0110\u1ea7u v\u00e0o \u0111\u1ecbnh m\u1ee9c 5V-1A<\/p>\n<p>&#8211; S\u1eed d\u1ee5ng pin li-on 3600mAh<\/p>\n<p>&#8211; Tr\u1ecdng l\u01b0\u1ee3ng: 188g<\/p>\n<p>&#8211; K\u00edch th\u01b0\u1edbc: 19 x 7.4 x 4.3 cm<\/p>\n<p><img decoding=\"async\" src=\"https:\/\/s3-ap-southeast-1.amazonaws.com\/tiross.vn\/uploads\/A-TS3422%20(3)-1745223122182-190527785.jpg\" alt=\"undefined\" \/><\/div>\n<\/div>\n<\/div>\n<div class=\"ProductSpec__Wrapper-sc-1demn7n-0 cxZjXB\">\n<div class=\"ProductSpec__Title-sc-1demn7n-2 FjZbk\"><em><strong>TH\u00d4NG S\u1ed0 K\u1ef8 THU\u1eacT<\/strong><\/em><\/div>\n<div class=\"ProductSpec__Container-sc-1demn7n-1 drQbrg\">\n<div class=\"ProductSpec__Table-sc-1demn7n-3 iPUdHJ\">\n<div class=\"ProductSpec__Row-sc-1demn7n-4 iSQzBw\">\n<div class=\"ProductSpec__Key-sc-1demn7n-5 kKDOVs\">T\u1ed1c \u0111\u1ed9 t\u1eeb<\/div>\n<div class=\"ProductSpec__Value-sc-1demn7n-6 essHcP\">01-100<\/div>\n<\/div>\n<div class=\"ProductSpec__Row-sc-1demn7n-4 iSQzBw\">\n<div class=\"ProductSpec__Key-sc-1demn7n-5 kKDOVs\">C\u00f3<\/div>\n<div class=\"ProductSpec__Value-sc-1demn7n-6 essHcP\">m\u00e0n h\u00ecnh hi\u1ec3n th\u1ecb<\/div>\n<\/div>\n<div class=\"ProductSpec__Row-sc-1demn7n-4 iSQzBw\">\n<div class=\"ProductSpec__Key-sc-1demn7n-5 kKDOVs\">\u0110\u1ea7u v\u00e0o \u0111\u1ecbnh m\u1ee9c<\/div>\n<div class=\"ProductSpec__Value-sc-1demn7n-6 essHcP\">5V-1A<\/div>\n<\/div>\n<div class=\"ProductSpec__Row-sc-1demn7n-4 iSQzBw\">\n<div class=\"ProductSpec__Key-sc-1demn7n-5 kKDOVs\">Tr\u1ecdng l\u01b0\u1ee3ng<\/div>\n<div class=\"ProductSpec__Value-sc-1demn7n-6 essHcP\">188g<\/div>\n<\/div>\n<div class=\"ProductSpec__Row-sc-1demn7n-4 iSQzBw\">\n<div class=\"ProductSpec__Key-sc-1demn7n-5 kKDOVs\">S\u1eed d\u1ee5ng pin li-on<\/div>\n<div class=\"ProductSpec__Value-sc-1demn7n-6 essHcP\">3600 mAh<\/div>\n<\/div>\n<div class=\"ProductSpec__Row-sc-1demn7n-4 iSQzBw\">\n<div class=\"ProductSpec__Key-sc-1demn7n-5 kKDOVs\">K\u00edch th\u01b0\u1edbc<\/div>\n<div class=\"ProductSpec__Value-sc-1demn7n-6 essHcP\">190 x 74 x 43 mm<\/div>\n<\/div>\n<\/div>\n<\/div>\n<\/div>\n","protected":false},"excerpt":{"rendered":"<p>Th\u00f4ng tin chi ti\u1ebft &#8211; Ch\u1ea5t li\u1ec7u nh\u1ef1a cao c\u1ea5p &#8211; C\u00f3 m\u00e0n h\u00ecnh hi\u1ec3n th\u1ecb &#8211; T\u1ed1c \u0111\u1ed9 t\u1eeb 01-100 &#8211; C\u1ed5ng k\u1ebft n\u1ed1i type-C &#8211; \u0110\u1ea7u v\u00e0o \u0111\u1ecbnh m\u1ee9c 5V-1A &#8211; S\u1eed d\u1ee5ng pin li-on 3600mAh &#8211; Tr\u1ecdng l\u01b0\u1ee3ng: 188g &#8211; K\u00edch th\u01b0\u1edbc: 19 x 7.4 x 4.3 cm TH\u00d4NG S\u1ed0 K\u1ef8 THU\u1eacT&#8230;<\/p>\n","protected":false},"featured_media":5178,"comment_status":"open","ping_status":"closed","template":"","meta":[],"product_brand":[],"product_cat":[87,129],"product_tag":[],"class_list":{"0":"post-5177","1":"product","2":"type-product","3":"status-publish","4":"has-post-thumbnail","6":"product_cat-quat-dien","7":"product_cat-quat-tich-dien","9":"first","10":"instock","11":"shipping-taxable","12":"product-type-simple"},"_links":{"self":[{"href":"https:\/\/nhadepbepxinh.com.vn\/index.php?rest_route=\/wp\/v2\/product\/5177","targetHints":{"allow":["GET"]}}],"collection":[{"href":"https:\/\/nhadepbepxinh.com.vn\/index.php?rest_route=\/wp\/v2\/product"}],"about":[{"href":"https:\/\/nhadepbepxinh.com.vn\/index.php?rest_route=\/wp\/v2\/types\/product"}],"replies":[{"embeddable":true,"href":"https:\/\/nhadepbepxinh.com.vn\/index.php?rest_route=%2Fwp%2Fv2%2Fcomments&post=5177"}],"wp:featuredmedia":[{"embeddable":true,"href":"https:\/\/nhadepbepxinh.com.vn\/index.php?rest_route=\/wp\/v2\/media\/5178"}],"wp:attachment":[{"href":"https:\/\/nhadepbepxinh.com.vn\/index.php?rest_route=%2Fwp%2Fv2%2Fmedia&parent=5177"}],"wp:term":[{"taxonomy":"product_brand","embeddable":true,"href":"https:\/\/nhadepbepxinh.com.vn\/index.php?rest_route=%2Fwp%2Fv2%2Fproduct_brand&post=5177"},{"taxonomy":"product_cat","embeddable":true,"href":"https:\/\/nhadepbepxinh.com.vn\/index.php?rest_route=%2Fwp%2Fv2%2Fproduct_cat&post=5177"},{"taxonomy":"product_tag","embeddable":true,"href":"https:\/\/nhadepbepxinh.com.vn\/index.php?rest_route=%2Fwp%2Fv2%2Fproduct_tag&post=5177"}],"curies":[{"name":"wp","href":"https:\/\/api.w.org\/{rel}","templated":true}]}}