{"id":5172,"date":"2025-04-28T17:38:37","date_gmt":"2025-04-28T10:38:37","guid":{"rendered":"https:\/\/nhadepbepxinh.com.vn\/?post_type=product&#038;p=5172"},"modified":"2025-04-28T17:38:37","modified_gmt":"2025-04-28T10:38:37","slug":"quat-tich-dien-tuan-hoan-khong-khi-ts2285","status":"publish","type":"product","link":"https:\/\/nhadepbepxinh.com.vn\/?product=quat-tich-dien-tuan-hoan-khong-khi-ts2285","title":{"rendered":"Qu\u1ea1t ti\u0301ch \u0111i\u00ea\u0323n tu\u1ea7n ho\u00e0n kh\u00f4ng kh\u00ed TS2285"},"content":{"rendered":"<p><strong>Qu\u1ea1t tu\u1ea7n ho\u00e0n kh\u00f4ng kh\u00ed USB &#8211; Qu\u1ea1t t\u00edch \u0111i\u1ec7n<\/strong><\/p>\n<ul>\n<li>M\u00e3 s\u1ea3n ph\u1ea9m:\u00a0<strong>TS2285<\/strong><\/li>\n<li>Lo\u1ea1i qu\u1ea1t:\u00a0<strong>Qu\u1ea1t t\u00edch \u0111i\u1ec7n<\/strong><\/li>\n<li>C\u00f4ng su\u1ea5t: 10W<\/li>\n<li>Ch\u1ea5t li\u1ec7u: PC + Kim lo\u1ea1i<\/li>\n<li>Dung l\u01b0\u1ee3ng pin 20.000mAh<\/li>\n<li>Th\u1eddi gian s\u1ea1c 4 ti\u1ebfng v\u00e0 s\u1eed d\u1ee5ng t\u1eeb (4-15) ti\u1ebfng.<\/li>\n<li>Ngu\u1ed3n \u0111i\u1ec7n s\u1ea1c: 5V-2A; c\u1ed5ng c\u1eafm Type C.<\/li>\n<li>Qu\u1ea1t \u0111\u01b0\u1ee3c trang b\u1ecb \u0111\u00e8n v\u1edbi 2 ch\u1ebf \u0111\u1ed9 chi\u1ebfu s\u00e1ng<\/li>\n<li>\u0110\u1ed9ng c\u01a1 tua-bin t\u1ed1c \u0111\u1ed9 cao (c\u00f4ng su\u1ea5t cao g\u1ea5p 16 l\u1ea7n \u0111\u1ed9ng c\u01a1 th\u01b0\u1eddng)<\/li>\n<li>7 c\u00e1nh qu\u1ea1t \u0111\u01b0\u1ee3c n\u00e2ng c\u1ea5p k\u00edch th\u01b0\u1edbc 16 cm<\/li>\n<li>\u0110\u01b0\u1eddng k\u00ednh qu\u1ea1t 25 cm<\/li>\n<li>C\u00f3 4 t\u1ed1c \u0111\u1ed9 gi\u00f3 tu\u1ef3 ch\u1ecdn.<\/li>\n<li>Th\u1ed5i xa t\u1edbi 8-10m.<\/li>\n<li>\u0110\u1ed9 \u1ed3n th\u1ea5p 15dB<\/li>\n<li>\u0110\u1ea7u c\u1eafm lo\u1ea1i Type C, c\u00f3 th\u1ec3 s\u1ea1c cho thi\u1ebft b\u1ecb kh\u00e1c<\/li>\n<li>Ch\u00e2n \u0111\u1ebf ch\u1eafc ch\u1eafn v\u00e0 c\u00f3 th\u1ec3 d\u00f9ng trong nh\u00e0 v\u00e0 ngo\u00e0i tr\u1eddi.<\/li>\n<li>C\u00f3 th\u1ec3 \u0111\u1ec3 qu\u1ea1t \u0111\u1ee9ng, treo t\u01b0\u1eddng, mang theo du l\u1ecbch (Camping fan)<\/li>\n<li>Tr\u1ecdng l\u01b0\u1ee3ng s\u1ea3n ph\u1ea9m: 1500g.<\/li>\n<li>K\u00edch th\u01b0\u1edbc s\u1ea3n ph\u1ea9m: 25.4&#215;25.4&#215;14.5 cm<\/li>\n<li>K\u00edch th\u01b0\u1edbc h\u1ed9p: 26&#215;12.9&#215;28 cm<\/li>\n<\/ul>\n","protected":false},"excerpt":{"rendered":"<p>Qu\u1ea1t tu\u1ea7n ho\u00e0n kh\u00f4ng kh\u00ed USB &#8211; Qu\u1ea1t t\u00edch \u0111i\u1ec7n M\u00e3 s\u1ea3n ph\u1ea9m:\u00a0TS2285 Lo\u1ea1i qu\u1ea1t:\u00a0Qu\u1ea1t t\u00edch \u0111i\u1ec7n C\u00f4ng su\u1ea5t: 10W Ch\u1ea5t li\u1ec7u: PC + Kim lo\u1ea1i Dung l\u01b0\u1ee3ng pin 20.000mAh Th\u1eddi gian s\u1ea1c 4 ti\u1ebfng v\u00e0 s\u1eed d\u1ee5ng t\u1eeb (4-15) ti\u1ebfng. Ngu\u1ed3n \u0111i\u1ec7n s\u1ea1c: 5V-2A; c\u1ed5ng c\u1eafm Type C. Qu\u1ea1t \u0111\u01b0\u1ee3c trang b\u1ecb \u0111\u00e8n v\u1edbi&#8230;<\/p>\n","protected":false},"featured_media":5173,"comment_status":"open","ping_status":"closed","template":"","meta":[],"product_brand":[],"product_cat":[87,129],"product_tag":[],"class_list":{"0":"post-5172","1":"product","2":"type-product","3":"status-publish","4":"has-post-thumbnail","6":"product_cat-quat-dien","7":"product_cat-quat-tich-dien","9":"first","10":"instock","11":"shipping-taxable","12":"product-type-simple"},"_links":{"self":[{"href":"https:\/\/nhadepbepxinh.com.vn\/index.php?rest_route=\/wp\/v2\/product\/5172","targetHints":{"allow":["GET"]}}],"collection":[{"href":"https:\/\/nhadepbepxinh.com.vn\/index.php?rest_route=\/wp\/v2\/product"}],"about":[{"href":"https:\/\/nhadepbepxinh.com.vn\/index.php?rest_route=\/wp\/v2\/types\/product"}],"replies":[{"embeddable":true,"href":"https:\/\/nhadepbepxinh.com.vn\/index.php?rest_route=%2Fwp%2Fv2%2Fcomments&post=5172"}],"wp:featuredmedia":[{"embeddable":true,"href":"https:\/\/nhadepbepxinh.com.vn\/index.php?rest_route=\/wp\/v2\/media\/5173"}],"wp:attachment":[{"href":"https:\/\/nhadepbepxinh.com.vn\/index.php?rest_route=%2Fwp%2Fv2%2Fmedia&parent=5172"}],"wp:term":[{"taxonomy":"product_brand","embeddable":true,"href":"https:\/\/nhadepbepxinh.com.vn\/index.php?rest_route=%2Fwp%2Fv2%2Fproduct_brand&post=5172"},{"taxonomy":"product_cat","embeddable":true,"href":"https:\/\/nhadepbepxinh.com.vn\/index.php?rest_route=%2Fwp%2Fv2%2Fproduct_cat&post=5172"},{"taxonomy":"product_tag","embeddable":true,"href":"https:\/\/nhadepbepxinh.com.vn\/index.php?rest_route=%2Fwp%2Fv2%2Fproduct_tag&post=5172"}],"curies":[{"name":"wp","href":"https:\/\/api.w.org\/{rel}","templated":true}]}}