{"id":5162,"date":"2025-04-28T17:29:32","date_gmt":"2025-04-28T10:29:32","guid":{"rendered":"https:\/\/nhadepbepxinh.com.vn\/?post_type=product&#038;p=5162"},"modified":"2025-04-28T17:29:33","modified_gmt":"2025-04-28T10:29:33","slug":"chao-inox-wmf-pfanne-frying-pan-18cm","status":"publish","type":"product","link":"https:\/\/nhadepbepxinh.com.vn\/?product=chao-inox-wmf-pfanne-frying-pan-18cm","title":{"rendered":"Ch\u1ea3o inox WMF Pfanne Frying Pan 18cm"},"content":{"rendered":"<p class=\"QN2lPu\"><big>&#8211; Th\u00f4ng s\u1ed1 k\u1ef9 thu\u1eadt :<\/big><\/p>\n<p class=\"QN2lPu\"><big>+ \u0110\u01b0\u1eddng k\u00ednh: \u00d818<\/big><\/p>\n<p class=\"QN2lPu\"><big>+ Ch\u1ea5t li\u1ec7u: Th\u00e9p kh\u00f4ng g\u1ec9 Cromargan, l\u00f5i nh\u00f4m<\/big><\/p>\n<p class=\"QN2lPu\"><big>+ Tay c\u1ea7m Bakelite c\u00e1ch nhi\u1ec7t<\/big><\/p>\n<p class=\"QN2lPu\"><big>+ B\u1ec1 m\u1eb7t b\u00ean ngo\u00e0i: Th\u00e9p kh\u00f4ng g\u1ec9 Cromargan<\/big><\/p>\n<p class=\"QN2lPu\"><big>+ \u0110\u00e1y ch\u1ea3o: 3 l\u1edbp<\/big><\/p>\n<p class=\"QN2lPu\"><big>+ \u0110\u1ebf \u0111a n\u0103ng TransTherm &#8211; C\u00f4ng ngh\u1ec7 \u0111\u1ed9c quy\u1ec1n WMF gi\u00fap t\u0103ng kh\u1ea3 n\u0103ng truy\u1ec1n nhi\u1ec7t v\u00e0 gi\u1eef nhi\u1ec7t.<\/big><\/p>\n<p class=\"QN2lPu\"><big>&#8211; D\u00f9ng cho m\u1ecdi lo\u1ea1i b\u1ebfp: b\u1ebfp ga, b\u1ebfp t\u1eeb, b\u1ebfp \u0111i\u1ec7n&#8230;<\/big><\/p>\n<p class=\"QN2lPu\"><big>&#8211; M\u1ee5c \u0111\u00edch s\u1eed d\u1ee5ng : chi\u00ean, xa\u0300o, ra\u0301n, a\u0301p cha\u0309o<\/big><\/p>\n","protected":false},"excerpt":{"rendered":"<p>&#8211; Th\u00f4ng s\u1ed1 k\u1ef9 thu\u1eadt : + \u0110\u01b0\u1eddng k\u00ednh: \u00d818 + Ch\u1ea5t li\u1ec7u: Th\u00e9p kh\u00f4ng g\u1ec9 Cromargan, l\u00f5i nh\u00f4m + Tay c\u1ea7m Bakelite c\u00e1ch nhi\u1ec7t + B\u1ec1 m\u1eb7t b\u00ean ngo\u00e0i: Th\u00e9p kh\u00f4ng g\u1ec9 Cromargan + \u0110\u00e1y ch\u1ea3o: 3 l\u1edbp + \u0110\u1ebf \u0111a n\u0103ng TransTherm &#8211; C\u00f4ng ngh\u1ec7 \u0111\u1ed9c quy\u1ec1n WMF gi\u00fap t\u0103ng kh\u1ea3 n\u0103ng truy\u1ec1n&#8230;<\/p>\n","protected":false},"featured_media":5163,"comment_status":"open","ping_status":"closed","template":"","meta":[],"product_brand":[],"product_cat":[61,68],"product_tag":[],"class_list":{"0":"post-5162","1":"product","2":"type-product","3":"status-publish","4":"has-post-thumbnail","6":"product_cat-hang-gia-dung","7":"product_cat-noi-chao","9":"first","10":"instock","11":"shipping-taxable","12":"product-type-simple"},"_links":{"self":[{"href":"https:\/\/nhadepbepxinh.com.vn\/index.php?rest_route=\/wp\/v2\/product\/5162","targetHints":{"allow":["GET"]}}],"collection":[{"href":"https:\/\/nhadepbepxinh.com.vn\/index.php?rest_route=\/wp\/v2\/product"}],"about":[{"href":"https:\/\/nhadepbepxinh.com.vn\/index.php?rest_route=\/wp\/v2\/types\/product"}],"replies":[{"embeddable":true,"href":"https:\/\/nhadepbepxinh.com.vn\/index.php?rest_route=%2Fwp%2Fv2%2Fcomments&post=5162"}],"wp:featuredmedia":[{"embeddable":true,"href":"https:\/\/nhadepbepxinh.com.vn\/index.php?rest_route=\/wp\/v2\/media\/5163"}],"wp:attachment":[{"href":"https:\/\/nhadepbepxinh.com.vn\/index.php?rest_route=%2Fwp%2Fv2%2Fmedia&parent=5162"}],"wp:term":[{"taxonomy":"product_brand","embeddable":true,"href":"https:\/\/nhadepbepxinh.com.vn\/index.php?rest_route=%2Fwp%2Fv2%2Fproduct_brand&post=5162"},{"taxonomy":"product_cat","embeddable":true,"href":"https:\/\/nhadepbepxinh.com.vn\/index.php?rest_route=%2Fwp%2Fv2%2Fproduct_cat&post=5162"},{"taxonomy":"product_tag","embeddable":true,"href":"https:\/\/nhadepbepxinh.com.vn\/index.php?rest_route=%2Fwp%2Fv2%2Fproduct_tag&post=5162"}],"curies":[{"name":"wp","href":"https:\/\/api.w.org\/{rel}","templated":true}]}}