{"id":5136,"date":"2025-04-28T16:46:28","date_gmt":"2025-04-28T09:46:28","guid":{"rendered":"https:\/\/nhadepbepxinh.com.vn\/?post_type=product&#038;p=5136"},"modified":"2025-04-28T16:46:28","modified_gmt":"2025-04-28T09:46:28","slug":"voi-rua-bat-sensuto-s7606-voi-rut-cao-cap","status":"publish","type":"product","link":"https:\/\/nhadepbepxinh.com.vn\/?product=voi-rua-bat-sensuto-s7606-voi-rut-cao-cap","title":{"rendered":"V\u00f2i r\u1eeda b\u00e1t Sensuto S7606 ( v\u00f2i r\u00fat cao c\u1ea5p )"},"content":{"rendered":"<div class=\"large-2 col pb-0 mb-0\">\n<h5 class=\"uppercase mt\">M\u00f4 t\u1ea3<\/h5>\n<\/div>\n<div class=\"large-10 col pb-0 mb-0\">\n<div class=\"panel entry-content\">\n<p>Ch\u1ea5t li\u1ec7u :\u00a0h\u1ee3p kim \u0111\u1ed3ng 59% ti\u00eau chu\u1ea9n Ch\u00e2u \u00c2u CW617N<br \/>\nThi\u1ebft k\u1ebf 2\u00a0\u0111\u01b0\u1eddng n\u01b0\u1edbc b\u1ec1 m\u1eb7t x\u1eed l\u00fd c\u00f4ng ngh\u1ec7 PVD \u00a0cao c\u1ea5p 5 l\u1edbp, cho \u0111\u1ed9 b\u1ec1n m\u00e0u b\u1ec1 m\u1eb7t v\u01b0\u1ee3t tr\u1ed9i v\u00e0 sang tr\u1ecdng<\/p>\n<p>Linh ki\u1ec7n \u0111\u01b0\u1ee3c nh\u1eadp kh\u1ea9u t\u1eeb nh\u1eefng th\u01b0\u01a1ng hi\u1ec7u h\u00e0ng \u0111\u1ea7u th\u1ebf gi\u1edbi:<br \/>\nLo\u0303i tr\u1ed9n n\u00f3ng l\u1ea1nh SEDAL V\u1edbi \u0111\u1ed9 b\u1ec1n 500.000 l\u1ea7n \u0111\u00f3ng m\u1edf \u0111\u00e3 ki\u1ec3m nghi\u1ec7m theo ti\u00eau chu\u1ea9n EU<br \/>\nD\u00e2y c\u1ea5p n\u00f3ng l\u1ea1nh t\u1eeb th\u01b0\u01a1ng hi\u1ec7u h\u00e0ng \u0111\u1ea7u Ch\u00e2u \u00c2u v\u1edbi kh\u1ea3 n\u0103ng ch\u1ed1ng xo\u1eafn v\u00e0 ch\u1ecbu nhi\u1ec7t t\u1ed1t.<\/p>\n<p>B\u1ea3o h\u00e0nh 3 n\u0103m<\/p>\n<p><img loading=\"lazy\" decoding=\"async\" class=\"alignnone size-medium wp-image-4123\" src=\"https:\/\/sensuto.com\/wp-content\/uploads\/2023\/03\/IMG_4865-688x688.jpg\" sizes=\"auto, (max-width: 688px) 100vw, 688px\" srcset=\"https:\/\/sensuto.com\/wp-content\/uploads\/2023\/03\/IMG_4865-688x688.jpg?v=1679413805 688w, https:\/\/sensuto.com\/wp-content\/uploads\/2023\/03\/IMG_4865-999x999.jpg?v=1679413805 999w, https:\/\/sensuto.com\/wp-content\/uploads\/2023\/03\/IMG_4865-388x388.jpg?v=1679413805 388w, https:\/\/sensuto.com\/wp-content\/uploads\/2023\/03\/IMG_4865-768x768.jpg?v=1679413805 768w, https:\/\/sensuto.com\/wp-content\/uploads\/2023\/03\/IMG_4865-1536x1536.jpg?v=1679413805 1536w, https:\/\/sensuto.com\/wp-content\/uploads\/2023\/03\/IMG_4865-2048x2048.jpg?v=1679413805 2048w, https:\/\/sensuto.com\/wp-content\/uploads\/2023\/03\/IMG_4865-300x300.jpg?v=1679413805 300w, https:\/\/sensuto.com\/wp-content\/uploads\/2023\/03\/IMG_4865-600x600.jpg?v=1679413805 600w, https:\/\/sensuto.com\/wp-content\/uploads\/2023\/03\/IMG_4865-100x100.jpg?v=1679413805 100w\" alt=\"\" width=\"688\" height=\"688\" \/>\u00a0<img loading=\"lazy\" decoding=\"async\" class=\"alignnone size-medium wp-image-4125\" src=\"https:\/\/sensuto.com\/wp-content\/uploads\/2023\/03\/IMG_3637-688x688.jpg\" sizes=\"auto, (max-width: 688px) 100vw, 688px\" srcset=\"https:\/\/sensuto.com\/wp-content\/uploads\/2023\/03\/IMG_3637-688x688.jpg?v=1679413812 688w, https:\/\/sensuto.com\/wp-content\/uploads\/2023\/03\/IMG_3637-999x999.jpg?v=1679413812 999w, https:\/\/sensuto.com\/wp-content\/uploads\/2023\/03\/IMG_3637-388x388.jpg?v=1679413812 388w, https:\/\/sensuto.com\/wp-content\/uploads\/2023\/03\/IMG_3637-768x768.jpg?v=1679413812 768w, https:\/\/sensuto.com\/wp-content\/uploads\/2023\/03\/IMG_3637-1536x1536.jpg?v=1679413812 1536w, https:\/\/sensuto.com\/wp-content\/uploads\/2023\/03\/IMG_3637-2048x2048.jpg?v=1679413812 2048w, https:\/\/sensuto.com\/wp-content\/uploads\/2023\/03\/IMG_3637-300x300.jpg?v=1679413812 300w, https:\/\/sensuto.com\/wp-content\/uploads\/2023\/03\/IMG_3637-600x600.jpg?v=1679413812 600w, https:\/\/sensuto.com\/wp-content\/uploads\/2023\/03\/IMG_3637-100x100.jpg?v=1679413812 100w\" alt=\"\" width=\"688\" height=\"688\" \/><\/p>\n<\/div>\n<\/div>\n","protected":false},"excerpt":{"rendered":"<p>M\u00f4 t\u1ea3 Ch\u1ea5t li\u1ec7u :\u00a0h\u1ee3p kim \u0111\u1ed3ng 59% ti\u00eau chu\u1ea9n Ch\u00e2u \u00c2u CW617N Thi\u1ebft k\u1ebf 2\u00a0\u0111\u01b0\u1eddng n\u01b0\u1edbc b\u1ec1 m\u1eb7t x\u1eed l\u00fd c\u00f4ng ngh\u1ec7 PVD \u00a0cao c\u1ea5p 5 l\u1edbp, cho \u0111\u1ed9 b\u1ec1n m\u00e0u b\u1ec1 m\u1eb7t v\u01b0\u1ee3t tr\u1ed9i v\u00e0 sang tr\u1ecdng Linh ki\u1ec7n \u0111\u01b0\u1ee3c nh\u1eadp kh\u1ea9u t\u1eeb nh\u1eefng th\u01b0\u01a1ng hi\u1ec7u h\u00e0ng \u0111\u1ea7u th\u1ebf gi\u1edbi: Lo\u0303i tr\u1ed9n n\u00f3ng&#8230;<\/p>\n","protected":false},"featured_media":5137,"comment_status":"open","ping_status":"closed","template":"","meta":[],"product_brand":[],"product_cat":[17,128],"product_tag":[],"class_list":{"0":"post-5136","1":"product","2":"type-product","3":"status-publish","4":"has-post-thumbnail","6":"product_cat-voi-rua-bat","7":"product_cat-sensuto","9":"first","10":"instock","11":"shipping-taxable","12":"product-type-simple"},"_links":{"self":[{"href":"https:\/\/nhadepbepxinh.com.vn\/index.php?rest_route=\/wp\/v2\/product\/5136","targetHints":{"allow":["GET"]}}],"collection":[{"href":"https:\/\/nhadepbepxinh.com.vn\/index.php?rest_route=\/wp\/v2\/product"}],"about":[{"href":"https:\/\/nhadepbepxinh.com.vn\/index.php?rest_route=\/wp\/v2\/types\/product"}],"replies":[{"embeddable":true,"href":"https:\/\/nhadepbepxinh.com.vn\/index.php?rest_route=%2Fwp%2Fv2%2Fcomments&post=5136"}],"wp:featuredmedia":[{"embeddable":true,"href":"https:\/\/nhadepbepxinh.com.vn\/index.php?rest_route=\/wp\/v2\/media\/5137"}],"wp:attachment":[{"href":"https:\/\/nhadepbepxinh.com.vn\/index.php?rest_route=%2Fwp%2Fv2%2Fmedia&parent=5136"}],"wp:term":[{"taxonomy":"product_brand","embeddable":true,"href":"https:\/\/nhadepbepxinh.com.vn\/index.php?rest_route=%2Fwp%2Fv2%2Fproduct_brand&post=5136"},{"taxonomy":"product_cat","embeddable":true,"href":"https:\/\/nhadepbepxinh.com.vn\/index.php?rest_route=%2Fwp%2Fv2%2Fproduct_cat&post=5136"},{"taxonomy":"product_tag","embeddable":true,"href":"https:\/\/nhadepbepxinh.com.vn\/index.php?rest_route=%2Fwp%2Fv2%2Fproduct_tag&post=5136"}],"curies":[{"name":"wp","href":"https:\/\/api.w.org\/{rel}","templated":true}]}}