{"id":5125,"date":"2025-04-28T15:04:39","date_gmt":"2025-04-28T08:04:39","guid":{"rendered":"https:\/\/nhadepbepxinh.com.vn\/?post_type=product&#038;p=5125"},"modified":"2025-04-28T15:04:39","modified_gmt":"2025-04-28T08:04:39","slug":"quanh-chong-dinh-tefal-unlimited-16cm","status":"publish","type":"product","link":"https:\/\/nhadepbepxinh.com.vn\/?product=quanh-chong-dinh-tefal-unlimited-16cm","title":{"rendered":"Qu\u00e1nh ch\u1ed1ng d\u00ednh Tefal Unlimited 16cm"},"content":{"rendered":"<div class=\"text-root-aN9 argument_spaced_title\" role=\"presentation\">\n<p><em><strong>N\u1ed3i c\u00e1n d\u00e0i ch\u1ed1ng d\u00ednh si\u00eau b\u1ec1n Tefal Unlimited<\/strong><\/em><\/p>\n<\/div>\n<div class=\"text-root-aN9 argument_spaced_text\" role=\"presentation\">\n<p>Kh\u00f4ng d\u00ednh v\u00e0 kh\u00f4ng b\u1ec3: l\u1ef1a ch\u1ecdn \u0111\u00fang lo\u1ea1i ch\u1ea3o c\u00f3 th\u1ec3 t\u1ea1o n\u00ean s\u1ef1 kh\u00e1c bi\u1ec7t r\u00f5 r\u1ec7t. Tefal lu\u00f4n n\u1eafm b\u1eaft c\u00e1c c\u01a1 h\u1ed9i \u0111\u1ec3 ch\u1ebf t\u1ea1o d\u00f2ng d\u1ee5ng c\u1ee5 n\u1ea5u \u0103n ch\u1ed1ng d\u00ednh v\u01b0\u1ee3t tr\u1ed9i m\u1edbi\u2014\u0111\u1ec3 bi\u1ebfn ki\u1ec7t t\u00e1c n\u1ea5u n\u01b0\u1edbng c\u1ee7a b\u1ea1n th\u00e0nh hi\u1ec7n th\u1ef1c, t\u1eeb vi\u1ec7c n\u1ea5u cho \u0111\u1ebfn th\u00e0nh qu\u1ea3.\u00a0<strong>N\u1ed3i c\u00e1n d\u00e0i\u00a0<\/strong>ch\u1ed1ng d\u00ednh Tefal Unlimited \u0111\u1ea3m b\u1ea3o\u0111\u1ed9 b\u1ec1n l\u00e2u d\u00e0i v\u1edbi ti\u00eau chu\u1ea9n ch\u1ea5t l\u01b0\u1ee3ng v\u01b0\u1ee3t tr\u1ed9i. L\u1edbp ph\u1ee7 TITANIUM ho\u00e0n to\u00e0n m\u1edbi k\u1ebft h\u1ee3p s\u1ef1 ti\u1ec7n l\u1ee3i gi\u1eefa l\u1edbp ph\u1ee7 ch\u1ed1ng d\u00ednh v\u00e0 \u0111\u1ed9 b\u1ec1n c\u1ef1c cao. Chi\u1ebfc n\u1ed3i c\u00e1i d\u00e0i n\u00e0y \u0111\u01b0\u1ee3c thi\u1ebft k\u1ebf \u0111\u1ec3 gi\u00fap b\u1ea1n l\u00e0m th\u00e0nh th\u1ea1o c\u00e1c c\u00f4ng th\u1ee9c n\u01b0\u1edbc s\u1ed1t ngon mi\u1ec7ng v\u1edbi h\u01b0\u01a1ng v\u1ecb kh\u00f4ng th\u1ec3 ch\u00ea \u0111\u01b0\u1ee3c. H\u00e3y kh\u00e1m ph\u00e1 c\u00e1c d\u1ee5ng c\u1ee5 n\u1ea5u \u0103n lu\u00f4n v\u01b0\u1ee3t qua c\u00e1c th\u1eed th\u00e1ch, kh\u00f4ng bao gi\u1edd l\u00e0m b\u1ea1n th\u1ea5t v\u1ecdng v\u00e0o nh\u1eefng th\u1eddi \u0111i\u1ec3m quan tr\u1ecdng v\u00e0 t\u1ea1o n\u00ean s\u1ef1 kh\u00e1c bi\u1ec7t. \u0110\u01b0a vi\u1ec7c n\u1ea5u \u0103n c\u1ee7a b\u1ea1n l\u00ean m\u1ed9t t\u1ea7m cao m\u1edbi v\u1edbi d\u1ee5ng c\u1ee5 n\u1ea5u \u0103n ch\u1ed1ng d\u00ednh t\u1ed1t nh\u1ea5t t\u1eeb \u200b\u200btr\u01b0\u1edbc \u0111\u1ebfn nay c\u1ee7a Tefal.<\/p>\n<\/div>\n<h2 class=\"featuresAttributes-title-xwH text-red-r1\">\u0110\u1eb7c tr\u01b0ng<\/h2>\n<ul class=\"featuresAttributes-list-8u5\">\n<li class=\"featuresAttributes-item-XL9\"><strong class=\"featuresAttributes-label-Nty text-fs-base-xl\">D\u00f2ng s\u1ea3n ph\u1ea9m<\/strong>\n<p class=\"featuresAttributes-value-aJ6 text-fs-base-xl border-l border-gray-r3 flex flex-wrap justify-center items-center\">Saucepan<\/p>\n<\/li>\n<li class=\"featuresAttributes-item-XL9\"><strong class=\"featuresAttributes-label-Nty text-fs-base-xl\">K\u00edch th\u01b0\u1edbc<\/strong>\n<p class=\"featuresAttributes-value-aJ6 text-fs-base-xl border-l border-gray-r3 flex flex-wrap justify-center items-center\">16 cm<\/p>\n<\/li>\n<li class=\"featuresAttributes-item-XL9\"><strong class=\"featuresAttributes-label-Nty text-fs-base-xl\">V\u1eadt li\u1ec7u<\/strong>\n<p class=\"featuresAttributes-value-aJ6 text-fs-base-xl border-l border-gray-r3 flex flex-wrap justify-center items-center\">Aluminum<\/p>\n<\/li>\n<li class=\"featuresAttributes-item-XL9\"><strong class=\"featuresAttributes-label-Nty text-fs-base-xl\">Kh\u1ea3 n\u0103ng t\u01b0\u01a1ng th\u00edch v\u1edbi b\u1ebfp t\u1eeb<\/strong>\n<p class=\"featuresAttributes-value-aJ6 text-fs-base-xl border-l border-gray-r3 flex flex-wrap justify-center items-center\">C\u1ea5u tr\u00fac &#8211; Kh\u00ed &#8211; \u0110i\u1ec7n &#8211; G\u1ed1m &#8211; Halogen<\/p>\n<\/li>\n<li class=\"featuresAttributes-item-XL9\"><strong class=\"featuresAttributes-label-Nty text-fs-base-xl\">Kh\u1ea3 n\u0103ng t\u01b0\u01a1ng th\u00edch v\u1edbi l\u00f2 n\u01b0\u1edbng<\/strong>\n<p class=\"featuresAttributes-value-aJ6 text-fs-base-xl border-l border-gray-r3 flex flex-wrap justify-center items-center\">YES, UP TO 175\u00b0C<\/p>\n<\/li>\n<li class=\"featuresAttributes-item-XL9\"><strong class=\"featuresAttributes-label-Nty text-fs-base-xl\">An to\u00e0n v\u1edbi m\u00e1y r\u1eeda b\u00e1t<\/strong>\n<p class=\"featuresAttributes-value-aJ6 text-fs-base-xl border-l border-gray-r3 flex flex-wrap justify-center items-center\">\u0110\u00fang<\/p>\n<\/li>\n<li class=\"featuresAttributes-item-XL9\"><strong class=\"featuresAttributes-label-Nty text-fs-base-xl\">T\u00ean l\u1edbp ph\u1ee7 b\u00ean trong<\/strong>\n<p class=\"featuresAttributes-value-aJ6 text-fs-base-xl border-l border-gray-r3 flex flex-wrap justify-center items-center\">TITANIUM<\/p>\n<\/li>\n<li class=\"featuresAttributes-item-XL9\"><strong class=\"featuresAttributes-label-Nty text-fs-base-xl\">L\u1edbp ph\u1ee7 b\u00ean trong \/ ho\u00e0n thi\u1ec7n<\/strong>\n<p class=\"featuresAttributes-value-aJ6 text-fs-base-xl border-l border-gray-r3 flex flex-wrap justify-center items-center\">M\u00e0u s\u1eafc kh\u00f4ng d\u00ednh<\/p>\n<\/li>\n<li class=\"featuresAttributes-item-XL9\"><strong class=\"featuresAttributes-label-Nty text-fs-base-xl\">L\u1edbp ph\u1ee7 \/ ho\u00e0n thi\u1ec7n b\u00ean ngo\u00e0i<\/strong>\n<p class=\"featuresAttributes-value-aJ6 text-fs-base-xl border-l border-gray-r3 flex flex-wrap justify-center items-center\">M\u00e0u s\u1eafc kh\u00f4ng d\u00ednh<\/p>\n<\/li>\n<li class=\"featuresAttributes-item-XL9\"><strong class=\"featuresAttributes-label-Nty text-fs-base-xl\">M\u00e0u s\u01a1n b\u00ean ngo\u00e0i<\/strong>\n<p class=\"featuresAttributes-value-aJ6 text-fs-base-xl border-l border-gray-r3 flex flex-wrap justify-center items-center\">\u0110en Huy\u00ean<\/p>\n<\/li>\n<li class=\"featuresAttributes-item-XL9\"><strong class=\"featuresAttributes-label-Nty text-fs-base-xl\">M\u00f4i r\u00f3t<\/strong>\n<p class=\"featuresAttributes-value-aJ6 text-fs-base-xl border-l border-gray-r3 flex flex-wrap justify-center items-center\">\u0110\u00fang<\/p>\n<\/li>\n<li class=\"featuresAttributes-item-XL9\"><strong class=\"featuresAttributes-label-Nty text-fs-base-xl\">Lo\u1ea1i tay c\u1ea7m<\/strong>\n<p class=\"featuresAttributes-value-aJ6 text-fs-base-xl border-l border-gray-r3 flex flex-wrap justify-center items-center\">\u0110\u00e3 s\u1eeda<\/p>\n<\/li>\n<li class=\"featuresAttributes-item-XL9\"><strong class=\"featuresAttributes-label-Nty text-fs-base-xl\">B\u1ec1 m\u1eb7t n\u1ea5u \u0103n<\/strong>\n<p class=\"featuresAttributes-value-aJ6 text-fs-base-xl border-l border-gray-r3 flex flex-wrap justify-center items-center\">Ch\u1ed1ng d\u00ednh<\/p>\n<\/li>\n<li class=\"featuresAttributes-item-XL9\"><strong class=\"featuresAttributes-label-Nty text-fs-base-xl\">Phong c\u00e1ch n\u1ea5u \u0103n<\/strong>\n<p class=\"featuresAttributes-value-aJ6 text-fs-base-xl border-l border-gray-r3 flex flex-wrap justify-center items-center\">\u0110am m\u00ea n\u1ea5u \u0103n<\/p>\n<\/li>\n<li class=\"featuresAttributes-item-XL9\"><strong class=\"featuresAttributes-label-Nty text-fs-base-xl\">\u0110\u1ed9 b\u1ec1n l\u1edbp ph\u1ee7 (\u0111\u1ed1i v\u1edbi ch\u1ea3o)<\/strong>\n<p class=\"featuresAttributes-value-aJ6 text-fs-base-xl border-l border-gray-r3 flex flex-wrap justify-center items-center\">X1<\/p>\n<\/li>\n<li class=\"featuresAttributes-item-XL9\"><strong class=\"featuresAttributes-label-Nty text-fs-base-xl\">S\u1ea3n ph\u1ea9m d\u00e0nh ri\u00eang cho<\/strong>\n<p class=\"featuresAttributes-value-aJ6 text-fs-base-xl border-l border-gray-r3 flex flex-wrap justify-center items-center\">H\u00ecnh d\u1ea1ng \u0111\u1eb7c tr\u01b0ng<\/p>\n<\/li>\n<li class=\"featuresAttributes-item-XL9\"><strong class=\"featuresAttributes-label-Nty text-fs-base-xl\">Tay c\u1ea7m th\u00e1o r\u1eddi<\/strong>\n<p class=\"featuresAttributes-value-aJ6 text-fs-base-xl border-l border-gray-r3 flex flex-wrap justify-center items-center\">Kh\u00f4ng<\/p>\n<\/li>\n<li class=\"featuresAttributes-item-XL9\"><strong class=\"featuresAttributes-label-Nty text-fs-base-xl\">\u0110\u01b0\u1eddng k\u00ednh cm \/ Dung t\u00edch (L) (cho n\u1ed3i)<\/strong>\n<p class=\"featuresAttributes-value-aJ6 text-fs-base-xl border-l border-gray-r3 flex flex-wrap justify-center items-center\">14 &#8211; 16 cm \/ &lt; 2 L<\/p>\n<\/li>\n<\/ul>\n","protected":false},"excerpt":{"rendered":"<p>N\u1ed3i c\u00e1n d\u00e0i ch\u1ed1ng d\u00ednh si\u00eau b\u1ec1n Tefal Unlimited Kh\u00f4ng d\u00ednh v\u00e0 kh\u00f4ng b\u1ec3: l\u1ef1a ch\u1ecdn \u0111\u00fang lo\u1ea1i ch\u1ea3o c\u00f3 th\u1ec3 t\u1ea1o n\u00ean s\u1ef1 kh\u00e1c bi\u1ec7t r\u00f5 r\u1ec7t. Tefal lu\u00f4n n\u1eafm b\u1eaft c\u00e1c c\u01a1 h\u1ed9i \u0111\u1ec3 ch\u1ebf t\u1ea1o d\u00f2ng d\u1ee5ng c\u1ee5 n\u1ea5u \u0103n ch\u1ed1ng d\u00ednh v\u01b0\u1ee3t tr\u1ed9i m\u1edbi\u2014\u0111\u1ec3 bi\u1ebfn ki\u1ec7t t\u00e1c n\u1ea5u n\u01b0\u1edbng c\u1ee7a b\u1ea1n&#8230;<\/p>\n","protected":false},"featured_media":5127,"comment_status":"open","ping_status":"closed","template":"","meta":[],"product_brand":[],"product_cat":[61,68],"product_tag":[],"class_list":{"0":"post-5125","1":"product","2":"type-product","3":"status-publish","4":"has-post-thumbnail","6":"product_cat-hang-gia-dung","7":"product_cat-noi-chao","9":"first","10":"instock","11":"shipping-taxable","12":"product-type-simple"},"_links":{"self":[{"href":"https:\/\/nhadepbepxinh.com.vn\/index.php?rest_route=\/wp\/v2\/product\/5125","targetHints":{"allow":["GET"]}}],"collection":[{"href":"https:\/\/nhadepbepxinh.com.vn\/index.php?rest_route=\/wp\/v2\/product"}],"about":[{"href":"https:\/\/nhadepbepxinh.com.vn\/index.php?rest_route=\/wp\/v2\/types\/product"}],"replies":[{"embeddable":true,"href":"https:\/\/nhadepbepxinh.com.vn\/index.php?rest_route=%2Fwp%2Fv2%2Fcomments&post=5125"}],"wp:featuredmedia":[{"embeddable":true,"href":"https:\/\/nhadepbepxinh.com.vn\/index.php?rest_route=\/wp\/v2\/media\/5127"}],"wp:attachment":[{"href":"https:\/\/nhadepbepxinh.com.vn\/index.php?rest_route=%2Fwp%2Fv2%2Fmedia&parent=5125"}],"wp:term":[{"taxonomy":"product_brand","embeddable":true,"href":"https:\/\/nhadepbepxinh.com.vn\/index.php?rest_route=%2Fwp%2Fv2%2Fproduct_brand&post=5125"},{"taxonomy":"product_cat","embeddable":true,"href":"https:\/\/nhadepbepxinh.com.vn\/index.php?rest_route=%2Fwp%2Fv2%2Fproduct_cat&post=5125"},{"taxonomy":"product_tag","embeddable":true,"href":"https:\/\/nhadepbepxinh.com.vn\/index.php?rest_route=%2Fwp%2Fv2%2Fproduct_tag&post=5125"}],"curies":[{"name":"wp","href":"https:\/\/api.w.org\/{rel}","templated":true}]}}