{"id":5117,"date":"2025-04-27T14:26:44","date_gmt":"2025-04-27T07:26:44","guid":{"rendered":"https:\/\/nhadepbepxinh.com.vn\/?post_type=product&#038;p=5117"},"modified":"2025-04-27T14:26:44","modified_gmt":"2025-04-27T07:26:44","slug":"noi-com-dien-tu-tefal-1-8l-rk776968","status":"publish","type":"product","link":"https:\/\/nhadepbepxinh.com.vn\/?product=noi-com-dien-tu-tefal-1-8l-rk776968","title":{"rendered":"N\u1ed3i c\u01a1m \u0111i\u1ec7n t\u1eed Tefal 1.8L RK776968"},"content":{"rendered":"<ul>\n<li>C\u00f4ng ngh\u1ec7 n\u1ea5u AI th\u00f4ng minh, l\u00f2ng n\u1ed3i h\u00ecnh c\u1ea7u d\u00e0y 4mm v\u00e0 h\u1ec7 th\u1ed1ng c\u1ea3m bi\u1ebfn k\u00e9p \u0111\u1ea3m b\u1ea3o n\u1ea5u c\u01a1m d\u1ebbo v\u00e0 si\u00eau ngon.<\/li>\n<li>B\u1ec1n g\u1ea5p 10 l\u1ea7n, \u0111\u1ea3m b\u1ea3o hi\u1ec7u qu\u1ea3 cao trong vi\u1ec7c ch\u1ed1ng tr\u1ea7y x\u01b0\u1edbc* nh\u1edd v\u00e0o l\u1edbp ph\u1ee7 ceramic b\u00ean trong n\u1ed3i<\/li>\n<li>V\u00f4 s\u1ed1 ch\u1ecdn l\u1ef1a v\u1edbi 14 ch\u01b0\u01a1ng tr\u00ecnh n\u1ea5u \u0103n v\u00e0 3 t\u00ednh n\u0103ng n\u1ea5u t\u00f9y ch\u1ecdn theo t\u1eebng lo\u1ea1i g\u1ea1o,<\/li>\n<li>M\u00e0n h\u00ecnh \u0111i\u1ec1u khi\u1ec3n c\u1ea3m \u1ee9ng tr\u1ef1c quan l\u1edbn \u0111\u01b0\u1ee3c thi\u1ebft k\u1ebf c\u00f4ng th\u00e1i h\u1ecdc thu\u1eadn ti\u1ec7n cho ng\u01b0\u1eddi d\u00f9ng v\u00e0 t\u00ednh th\u1ea9m m\u1ef9 hi\u1ec7n \u0111\u1ea1i gi\u00fap vi\u1ec7c s\u1eed d\u1ee5ng n\u1ed3i c\u1ef1c k\u1ef3 d\u1ec5 d\u00e0ng,<\/li>\n<li>Cam k\u1ebft v\u1ec1 kh\u1ea3 n\u0103ng 15 n\u0103m v\u00e0 \u0111\u1ea3m b\u1ea3o tay ngh\u1ec1 th\u1ee7 c\u00f4ng ch\u1ea5t l\u01b0\u1ee3ng cao,<\/li>\n<li>V\u1ec7 sinh d\u1ec5 d\u00e0ng v\u1edbi n\u1ed3i g\u1ed1m ch\u1ed1ng d\u00ednh v\u00e0 n\u1eafp b\u00ean trong c\u00f3 th\u1ec3 th\u00e1o r\u1eddi,<\/li>\n<li>C\u00e1c ch\u1ee9c n\u0103ng n\u1ea5u v\u00e0 h\u1eb9n gi\u1edd c\u00e0i s\u1eb5n gi\u00fap b\u1ea1n ki\u1ec3m so\u00e1t \u0111\u01b0\u1ee3c nhi\u1ec1u vi\u1ec7c trong b\u1ebfp,<\/li>\n<li>V\u1edbi t\u00ednh n\u0103ng gi\u1eef \u1ea5m 12 gi\u1edd, b\u1ea1n c\u00f3 th\u1ec3 th\u01b0\u1edfng th\u1ee9c c\u01a1m ngon b\u1ea5t c\u1ee9 khi n\u00e0o b\u1ea1n mu\u1ed1n.<\/li>\n<li>N\u01a1i s\u1ea3n xu\u1ea5t: Trung Qu\u1ed1c<\/li>\n<li>B\u1ed9 s\u1ea3n ph\u1ea9m bao g\u1ed3m:\n<ul>\n<li>N\u1ed3i c\u01a1m \u0111i\u1ec7n t\u1eed Delirice Plus,<\/li>\n<li>1 n\u1ed3i n\u1ea5u,<\/li>\n<li>1 mu\u1ed7ng x\u1edbi c\u01a1m,<\/li>\n<li>1 mu\u1ed7ng m\u00fac canh,<\/li>\n<li>c\u1ed1c \u0111ong<\/li>\n<li>1 r\u1ed5 h\u01a1i.<\/li>\n<\/ul>\n<\/li>\n<\/ul>\n","protected":false},"excerpt":{"rendered":"<p>C\u00f4ng ngh\u1ec7 n\u1ea5u AI th\u00f4ng minh, l\u00f2ng n\u1ed3i h\u00ecnh c\u1ea7u d\u00e0y 4mm v\u00e0 h\u1ec7 th\u1ed1ng c\u1ea3m bi\u1ebfn k\u00e9p \u0111\u1ea3m b\u1ea3o n\u1ea5u c\u01a1m d\u1ebbo v\u00e0 si\u00eau ngon. B\u1ec1n g\u1ea5p 10 l\u1ea7n, \u0111\u1ea3m b\u1ea3o hi\u1ec7u qu\u1ea3 cao trong vi\u1ec7c ch\u1ed1ng tr\u1ea7y x\u01b0\u1edbc* nh\u1edd v\u00e0o l\u1edbp ph\u1ee7 ceramic b\u00ean trong n\u1ed3i V\u00f4 s\u1ed1 ch\u1ecdn l\u1ef1a v\u1edbi 14 ch\u01b0\u01a1ng&#8230;<\/p>\n","protected":false},"featured_media":5118,"comment_status":"open","ping_status":"closed","template":"","meta":[],"product_brand":[],"product_cat":[61,62],"product_tag":[],"class_list":{"0":"post-5117","1":"product","2":"type-product","3":"status-publish","4":"has-post-thumbnail","6":"product_cat-hang-gia-dung","7":"product_cat-noi-com","9":"first","10":"instock","11":"shipping-taxable","12":"product-type-simple"},"_links":{"self":[{"href":"https:\/\/nhadepbepxinh.com.vn\/index.php?rest_route=\/wp\/v2\/product\/5117","targetHints":{"allow":["GET"]}}],"collection":[{"href":"https:\/\/nhadepbepxinh.com.vn\/index.php?rest_route=\/wp\/v2\/product"}],"about":[{"href":"https:\/\/nhadepbepxinh.com.vn\/index.php?rest_route=\/wp\/v2\/types\/product"}],"replies":[{"embeddable":true,"href":"https:\/\/nhadepbepxinh.com.vn\/index.php?rest_route=%2Fwp%2Fv2%2Fcomments&post=5117"}],"wp:featuredmedia":[{"embeddable":true,"href":"https:\/\/nhadepbepxinh.com.vn\/index.php?rest_route=\/wp\/v2\/media\/5118"}],"wp:attachment":[{"href":"https:\/\/nhadepbepxinh.com.vn\/index.php?rest_route=%2Fwp%2Fv2%2Fmedia&parent=5117"}],"wp:term":[{"taxonomy":"product_brand","embeddable":true,"href":"https:\/\/nhadepbepxinh.com.vn\/index.php?rest_route=%2Fwp%2Fv2%2Fproduct_brand&post=5117"},{"taxonomy":"product_cat","embeddable":true,"href":"https:\/\/nhadepbepxinh.com.vn\/index.php?rest_route=%2Fwp%2Fv2%2Fproduct_cat&post=5117"},{"taxonomy":"product_tag","embeddable":true,"href":"https:\/\/nhadepbepxinh.com.vn\/index.php?rest_route=%2Fwp%2Fv2%2Fproduct_tag&post=5117"}],"curies":[{"name":"wp","href":"https:\/\/api.w.org\/{rel}","templated":true}]}}