{"id":5093,"date":"2025-04-27T09:04:03","date_gmt":"2025-04-27T02:04:03","guid":{"rendered":"https:\/\/nhadepbepxinh.com.vn\/?post_type=product&#038;p=5093"},"modified":"2025-04-27T09:04:03","modified_gmt":"2025-04-27T02:04:03","slug":"am-sieu-toc-philips-1-7-lit-hd9395-90","status":"publish","type":"product","link":"https:\/\/nhadepbepxinh.com.vn\/?product=am-sieu-toc-philips-1-7-lit-hd9395-90","title":{"rendered":"\u00c2\u0301m si\u00eau t\u1ed1c Philips 1.7 l\u00edt HD9395\/90"},"content":{"rendered":"<div class=\"featureContent featureContent_1col featureContent_1_image\">\n<h3 class=\"featureContent_title\">Thi\u1ebft k\u1ebf nh\u1ecf g\u1ecdn, k\u1ebft c\u1ea5u ch\u1eafc ch\u1eafn, m\u00e0u \u0111en t\u1ea1o \u0111i\u1ec3m nh\u1ea5n sang tr\u1ecdng<\/h3>\n<p class=\"featureContent_caption\">B\u00ecnh \u0111un si\u00eau t\u1ed1c Philips HD9395\/90\u00a0c\u00f3 thi\u1ebft k\u1ebf nh\u1ecf g\u1ecdn, m\u00e0u \u0111en sang tr\u1ecdng t\u1ea1o \u0111i\u1ec3m nh\u1ea5n cho c\u0103n b\u1ebfp th\u00eam ph\u1ea7n hi\u1ec7n \u0111\u1ea1i.\u00a0Dung t\u00edch 1.7 l\u00edt\u00a0ph\u00f9 h\u1ee3p s\u1eed d\u1ee5ng cho gia \u0111\u00ecnh nh\u1ecf, ti\u1ec7n n\u1ea5u n\u01b0\u1edbc pha tr\u00e0, c\u00e0 ph\u00ea, m\u00ec g\u00f3i m\u1ed9t c\u00e1ch nhanh ch\u00f3ng. \u0110\u1ebf 360 \u0111\u1ed9 xoay linh ho\u1ea1t, b\u1ea1n ch\u1ec9 c\u1ea7n \u0111\u1eb7t b\u00ecnh \u0111un l\u00ean \u0111\u1ebf, \u0111i\u1ec1u ch\u1ec9nh b\u00ecnh \u0111un theo h\u01b0\u1edbng \u01b0a th\u00edch b\u1eb1ng c\u00e1ch s\u1eed d\u1ee5ng \u0111\u1ebf xoay ti\u1ec7n l\u1ee3i. M\u1edf n\u1eafp \u0111\u01a1n gi\u1ea3n ch\u1ec9 v\u1edbi 1 n\u00fat nh\u1ea5n tr\u00ean n\u1eafp l\u00f2 xo, b\u1ea3n l\u1ec1 ch\u1eafc ch\u1eafn cho b\u1ea1n an t\u00e2m s\u1eed d\u1ee5ng.<\/p>\n<p><img decoding=\"async\" class=\"imagelazyload\" src=\"https:\/\/cdn.nguyenkimmall.com\/images\/companies\/_1\/gia-dung\/binh-dun-sieu-toc\/binh-dun-sieu-toc-philips-hd9395-90-min.jpg\" alt=\"B\u00ecnh \u0111un si\u00eau t\u1ed1c Philips HD9395\/90\" width=\"100%\" \/><\/div>\n<div class=\"featureContent featureContent_2col feature_txt-img\">\n<div class=\"featureContent_col-1\">\n<div class=\"featureContent_col_wrap\">\n<h3 class=\"featureContent_title\">C\u00f4ng su\u1ea5t 2200W \u0111un n\u1ea5u nhanh<\/h3>\n<article class=\"featureContent_caption\">B\u00ecnh \u0111un si\u00eau t\u1ed1c\u00a0Philips HD9395\/90 c\u00f3 c\u00f4ng su\u1ea5t 2200W \u0111un n\u1ea5u nhanh, ti\u1ebft ki\u1ec7m th\u1eddi gian. B\u00ean c\u1ea1nh \u0111\u00f3 b\u00ecnh trang b\u1ecb h\u1ec7 th\u1ed1ng \u0111i\u1ec1u khi\u1ec3n Strix \u0111\u1ea3m b\u1ea3o b\u00ecnh \u0111un s\u1ebd t\u1ef1 \u0111\u1ed9ng t\u1eaft khi h\u1ebft n\u01b0\u1edbc ho\u1eb7c khi \u0111\u01b0\u1ee3c nh\u1ea5c l\u00ean kh\u1ecfi \u0111\u1ebf. \u0110i\u1ec1u n\u00e0y l\u00e0m gi\u1ea3m nguy c\u01a1 kh\u00f4ng c\u00f3 n\u01b0\u1edbc m\u00e0 v\u1eabn b\u1eadt ho\u1ea1t \u0111\u1ed9ng g\u00e2y s\u00f4i kh\u00f4 l\u00e0m h\u01b0 h\u1ecfng b\u00ecnh v\u00e0 tr\u00e1nh l\u00e3ng ph\u00ed n\u0103ng l\u01b0\u1ee3ng.<\/article>\n<\/div>\n<\/div>\n<div class=\"featureContent_col-2\">\n<div class=\"featureContent_col_wrap\"><img decoding=\"async\" class=\"img_feature imagelazyload\" src=\"https:\/\/cdn.nguyenkimmall.com\/images\/companies\/_1\/gia-dung\/binh-dun-sieu-toc\/binh-dun-sieu-toc-philips-hd9395-90-3.jpg\" alt=\"B\u00ecnh \u0111un si\u00eau t\u1ed1c Philips HD9395\/90\" width=\"100%\" \/><\/div>\n<\/div>\n<\/div>\n<div class=\"featureContent featureContent_2col feature_img-txt\">\n<div class=\"featureContent_col-1\">\n<div class=\"featureContent_col_wrap\"><img decoding=\"async\" class=\"img_feature imagelazyload\" src=\"https:\/\/cdn.nguyenkimmall.com\/images\/companies\/_1\/gia-dung\/binh-dun-sieu-toc\/binh-dun-sieu-toc-philips-hd9395-90-2.jpg\" alt=\"B\u00ecnh \u0111un si\u00eau t\u1ed1c Philips HD9395\/90\" width=\"100%\" \/><\/div>\n<\/div>\n<div class=\"featureContent_col-2\">\n<div class=\"featureContent_col_wrap\">\n<h3 class=\"featureContent_title\">Ch\u1ea5t li\u1ec7u cao c\u1ea5p, b\u1ec1n b\u1ec9 an t\u00e2m s\u1eed d\u1ee5ng<\/h3>\n<article class=\"featureContent_caption\">B\u00ecnh \u0111un si\u00eau t\u1ed1c Philips\u00a0HD9395\/90 c\u00f3\u00a0ru\u1ed9t b\u00ecnh b\u1eb1ng inox 304 b\u1ec1n b\u1ec9, ch\u1ed1ng \u0103n m\u00f2n, an to\u00e0n cho s\u1ee9c kh\u1ecfe ng\u01b0\u1eddi s\u1eed d\u1ee5ng. V\u1ecf ngo\u00e0i 2 l\u1edbp b\u1eb1ng nh\u1ef1a PP c\u00e1ch nhi\u1ec7t t\u1ed1t\u00a0\u0111\u1ea3m b\u1ea3o m\u1eb7t ngo\u00e0i m\u00e1t trong khi v\u1eabn duy tr\u00ec \u0111\u1ed9 \u1ea5m c\u1ee7a n\u01b0\u1edbc b\u00ean trong sau th\u1eddi gian d\u00e0i.<\/article>\n<\/div>\n<\/div>\n<\/div>\n<div class=\"featureContent featureContent_2col feature_txt-img\">\n<div class=\"featureContent_col-1\">\n<div class=\"featureContent_col_wrap\">\n<h3 class=\"featureContent_title\">R\u00e3nh cu\u1ed1n d\u00e2y \u0111i\u1ec7n g\u1ecdn g\u00e0ng<\/h3>\n<article class=\"featureContent_caption\">B\u00ecnh \u0111un si\u00eau t\u1ed1c Philips HD9395\/90 c\u00f3 r\u00e3nh cu\u1ed1n d\u00e2y \u0111i\u1ec7n \u0111\u1ec3 b\u1ea1n c\u1ea5t gi\u1eef b\u00ecnh g\u1ecdn g\u00e0ng, ti\u1ebft ki\u1ec7m kh\u00f4ng gian.<\/article>\n<article class=\"featureContent_caption\">Ngo\u00e0i ra trang b\u1ecb ch\u1ec9 b\u00e1o c\u1ed1c gi\u00fap ti\u1ebft ki\u1ec7m n\u0103ng l\u01b0\u1ee3ng v\u00e0 \u0111un s\u00f4i nhanh ch\u00f3ng trong v\u00f2ng kho\u1ea3ng 1 ph\u00fat.<\/article>\n<\/div>\n<\/div>\n<div class=\"featureContent_col-2\">\n<div class=\"featureContent_col_wrap\"><img decoding=\"async\" class=\"img_feature imagelazyload\" src=\"https:\/\/cdn.nguyenkimmall.com\/images\/companies\/_1\/gia-dung\/binh-dun-sieu-toc\/binh-dun-sieu-toc-philips-hd9395-90-4.jpg\" alt=\"B\u00ecnh \u0111un si\u00eau t\u1ed1c Philips HD9395\/90\" width=\"100%\" \/><\/div>\n<\/div>\n<\/div>\n<div class=\"featureContent featureContent_2col feature_img-txt\">\n<div class=\"featureContent_col-1\">\n<div class=\"featureContent_col_wrap\"><img decoding=\"async\" class=\"img_feature imagelazyload\" src=\"https:\/\/cdn.nguyenkimmall.com\/images\/companies\/_1\/gia-dung\/binh-dun-sieu-toc\/binh-dun-sieu-toc-philips-hd9395-90-1.jpg\" alt=\"B\u00ecnh \u0111un si\u00eau t\u1ed1c Philips HD9395\/90\" width=\"100%\" \/><\/div>\n<\/div>\n<div class=\"featureContent_col-2\">\n<div class=\"featureContent_col_wrap\">\n<h3 class=\"featureContent_title\">\u0110\u00e8n b\u00e1o b\u1eadt\/t\u1eaft ti\u1ec7n l\u1ee3i<\/h3>\n<article class=\"featureContent_caption\">B\u00ecnh \u0111un si\u00eau t\u1ed1c Philips HD9395\/90 c\u00f3 \u0111\u00e8n b\u00e1o \u0111\u1ec3 b\u1ea1n ti\u1ec7n theo d\u00f5i b\u00ecnh \u0111un \u0111ang b\u1eadt hay t\u1eaft tr\u00e1nh l\u00e3ng ph\u00ed \u0111i\u1ec7n v\u00e0 g\u00e2y nguy hi\u1ec3m khi s\u01b0\u0309 du\u0323ng<\/article>\n<\/div>\n<\/div>\n<\/div>\n","protected":false},"excerpt":{"rendered":"<p>Thi\u1ebft k\u1ebf nh\u1ecf g\u1ecdn, k\u1ebft c\u1ea5u ch\u1eafc ch\u1eafn, m\u00e0u \u0111en t\u1ea1o \u0111i\u1ec3m nh\u1ea5n sang tr\u1ecdng B\u00ecnh \u0111un si\u00eau t\u1ed1c Philips HD9395\/90\u00a0c\u00f3 thi\u1ebft k\u1ebf nh\u1ecf g\u1ecdn, m\u00e0u \u0111en sang tr\u1ecdng t\u1ea1o \u0111i\u1ec3m nh\u1ea5n cho c\u0103n b\u1ebfp th\u00eam ph\u1ea7n hi\u1ec7n \u0111\u1ea1i.\u00a0Dung t\u00edch 1.7 l\u00edt\u00a0ph\u00f9 h\u1ee3p s\u1eed d\u1ee5ng cho gia \u0111\u00ecnh nh\u1ecf, ti\u1ec7n n\u1ea5u n\u01b0\u1edbc pha tr\u00e0, c\u00e0&#8230;<\/p>\n","protected":false},"featured_media":5094,"comment_status":"open","ping_status":"closed","template":"","meta":[],"product_brand":[],"product_cat":[61,76],"product_tag":[],"class_list":{"0":"post-5093","1":"product","2":"type-product","3":"status-publish","4":"has-post-thumbnail","6":"product_cat-hang-gia-dung","7":"product_cat-am-dun-sieu-toc","9":"first","10":"instock","11":"shipping-taxable","12":"product-type-simple"},"_links":{"self":[{"href":"https:\/\/nhadepbepxinh.com.vn\/index.php?rest_route=\/wp\/v2\/product\/5093","targetHints":{"allow":["GET"]}}],"collection":[{"href":"https:\/\/nhadepbepxinh.com.vn\/index.php?rest_route=\/wp\/v2\/product"}],"about":[{"href":"https:\/\/nhadepbepxinh.com.vn\/index.php?rest_route=\/wp\/v2\/types\/product"}],"replies":[{"embeddable":true,"href":"https:\/\/nhadepbepxinh.com.vn\/index.php?rest_route=%2Fwp%2Fv2%2Fcomments&post=5093"}],"wp:featuredmedia":[{"embeddable":true,"href":"https:\/\/nhadepbepxinh.com.vn\/index.php?rest_route=\/wp\/v2\/media\/5094"}],"wp:attachment":[{"href":"https:\/\/nhadepbepxinh.com.vn\/index.php?rest_route=%2Fwp%2Fv2%2Fmedia&parent=5093"}],"wp:term":[{"taxonomy":"product_brand","embeddable":true,"href":"https:\/\/nhadepbepxinh.com.vn\/index.php?rest_route=%2Fwp%2Fv2%2Fproduct_brand&post=5093"},{"taxonomy":"product_cat","embeddable":true,"href":"https:\/\/nhadepbepxinh.com.vn\/index.php?rest_route=%2Fwp%2Fv2%2Fproduct_cat&post=5093"},{"taxonomy":"product_tag","embeddable":true,"href":"https:\/\/nhadepbepxinh.com.vn\/index.php?rest_route=%2Fwp%2Fv2%2Fproduct_tag&post=5093"}],"curies":[{"name":"wp","href":"https:\/\/api.w.org\/{rel}","templated":true}]}}