{"id":5087,"date":"2025-04-27T08:45:34","date_gmt":"2025-04-27T01:45:34","guid":{"rendered":"https:\/\/nhadepbepxinh.com.vn\/?post_type=product&#038;p=5087"},"modified":"2025-04-27T08:48:24","modified_gmt":"2025-04-27T01:48:24","slug":"quat-dung-cong-nghiep-4-chan-hatari-iq22m1","status":"publish","type":"product","link":"https:\/\/nhadepbepxinh.com.vn\/?product=quat-dung-cong-nghiep-4-chan-hatari-iq22m1","title":{"rendered":"Qu\u1ea1t \u0111\u1ee9ng c\u00f4ng nghi\u1ec7p 4 ch\u00e2n HATARI IQ22M1"},"content":{"rendered":"<h2><strong>Qu\u1ea1t c\u00e2y c\u00f4ng nghi\u1ec7p 4 ch\u00e2n Hatari IQ-22M1<\/strong><\/h2>\n<h2><strong>\u00a0<\/strong><strong>\u201d Ch\u1ea1y c\u1ef1c \u00eam, gi\u00f3 c\u1ef1c m\u00e1t\u201d<\/strong><\/h2>\n<p><a href=\"https:\/\/hatari.com.vn\/san-pham\/quat-dung-cong-nghiep-3-chan-hatari-iq-i22m1\/\" target=\"_blank\" rel=\"noopener\">\u00a0<\/a><em>Qu\u1ea1t c\u00e2y\u00a0c\u00f4ng nghi\u1ec7p 4 ch\u00e2n Hatari IQ-22M1\u00a0s\u1ea3n xu\u1ea5t t\u1ea1i Th\u00e1i Lan c\u00f4ng su\u1ea5t m\u1ea1nh m\u1ebd 199W, \u0111\u1ed9ng c\u01a1 b\u1ea1c \u0111\u1ea1n ho\u1ea1t \u0111\u1ed9ng \u00eam \u00e1i, kh\u00f4ng g\u00e2y ti\u1ebfng \u1ed3n, l\u00e0m m\u00e1t c\u1ef1c nhanh, s\u1ea3i r\u1ed9ng 22 inch cho l\u01b0\u1ee3ng gi\u00f3 l\u1edbn, ch\u00ednh l\u00e0 chi\u1ebfc qu\u1ea1t c\u00f4ng nghi\u1ec7p b\u1ea1n kh\u00f4ng th\u1ec3 b\u1ecf qua.<\/em><\/p>\n<p><img loading=\"lazy\" decoding=\"async\" class=\"wp-image-2248 aligncenter\" src=\"https:\/\/hatari.com.vn\/wp-content\/uploads\/2018\/03\/IQ22m11-360x400.jpg\" sizes=\"auto, (max-width: 764px) 100vw, 764px\" srcset=\"https:\/\/hatari.com.vn\/wp-content\/uploads\/2018\/03\/IQ22m11-360x400.jpg 360w, https:\/\/hatari.com.vn\/wp-content\/uploads\/2018\/03\/IQ22m11-720x800.jpg 720w, https:\/\/hatari.com.vn\/wp-content\/uploads\/2018\/03\/IQ22m11-768x853.jpg 768w, https:\/\/hatari.com.vn\/wp-content\/uploads\/2018\/03\/IQ22m11-600x667.jpg 600w, https:\/\/hatari.com.vn\/wp-content\/uploads\/2018\/03\/IQ22m11.jpg 900w\" alt=\"\" width=\"764\" height=\"848\" \/><\/p>\n<p>C\u00f9ng Hatari.vn t\u00ecm hi\u1ec3u chi ti\u1ebft v\u1ec1 chi\u1ebfc\u00a0qu\u1ea1t c\u00f4ng nghi\u1ec7p\u00a0\u0111\u00e1ng mua n\u00e0y nh\u00e9!<\/p>\n<h3><strong>\u01afu \u0111i\u1ec3m n\u1ed5i b\u1eadt<\/strong><\/h3>\n<p>\u2013 \u0110\u1ed9 b\u1ec1n cao, s\u1ea3n xu\u1ea5t t\u1ea1i Th\u00e1i Lan, b\u1ea3o h\u00e0nh 18 th\u00e1ng<\/p>\n<p>\u2013 C\u00f4ng su\u1ea5t m\u1ea1nh m\u1ebd 199W, \u0111\u1ed9ng c\u01a1 b\u1ea1c \u0111\u1ea1n, ho\u1ea1t \u0111\u1ed9ng b\u1ec1n b\u1ec9<\/p>\n<p>\u2013 Ki\u1ec3u d\u00e1ng thi\u1ebft k\u1ebf \u0111\u1eb9p m\u1eaft,\u00a0 4 ch\u00e2n ch\u1eafc ch\u1eafn.<\/p>\n<p>\u2013 S\u1ea3i c\u00e1nh l\u1edbn 22 inch ( t\u01b0\u01a1ng \u0111\u01b0\u01a1ng 56 cm)\u00a0 cho l\u01b0\u1ee3ng gi\u00f3 l\u1edbn, l\u00e0m m\u00e1t c\u1ef1c nhanh t\u1ea1o kh\u00f4ng kh\u00ed tho\u00e1ng \u0111\u00e3ng, m\u00e1t l\u00e0nh n\u01a1i \u0111\u00f4ng \u0111\u00fac.<\/p>\n<p><img loading=\"lazy\" decoding=\"async\" class=\"wp-image-2249 aligncenter\" src=\"https:\/\/hatari.com.vn\/wp-content\/uploads\/2018\/03\/IQ22m1-2-360x400.jpg\" sizes=\"auto, (max-width: 799px) 100vw, 799px\" srcset=\"https:\/\/hatari.com.vn\/wp-content\/uploads\/2018\/03\/IQ22m1-2-360x400.jpg 360w, https:\/\/hatari.com.vn\/wp-content\/uploads\/2018\/03\/IQ22m1-2-768x853.jpg 768w\" alt=\"\" width=\"799\" height=\"886\" \/><\/p>\n<p>\u2013 Th\u00edch h\u1ee3p d\u00f9ng cho c\u00e1c qu\u00e1n \u0103n, nh\u00e0 h\u00e0ng, c\u00f4ng x\u01b0\u1edfng.<\/p>\n<p>\u2013 L\u1ed3ng qu\u1ea1t \u0111\u01b0\u1ee3c \u0111an kh\u00edt, an to\u00e0n cho ng\u01b0\u1eddi s\u1eed d\u1ee5ng khi ti\u1ebfp x\u00fac v\u1edbi qu\u1ea1t \u1edf kho\u1ea3ng c\u00e1ch g\u1ea7n<\/p>\n<p>\u2013 L\u00e0m m\u00e1t hi\u1ec7u qu\u1ea3 v\u1edbi\u00a0 3 t\u1ed1c \u0111\u1ed9 gi\u00f3<\/p>\n<p>\u2013 S\u1eed d\u1ee5ng d\u1ec5 d\u00e0ng v\u1edbi \u0111i\u1ec1u khi\u1ec3n c\u01a1<\/p>\n<p>\u2013 \u0110i\u1ec1u ch\u1ec9nh chi\u1ec1u cao linh ho\u1ea1t, t\u1eeb 145 cm- 157 cm<\/p>\n<p>\u2013 An to\u00e0n khi s\u1eed d\u1ee5ng, kh\u00f4ng s\u1ee3 c\u00e1c s\u1ef1 c\u1ed1 ch\u1eadp tr\u00e1nh \u0111i\u1ec7n b\u1edfi qu\u1ea1t \u0111\u00e3 \u0111\u01b0\u1ee3c trang b\u1ecb c\u1ea7u ch\u00ec t\u1ef1 ng\u1eaft \u0111i\u1ec7n khi ho\u1ea1t \u0111\u1ed9ng qu\u00e1 t\u1ea3i<\/p>\n","protected":false},"excerpt":{"rendered":"<p>Qu\u1ea1t c\u00e2y c\u00f4ng nghi\u1ec7p 4 ch\u00e2n Hatari IQ-22M1 \u00a0\u201d Ch\u1ea1y c\u1ef1c \u00eam, gi\u00f3 c\u1ef1c m\u00e1t\u201d \u00a0Qu\u1ea1t c\u00e2y\u00a0c\u00f4ng nghi\u1ec7p 4 ch\u00e2n Hatari IQ-22M1\u00a0s\u1ea3n xu\u1ea5t t\u1ea1i Th\u00e1i Lan c\u00f4ng su\u1ea5t m\u1ea1nh m\u1ebd 199W, \u0111\u1ed9ng c\u01a1 b\u1ea1c \u0111\u1ea1n ho\u1ea1t \u0111\u1ed9ng \u00eam \u00e1i, kh\u00f4ng g\u00e2y ti\u1ebfng \u1ed3n, l\u00e0m m\u00e1t c\u1ef1c nhanh, s\u1ea3i r\u1ed9ng 22 inch cho l\u01b0\u1ee3ng gi\u00f3 l\u1edbn,&#8230;<\/p>\n","protected":false},"featured_media":5088,"comment_status":"open","ping_status":"closed","template":"","meta":[],"product_brand":[],"product_cat":[87,126],"product_tag":[],"class_list":{"0":"post-5087","1":"product","2":"type-product","3":"status-publish","4":"has-post-thumbnail","6":"product_cat-quat-dien","7":"product_cat-hatari","9":"first","10":"instock","11":"shipping-taxable","12":"product-type-simple"},"_links":{"self":[{"href":"https:\/\/nhadepbepxinh.com.vn\/index.php?rest_route=\/wp\/v2\/product\/5087","targetHints":{"allow":["GET"]}}],"collection":[{"href":"https:\/\/nhadepbepxinh.com.vn\/index.php?rest_route=\/wp\/v2\/product"}],"about":[{"href":"https:\/\/nhadepbepxinh.com.vn\/index.php?rest_route=\/wp\/v2\/types\/product"}],"replies":[{"embeddable":true,"href":"https:\/\/nhadepbepxinh.com.vn\/index.php?rest_route=%2Fwp%2Fv2%2Fcomments&post=5087"}],"wp:featuredmedia":[{"embeddable":true,"href":"https:\/\/nhadepbepxinh.com.vn\/index.php?rest_route=\/wp\/v2\/media\/5088"}],"wp:attachment":[{"href":"https:\/\/nhadepbepxinh.com.vn\/index.php?rest_route=%2Fwp%2Fv2%2Fmedia&parent=5087"}],"wp:term":[{"taxonomy":"product_brand","embeddable":true,"href":"https:\/\/nhadepbepxinh.com.vn\/index.php?rest_route=%2Fwp%2Fv2%2Fproduct_brand&post=5087"},{"taxonomy":"product_cat","embeddable":true,"href":"https:\/\/nhadepbepxinh.com.vn\/index.php?rest_route=%2Fwp%2Fv2%2Fproduct_cat&post=5087"},{"taxonomy":"product_tag","embeddable":true,"href":"https:\/\/nhadepbepxinh.com.vn\/index.php?rest_route=%2Fwp%2Fv2%2Fproduct_tag&post=5087"}],"curies":[{"name":"wp","href":"https:\/\/api.w.org\/{rel}","templated":true}]}}