{"id":4932,"date":"2025-04-20T15:45:35","date_gmt":"2025-04-20T08:45:35","guid":{"rendered":"https:\/\/nhadepbepxinh.com.vn\/?post_type=product&#038;p=4932"},"modified":"2025-04-27T09:32:02","modified_gmt":"2025-04-27T02:32:02","slug":"voi-rua-bat-supor-251707-01-ls","status":"publish","type":"product","link":"https:\/\/nhadepbepxinh.com.vn\/?product=voi-rua-bat-supor-251707-01-ls","title":{"rendered":"V\u00f2i r\u1eeda b\u00e1t Supor 251707-01-LS"},"content":{"rendered":"<p>V\u00f2i r\u1eeda b\u00e1t SUPOR 251707-01-LS l\u00e0 s\u1ea3n ph\u1ea9m tinh t\u1ebf v\u00e0 ch\u1ea5t l\u01b0\u1ee3ng cao, \u0111\u01b0\u1ee3c thi\u1ebft k\u1ebf d\u00e0nh ri\u00eang cho nh\u1eefng c\u0103n b\u1ebfp hi\u1ec7n \u0111\u1ea1i. V\u1edbi ch\u1ee9c n\u0103ng n\u00f3ng l\u1ea1nh ti\u1ec7n l\u1ee3i v\u00e0 ch\u1ea5t li\u1ec7u inox 304 cao c\u1ea5p, chi\u1ebfc v\u00f2i n\u00e0y kh\u00f4ng ch\u1ec9 mang l\u1ea1i s\u1ef1 ti\u1ec7n \u00edch t\u1ed1i \u0111a m\u00e0 c\u00f2n \u0111\u1ea3m b\u1ea3o \u0111\u1ed9 b\u1ec1n b\u1ec9 v\u00e0 th\u1ea9m m\u1ef9 cho kh\u00f4ng gian b\u1ebfp c\u1ee7a b\u1ea1n.<\/p>\n<p><strong>\u01afu \u0111i\u1ec3m n\u1ed5i b\u1eadt v\u00f2i r\u1eeda b\u00e1t SUPOR 251707-01-LS:<\/strong><\/p>\n<ul>\n<li>Ch\u1ea5t li\u1ec7u inox 304 cao c\u1ea5p: B\u1ec1n b\u1ec9, ch\u1ed1ng g\u1ec9 s\u00e9t, v\u00e0 an to\u00e0n cho s\u1ee9c kh\u1ecfe, gi\u00fap v\u00f2i r\u1eeda lu\u00f4n s\u00e1ng b\u00f3ng v\u00e0 d\u1ec5 d\u00e0ng v\u1ec7 sinh.<\/li>\n<li>Ch\u1ee9c n\u0103ng n\u00f3ng l\u1ea1nh ti\u1ec7n l\u1ee3i: Cho ph\u00e9p \u0111i\u1ec1u ch\u1ec9nh nhi\u1ec7t \u0111\u1ed9 n\u01b0\u1edbc theo nhu c\u1ea7u s\u1eed d\u1ee5ng, mang l\u1ea1i s\u1ef1 tho\u1ea3i m\u00e1i t\u1ed1i \u0111a trong m\u1ecdi c\u00f4ng vi\u1ec7c b\u1ebfp n\u00fac.<\/li>\n<li>Thi\u1ebft k\u1ebf hi\u1ec7n \u0111\u1ea1i: \u0110\u01b0\u1eddng n\u00e9t tinh t\u1ebf, sang tr\u1ecdng, ph\u00f9 h\u1ee3p v\u1edbi nhi\u1ec1u phong c\u00e1ch n\u1ed9i th\u1ea5t, l\u00e0m t\u00f4n l\u00ean v\u1ebb \u0111\u1eb9p c\u1ee7a c\u0103n b\u1ebfp.<\/li>\n<li>D\u1ec5 d\u00e0ng l\u1eafp \u0111\u1eb7t v\u00e0 s\u1eed d\u1ee5ng: Thi\u1ebft k\u1ebf th\u00f4ng minh gi\u00fap vi\u1ec7c l\u1eafp \u0111\u1eb7t tr\u1edf n\u00ean \u0111\u01a1n gi\u1ea3n, d\u1ec5 d\u00e0ng v\u00e0 nhanh ch\u00f3ng.<\/li>\n<\/ul>\n","protected":false},"excerpt":{"rendered":"<p>V\u00f2i r\u1eeda b\u00e1t SUPOR 251707-01-LS l\u00e0 s\u1ea3n ph\u1ea9m tinh t\u1ebf v\u00e0 ch\u1ea5t l\u01b0\u1ee3ng cao, \u0111\u01b0\u1ee3c thi\u1ebft k\u1ebf d\u00e0nh ri\u00eang cho nh\u1eefng c\u0103n b\u1ebfp hi\u1ec7n \u0111\u1ea1i. V\u1edbi ch\u1ee9c n\u0103ng n\u00f3ng l\u1ea1nh ti\u1ec7n l\u1ee3i v\u00e0 ch\u1ea5t li\u1ec7u inox 304 cao c\u1ea5p, chi\u1ebfc v\u00f2i n\u00e0y kh\u00f4ng ch\u1ec9 mang l\u1ea1i s\u1ef1 ti\u1ec7n \u00edch t\u1ed1i \u0111a m\u00e0 c\u00f2n \u0111\u1ea3m b\u1ea3o&#8230;<\/p>\n","protected":false},"featured_media":4933,"comment_status":"open","ping_status":"closed","template":"","meta":[],"product_brand":[],"product_cat":[17,127],"product_tag":[],"class_list":{"0":"post-4932","1":"product","2":"type-product","3":"status-publish","4":"has-post-thumbnail","6":"product_cat-voi-rua-bat","7":"product_cat-supor","9":"first","10":"instock","11":"shipping-taxable","12":"product-type-simple"},"_links":{"self":[{"href":"https:\/\/nhadepbepxinh.com.vn\/index.php?rest_route=\/wp\/v2\/product\/4932","targetHints":{"allow":["GET"]}}],"collection":[{"href":"https:\/\/nhadepbepxinh.com.vn\/index.php?rest_route=\/wp\/v2\/product"}],"about":[{"href":"https:\/\/nhadepbepxinh.com.vn\/index.php?rest_route=\/wp\/v2\/types\/product"}],"replies":[{"embeddable":true,"href":"https:\/\/nhadepbepxinh.com.vn\/index.php?rest_route=%2Fwp%2Fv2%2Fcomments&post=4932"}],"wp:featuredmedia":[{"embeddable":true,"href":"https:\/\/nhadepbepxinh.com.vn\/index.php?rest_route=\/wp\/v2\/media\/4933"}],"wp:attachment":[{"href":"https:\/\/nhadepbepxinh.com.vn\/index.php?rest_route=%2Fwp%2Fv2%2Fmedia&parent=4932"}],"wp:term":[{"taxonomy":"product_brand","embeddable":true,"href":"https:\/\/nhadepbepxinh.com.vn\/index.php?rest_route=%2Fwp%2Fv2%2Fproduct_brand&post=4932"},{"taxonomy":"product_cat","embeddable":true,"href":"https:\/\/nhadepbepxinh.com.vn\/index.php?rest_route=%2Fwp%2Fv2%2Fproduct_cat&post=4932"},{"taxonomy":"product_tag","embeddable":true,"href":"https:\/\/nhadepbepxinh.com.vn\/index.php?rest_route=%2Fwp%2Fv2%2Fproduct_tag&post=4932"}],"curies":[{"name":"wp","href":"https:\/\/api.w.org\/{rel}","templated":true}]}}