{"id":4918,"date":"2025-04-19T15:06:20","date_gmt":"2025-04-19T08:06:20","guid":{"rendered":"https:\/\/nhadepbepxinh.com.vn\/?post_type=product&#038;p=4918"},"modified":"2025-04-19T15:06:21","modified_gmt":"2025-04-19T08:06:21","slug":"binh-thuy-dien-nong-lanh-steiger-stg-888","status":"publish","type":"product","link":"https:\/\/nhadepbepxinh.com.vn\/?product=binh-thuy-dien-nong-lanh-steiger-stg-888","title":{"rendered":"B\u00ecnh th\u1ee7y \u0111i\u1ec7n n\u00f3ng l\u1ea1nh Steiger STG 888"},"content":{"rendered":"<h3 class=\"title\">Th\u00f4ng S\u1ed1 K\u1ef9 Thu\u1eadt<\/h3>\n<div class=\"content\">\n<div class=\"rte\">\n<p>C\u00f4ng ngh\u1ec7 l\u00e0m n\u00f3ng t\u1ee9c th\u1eddi gi\u00fap n\u01b0\u1edbc \u0111\u01b0\u1ee3c \u0111un n\u00f3ng \u0111\u1ebfn nhi\u1ec7t \u0111\u1ed9 mong mu\u1ed1n m\u1ed9t c\u00e1ch \u0111\u1ed3ng \u0111\u1ec1u<br \/>\nNhi\u1ec7t \u0111\u1ed9 l\u00e0m l\u1ea1nh t\u1eeb 3\u00b0 \u0111\u1ebfn 15 \u00b0C<br \/>\n8 nhi\u1ec7t \u0111\u1ed9 n\u01b0\u1edbc n\u00f3ng c\u00e0i \u0111\u1eb7t s\u1eb5n 40\u00b0, 50\u00b0, 60\u00b0, 70\u00b0, 80\u00b0, 90\u00b0, 92\u00b0, 100\u00b0C<br \/>\n8 m\u1ee9c dung t\u00edch n\u01b0\u1edbc c\u00e0i \u0111\u1eb7t s\u1eb5n 100ml, 150ml, 200ml, 250ml, 300ml, 350ml, 400ml, ch\u1ebf \u0111\u1ed9 ch\u1ea3y li\u00ean t\u1ee5c<br \/>\n2 khay h\u1ee9ng n\u01b0\u1edbc c\u00f3 th\u1ec3 th\u00e1o r\u1eddi v\u1edbi chi\u1ec1u cao kh\u00e1c nhau \u0111\u1ec3 ph\u00f9 h\u1ee3p v\u1edbi nhi\u1ec1u k\u00edch c\u1ee1 c\u1ed1c kh\u00e1c nhau<br \/>\nHo\u1ea1t \u0111\u1ed9ng kh\u00f4ng c\u1ea7n l\u1eafp \u0111\u1eb7t v\u1edbi b\u00ecnh ch\u1ee9a n\u01b0\u1edbc c\u00f3 th\u1ec3 th\u00e1o r\u1eddi<br \/>\n\u0110\u00e8n b\u00e1o nh\u1eafc nh\u1edf c\u1ea7n \u0111\u1ed5 th\u00eam n\u01b0\u1edbc khi m\u1ef1c n\u01b0\u1edbc th\u1ea5p v\u00e0 v\u1ec7 sinh c\u1eb7n b\u1ea9n<br \/>\nT\u00ednh n\u0103ng kh\u00f3a an to\u00e0n cho tr\u1ebb em khi s\u1eed d\u1ee5ng n\u01b0\u1edbc n\u00f3ng<br \/>\nB\u1ea3o v\u1ec7 ch\u1ed1ng \u0111un kh\u00f4 v\u00e0 qu\u00e1 nhi\u1ec7t<br \/>\nB\u1ed9 l\u1ecdc Uk Aqua Optima (Strix) \u2013 Lo\u1ea1i b\u1ecf clo kim lo\u1ea1i n\u1eb7ng v\u00e0 c\u00e1c ch\u1ea5t g\u00e2y \u00f4 nhi\u1ec5m kh\u00e1c m\u1ed9t c\u00e1ch hi\u1ec7u qu\u1ea3, gi\u1ea3m c\u1eb7n v\u00f4i t\u00edch t\u1ee5 \u0111\u1ed3ng th\u1eddi t\u0103ng c\u01b0\u1eddng h\u01b0\u01a1ng v\u1ecb c\u1ee7a n\u01b0\u1edbc<br \/>\n\u0110i\u1ec7n \u00e1p 220V \u2013 240V<br \/>\nC\u00f4ng su\u1ea5t 2200- 2600W<br \/>\nK\u00edch th\u01b0\u1edbc s\u1ea3n ph\u1ea9m L435*W185*H395 mm<br \/>\nTr\u1ecdng l\u01b0\u1ee3ng t\u1ed5ng 10.0 KGS<\/p>\n<\/div>\n<\/div>\n","protected":false},"excerpt":{"rendered":"<p>Th\u00f4ng S\u1ed1 K\u1ef9 Thu\u1eadt C\u00f4ng ngh\u1ec7 l\u00e0m n\u00f3ng t\u1ee9c th\u1eddi gi\u00fap n\u01b0\u1edbc \u0111\u01b0\u1ee3c \u0111un n\u00f3ng \u0111\u1ebfn nhi\u1ec7t \u0111\u1ed9 mong mu\u1ed1n m\u1ed9t c\u00e1ch \u0111\u1ed3ng \u0111\u1ec1u Nhi\u1ec7t \u0111\u1ed9 l\u00e0m l\u1ea1nh t\u1eeb 3\u00b0 \u0111\u1ebfn 15 \u00b0C 8 nhi\u1ec7t \u0111\u1ed9 n\u01b0\u1edbc n\u00f3ng c\u00e0i \u0111\u1eb7t s\u1eb5n 40\u00b0, 50\u00b0, 60\u00b0, 70\u00b0, 80\u00b0, 90\u00b0, 92\u00b0, 100\u00b0C 8 m\u1ee9c dung t\u00edch n\u01b0\u1edbc c\u00e0i&#8230;<\/p>\n","protected":false},"featured_media":4919,"comment_status":"open","ping_status":"closed","template":"","meta":[],"product_brand":[],"product_cat":[61,121],"product_tag":[],"class_list":{"0":"post-4918","1":"product","2":"type-product","3":"status-publish","4":"has-post-thumbnail","6":"product_cat-hang-gia-dung","7":"product_cat-binh-thuy-dien","9":"first","10":"instock","11":"shipping-taxable","12":"product-type-simple"},"_links":{"self":[{"href":"https:\/\/nhadepbepxinh.com.vn\/index.php?rest_route=\/wp\/v2\/product\/4918","targetHints":{"allow":["GET"]}}],"collection":[{"href":"https:\/\/nhadepbepxinh.com.vn\/index.php?rest_route=\/wp\/v2\/product"}],"about":[{"href":"https:\/\/nhadepbepxinh.com.vn\/index.php?rest_route=\/wp\/v2\/types\/product"}],"replies":[{"embeddable":true,"href":"https:\/\/nhadepbepxinh.com.vn\/index.php?rest_route=%2Fwp%2Fv2%2Fcomments&post=4918"}],"wp:featuredmedia":[{"embeddable":true,"href":"https:\/\/nhadepbepxinh.com.vn\/index.php?rest_route=\/wp\/v2\/media\/4919"}],"wp:attachment":[{"href":"https:\/\/nhadepbepxinh.com.vn\/index.php?rest_route=%2Fwp%2Fv2%2Fmedia&parent=4918"}],"wp:term":[{"taxonomy":"product_brand","embeddable":true,"href":"https:\/\/nhadepbepxinh.com.vn\/index.php?rest_route=%2Fwp%2Fv2%2Fproduct_brand&post=4918"},{"taxonomy":"product_cat","embeddable":true,"href":"https:\/\/nhadepbepxinh.com.vn\/index.php?rest_route=%2Fwp%2Fv2%2Fproduct_cat&post=4918"},{"taxonomy":"product_tag","embeddable":true,"href":"https:\/\/nhadepbepxinh.com.vn\/index.php?rest_route=%2Fwp%2Fv2%2Fproduct_tag&post=4918"}],"curies":[{"name":"wp","href":"https:\/\/api.w.org\/{rel}","templated":true}]}}