{"id":4899,"date":"2025-04-18T09:39:33","date_gmt":"2025-04-18T02:39:33","guid":{"rendered":"https:\/\/nhadepbepxinh.com.vn\/?post_type=product&#038;p=4899"},"modified":"2025-04-18T09:39:33","modified_gmt":"2025-04-18T02:39:33","slug":"bon-cau-viglacera-v199-nap-em-v86","status":"publish","type":"product","link":"https:\/\/nhadepbepxinh.com.vn\/?product=bon-cau-viglacera-v199-nap-em-v86","title":{"rendered":"B\u1ed3n C\u1ea7u Viglacera V199 N\u1eafp \u00cam V86"},"content":{"rendered":"<div class=\"chitiet_sp\">\n<div class=\"info_sp\">\n<div class=\"muahang\">\n<div id=\"get_sl\" class=\"nuttanggiam\">\n<div class=\"post-meta-tag\"><span style=\"font-size: 23.04px;\">Th\u00f4ng tin c\u01a1 b\u1ea3n<\/span><\/div>\n<\/div>\n<\/div>\n<\/div>\n<\/div>\n<p><main class=\"content\"><\/p>\n<article class=\"post-3485 product type-product status-publish has-post-thumbnail product_cat-bon-cau-1-khoi-viglacera product_cat-bon-cau-viglacera-2 product_tag-bon-cau product_tag-bon-cau-1-khoi entry\">\n<div class=\"entry-content\">\n<ul>\n<li>B\u1ed3n c\u1ea7u Viglacera\u00a0V199 m\u1ed9t kh\u1ed1i (k\u00e9t li\u1ec1n) ki\u1ec3u d\u00e1ng \u0111\u1eb7c bi\u1ec7t \u0111\u1ebfn t\u1eeb thi\u1ebft b\u1ecb n\u1ed9i th\u1ea5t Viglacera<\/li>\n<li>2 ch\u1ebf \u0111\u1ed9 x\u1ea3 nh\u1ea5n: 6l\/3l<\/li>\n<li>N\u1eafp V86 r\u01a1i \u00eam<\/li>\n<li>Bao g\u1ed3m ron ch\u1ed1ng h\u00f4i<\/li>\n<li>Bao g\u1ed3m van kh\u00f3a VG853<\/li>\n<li>C\u00f4ng ngh\u1ec7 x\u1ea3 xo\u00e1y<\/li>\n<li>\u00c1p l\u1ef1c n\u01b0\u1edbc: 0.05 MPa ~ 0.75 MPa<\/li>\n<li>K\u00edch th\u01b0\u1edbc: 695 x 365 x 760 mm (D\u00e0i x R\u1ed9ng x Cao)<\/li>\n<li>M\u00e0u s\u1eafc: Tr\u1eafng<\/li>\n<li>C\u00f4ng ngh\u1ec7: \u00dd<\/li>\n<li>S\u1ea3n xu\u1ea5t t\u1ea1i Vi\u1ec7t Nam<\/li>\n<li>Th\u01b0\u01a1ng hi\u1ec7u:\u00a0vigalcera<\/li>\n<\/ul>\n<h2>T\u00ednh n\u0103ng b\u00e0n c\u1ea7u Viglacera V 199 li\u1ec1n kh\u1ed1i<\/h2>\n<ul>\n<li>C\u00f4ng ngh\u1ec7 x\u1ea3 nhanh, m\u1ea1nh v\u00e0 kh\u00f4ng g\u00e2y ti\u1ebfng \u1ed3n.<\/li>\n<li>Men Nano nung: Di\u1ec7t khu\u1ea9n, ch\u1ed1ng b\u00e1m d\u00ednh.<\/li>\n<li>Thi\u1ebft k\u1ebf ph\u00f9 h\u1ee3p v\u1edbi nhi\u1ec1u kh\u00f4ng gian<\/li>\n<li>M\u00e0u s\u1eafc d\u1ec3 ph\u1ed1i h\u1ee3p c\u00e1c ph\u1ee5 ki\u1ec7n trong ph\u00f2ng t\u1eafm<\/li>\n<li>Th\u00e2n k\u00edn v\u1ec7 sinh d\u1ec5 d\u00e0ng<\/li>\n<\/ul>\n<h2>B\u1ea3n v\u1ebd b\u1ec7 x\u00ed b\u1ec7t VI99 Viglacera 1 kh\u1ed1i<\/h2>\n<p><img loading=\"lazy\" decoding=\"async\" class=\"alignnone size-full wp-image-3487\" src=\"https:\/\/viglacerats.com\/wp-content\/uploads\/2024\/04\/v199-1.jpg\" alt=\"\" width=\"518\" height=\"538\" \/><\/p>\n<\/div>\n<\/article>\n<p><\/main><\/p>\n","protected":false},"excerpt":{"rendered":"<p>Th\u00f4ng tin c\u01a1 b\u1ea3n B\u1ed3n c\u1ea7u Viglacera\u00a0V199 m\u1ed9t kh\u1ed1i (k\u00e9t li\u1ec1n) ki\u1ec3u d\u00e1ng \u0111\u1eb7c bi\u1ec7t \u0111\u1ebfn t\u1eeb thi\u1ebft b\u1ecb n\u1ed9i th\u1ea5t Viglacera 2 ch\u1ebf \u0111\u1ed9 x\u1ea3 nh\u1ea5n: 6l\/3l N\u1eafp V86 r\u01a1i \u00eam Bao g\u1ed3m ron ch\u1ed1ng h\u00f4i Bao g\u1ed3m van kh\u00f3a VG853 C\u00f4ng ngh\u1ec7 x\u1ea3 xo\u00e1y \u00c1p l\u1ef1c n\u01b0\u1edbc: 0.05 MPa ~ 0.75 MPa K\u00edch&#8230;<\/p>\n","protected":false},"featured_media":4900,"comment_status":"open","ping_status":"closed","template":"","meta":[],"product_brand":[],"product_cat":[18,26],"product_tag":[],"class_list":{"0":"post-4899","1":"product","2":"type-product","3":"status-publish","4":"has-post-thumbnail","6":"product_cat-thiet-bi-ve-sinh","7":"product_cat-bon-cau","9":"first","10":"instock","11":"shipping-taxable","12":"product-type-simple"},"_links":{"self":[{"href":"https:\/\/nhadepbepxinh.com.vn\/index.php?rest_route=\/wp\/v2\/product\/4899","targetHints":{"allow":["GET"]}}],"collection":[{"href":"https:\/\/nhadepbepxinh.com.vn\/index.php?rest_route=\/wp\/v2\/product"}],"about":[{"href":"https:\/\/nhadepbepxinh.com.vn\/index.php?rest_route=\/wp\/v2\/types\/product"}],"replies":[{"embeddable":true,"href":"https:\/\/nhadepbepxinh.com.vn\/index.php?rest_route=%2Fwp%2Fv2%2Fcomments&post=4899"}],"wp:featuredmedia":[{"embeddable":true,"href":"https:\/\/nhadepbepxinh.com.vn\/index.php?rest_route=\/wp\/v2\/media\/4900"}],"wp:attachment":[{"href":"https:\/\/nhadepbepxinh.com.vn\/index.php?rest_route=%2Fwp%2Fv2%2Fmedia&parent=4899"}],"wp:term":[{"taxonomy":"product_brand","embeddable":true,"href":"https:\/\/nhadepbepxinh.com.vn\/index.php?rest_route=%2Fwp%2Fv2%2Fproduct_brand&post=4899"},{"taxonomy":"product_cat","embeddable":true,"href":"https:\/\/nhadepbepxinh.com.vn\/index.php?rest_route=%2Fwp%2Fv2%2Fproduct_cat&post=4899"},{"taxonomy":"product_tag","embeddable":true,"href":"https:\/\/nhadepbepxinh.com.vn\/index.php?rest_route=%2Fwp%2Fv2%2Fproduct_tag&post=4899"}],"curies":[{"name":"wp","href":"https:\/\/api.w.org\/{rel}","templated":true}]}}