{"id":4706,"date":"2025-04-11T14:48:05","date_gmt":"2025-04-11T07:48:05","guid":{"rendered":"https:\/\/nhadepbepxinh.com.vn\/?post_type=product&#038;p=4706"},"modified":"2025-04-11T14:59:22","modified_gmt":"2025-04-11T07:59:22","slug":"ke-bat-dia-inox-cao-cap-kafele","status":"publish","type":"product","link":"https:\/\/nhadepbepxinh.com.vn\/?product=ke-bat-dia-inox-cao-cap-kafele","title":{"rendered":"K\u00ca\u0323 BA\u0301T \u0110I\u0303A INOX CAO C\u00c2\u0301P KARFELE"},"content":{"rendered":"<ul class=\"tabs wc-tabs product-tabs small-nav-collapse nav nav-uppercase nav-line nav-left\" role=\"tablist\">\n<li id=\"tab-title-description\" class=\"description_tab active\" role=\"tab\" aria-controls=\"tab-description\">Th\u00f4ng tin chi ti\u1ebft<\/li>\n<\/ul>\n<div class=\"tab-panels\">\n<div id=\"tab-description\" class=\"woocommerce-Tabs-panel woocommerce-Tabs-panel--description panel entry-content active\" role=\"tabpanel\" aria-labelledby=\"tab-title-description\">\n<p>M\u1ed9t g\u00f3c b\u1ebfp g\u1ecdn g\u00e0ng, ng\u0103n n\u1eafp lu\u00f4n l\u00e0 \u0111i\u1ec1u mong mu\u1ed1n c\u1ee7a ch\u1ecb em n\u1ed9i tr\u1ee3. Vi\u1ec7c s\u1eafp x\u1ebfp \u0111\u1ed3 d\u00f9ng nh\u00e0 b\u1ebfp sao cho ng\u0103n n\u1eafp v\u00e0 thu\u1eadn ti\u1ec7n \u0111\u01b0\u1ee3c h\u1ed7 tr\u1ee3 r\u1ea5t nhi\u1ec1u t\u1eeb c\u00e1c ph\u1ee5 ki\u1ec7n t\u1ee7 b\u1ec7p.<\/p>\n<p>K\u1ec7 b\u00e1t \u0111\u0129a xoong n\u1ed3i t\u1ee7 d\u01b0\u1edbi Karfele l\u00e0 m\u1ed9t trong nh\u1eefng v\u1eadt d\u1ee5ng kh\u00f4ng th\u1ec3 thi\u1ebfu trong c\u0103n b\u1ebfp c\u1ee7a b\u1ea1n.<\/p>\n<p>\u2013\u00a0<strong>K\u1ec7 b\u00e1t \u0111\u0129a<\/strong>\u00a0th\u01b0\u1eddng \u0111\u01b0\u1ee3c l\u00e0m t\u1eeb ch\u1ea5t li\u1ec7u inox b\u00f3ng cao c\u1ea5p, ch\u1ed1ng han g\u1ec9, an to\u00e0n cho s\u1ee9c kh\u1ecfe.<\/p>\n<p>\u2013 S\u1ea3n ph\u1ea9m ch\u1ecbu l\u1ef1c t\u1ed1t v\u00e0 b\u1ec1n v\u1edbi th\u1eddi gian<\/p>\n<p>\u2013 Hai ray tr\u01b0\u1ee3t \u0111\u01b0\u1ee3c g\u1eafn v\u00e0o 2 b\u00ean h\u1ed9c t\u1ee7 c\u00f3 r\u00e2y gi\u1ea3m ch\u1ea5n gi\u00fap gi\u00e1 chuy\u1ec3n \u0111\u1ed9ng tr\u01b0\u1ee3t ra v\u00e0o \u00eam \u00e1i, kh\u00f4ng g\u00e2y ti\u1ebfng \u1ed3n.<\/p>\n<p>\u2013 K\u1ec7 b\u00e1t \u0111\u0129a xoong n\u1ed3i t\u1ee7 d\u01b0\u1edbi \u0111\u01b0\u1ee3c gh\u00e9p n\u1ed1i t\u1eeb nh\u1eefng thanh inox d\u1ea1ng nan, t\u1ea1o kho\u1ea3ng tr\u1ed1ng gi\u00fap xoong n\u1ed3i b\u00e1t \u0111\u0129a nhanh kh\u00f4. Khay h\u1ee9ng n\u01b0\u1edbc ph\u00eda d\u01b0\u1edbi gi\u00fap b\u1ea1n h\u1ee9ng ph\u1ea7n n\u01b0\u1edbc d\u01b0 th\u1eeba t\u1eeb b\u00e1t \u0111\u0129a xoong n\u1ed3i \u01b0\u1edbt, b\u1ea3o v\u1ec7 t\u1ee7 b\u1ebfp nh\u00e0 b\u1ea1n kh\u1ecfi \u1ea9m m\u1ed1c.<\/p>\n<p><strong>Th\u00f4ng s\u1ed1 k\u1ef9 thu\u1eadt: K\u1ec7 b\u00e1t \u0111\u0129a nan d\u1eb9t \u2013 Ch\u1ea5t li\u1ec7u INOX b\u00f3ng cao c\u1ea5p<\/strong><\/p>\n<table border=\"1\" width=\"504\">\n<tbody>\n<tr>\n<td width=\"126\"><strong>M\u00e3 h\u00e0ng<\/strong><\/td>\n<td width=\"126\"><strong>K\u00edch th\u01b0\u1edbc<\/strong><\/td>\n<td width=\"126\"><strong>\u0110\u01a1n v\u1ecb<\/strong><\/td>\n<td width=\"126\"><strong>Gi\u00e1 b\u00e1n<\/strong><\/td>\n<\/tr>\n<tr>\n<td><strong>KBA2.600<\/strong><\/td>\n<td><strong>R565\u00d7S460\u00d7C140<\/strong><\/td>\n<td><strong>B\u1ed9<\/strong><\/td>\n<td><strong>Li\u00ean h\u00ea\u0323<\/strong><\/td>\n<\/tr>\n<tr>\n<td><strong>KBA2.700<\/strong><\/td>\n<td><strong>R665\u00d7S460\u00d7C140<\/strong><\/td>\n<td><strong>B\u1ed9<\/strong><\/td>\n<td><strong>Li\u00ean h\u00ea\u0323<\/strong><\/td>\n<\/tr>\n<tr>\n<td><strong>KBA2.800<\/strong><\/td>\n<td><strong>R765\u00d7S460\u00d7C140<\/strong><\/td>\n<td><strong>B\u1ed9<\/strong><\/td>\n<td><strong>Li\u00ean h\u00ea\u0323<\/strong><\/td>\n<\/tr>\n<tr>\n<td><strong>KBA2.900<\/strong><\/td>\n<td><strong>R865\u00d7S460\u00d7C140<\/strong><\/td>\n<td><strong>B\u1ed9<\/strong><\/td>\n<td><strong>Li\u00ean h\u00ea\u0323<\/strong><\/td>\n<\/tr>\n<\/tbody>\n<\/table>\n<\/div>\n<\/div>\n","protected":false},"excerpt":{"rendered":"<p>Th\u00f4ng tin chi ti\u1ebft M\u1ed9t g\u00f3c b\u1ebfp g\u1ecdn g\u00e0ng, ng\u0103n n\u1eafp lu\u00f4n l\u00e0 \u0111i\u1ec1u mong mu\u1ed1n c\u1ee7a ch\u1ecb em n\u1ed9i tr\u1ee3. Vi\u1ec7c s\u1eafp x\u1ebfp \u0111\u1ed3 d\u00f9ng nh\u00e0 b\u1ebfp sao cho ng\u0103n n\u1eafp v\u00e0 thu\u1eadn ti\u1ec7n \u0111\u01b0\u1ee3c h\u1ed7 tr\u1ee3 r\u1ea5t nhi\u1ec1u t\u1eeb c\u00e1c ph\u1ee5 ki\u1ec7n t\u1ee7 b\u1ec7p. K\u1ec7 b\u00e1t \u0111\u0129a xoong n\u1ed3i t\u1ee7 d\u01b0\u1edbi Karfele l\u00e0&#8230;<\/p>\n","protected":false},"featured_media":4707,"comment_status":"open","ping_status":"closed","template":"","meta":[],"product_brand":[],"product_cat":[55,57],"product_tag":[],"class_list":{"0":"post-4706","1":"product","2":"type-product","3":"status-publish","4":"has-post-thumbnail","6":"product_cat-phu-kien-tu-bep","7":"product_cat-karfele","9":"first","10":"instock","11":"shipping-taxable","12":"product-type-simple"},"_links":{"self":[{"href":"https:\/\/nhadepbepxinh.com.vn\/index.php?rest_route=\/wp\/v2\/product\/4706","targetHints":{"allow":["GET"]}}],"collection":[{"href":"https:\/\/nhadepbepxinh.com.vn\/index.php?rest_route=\/wp\/v2\/product"}],"about":[{"href":"https:\/\/nhadepbepxinh.com.vn\/index.php?rest_route=\/wp\/v2\/types\/product"}],"replies":[{"embeddable":true,"href":"https:\/\/nhadepbepxinh.com.vn\/index.php?rest_route=%2Fwp%2Fv2%2Fcomments&post=4706"}],"wp:featuredmedia":[{"embeddable":true,"href":"https:\/\/nhadepbepxinh.com.vn\/index.php?rest_route=\/wp\/v2\/media\/4707"}],"wp:attachment":[{"href":"https:\/\/nhadepbepxinh.com.vn\/index.php?rest_route=%2Fwp%2Fv2%2Fmedia&parent=4706"}],"wp:term":[{"taxonomy":"product_brand","embeddable":true,"href":"https:\/\/nhadepbepxinh.com.vn\/index.php?rest_route=%2Fwp%2Fv2%2Fproduct_brand&post=4706"},{"taxonomy":"product_cat","embeddable":true,"href":"https:\/\/nhadepbepxinh.com.vn\/index.php?rest_route=%2Fwp%2Fv2%2Fproduct_cat&post=4706"},{"taxonomy":"product_tag","embeddable":true,"href":"https:\/\/nhadepbepxinh.com.vn\/index.php?rest_route=%2Fwp%2Fv2%2Fproduct_tag&post=4706"}],"curies":[{"name":"wp","href":"https:\/\/api.w.org\/{rel}","templated":true}]}}