{"id":4698,"date":"2025-04-11T14:40:44","date_gmt":"2025-04-11T07:40:44","guid":{"rendered":"https:\/\/nhadepbepxinh.com.vn\/?post_type=product&#038;p=4698"},"modified":"2025-04-11T15:00:15","modified_gmt":"2025-04-11T08:00:15","slug":"ke-dao-thot-chai-lo-kefele","status":"publish","type":"product","link":"https:\/\/nhadepbepxinh.com.vn\/?product=ke-dao-thot-chai-lo-kefele","title":{"rendered":"K\u00ca\u0323 DAO TH\u01a0\u0301T CHAI LO\u0323 KARFELE"},"content":{"rendered":"<ul class=\"tabs wc-tabs product-tabs small-nav-collapse nav nav-uppercase nav-line nav-left\" role=\"tablist\">\n<li id=\"tab-title-description\" class=\"description_tab active\" role=\"tab\" aria-controls=\"tab-description\">Th\u00f4ng tin chi ti\u1ebft<\/li>\n<\/ul>\n<div class=\"tab-panels\">\n<div id=\"tab-description\" class=\"woocommerce-Tabs-panel woocommerce-Tabs-panel--description panel entry-content active\" role=\"tabpanel\" aria-labelledby=\"tab-title-description\">\n<p>Dao th\u1edbt l\u00e0 d\u1ee5ng c\u1ee5 kh\u00f4ng th\u1ec3 thi\u1ebfu trong b\u1ebfp. Nh\u1eefng d\u1ee5ng c\u1ee5 n\u00e0y c\u1ea7n ph\u1ea3i \u0111\u01b0\u1ee3c s\u1eafp x\u1ebfp sao cho an to\u00e0n, nh\u1ea5t l\u00e0 \u0111\u1ed1i v\u1edbi nh\u1eefng gia \u0111\u00ecnh c\u00f3 tr\u1ebb nh\u1ecf. K\u1ec7 dao th\u1edbt Karfele s\u1ebd gi\u00fap gia \u0111\u00ecnh b\u1ea1n c\u00f3 th\u1ec3 b\u1ea3o v\u1ec7 c\u00e1c lo\u1ea1i dao th\u1edbt \u1edf v\u1ecb tr\u00ed an to\u00e0n v\u1edbi tr\u1ebb nh\u1ecf.<\/p>\n<p>Ngo\u00e0i ra, ph\u1ee5 ki\u1ec7n n\u00e0y c\u00f2n gi\u00fap cho kh\u00f4ng gian b\u1ebfp nh\u00e0 b\u1ea1n tr\u1edf n\u00ean g\u1ecdn g\u00e0ng, ng\u0103n n\u1eafp v\u00e0 s\u1ea1ch s\u1ebd.<\/p>\n<p><strong>Th\u00f4ng s\u1ed1 k\u1ef9 thu\u1eadt: K\u1ec7 dao th\u1edbt chai l\u1ecd nan d\u1eb9t (ch\u1ea5t li\u1ec7u inox b\u00f3ng cao c\u1ea5p)<\/strong><\/p>\n<table width=\"743\">\n<tbody>\n<tr>\n<td width=\"123\"><strong>M\u00e3 h\u00e0ng<\/strong><\/td>\n<td width=\"155\"><strong>K\u00edch th\u01b0\u1edbc<\/strong><\/td>\n<td width=\"121\"><strong>\u0110\u01a1n v\u1ecb<\/strong><\/td>\n<td width=\"123\"><strong>Gi\u00e1 b\u00e1n<\/strong><\/td>\n<\/tr>\n<tr>\n<td><strong>\u00a0KT7.200\u00a0<\/strong><\/td>\n<td width=\"155\"><strong>R165\u00d7S450\u00d7C455<\/strong><\/td>\n<td><strong>B\u1ed9<\/strong><\/td>\n<td><strong>Li\u00ean h\u00ea\u0323<\/strong><\/td>\n<\/tr>\n<tr>\n<td><strong>\u00a0KT7.250\u00a0<\/strong><\/td>\n<td width=\"155\"><strong>R215\u00d7S450\u00d7C455<\/strong><\/td>\n<td><strong>B\u1ed9<\/strong><\/td>\n<td><strong>Li\u00ean h\u00ea\u0323<\/strong><\/td>\n<\/tr>\n<tr>\n<td><strong>\u00a0KT7.300\u00a0<\/strong><\/td>\n<td width=\"155\"><strong>R265\u00d7S450\u00d7C455<\/strong><\/td>\n<td><strong>B\u1ed9<\/strong><\/td>\n<td><strong>Li\u00ean h\u00ea\u0323<\/strong><\/td>\n<\/tr>\n<tr>\n<td><strong>\u00a0KT7.350\u00a0<\/strong><\/td>\n<td width=\"155\"><strong>R315\u00d7S450\u00d7C455<\/strong><\/td>\n<td><strong>B\u1ed9<\/strong><\/td>\n<td><strong>Li\u00ean h\u00ea\u0323<\/strong><\/td>\n<\/tr>\n<tr>\n<td><strong>\u00a0KT7.400\u00a0<\/strong><\/td>\n<td width=\"155\"><strong>R365\u00d7S450\u00d7C455<\/strong><\/td>\n<td><strong>B\u1ed9<\/strong><\/td>\n<td><strong>Li\u00ean h\u00ea\u0323<\/strong><\/td>\n<\/tr>\n<\/tbody>\n<\/table>\n<\/div>\n<\/div>\n","protected":false},"excerpt":{"rendered":"<p>Th\u00f4ng tin chi ti\u1ebft Dao th\u1edbt l\u00e0 d\u1ee5ng c\u1ee5 kh\u00f4ng th\u1ec3 thi\u1ebfu trong b\u1ebfp. Nh\u1eefng d\u1ee5ng c\u1ee5 n\u00e0y c\u1ea7n ph\u1ea3i \u0111\u01b0\u1ee3c s\u1eafp x\u1ebfp sao cho an to\u00e0n, nh\u1ea5t l\u00e0 \u0111\u1ed1i v\u1edbi nh\u1eefng gia \u0111\u00ecnh c\u00f3 tr\u1ebb nh\u1ecf. K\u1ec7 dao th\u1edbt Karfele s\u1ebd gi\u00fap gia \u0111\u00ecnh b\u1ea1n c\u00f3 th\u1ec3 b\u1ea3o v\u1ec7 c\u00e1c lo\u1ea1i dao th\u1edbt \u1edf&#8230;<\/p>\n","protected":false},"featured_media":4699,"comment_status":"open","ping_status":"closed","template":"","meta":[],"product_brand":[],"product_cat":[55,57],"product_tag":[],"class_list":{"0":"post-4698","1":"product","2":"type-product","3":"status-publish","4":"has-post-thumbnail","6":"product_cat-phu-kien-tu-bep","7":"product_cat-karfele","9":"first","10":"instock","11":"shipping-taxable","12":"product-type-simple"},"_links":{"self":[{"href":"https:\/\/nhadepbepxinh.com.vn\/index.php?rest_route=\/wp\/v2\/product\/4698","targetHints":{"allow":["GET"]}}],"collection":[{"href":"https:\/\/nhadepbepxinh.com.vn\/index.php?rest_route=\/wp\/v2\/product"}],"about":[{"href":"https:\/\/nhadepbepxinh.com.vn\/index.php?rest_route=\/wp\/v2\/types\/product"}],"replies":[{"embeddable":true,"href":"https:\/\/nhadepbepxinh.com.vn\/index.php?rest_route=%2Fwp%2Fv2%2Fcomments&post=4698"}],"wp:featuredmedia":[{"embeddable":true,"href":"https:\/\/nhadepbepxinh.com.vn\/index.php?rest_route=\/wp\/v2\/media\/4699"}],"wp:attachment":[{"href":"https:\/\/nhadepbepxinh.com.vn\/index.php?rest_route=%2Fwp%2Fv2%2Fmedia&parent=4698"}],"wp:term":[{"taxonomy":"product_brand","embeddable":true,"href":"https:\/\/nhadepbepxinh.com.vn\/index.php?rest_route=%2Fwp%2Fv2%2Fproduct_brand&post=4698"},{"taxonomy":"product_cat","embeddable":true,"href":"https:\/\/nhadepbepxinh.com.vn\/index.php?rest_route=%2Fwp%2Fv2%2Fproduct_cat&post=4698"},{"taxonomy":"product_tag","embeddable":true,"href":"https:\/\/nhadepbepxinh.com.vn\/index.php?rest_route=%2Fwp%2Fv2%2Fproduct_tag&post=4698"}],"curies":[{"name":"wp","href":"https:\/\/api.w.org\/{rel}","templated":true}]}}