{"id":4683,"date":"2025-04-11T14:30:52","date_gmt":"2025-04-11T07:30:52","guid":{"rendered":"https:\/\/nhadepbepxinh.com.vn\/?post_type=product&#038;p=4683"},"modified":"2025-04-11T14:30:52","modified_gmt":"2025-04-11T07:30:52","slug":"sen-cay-tam-sobisung-ib-900","status":"publish","type":"product","link":"https:\/\/nhadepbepxinh.com.vn\/?product=sen-cay-tam-sobisung-ib-900","title":{"rendered":"Sen c\u00e2y t\u1eafm Sobisung IB-900"},"content":{"rendered":"<p><strong>Sobisung\u00a0<\/strong>l\u00e0 th\u01b0\u01a1ng hi\u1ec7u qu\u1ed1c t\u1ebf c\u1ee7a nh\u00e0 m\u00e1y s\u1ea3n xu\u1ea5t sen v\u00f2i cao c\u1ea5p h\u00e0ng \u0111\u1ea7u H\u00e0n Qu\u1ed1c, \u0111\u1ea3m b\u1ea3o v\u1ec1 ch\u1ea5t l\u01b0\u1ee3ng v\u00e0 m\u1eabu m\u00e3.\u00a0<strong>Sobisung\u00a0<\/strong>lu\u00f4n \u0111\u01b0a ra c\u00e1c s\u1ea3n ph\u1ea9m ch\u1ea5t l\u01b0\u1ee3ng cao v\u00e0 s\u00e1ng t\u1ea1o \u0111\u1ed5i m\u1edbi \u0111\u1ec3 n\u00e2ng t\u1ea7m ch\u1ea5t l\u01b0\u1ee3ng cu\u1ed9c s\u1ed1ng Vi\u1ec7t. Hi\u1ec7n nay, s\u1ea3n ph\u1ea9m<strong>\u00a0Sen c\u00e2y n\u00f3ng l\u1ea1nh Sobisung IB-900\u00a0<\/strong>\u0111\u00e3 v\u00e0 \u0111ang \u0111\u01b0\u1ee3c b\u00e0y b\u00e1n t\u1ea1i Showroom T\u00e2m Anh.<\/p>\n<h2><strong>Th\u00f4ng s\u1ed1 k\u1ef9 thu\u1eadt<\/strong><\/h2>\n<ul>\n<li>T\u00ean s\u1ea3n ph\u1ea9m:\u00a0<strong>Sen c\u00e2y n\u00f3ng l\u1ea1nh Sobisung<\/strong><\/li>\n<li>M\u00e3 s\u1ea3n ph\u1ea9m:\u00a0<strong>IB-900<\/strong><\/li>\n<li>\u00c1p l\u1ef1c n\u01b0\u1edbc: 0.05 MPa ~ 0.75 MPa<\/li>\n<li>L\u1edbp m\u1ea1 b\u1ec1n v\u1eefng v\u1edbi th\u1eddi gian<\/li>\n<li>H\u00e3ng s\u1ea3n xu\u1ea5t: Sobisung<\/li>\n<li>Xu\u1ea5t x\u1ee9: H\u00e0n Qu\u1ed1c.<\/li>\n<\/ul>\n<h2><strong>\u0110i\u1ec3m n\u1ed5i b\u1eadt\u00a0Sen c\u00e2y\u00a0n\u00f3ng l\u1ea1nh Sobisung<\/strong><\/h2>\n<ul>\n<li>C\u1ee7 sen v\u1edbi ch\u1ea5t li\u1ec7u \u0111\u1ed3ng cao c\u1ea5p, \u0111\u1ea3m b\u1ea3o ch\u1ea5t l\u01b0\u1ee3ng cao<\/li>\n<li>L\u1edbp m\u1ea1 b\u1ec1n v\u1eefng v\u1edbi th\u1eddi gian, d\u1ec5 l\u1eafp \u0111\u1eb7t, d\u1ec5 v\u1ec7 sinh<\/li>\n<li><strong>Sen c\u00e2y n\u00f3ng l\u1ea1nh Sobisung\u00a0<\/strong>\u0111\u01b0\u1ee3c thi\u1ebft k\u1ebf m\u1edbi m\u1ebb \u0111\u1eb7c bi\u1ec7t th\u00f4ng minh, ti\u1ec7n l\u1ee3i<\/li>\n<li>\u0110\u1ea7u v\u00f2i \u0111\u01b0\u1ee3c thi\u1ebft k\u1ebf \u0111\u1ed9c \u0111\u00e1o t\u1ea1o b\u1ecdt trong d\u00f2ng ch\u1ea3y<\/li>\n<li>\u0110\u1ea3m b\u1ea3o ch\u1ea5t l\u01b0\u1ee3ng v\u00e0 \u0111\u1ed9 b\u1ec1n theo th\u1eddi gian<\/li>\n<li>Xi m\u1ea1 s\u1ea3n ph\u1ea9m \u0111\u1ec1u qua dung d\u1ecbch PB x\u1eed l\u00fd v\u1ec7 sinh \u0111\u1ec3 l\u1ecdai b\u1ecf ch\u1ea5t g\u00e2y h\u1ea1i cho s\u1ee9c kh\u1ecfe<\/li>\n<li style=\"list-style-type: none;\"><\/li>\n<\/ul>\n","protected":false},"excerpt":{"rendered":"<p>Sobisung\u00a0l\u00e0 th\u01b0\u01a1ng hi\u1ec7u qu\u1ed1c t\u1ebf c\u1ee7a nh\u00e0 m\u00e1y s\u1ea3n xu\u1ea5t sen v\u00f2i cao c\u1ea5p h\u00e0ng \u0111\u1ea7u H\u00e0n Qu\u1ed1c, \u0111\u1ea3m b\u1ea3o v\u1ec1 ch\u1ea5t l\u01b0\u1ee3ng v\u00e0 m\u1eabu m\u00e3.\u00a0Sobisung\u00a0lu\u00f4n \u0111\u01b0a ra c\u00e1c s\u1ea3n ph\u1ea9m ch\u1ea5t l\u01b0\u1ee3ng cao v\u00e0 s\u00e1ng t\u1ea1o \u0111\u1ed5i m\u1edbi \u0111\u1ec3 n\u00e2ng t\u1ea7m ch\u1ea5t l\u01b0\u1ee3ng cu\u1ed9c s\u1ed1ng Vi\u1ec7t. Hi\u1ec7n nay, s\u1ea3n ph\u1ea9m\u00a0Sen c\u00e2y n\u00f3ng l\u1ea1nh Sobisung&#8230;<\/p>\n","protected":false},"featured_media":4684,"comment_status":"open","ping_status":"closed","template":"","meta":[],"product_brand":[],"product_cat":[18,29],"product_tag":[],"class_list":{"0":"post-4683","1":"product","2":"type-product","3":"status-publish","4":"has-post-thumbnail","6":"product_cat-thiet-bi-ve-sinh","7":"product_cat-sen-cay","9":"first","10":"instock","11":"shipping-taxable","12":"product-type-simple"},"_links":{"self":[{"href":"https:\/\/nhadepbepxinh.com.vn\/index.php?rest_route=\/wp\/v2\/product\/4683","targetHints":{"allow":["GET"]}}],"collection":[{"href":"https:\/\/nhadepbepxinh.com.vn\/index.php?rest_route=\/wp\/v2\/product"}],"about":[{"href":"https:\/\/nhadepbepxinh.com.vn\/index.php?rest_route=\/wp\/v2\/types\/product"}],"replies":[{"embeddable":true,"href":"https:\/\/nhadepbepxinh.com.vn\/index.php?rest_route=%2Fwp%2Fv2%2Fcomments&post=4683"}],"wp:featuredmedia":[{"embeddable":true,"href":"https:\/\/nhadepbepxinh.com.vn\/index.php?rest_route=\/wp\/v2\/media\/4684"}],"wp:attachment":[{"href":"https:\/\/nhadepbepxinh.com.vn\/index.php?rest_route=%2Fwp%2Fv2%2Fmedia&parent=4683"}],"wp:term":[{"taxonomy":"product_brand","embeddable":true,"href":"https:\/\/nhadepbepxinh.com.vn\/index.php?rest_route=%2Fwp%2Fv2%2Fproduct_brand&post=4683"},{"taxonomy":"product_cat","embeddable":true,"href":"https:\/\/nhadepbepxinh.com.vn\/index.php?rest_route=%2Fwp%2Fv2%2Fproduct_cat&post=4683"},{"taxonomy":"product_tag","embeddable":true,"href":"https:\/\/nhadepbepxinh.com.vn\/index.php?rest_route=%2Fwp%2Fv2%2Fproduct_tag&post=4683"}],"curies":[{"name":"wp","href":"https:\/\/api.w.org\/{rel}","templated":true}]}}