{"id":4681,"date":"2025-04-11T14:26:10","date_gmt":"2025-04-11T07:26:10","guid":{"rendered":"https:\/\/nhadepbepxinh.com.vn\/?post_type=product&#038;p=4681"},"modified":"2025-04-11T14:26:10","modified_gmt":"2025-04-11T07:26:10","slug":"sen-tam-dong-ma-niken-crom-leguava-glc-002","status":"publish","type":"product","link":"https:\/\/nhadepbepxinh.com.vn\/?product=sen-tam-dong-ma-niken-crom-leguava-glc-002","title":{"rendered":"Sen t\u1eafm \u0111\u1ed3ng m\u1ea1 Niken \u2013 Crom Le\u2019guava GLC- 002"},"content":{"rendered":"<p><strong>Th\u00f4ng Tin S\u1ea3n Ph\u1ea9m<\/strong><\/p>\n<ul>\n<li>S\u1ea3n ph\u1ea9m\u00a0<strong>sen t\u1eafm Leguava<\/strong>\u00a0nh\u1eadp kh\u1ea9u nguy\u00ean chi\u1ebfc t\u1eeb Ph\u00e1p, bao g\u1ed3m \u0111\u1ea7y \u0111\u1ee7 ph\u1ee5 ki\u1ec7n l\u1eafp \u0111\u1eb7t, h\u01b0\u1edbng d\u1eabn s\u1eed d\u1ee5ng, th\u1ebb b\u1ea3o h\u00e0nh, \u0111\u1ea3m b\u1ea3o ch\u1ea5t l\u01b0\u1ee3ng v\u00e0 t\u00ednh n\u0103ng v\u01b0\u1ee3t tr\u1ed9i.<\/li>\n<\/ul>\n<p><strong>Ti\u00eau chu\u1ea9n ch\u1ea5t l\u01b0\u1ee3ng qu\u1ed1c t\u1ebf<\/strong>: S\u1ea3n ph\u1ea9m \u0111\u1ea1t c\u00e1c ti\u00eau chu\u1ea9n CE (Ch\u00e2u \u00c2u), UL (M\u1ef9) v\u00e0 ISO 9001, ISO 14001 qu\u1ed1c t\u1ebf<\/p>\n<ul>\n<li><strong>Ch\u1ea5t li\u1ec7u v\u00e0 thi\u1ebft k\u1ebf<\/strong>:\n<ul>\n<li>C\u1ee7 sen \u0111\u01b0\u1ee3c l\u00e0m b\u1eb1ng \u0111\u1ed3ng \u0111\u00fac nguy\u00ean kh\u1ed1i, c\u00f3 h\u00e0m l\u01b0\u1ee3ng ch\u00ec th\u1ea5p h\u01a1n 0,013% (Pb), an to\u00e0n cho s\u1ee9c kh\u1ecfe so v\u1edbi m\u1ee9c gi\u1edbi h\u1ea1n 0,025% quy \u0111\u1ecbnh.<\/li>\n<li>M\u1ea1 5 l\u1edbp crom\/niken d\u00e0y d\u1eb7n, l\u1edbp ngo\u00e0i c\u00f9ng l\u00e0 h\u1ee3p ch\u1ea5t titanium gi\u00fap ch\u1ed1ng tr\u1ea7y x\u01b0\u1edbc, gi\u1eef b\u1ec1 m\u1eb7t lu\u00f4n s\u00e1ng b\u00f3ng v\u00e0 ch\u1ed1ng b\u00e1m c\u1eb7n hi\u1ec7u qu\u1ea3.<\/li>\n<li>L\u00f5i sen l\u00e0m t\u1eeb s\u1ee9 Sedan ceramic c\u1ee7a T\u00e2y Ban Nha si\u00eau b\u1ec1n, ch\u1ecbu \u00e1p l\u1ef1c cao v\u00e0 ch\u1ed1ng r\u00f2 r\u1ec9 t\u1ed1i \u0111a. \u0110\u1ea7u t\u1ea1o b\u1ecdt t\u1eeb h\u00e3ng NEOPERL c\u1ee7a Th\u1ee5y S\u0129 gi\u00fap t\u1ea1o d\u00f2ng n\u01b0\u1edbc \u0111\u1ec1u v\u00e0 m\u1ecbn.<\/li>\n<\/ul>\n<\/li>\n<\/ul>\n<p><strong>\u00c1p l\u1ef1c n\u01b0\u1edbc<\/strong>\u00a0ph\u00f9 h\u1ee3p v\u1edbi d\u1ea3i \u00e1p su\u1ea5t t\u1eeb 0.05 \u0111\u1ebfn 1.0 MPa, cho ph\u00e9p s\u1eed d\u1ee5ng trong nhi\u1ec1u \u0111i\u1ec1u ki\u1ec7n kh\u00e1c nhau.<\/p>\n<ul>\n<li><strong>\u0110\u1ed9 b\u1ec1n<\/strong>: S\u1ea3n ph\u1ea9m c\u00f3 tu\u1ed5i th\u1ecd tr\u00ean 30 n\u0103m (t\u01b0\u01a1ng \u0111\u01b0\u01a1ng 500.000 l\u1ea7n \u0111\u00f3ng\/m\u1edf), gi\u00fap ti\u1ebft ki\u1ec7m chi ph\u00ed b\u1ea3o tr\u00ec v\u00e0 thay th\u1ebf.C\u00e1c chi ti\u1ebft gio\u0103ng cao su c\u00f3 t\u00ednh \u0111\u00e0n h\u1ed3i t\u1ed1t, ch\u1ecbu m\u00e0i m\u00f2n v\u00e0 nhi\u1ec7t \u0111\u1ed9 cao, \u0111\u1ea3m b\u1ea3o s\u1eed d\u1ee5ng l\u00e2u d\u00e0i m\u00e0 kh\u00f4ng b\u1ecb h\u01b0 h\u1ea1i.<\/li>\n<\/ul>\n<ul>\n<li><strong>D\u00e2y sen b\u1ec1n b\u1ec9<\/strong>: D\u00e2y sen \u0111\u01b0\u1ee3c l\u00e0m t\u1eeb PVC (sus 304) ch\u1ed1ng xo\u1eafn, ch\u1ed1ng r\u1ed1i v\u00e0 ch\u1ed1ng va \u0111\u1eadp, t\u0103ng \u0111\u1ed9 b\u1ec1n v\u00e0 \u0111\u1ed9 linh ho\u1ea1t cho s\u1ea3n ph\u1ea9m.<\/li>\n<li><strong>Thi\u1ebft k\u1ebf t\u1ed1i \u01b0u cho s\u1eed d\u1ee5ng<\/strong>:Tay sen c\u00f3 ki\u1ec3u d\u00e1ng trang nh\u00e3, tia n\u01b0\u1edbc m\u1ec1m m\u1ea1i, gi\u00fap xoa d\u1ecbu c\u0103ng th\u1eb3ng trong qu\u00e1 tr\u00ecnh s\u1eed d\u1ee5ng.B\u00e1t sen l\u1edbn h\u00ecnh vu\u00f4ng, tr\u00f2n, v\u1edbi d\u00f2ng n\u01b0\u1edbc \u00f4m tr\u1ecdn c\u01a1 th\u1ec3, mang l\u1ea1i c\u1ea3m gi\u00e1c tho\u1ea3i m\u00e1i, th\u01b0 gi\u00e3n khi t\u1eafm.<\/li>\n<\/ul>\n<p>L\u1ed7 b\u00e1t sen \u0111\u01b0\u1ee3c thi\u1ebft k\u1ebf b\u1eb1ng cao su cao c\u1ea5p v\u1edbi kh\u1ea3 n\u0103ng ch\u1ed1ng b\u00e1m d\u00ednh c\u1eb7n b\u1ea9n v\u00e0 \u0111\u00e1 v\u00f4i, gi\u00fap ng\u0103n ng\u1eeba s\u1ef1 t\u00edch t\u1ee5 t\u1ea1p ch\u1ea5t trong n\u01b0\u1edbc. B\u1ec1 m\u1eb7t tr\u01a1n nh\u1eb5n gi\u00fap vi\u1ec7c v\u1ec7 sinh tr\u1edf n\u00ean d\u1ec5 d\u00e0ng.<\/p>\n","protected":false},"excerpt":{"rendered":"<p>Th\u00f4ng Tin S\u1ea3n Ph\u1ea9m S\u1ea3n ph\u1ea9m\u00a0sen t\u1eafm Leguava\u00a0nh\u1eadp kh\u1ea9u nguy\u00ean chi\u1ebfc t\u1eeb Ph\u00e1p, bao g\u1ed3m \u0111\u1ea7y \u0111\u1ee7 ph\u1ee5 ki\u1ec7n l\u1eafp \u0111\u1eb7t, h\u01b0\u1edbng d\u1eabn s\u1eed d\u1ee5ng, th\u1ebb b\u1ea3o h\u00e0nh, \u0111\u1ea3m b\u1ea3o ch\u1ea5t l\u01b0\u1ee3ng v\u00e0 t\u00ednh n\u0103ng v\u01b0\u1ee3t tr\u1ed9i. Ti\u00eau chu\u1ea9n ch\u1ea5t l\u01b0\u1ee3ng qu\u1ed1c t\u1ebf: S\u1ea3n ph\u1ea9m \u0111\u1ea1t c\u00e1c ti\u00eau chu\u1ea9n CE (Ch\u00e2u \u00c2u), UL (M\u1ef9) v\u00e0&#8230;<\/p>\n","protected":false},"featured_media":4682,"comment_status":"open","ping_status":"closed","template":"","meta":[],"product_brand":[],"product_cat":[18,29],"product_tag":[],"class_list":{"0":"post-4681","1":"product","2":"type-product","3":"status-publish","4":"has-post-thumbnail","6":"product_cat-thiet-bi-ve-sinh","7":"product_cat-sen-cay","9":"first","10":"instock","11":"shipping-taxable","12":"product-type-simple"},"_links":{"self":[{"href":"https:\/\/nhadepbepxinh.com.vn\/index.php?rest_route=\/wp\/v2\/product\/4681","targetHints":{"allow":["GET"]}}],"collection":[{"href":"https:\/\/nhadepbepxinh.com.vn\/index.php?rest_route=\/wp\/v2\/product"}],"about":[{"href":"https:\/\/nhadepbepxinh.com.vn\/index.php?rest_route=\/wp\/v2\/types\/product"}],"replies":[{"embeddable":true,"href":"https:\/\/nhadepbepxinh.com.vn\/index.php?rest_route=%2Fwp%2Fv2%2Fcomments&post=4681"}],"wp:featuredmedia":[{"embeddable":true,"href":"https:\/\/nhadepbepxinh.com.vn\/index.php?rest_route=\/wp\/v2\/media\/4682"}],"wp:attachment":[{"href":"https:\/\/nhadepbepxinh.com.vn\/index.php?rest_route=%2Fwp%2Fv2%2Fmedia&parent=4681"}],"wp:term":[{"taxonomy":"product_brand","embeddable":true,"href":"https:\/\/nhadepbepxinh.com.vn\/index.php?rest_route=%2Fwp%2Fv2%2Fproduct_brand&post=4681"},{"taxonomy":"product_cat","embeddable":true,"href":"https:\/\/nhadepbepxinh.com.vn\/index.php?rest_route=%2Fwp%2Fv2%2Fproduct_cat&post=4681"},{"taxonomy":"product_tag","embeddable":true,"href":"https:\/\/nhadepbepxinh.com.vn\/index.php?rest_route=%2Fwp%2Fv2%2Fproduct_tag&post=4681"}],"curies":[{"name":"wp","href":"https:\/\/api.w.org\/{rel}","templated":true}]}}