{"id":4673,"date":"2025-04-11T14:23:16","date_gmt":"2025-04-11T07:23:16","guid":{"rendered":"https:\/\/nhadepbepxinh.com.vn\/?post_type=product&#038;p=4673"},"modified":"2025-04-11T14:23:16","modified_gmt":"2025-04-11T07:23:16","slug":"sen-cay-tam-dung-krasic-k06731","status":"publish","type":"product","link":"https:\/\/nhadepbepxinh.com.vn\/?product=sen-cay-tam-dung-krasic-k06731","title":{"rendered":"SEN C\u00c2Y T\u1eaeM \u0110\u1ee8NG KRASIC K06731"},"content":{"rendered":"<h3><strong>Th\u00f4ng s\u1ed1 k\u0129 thu\u1eadt :<\/strong><\/h3>\n<p>1. T\u00ean s\u1ea3n ph\u1ea9m :\u00a0<strong>Sen c\u00e2y t\u1eafm \u0111\u1ee9ng Krasic<\/strong><\/p>\n<p>2. M\u00e3 s\u1ea3n ph\u1ea9m:\u00a0<strong>K06731<\/strong><\/p>\n<p>3. M\u00e0u s\u1eafc: Crom<\/p>\n<p>4. Ki\u1ec3u d\u00e1ng: Th\u00e2n tr\u00f2n , b\u00e1t sen vu\u00f4ng hi\u1ec7n \u0111\u1ea1i, c\u00e1 t\u00ednh<\/p>\n<p>5. Ch\u1ea5t li\u1ec7u: \u0110\u1ed3ng Ch\u00e2u \u00c2u 59-1, L\u1edbp m\u1ea1 Crom, C\u00f4ng ngh\u1ec7 m\u1ea1 \u0111i\u1ec7n<\/p>\n<p>6. L\u01b0\u1ee3ng n\u01b0\u1edbc s\u1eed d\u1ee5ng: 2.5L\/ph\u00fat<\/p>\n<p>7. Ch\u1ebf \u0111\u1ed9: 2 Ch\u1ebf \u0110\u1ed9 (N\u00f3ng, L\u1ea1nh)<\/p>\n<p>8. L\u00f5i sen: S\u1ee9 Ceramic si\u00eau b\u1ec1n<\/p>\n<p>9. Xu\u1ea5t x\u1ee9: C\u00f4ng ngh\u1ec7 Italia, Nh\u1eadp kh\u1ea9u nguy\u00ean chi\u1ebfc b\u1edfi Krasic Vi\u1ec7t Nam<\/p>\n<p>10. B\u1ea3o h\u00e0nh:\u00a0<strong>B\u1ea3o h\u00e0nh ch\u00ednh h\u00e3ng 05 n\u0103m<\/strong><\/p>\n","protected":false},"excerpt":{"rendered":"<p>Th\u00f4ng s\u1ed1 k\u0129 thu\u1eadt : 1. T\u00ean s\u1ea3n ph\u1ea9m :\u00a0Sen c\u00e2y t\u1eafm \u0111\u1ee9ng Krasic 2. M\u00e3 s\u1ea3n ph\u1ea9m:\u00a0K06731 3. M\u00e0u s\u1eafc: Crom 4. Ki\u1ec3u d\u00e1ng: Th\u00e2n tr\u00f2n , b\u00e1t sen vu\u00f4ng hi\u1ec7n \u0111\u1ea1i, c\u00e1 t\u00ednh 5. Ch\u1ea5t li\u1ec7u: \u0110\u1ed3ng Ch\u00e2u \u00c2u 59-1, L\u1edbp m\u1ea1 Crom, C\u00f4ng ngh\u1ec7 m\u1ea1 \u0111i\u1ec7n 6. L\u01b0\u1ee3ng n\u01b0\u1edbc s\u1eed d\u1ee5ng: 2.5L\/ph\u00fat&#8230;<\/p>\n","protected":false},"featured_media":4680,"comment_status":"open","ping_status":"closed","template":"","meta":[],"product_brand":[],"product_cat":[18,29],"product_tag":[],"class_list":{"0":"post-4673","1":"product","2":"type-product","3":"status-publish","4":"has-post-thumbnail","6":"product_cat-thiet-bi-ve-sinh","7":"product_cat-sen-cay","9":"first","10":"instock","11":"shipping-taxable","12":"product-type-simple"},"_links":{"self":[{"href":"https:\/\/nhadepbepxinh.com.vn\/index.php?rest_route=\/wp\/v2\/product\/4673","targetHints":{"allow":["GET"]}}],"collection":[{"href":"https:\/\/nhadepbepxinh.com.vn\/index.php?rest_route=\/wp\/v2\/product"}],"about":[{"href":"https:\/\/nhadepbepxinh.com.vn\/index.php?rest_route=\/wp\/v2\/types\/product"}],"replies":[{"embeddable":true,"href":"https:\/\/nhadepbepxinh.com.vn\/index.php?rest_route=%2Fwp%2Fv2%2Fcomments&post=4673"}],"wp:featuredmedia":[{"embeddable":true,"href":"https:\/\/nhadepbepxinh.com.vn\/index.php?rest_route=\/wp\/v2\/media\/4680"}],"wp:attachment":[{"href":"https:\/\/nhadepbepxinh.com.vn\/index.php?rest_route=%2Fwp%2Fv2%2Fmedia&parent=4673"}],"wp:term":[{"taxonomy":"product_brand","embeddable":true,"href":"https:\/\/nhadepbepxinh.com.vn\/index.php?rest_route=%2Fwp%2Fv2%2Fproduct_brand&post=4673"},{"taxonomy":"product_cat","embeddable":true,"href":"https:\/\/nhadepbepxinh.com.vn\/index.php?rest_route=%2Fwp%2Fv2%2Fproduct_cat&post=4673"},{"taxonomy":"product_tag","embeddable":true,"href":"https:\/\/nhadepbepxinh.com.vn\/index.php?rest_route=%2Fwp%2Fv2%2Fproduct_tag&post=4673"}],"curies":[{"name":"wp","href":"https:\/\/api.w.org\/{rel}","templated":true}]}}