{"id":4593,"date":"2025-04-10T11:29:11","date_gmt":"2025-04-10T04:29:11","guid":{"rendered":"https:\/\/nhadepbepxinh.com.vn\/?post_type=product&#038;p=4593"},"modified":"2025-04-13T11:41:31","modified_gmt":"2025-04-13T04:41:31","slug":"binh-thuy-dien-caso-hw1000-4l","status":"publish","type":"product","link":"https:\/\/nhadepbepxinh.com.vn\/?product=binh-thuy-dien-caso-hw1000-4l","title":{"rendered":"BI\u0300NH THU\u0309Y \u0110I\u00ca\u0323N CASO HW1000 4L"},"content":{"rendered":"<div class=\"title_module_main heading-bar d-flex justify-content-center align-items-center\">\n<h2 class=\"heading-bar__title \">\u0110\u1eb6C \u0110I\u1ec2M N\u1ed4I B\u1eacT<\/h2>\n<\/div>\n<div class=\"pro__desc\">\n<ul>\n<li>\u0110un n\u01b0\u1edbc n\u00f3ng \u0111\u1ebfn nhi\u1ec7t \u0111\u1ed9 tu\u1ef3 ch\u1ecdn ch\u1ec9 trong v\u00e0i gi\u00e2y<\/li>\n<li>Dung t\u00edch l\u1edbn 4L<\/li>\n<li>Ti\u1ebft ki\u1ec7m \u0111i\u1ec7n n\u0103ng, th\u1eddi gian v\u00e0 ti\u1ebft ki\u1ec7m n\u01b0\u1edbc<\/li>\n<li>M\u00e0n h\u00ecnh c\u1ea3m \u1ee9ng d\u1ec5 s\u1eed d\u1ee5ng<\/li>\n<\/ul>\n<p><strong>B\u00ecnh th\u1ee7y \u0111i\u1ec7n\u00a0CASO HW1000 4L<\/strong>\u00a0mang \u0111\u1ebfn m\u1ed9t c\u00e1ch ho\u00e0n to\u00e0n m\u1edbi \u0111\u1ec3 \u0111un n\u01b0\u1edbc n\u00f3ng, h\u00f2a quy\u1ec7n c\u00f4ng ngh\u1ec7 hi\u1ec7n \u0111\u1ea1i v\u00e0 thi\u1ebft k\u1ebf \u0111\u1eb3ng c\u1ea5p. V\u1edbi nhi\u1ec1u t\u00ednh n\u0103ng \u01b0u vi\u1ec7t, s\u1ea3n ph\u1ea9m n\u00e0y kh\u00f4ng ch\u1ec9 l\u00e0m b\u1ea1n ti\u1ebft ki\u1ec7m th\u1eddi gian m\u00e0 c\u00f2n mang l\u1ea1i tr\u1ea3i nghi\u1ec7m s\u1eed d\u1ee5ng n\u01b0\u1edbc n\u00f3ng ti\u1ec7n l\u1ee3i v\u00e0 nhanh ch\u00f3ng.<\/p>\n<p><img decoding=\"async\" src=\"https:\/\/file.hstatic.net\/200000661969\/file\/binh_thuy_dien_caso_hw1000_4l__8__c63a59432cf743a0bed3ac43bf167a2c.png\" \/><\/p>\n<p><em>B\u00ecnh th\u1ee7y \u0111i\u1ec7n CASO HW1000 4L<\/em><\/p>\n<h2><strong>Nh\u1eefng t\u00ednh n\u0103ng n\u1ed5i b\u1eadt c\u1ee7a b\u00ecnh th\u1ee7y \u0111i\u1ec7n CASO HW1000 4L<\/strong><\/h2>\n<h3><strong>\u0110un n\u01b0\u1edbc nhanh ch\u00f3ng v\u00e0 ti\u1ebft ki\u1ec7m n\u0103ng l\u01b0\u1ee3ng<\/strong><\/h3>\n<p>Ch\u1ec9 c\u1ea7n v\u00e0i gi\u00e2y l\u00e0 cho n\u01b0\u1edbc n\u00f3ng nhi\u1ec7t \u0111\u1ed9 t\u00f9y \u00fd mu\u1ed1n &#8211; si\u00eau ti\u1ebft ki\u1ec7m \u0111i\u1ec7n.\u00a0Thi\u1ebft k\u1ebf th\u00f4ng minh, ti\u1ec7n d\u1ee5ng v\u00e0 an to\u00e0n: b\u00ecnh th\u1ee7y \u0111i\u1ec7n v\u1edbi thi\u1ebft k\u1ebf th\u00f4ng minh \u0111\u1ea3m b\u1ea3o t\u00ednh ti\u1ec7n d\u1ee5ng v\u00e0 an to\u00e0n cho ng\u01b0\u1eddi s\u1eed d\u1ee5ng. \u0110\u1ec3 l\u1ea5y n\u01b0\u1edbc trong b\u00ecnh th\u1ee7y \u0111i\u1ec7n, b\u1ea1n ch\u1ec9 c\u1ea7n b\u1ea5m n\u00fat m\u00e0 kh\u00f4ng c\u1ea7n ph\u1ea3i m\u1edf n\u1eafp, r\u1ea5t ti\u1ec7n l\u1ee3i \u0111\u1ed3ng th\u1eddi ki\u1ec3m so\u00e1t \u0111\u01b0\u1ee3c d\u00f2ng ch\u1ea3y c\u1ee7a n\u01b0\u1edbc s\u00f4i \u0111\u1ea3m b\u1ea3o an to\u00e0n cho b\u1ea1n. Thi\u1ebft k\u1ebf d\u00e0y d\u1eb7n, ch\u1eafc ch\u1eafn gi\u00fap s\u1ea3n ph\u1ea9m kh\u00f4ng b\u1ecb n\u1ee9t v\u1ee1 trong qu\u00e1 tr\u00ecnh s\u1eed d\u1ee5ng, tuy\u1ec7t \u0111\u1ed1i an to\u00e0n.<\/p>\n<p>S\u1ef1 ti\u1ec7n l\u1ee3i \u0111\u1ebfn t\u1eeb vi\u1ec7c kh\u00f4ng c\u1ea7n ph\u1ea3i \u0111un n\u01b0\u1edbc tr\u01b0\u1edbc, kh\u00f4ng c\u1ea7n ch\u1edd \u0111\u1ee3i. B\u1ea1n c\u00f3 th\u1ec3 t\u1eadn h\u01b0\u1edfng n\u01b0\u1edbc n\u00f3ng ngay trong v\u00e0i gi\u00e2y m\u00e0 kh\u00f4ng m\u1ea5t th\u1eddi gian \u0111\u1ee3i \u0111un.\u00a0S\u1ea3n ph\u1ea9m n\u00e0y cung c\u1ea5p n\u01b0\u1edbc n\u00f3ng ngay l\u1eadp t\u1ee9c, ti\u1ebft ki\u1ec7m th\u1eddi gian \u0111\u00e1ng k\u1ec3 v\u00e0 gi\u1ea3m ti\u00eau th\u1ee5 n\u0103ng l\u01b0\u1ee3ng l\u00ean \u0111\u1ebfn 50% so v\u1edbi c\u00e1c \u1ea5m \u0111un n\u01b0\u1edbc th\u00f4ng th\u01b0\u1eddng.\u00a0S\u1ef1 ti\u1ec7n l\u1ee3i v\u00e0 hi\u1ec7u su\u1ea5t \u0111\u1ebfn t\u1eebng gi\u1ecdt n\u01b0\u1edbc.<\/p>\n<h3><strong>Thi\u1ebft k\u1ebf trang nh\u00e3 v\u00e0 \u0111\u1eb3ng c\u1ea5p<\/strong><\/h3>\n<p>B\u00ecnh th\u1ee7y \u0111i\u1ec7n\u00a0CASO\u00a0HW1000 \u0111\u01b0\u1ee3c ch\u1ebf t\u1ea1o v\u1edbi chi ti\u1ebft l\u00e0m t\u1eeb th\u00e9p kh\u00f4ng g\u1ec9 s\u00e1ng b\u00f3ng, t\u1ea1o n\u00ean v\u1ebb ngo\u1ea1i h\u00ecnh trang nh\u00e3 v\u00e0 \u0111\u1eb3ng c\u1ea5p, \u0111\u01b0\u1ee3c thi\u1ebft k\u1ebf v\u1edbi ki\u1ec3u d\u00e1ng th\u1eddi trang, ph\u00f9 h\u1ee3p v\u1edbi kh\u00f4ng gian nh\u1eefng ng\u00f4i nh\u00e0 hi\u1ec7n \u0111\u1ea1i. M\u1ed7i \u0111\u01b0\u1eddng n\u00e9t \u0111\u1ec1u \u0111\u01b0\u1ee3c ch\u0103m ch\u00fat t\u1ec9 m\u1ec9, t\u1ea1o ra m\u1ed9t s\u1ea3n ph\u1ea9m th\u1ee7y \u0111i\u1ec7n kh\u00f4ng ch\u1ec9 l\u00e0 c\u00f4ng c\u1ee5 h\u1eefu \u00edch m\u00e0 c\u00f2n l\u00e0 m\u1ed9t v\u1eadt trang tr\u00ed sang tr\u1ecdng, l\u00e0 v\u1eadt d\u1ee5ng b\u00ecnh th\u01b0\u1eddng nh\u01b0ng c\u0169ng r\u1ea5t tinh t\u1ebf, g\u00f3p ph\u1ea7n t\u00f4 \u0111i\u1ec3m th\u00eam n\u00e9t sang tr\u1ecdng cho ng\u00f4i nh\u00e0 b\u1ea1n.<\/p>\n<p><img decoding=\"async\" src=\"https:\/\/file.hstatic.net\/200000661969\/file\/binh_thuy_dien_caso_hw1000_4l__9__684e3112ec6c4c7db81bcb004b6eeca1.png\" \/><\/p>\n<p><em>Thi\u1ebft k\u1ebf trang nh\u00e3, \u0111\u1eb3ng c\u1ea5p, \u0111\u1eb9p m\u1eaft<\/em><\/p>\n<h3><strong>M\u00e0n h\u00ecnh LED v\u00e0 \u0111i\u1ec1u khi\u1ec3n c\u1ea3m \u1ee9ng<\/strong><\/h3>\n<p>S\u1ef1 ti\u1ec7n l\u1ee3i tuy\u1ec7t v\u1eddi khi s\u1eed d\u1ee5ng \u0111\u01b0\u1ee3c th\u1ec3 hi\u1ec7n qua m\u00e0n h\u00ecnh LED v\u00e0 \u0111i\u1ec1u khi\u1ec3n c\u1ea3m \u1ee9ng tr\u00ean s\u1ea3n ph\u1ea9m, gi\u00fap b\u1ea1n d\u1ec5 d\u00e0ng l\u1ef1a ch\u1ecdn nhi\u1ec7t \u0111\u1ed9 v\u00e0 l\u01b0\u1ee3ng n\u01b0\u1edbc m\u1ed9t c\u00e1ch linh ho\u1ea1t v\u00e0 theo d\u00f5i th\u00f4ng tin m\u1ed9t c\u00e1ch r\u00f5 r\u00e0n, t\u1ea1o ra tr\u1ea3i nghi\u1ec7m s\u1eed d\u1ee5ng tr\u1ef1c quan v\u00e0 d\u1ec5 d\u00e0ng.<\/p>\n<p><img decoding=\"async\" src=\"https:\/\/file.hstatic.net\/200000661969\/file\/binh_thuy_dien_caso_hw1000_4l__11__2d80f06f40464987b3bbe3e226c9f0e2.png\" \/><\/p>\n<p><em>M\u00e0n h\u00ecnh LED c\u1ea3m \u1ee9ng h<\/em><\/p>\n<h3><strong>Dung t\u00edch l\u1edbn v\u00e0 linh ho\u1ea1t<\/strong><\/h3>\n<p>V\u1edbi b\u00ecnh ch\u1ee9a n\u01b0\u1edbc dung t\u00edch l\u00ean \u0111\u1ebfn 4,0 l\u00edt, CASO HW1000 kh\u00f4ng ch\u1ec9 l\u00e0 s\u1ef1 l\u1ef1a ch\u1ecdn l\u00fd t\u01b0\u1edfng cho\u00a0gia \u0111\u00ecnh\u00a0m\u00e0 c\u00f2n ho\u00e0n h\u1ea3o cho v\u0103n ph\u00f2ng, ph\u00f2ng h\u1ed9i th\u1ea3o, ho\u1eb7c b\u1eefa buffet t\u1ea1i c\u00e1c nh\u00e0 h\u00e0ng v\u00e0 kh\u00e1ch s\u1ea1n. B\u00ecnh ch\u1ee9a n\u01b0\u1edbc c\u00f3 th\u1ec3 th\u00e1o r\u1eddi \u0111\u1ec3 \u0111\u1ed5 \u0111\u1ea7y ho\u1eb7c v\u1ec7 sinh nhanh ch\u00f3ng.<\/p>\n<p><img decoding=\"async\" src=\"https:\/\/file.hstatic.net\/200000661969\/file\/binh_thuy_dien_caso_hw1000_4l__12__5cfe2c7fba664d3ab3e3db49f06728cf.png\" \/><\/p>\n<p><em>Dung t\u00edch l\u1edbn l\u00ean \u0111\u1ebfn 4L<\/em><\/p>\n<h3><strong>Nhi\u1ec7t \u0111\u1ed9 t\u00f9y ch\u1ecdn v\u00e0 b\u1ed9 l\u1ecdc n\u01b0\u1edbc<\/strong><\/h3>\n<p>CASO HW1000 cho ph\u00e9p b\u1ea1n \u0111i\u1ec1u ch\u1ec9nh l\u01b0\u1ee3ng n\u01b0\u1edbc theo t\u1eebng \u0111\u1ee3t 100\/200\/300 ml ho\u1eb7c li\u00ean t\u1ee5c, v\u00e0\u00a0kh\u1ea3 n\u0103ng \u0111i\u1ec1u ch\u1ec9nh nhi\u1ec7t \u0111\u1ed9\u00a0tu\u1ef3 ch\u1ecdn t\u1eeb 40 \u0111\u1ebfn 100 \u0111\u1ed9 C trong v\u00e0i gi\u00e2y, CASO HW1000 l\u00e0 s\u1ef1 l\u1ef1a ch\u1ecdn l\u00fd t\u01b0\u1edfng cho nh\u1eefng ng\u01b0\u1eddi y\u00eau tr\u00e0, n\u01a1i m\u1ed7i lo\u1ea1i tr\u00e0 \u0111\u1ec1u \u0111\u00f2i h\u1ecfi m\u1ed9t nhi\u1ec7t \u0111\u1ed9 n\u01b0\u1edbc c\u1ee5 th\u1ec3 \u0111\u1ec3 t\u1ea1o ra h\u01b0\u01a1ng v\u1ecb ho\u00e0n h\u1ea3o.\u00a0S\u1ea3n ph\u1ea9m \u0111i k\u00e8m v\u1edbi m\u1ed9t b\u1ed9 l\u1ecdc n\u01b0\u1edbc, gi\u00fap lo\u1ea1i b\u1ecf t\u1ea1p ch\u1ea5t v\u00e0 v\u00f4i c\u1ee9ng, mang l\u1ea1i n\u01b0\u1edbc tinh khi\u1ebft v\u00e0 ngon h\u01a1n. \u0110\u1ed3ng th\u1eddi, b\u1ea3o v\u1ec7 m\u00e1y kh\u1ecfi h\u01b0 h\u1ea1i do c\u1eb7n v\u00f4i, \u0111\u1ea3m b\u1ea3o tu\u1ed5i th\u1ecd v\u00e0 hi\u1ec7u su\u1ea5t c\u1ee7a CASO HW1000.<\/p>\n<p>N\u1ebfu b\u1ea1n l\u00e0 ng\u01b0\u1eddi y\u00eau tr\u00e0 v\u00e0 \u0111\u1ed3 u\u1ed1ng n\u00f3ng, CASO HW1000 l\u00e0 s\u1ef1 l\u1ef1a ch\u1ecdn ho\u00e0n h\u1ea3o \u0111\u1ec3 mang l\u1ea1i s\u1ef1 tho\u1ea3i m\u00e1i v\u00e0 ti\u1ec7n l\u1ee3i cho m\u1ed7i gi\u1ecdt n\u01b0\u1edbc n\u00f3ng,\u00a0ti\u1ebft ki\u1ec7m v\u00e0 linh ho\u1ea1t, t\u1ea1o n\u00ean m\u1ed9t tr\u1ea3i nghi\u1ec7m \u0111un n\u01b0\u1edbc \u0111\u1eb3ng c\u1ea5p trong th\u1ebf gi\u1edbi n\u0103ng \u0111\u1ed9ng hi\u1ec7n \u0111\u1ea1i.\u00a0H\u00e3y tr\u1ea3i nghi\u1ec7m ngay h\u00f4m nay \u0111\u1ec3 kh\u00e1m ph\u00e1 th\u00eam v\u1ec1 s\u1ef1 hi\u1ec7u qu\u1ea3 c\u1ee7a s\u1ea3n ph\u1ea9m n\u00e0y.<\/p>\n<\/div>\n","protected":false},"excerpt":{"rendered":"<p>\u0110\u1eb6C \u0110I\u1ec2M N\u1ed4I B\u1eacT \u0110un n\u01b0\u1edbc n\u00f3ng \u0111\u1ebfn nhi\u1ec7t \u0111\u1ed9 tu\u1ef3 ch\u1ecdn ch\u1ec9 trong v\u00e0i gi\u00e2y Dung t\u00edch l\u1edbn 4L Ti\u1ebft ki\u1ec7m \u0111i\u1ec7n n\u0103ng, th\u1eddi gian v\u00e0 ti\u1ebft ki\u1ec7m n\u01b0\u1edbc M\u00e0n h\u00ecnh c\u1ea3m \u1ee9ng d\u1ec5 s\u1eed d\u1ee5ng B\u00ecnh th\u1ee7y \u0111i\u1ec7n\u00a0CASO HW1000 4L\u00a0mang \u0111\u1ebfn m\u1ed9t c\u00e1ch ho\u00e0n to\u00e0n m\u1edbi \u0111\u1ec3 \u0111un n\u01b0\u1edbc n\u00f3ng, h\u00f2a quy\u1ec7n c\u00f4ng&#8230;<\/p>\n","protected":false},"featured_media":4783,"comment_status":"open","ping_status":"closed","template":"","meta":[],"product_brand":[],"product_cat":[61,121],"product_tag":[],"class_list":{"0":"post-4593","1":"product","2":"type-product","3":"status-publish","4":"has-post-thumbnail","6":"product_cat-hang-gia-dung","7":"product_cat-binh-thuy-dien","9":"first","10":"instock","11":"shipping-taxable","12":"product-type-simple"},"_links":{"self":[{"href":"https:\/\/nhadepbepxinh.com.vn\/index.php?rest_route=\/wp\/v2\/product\/4593","targetHints":{"allow":["GET"]}}],"collection":[{"href":"https:\/\/nhadepbepxinh.com.vn\/index.php?rest_route=\/wp\/v2\/product"}],"about":[{"href":"https:\/\/nhadepbepxinh.com.vn\/index.php?rest_route=\/wp\/v2\/types\/product"}],"replies":[{"embeddable":true,"href":"https:\/\/nhadepbepxinh.com.vn\/index.php?rest_route=%2Fwp%2Fv2%2Fcomments&post=4593"}],"wp:featuredmedia":[{"embeddable":true,"href":"https:\/\/nhadepbepxinh.com.vn\/index.php?rest_route=\/wp\/v2\/media\/4783"}],"wp:attachment":[{"href":"https:\/\/nhadepbepxinh.com.vn\/index.php?rest_route=%2Fwp%2Fv2%2Fmedia&parent=4593"}],"wp:term":[{"taxonomy":"product_brand","embeddable":true,"href":"https:\/\/nhadepbepxinh.com.vn\/index.php?rest_route=%2Fwp%2Fv2%2Fproduct_brand&post=4593"},{"taxonomy":"product_cat","embeddable":true,"href":"https:\/\/nhadepbepxinh.com.vn\/index.php?rest_route=%2Fwp%2Fv2%2Fproduct_cat&post=4593"},{"taxonomy":"product_tag","embeddable":true,"href":"https:\/\/nhadepbepxinh.com.vn\/index.php?rest_route=%2Fwp%2Fv2%2Fproduct_tag&post=4593"}],"curies":[{"name":"wp","href":"https:\/\/api.w.org\/{rel}","templated":true}]}}