{"id":4572,"date":"2025-04-10T11:04:30","date_gmt":"2025-04-10T04:04:30","guid":{"rendered":"https:\/\/nhadepbepxinh.com.vn\/?post_type=product&#038;p=4572"},"modified":"2025-04-13T10:34:55","modified_gmt":"2025-04-13T03:34:55","slug":"binh-thuy-dien-caso-hw660-27-l","status":"publish","type":"product","link":"https:\/\/nhadepbepxinh.com.vn\/?product=binh-thuy-dien-caso-hw660-27-l","title":{"rendered":"BI\u0300NH THU\u0309Y \u0110I\u00ca\u0323N CASO HW660 2,7 L"},"content":{"rendered":"<div class=\"pro_mota_0\">\n<div class=\"title_module_main heading-bar d-flex justify-content-center align-items-center\">\n<h2 class=\"heading-bar__title \">\u0110\u1eb6C \u0110I\u1ec2M N\u1ed4I B\u1eacT<\/h2>\n<\/div>\n<div class=\"pro__desc\">\n<ul>\n<li>Ti\u1ebft ki\u1ec7m th\u1eddi gian: N\u01b0\u1edbc n\u00f3ng 100\u00b0 C trong v\u00e0i gi\u00e2y nh\u1edd c\u00f4ng su\u1ea5t 2600 watt m\u1ea1nh m\u1ebd<\/li>\n<li>Ti\u1ebft ki\u1ec7m n\u0103ng l\u01b0\u1ee3ng: 50% so v\u1edbi \u1ea5m \u0111un n\u01b0\u1edbc ti\u00eau chu\u1ea9n<\/li>\n<li>D\u1ec5 d\u00e0ng th\u00e1o l\u1eafp, v\u1ec7 sinh<\/li>\n<li>\u0110a l\u1ef1a ch\u1ecdn v\u1edbi 7 m\u1ee9c ch\u1ecdn nhi\u1ec7t v\u00e0 7 m\u1ee9c dung t\u00edch \u0111\u1ecbnh s\u1eb5n, c\u00f3 ch\u1ebf \u0111\u1ed9 l\u00e0m \u1ea5m n\u01b0\u1edbc ph\u00f9 h\u1ee3p v\u1edbi tr\u1ebb em (40\u00b0C)<\/li>\n<\/ul>\n<\/div>\n<\/div>\n<div id=\"ega-uti-editable-content\" class=\"rte js-product-getcontent product_getcontent pos-relative\" data-platform=\"haravan\" data-id=\"1045253116\">\n<div id=\"content\" class=\"content js-content\">\n<article>\n<article class=\"youtube-embed-wrapper\"><iframe loading=\"lazy\" class=\"iframe-youtube-embed\" src=\"https:\/\/www.youtube.com\/embed\/OC1LZI5tFqA\" width=\"640\" height=\"360\" frameborder=\"0\" data-mce-fragment=\"1\"><\/iframe><\/article>\n<\/article>\n<article>\n<hr \/>\n<p><strong>B\u00ecnh th\u1ee7y \u0111i\u1ec7n Caso HW660<\/strong>\u00a0l\u00e0 m\u1ed9t thi\u1ebft b\u1ecb ti\u1ec7n l\u1ee3i v\u00e0 h\u1eefu \u00edch cho nh\u1eefng ng\u01b0\u1eddi y\u00eau th\u00edch u\u1ed1ng tr\u00e0, c\u00e0 ph\u00ea ho\u1eb7c s\u1eed d\u1ee5ng n\u01b0\u1edbc n\u00f3ng trong m\u1ed9t th\u1eddi gian d\u00e0i. V\u1edbi dung t\u00edch 2,7 l\u00edt,\u00a0b\u00ecnh th\u1ee7y \u0111i\u1ec7n\u00a0n\u00e0y c\u00f3 th\u1ec3 cung c\u1ea5p \u0111\u1ee7 n\u01b0\u1edbc cho kho\u1ea3ng t\u1eeb 4-5 ng\u01b0\u1eddi s\u1eed d\u1ee5ng trong m\u1ed9t th\u1eddi gian d\u00e0i m\u00e0 v\u1eabn \u0111\u1ea3m b\u1ea3o ch\u1ea5t l\u01b0\u1ee3ng, kh\u00f4ng c\u1ea7n thay n\u01b0\u1edbc li\u00ean t\u1ee5c.<\/p>\n<p><img decoding=\"async\" src=\"https:\/\/file.hstatic.net\/200000661969\/file\/binh_thuy_dien_caso_hw660_2_7_l_7_a34619846427498dbdfc909d19df6caf.png\" \/><\/p>\n<p><em>B\u00ecnh th\u1ee7y \u0111i\u1ec7n Caso gi\u00fap gi\u1eef nhi\u1ec7t \u0111\u1ed9 n\u01b0\u1edbc trong b\u00ecnh duy tr\u00ec \u0111\u01b0\u1ee3c \u0111\u1ed9 n\u00f3ng<\/em><\/p>\n<h2><strong>\u00a0Review t\u00ednh n\u0103ng c\u1ee7a\u00a0B\u00ecnh th\u1ee7y \u0111i\u1ec7n Caso HW660<\/strong><\/h2>\n<article>\n<table border=\"1\" cellspacing=\"0\" cellpadding=\"0\">\n<tbody>\n<tr>\n<td>\n<h3><strong>\u0110un s\u00f4i c\u1ef1c nhanh<\/strong><\/h3>\n<article>\u25baV\u1edbi c\u00f4ng su\u1ea5t l\u00ean t\u1edbi 2600W thi\u1ebft b\u1ecb c\u00f3 th\u1ec3 \u0111un s\u00f4i 2,7 l\u00edt n\u01b0\u1edbc ch\u1ec9 trong v\u00e0i gi\u00e2y.<\/article>\n<article>\u25baTi\u1ebft ki\u1ec7m 50% th\u1eddi gian v\u00e0 n\u0103ng l\u01b0\u1ee3ng \u0111\u1ed3ng th\u1eddi c\u00f2n gi\u00fap b\u1ea1n c\u1ea5t tr\u1eef v\u00e0 gi\u1eef nhi\u1ec7t n\u01b0\u1edbc v\u00f4 c\u00f9ng hi\u1ec7u qu\u1ea3.<\/article>\n<article><img decoding=\"async\" src=\"https:\/\/file.hstatic.net\/200000661969\/file\/binh_thuy_dien_caso_hw660_2_7_l_4_4686faee5f6149a3927c5c815e6a764c_grande.png\" \/><\/article>\n<\/td>\n<td>\n<h3><strong>B\u1ea3ng \u0111i\u1ec1u ch\u1ec9nh nhi\u1ec7t \u0111\u1ed9 LCD tr\u1ef1c quan<\/strong><\/h3>\n<article>\u25baM\u00e0n h\u00ecnh LED c\u1ea3m \u1ee9ng v\u1edbi nhi\u1ec1u ch\u1ebf \u0111\u1ed9 kh\u00e1c nhau gi\u00fap cho ng\u01b0\u1eddi d\u00f9ng d\u1ec5 quan s\u00e1t v\u00e0 thao t\u00e1c d\u1ec5 d\u00e0ng ngay trong l\u1ea7n \u0111\u1ea7u s\u1eed d\u1ee5ng<\/article>\n<article><img decoding=\"async\" src=\"https:\/\/file.hstatic.net\/200000661969\/file\/binh_thuy_dien_caso_hw660_2_7_l_2_49cb1378228a446796c2678f7a562f2e_grande.png\" \/><\/article>\n<\/td>\n<\/tr>\n<tr>\n<td>\n<h3><strong>Kh\u1ea3 n\u0103ng gi\u1eef nhi\u1ec7t ho\u00e0n h\u1ea3o<\/strong><\/h3>\n<article>\u25baC\u00f3 7 m\u1ee9c c\u00e0i \u0111\u1eb7t nhi\u1ec7t \u0111\u1ed9 kh\u00e1c nhau: 40-100 \u00b0C (gia s\u1ed1 10 \u00b0C cho t\u1eebng m\u1ee9c nhi\u1ec7t).<br \/>\n\u25baT\u00f9y th\u00edch ch\u1ecdn dung t\u00edch c\u1ea7n \u0111un s\u00f4i v\u1edbi 7 m\u1ee9c \u0111\u1ecbnh s\u1eb5n: 100 \/150 \/200 \/ 250 \/300 \/350 \/400 ml v\u00e0 li\u00ean t\u1ee5c<\/article>\n<article><img decoding=\"async\" src=\"https:\/\/file.hstatic.net\/200000661969\/file\/binh_thuy_dien_caso_hw660_2_7_l_8_4bb77719ffc04a7ab6e7ca814a03d735_grande.png\" \/><\/article>\n<\/td>\n<td>\n<h3><strong>Ch\u1ea5t li\u1ec7u an to\u00e0n v\u1edbi s\u1ee9c kh\u1ecfe<\/strong><\/h3>\n<article>\u25baCh\u1ea5t li\u1ec7u th\u00e9p kh\u00f4ng g\u1ec9, gi\u00fap s\u1ea3n ph\u1ea9m c\u00f3 \u0111\u1ed9 b\u1ec1n cao v\u00e0 ch\u1ed1ng g\u1ec9 s\u00e9t, \u0111\u1ed3ng th\u1eddi gi\u00fap cho b\u1ec1 m\u1eb7t b\u00ecnh d\u1ec5 d\u00e0ng v\u1ec7 sinh v\u00e0 l\u00e0m s\u1ea1ch<\/article>\n<article><img decoding=\"async\" src=\"https:\/\/file.hstatic.net\/200000661969\/file\/binh_thuy_dien_caso_hw660_2_7_l_1_d3b36577fcd04e7dad4d11f1c153f586_grande.png\" \/><\/article>\n<\/td>\n<\/tr>\n<\/tbody>\n<\/table>\n<\/article>\n<h3><strong>D\u1ec5 d\u00e0ng th\u00e1o l\u1eafp, v\u1ec7 sinh<\/strong><\/h3>\n<p>V\u1edbi thi\u1ebft k\u1ebf th\u00f4ng minh v\u00e0 ti\u1ec7n l\u1ee3i, B\u00ecnh Caso HW660 r\u1ea5t d\u1ec5 d\u00e0ng th\u00e1o l\u1eafp v\u00e0 v\u1ec7 sinh. Th\u00e2n b\u00ecnh \u0111\u01b0\u1ee3c chia th\u00e0nh 2 ph\u1ea7n, ph\u1ea7n \u0111\u1ebf v\u00e0 ph\u1ea7n b\u00ecnh n\u01b0\u1edbc. Ng\u01b0\u1eddi d\u00f9ng c\u00f3 th\u1ec3 th\u00e1o r\u1eddi ph\u1ea7n b\u00ecnh n\u01b0\u1edbc ra kh\u1ecfi ph\u1ea7n \u0111\u1ebf m\u1ed9t c\u00e1ch d\u1ec5 d\u00e0ng \u0111\u1ec3 l\u00e0m s\u1ea1ch b\u00ean trong b\u00ecnh. B\u00ean c\u1ea1nh \u0111\u00f3, ph\u1ea7n n\u1eafp c\u1ee7a b\u00ecnh c\u0169ng c\u00f3 th\u1ec3 th\u00e1o ra \u0111\u1ec3 l\u00e0m s\u1ea1ch d\u1ec5 d\u00e0ng h\u01a1n.<\/p>\n<p><img decoding=\"async\" src=\"https:\/\/file.hstatic.net\/200000661969\/file\/binh_thuy_dien_caso_hw660_2_7_l_468927ea402e448cba32f2fc2657152d.png\" \/><\/p>\n<p>Thi\u1ebft b\u1ecb c\u00f2n \u0111\u01b0\u1ee3c trang b\u1ecb b\u1ed9 l\u1ecdc c\u1eb7n \u0111\u1ec3 gi\u00fap ng\u0103n ch\u1eb7n c\u1eb7n b\u1ea9n v\u00e0 c\u00e1c t\u1ea1p ch\u1ea5t trong n\u01b0\u1edbc, \u0111i\u1ec1u n\u00e0y gi\u00fap cho vi\u1ec7c v\u1ec7 sinh b\u00ecnh c\u00e0ng tr\u1edf n\u00ean \u0111\u01a1n gi\u1ea3n h\u01a1n. Vi\u1ec7c th\u00e1o l\u1eafp v\u00e0 v\u1ec7 sinh \u0111\u1ecbnh k\u1ef3 gi\u00fap cho\u00a0<strong>b\u00ecnh th\u1ee7y \u0111i\u1ec7n Caso HW660<\/strong>\u00a0c\u00f3 tu\u1ed5i th\u1ecd cao v\u00e0 gi\u00fap cho\u00a0s\u1ea3n ph\u1ea9m\u00a0lu\u00f4n ho\u1ea1t \u0111\u1ed9ng \u1edf hi\u1ec7u su\u1ea5t t\u1ed1i \u0111a.<\/p>\n<article><\/article>\n<h3><strong>1.\u00a0B\u00ecnh th\u1ee7y Caso HW660 2.7L ti\u1ebft ki\u1ec7m \u0111i\u1ec7n kh\u00f4ng?<\/strong><\/h3>\n<article>B\u00ecnh\u00a0 Caso HW660\u00a0\u00a0\u0111\u01b0\u1ee3c trang b\u1ecb c\u00f4ng ngh\u1ec7 ti\u1ebft ki\u1ec7m \u0111i\u1ec7n th\u00f4ng minh, gi\u00fap gi\u1ea3m thi\u1ec3u n\u0103ng l\u01b0\u1ee3ng ti\u00eau th\u1ee5 khi s\u1eed d\u1ee5ng. \u0110i\u1ec1u n\u00e0y gi\u00fap b\u1ea1n ti\u1ebft ki\u1ec7m chi ph\u00ed \u0111i\u1ec7n n\u0103ng v\u00e0 b\u1ea3o v\u1ec7 m\u00f4i tr\u01b0\u1eddng.<\/article>\n<h3><strong>2.\u00a0B\u00ecnh th\u1ee7y Caso HW660 2.7L c\u00f3 an to\u00e0n v\u1edbi tr\u1ebb nh\u1ecf kh\u00f4ng?<\/strong><\/h3>\n<article>Thi\u1ebft b\u1ecb \u0111\u01b0\u1ee3c thi\u1ebft k\u1ebf v\u1edbi c\u00e1c t\u00ednh n\u0103ng an to\u00e0n gi\u00fap \u0111\u1ea3m b\u1ea3o s\u1ef1 an to\u00e0n cho tr\u1ebb nh\u1ecf khi s\u1eed d\u1ee5ng. B\u00ecnh th\u1ee7y\u00a0\u0111\u01b0\u1ee3c trang b\u1ecb m\u00e0n h\u00ecnh c\u1ea3m \u1ee9ng \u0111i\u1ec1u ch\u1ec9nh an to\u00e0n, khi\u1ebfn cho tr\u1ebb em kh\u00f4ng th\u1ec3 d\u1ec5 d\u00e0ng m\u1edf b\u00ecnh th\u1ee7y v\u00e0 g\u00e2y tai n\u1ea1n. Ngo\u00e0i ra, b\u00ecnh th\u1ee7y c\u00f2n \u0111\u01b0\u1ee3c l\u00e0m t\u1eeb ch\u1ea5t li\u1ec7u kh\u00f4ng \u0111\u1ed9c h\u1ea1i, kh\u00f4ng ch\u1ee9a BPA (Bisphenol A) v\u00e0 c\u00e1c h\u00f3a ch\u1ea5t \u0111\u1ed9c h\u1ea1i kh\u00e1c, gi\u00fap \u0111\u1ea3m b\u1ea3o s\u1ee9c kh\u1ecfe c\u1ee7a tr\u1ebb em. Tuy nhi\u00ean, \u0111\u1ec3 \u0111\u1ea3m b\u1ea3o an to\u00e0n tuy\u1ec7t \u0111\u1ed1i cho tr\u1ebb nh\u1ecf, ng\u01b0\u1eddi l\u1edbn n\u00ean lu\u00f4n gi\u00e1m s\u00e1t v\u00e0 h\u01b0\u1edbng d\u1eabn khi tr\u1ebb em s\u1eed d\u1ee5ng b\u00ecnh th\u1ee7y.<\/article>\n<h3><strong>3. B\u00ecnh th\u1ee7y Caso HW660 gi\u1eef nhi\u1ec7t t\u1ed1t kh\u00f4ng?<\/strong><\/h3>\n<article>S\u1ea3n ph\u1ea9m t\u1eeb th\u01b0\u01a1ng hi\u1ec7u Caso c\u00f3 kh\u1ea3 n\u0103ng gi\u1eef nhi\u1ec7t t\u1ed1t nh\u1edd v\u00e0o thi\u1ebft k\u1ebf \u0111\u1eb7c bi\u1ec7t c\u1ee7a n\u00f3. B\u00ecnh th\u1ee7y \u0111\u01b0\u1ee3c l\u00e0m t\u1eeb ch\u1ea5t li\u1ec7u th\u00e9p kh\u00f4ng g\u1ec9 cao c\u1ea5p, v\u1edbi l\u1edbp c\u00e1ch nhi\u1ec7t d\u00e0y v\u00e0 kh\u1ea3 n\u0103ng gi\u1eef nhi\u1ec7t l\u00ean \u0111\u1ebfn 12 gi\u1edd. B\u00ean c\u1ea1nh \u0111\u00f3, b\u00ecnh th\u1ee7y c\u00f2n c\u00f3 n\u1eafp \u0111\u1eady k\u00edn v\u00e0 b\u1ed9 \u0111i\u1ec1u ch\u1ec9nh nhi\u1ec7t \u0111\u1ed9 an to\u00e0n, gi\u00fap gi\u1eef nhi\u1ec7t t\u1ed1t h\u01a1n v\u00e0 tr\u00e1nh b\u1ecb tr\u00e0n trong khi\u00a0\u0111un n\u01b0\u1edbc.<\/article>\n<article>\n<div class=\"modal-header border-0 pb-0\">\n<h5 id=\"specification-modal-label\" class=\"modal-title\"><span style=\"font-size: 130%;\"><strong>Th\u00f4ng s\u1ed1 k\u1ef9 thu\u1eadt<\/strong><\/span><\/h5>\n<p><button class=\"close\" type=\"button\" data-dismiss=\"modal\" aria-label=\"Close\"><span aria-hidden=\"true\">\u00d7<\/span><\/button><\/p>\n<\/div>\n<div class=\"modal-body\">\n<table border=\"1\" cellspacing=\"0\" cellpadding=\"0\">\n<tbody>\n<tr>\n<td>K\u00edch th\u01b0\u1edbc<\/td>\n<td>(WxHxD):155 x 315 x 255 mm<\/td>\n<\/tr>\n<tr>\n<td>Tr\u1ecdng l\u01b0\u1ee3ng<\/td>\n<td>2,4 kg<\/td>\n<\/tr>\n<tr>\n<td>B\u00ecnh ch\u1ee9a<\/td>\n<td>2,7L<\/td>\n<\/tr>\n<tr>\n<td>\u0110i\u1ec7n \u00e1p<\/td>\n<td>220-240V, 50-60Hz<\/td>\n<\/tr>\n<tr>\n<td>C\u00f4ng su\u1ea5t<\/td>\n<td>2200-2600watt<\/td>\n<\/tr>\n<tr>\n<td>M\u1ee9c c\u00e0i \u0111\u1eb7t nhi\u1ec7t<\/td>\n<td>7<\/td>\n<\/tr>\n<tr>\n<td>Kho\u1ea3ng nhi\u1ec7t \u0111\u1ed9<\/td>\n<td>40-100 \u00b0C<\/td>\n<\/tr>\n<tr>\n<td>Chi\u1ec1u d\u00e0i d\u00e2y \u0111i\u1ec7n<\/td>\n<td>90 cm<\/td>\n<\/tr>\n<tr>\n<td>M\u00e0u s\u1eafc<\/td>\n<td>Inox\/\u0111en<\/td>\n<\/tr>\n<\/tbody>\n<\/table>\n<\/div>\n<\/article>\n<\/article>\n<\/div>\n<\/div>\n","protected":false},"excerpt":{"rendered":"<p>\u0110\u1eb6C \u0110I\u1ec2M N\u1ed4I B\u1eacT Ti\u1ebft ki\u1ec7m th\u1eddi gian: N\u01b0\u1edbc n\u00f3ng 100\u00b0 C trong v\u00e0i gi\u00e2y nh\u1edd c\u00f4ng su\u1ea5t 2600 watt m\u1ea1nh m\u1ebd Ti\u1ebft ki\u1ec7m n\u0103ng l\u01b0\u1ee3ng: 50% so v\u1edbi \u1ea5m \u0111un n\u01b0\u1edbc ti\u00eau chu\u1ea9n D\u1ec5 d\u00e0ng th\u00e1o l\u1eafp, v\u1ec7 sinh \u0110a l\u1ef1a ch\u1ecdn v\u1edbi 7 m\u1ee9c ch\u1ecdn nhi\u1ec7t v\u00e0 7 m\u1ee9c dung t\u00edch \u0111\u1ecbnh s\u1eb5n,&#8230;<\/p>\n","protected":false},"featured_media":4771,"comment_status":"open","ping_status":"closed","template":"","meta":[],"product_brand":[],"product_cat":[61,121],"product_tag":[],"class_list":{"0":"post-4572","1":"product","2":"type-product","3":"status-publish","4":"has-post-thumbnail","6":"product_cat-hang-gia-dung","7":"product_cat-binh-thuy-dien","9":"first","10":"instock","11":"shipping-taxable","12":"product-type-simple"},"_links":{"self":[{"href":"https:\/\/nhadepbepxinh.com.vn\/index.php?rest_route=\/wp\/v2\/product\/4572","targetHints":{"allow":["GET"]}}],"collection":[{"href":"https:\/\/nhadepbepxinh.com.vn\/index.php?rest_route=\/wp\/v2\/product"}],"about":[{"href":"https:\/\/nhadepbepxinh.com.vn\/index.php?rest_route=\/wp\/v2\/types\/product"}],"replies":[{"embeddable":true,"href":"https:\/\/nhadepbepxinh.com.vn\/index.php?rest_route=%2Fwp%2Fv2%2Fcomments&post=4572"}],"wp:featuredmedia":[{"embeddable":true,"href":"https:\/\/nhadepbepxinh.com.vn\/index.php?rest_route=\/wp\/v2\/media\/4771"}],"wp:attachment":[{"href":"https:\/\/nhadepbepxinh.com.vn\/index.php?rest_route=%2Fwp%2Fv2%2Fmedia&parent=4572"}],"wp:term":[{"taxonomy":"product_brand","embeddable":true,"href":"https:\/\/nhadepbepxinh.com.vn\/index.php?rest_route=%2Fwp%2Fv2%2Fproduct_brand&post=4572"},{"taxonomy":"product_cat","embeddable":true,"href":"https:\/\/nhadepbepxinh.com.vn\/index.php?rest_route=%2Fwp%2Fv2%2Fproduct_cat&post=4572"},{"taxonomy":"product_tag","embeddable":true,"href":"https:\/\/nhadepbepxinh.com.vn\/index.php?rest_route=%2Fwp%2Fv2%2Fproduct_tag&post=4572"}],"curies":[{"name":"wp","href":"https:\/\/api.w.org\/{rel}","templated":true}]}}