{"id":4565,"date":"2025-04-09T15:22:32","date_gmt":"2025-04-09T08:22:32","guid":{"rendered":"https:\/\/nhadepbepxinh.com.vn\/?post_type=product&#038;p=4565"},"modified":"2025-04-09T15:22:32","modified_gmt":"2025-04-09T08:22:32","slug":"den-hoc-chong-can-taotronics-sympa-dl004","status":"publish","type":"product","link":"https:\/\/nhadepbepxinh.com.vn\/?product=den-hoc-chong-can-taotronics-sympa-dl004","title":{"rendered":"\u0110E\u0300N HO\u0323C CH\u00d4\u0301NG C\u00c2\u0323N Taotronics SYMPA DL004"},"content":{"rendered":"<p class=\"QN2lPu\">Sympa l\u00e0 th\u01b0\u01a1ng hi\u1ec7u con thu\u1ed9c TaoTronics.<\/p>\n<p class=\"QN2lPu\">M\u1eabu \u0111\u00e8n Sympa DL004 ch\u00ednh l\u00e0 m\u1eabu Taotronics TT-DL13 , h\u00e3ng s\u1ea3n xu\u1ea5t d\u00e0nh cho th\u1ecb tr\u01b0\u1eddng Nh\u1eadt.<\/p>\n<p class=\"QN2lPu\">\u0110\u00e8n cung c\u1ea5p \u00e1nh s\u00e1ng \u1ed5n \u0111\u1ecbnh v\u00e0 kh\u00f4ng nh\u1ea5p nh\u00e1y, th\u00e2n thi\u1ec7n v\u1edbi m\u1eaft b\u1ea1n \u0111\u1ec3 b\u1ea1n c\u00f3 th\u1ec3 t\u1eadp trung l\u00e2u h\u01a1n khi \u0111\u1ecdc s\u00e1ch, h\u1ecdc t\u1eadp hay l\u00e0m vi\u1ec7c.<\/p>\n<p class=\"QN2lPu\">B\u1ea3ng \u0111i\u1ec1u khi\u1ec3n c\u1ea3m \u1ee9ng th\u00f4ng minh cho ph\u00e9p b\u1ea1n l\u1ef1a ch\u1ecdn gi\u1eefa 5 m\u1ee9c nhi\u1ec7t \u0111\u1ed9 m\u00e0u (2700K-6500K) v\u00e0 10 m\u1ee9c \u0111\u1ed9 s\u00e1ng gi\u00fap b\u1ea1n t\u00ecm \u0111\u01b0\u1ee3c \u00e1nh s\u00e1ng l\u00fd t\u01b0\u1edfng v\u1edbi t\u1eebng ho\u1ea1t \u0111\u1ed9ng.<\/p>\n<p class=\"QN2lPu\">Thi\u1ebft k\u1ebf h\u1ee3p kim nh\u00f4m v\u00e0 nh\u1ef1a cao c\u1ea5p mang phong c\u00e1ch hi\u1ec7n \u0111\u1ea1i, sang tr\u1ecdng ph\u00f9 h\u1ee3p v\u1edbi b\u00e0n h\u1ecdc, b\u00e0n l\u00e0m vi\u1ec7c, b\u00e0n ng\u1ee7 \u0111\u1ea7u gi\u01b0\u1eddng. Ph\u1ea7n \u0111\u1ea7u v\u00e0 c\u00e1nh tay c\u1ee7a \u0111\u00e8n c\u00f3 th\u1ec3 xoay linh ho\u1ea1t cho \u00e1nh s\u00e1ng \u0111a h\u01b0\u1edbng.<\/p>\n<p class=\"QN2lPu\">\u0110\u00e8n LED \u0111\u1ec3n b\u00e0n t\u00edch h\u1ee3p c\u1ed5ng s\u1ea1c USB 5V \/ 1A \u0111\u1ec3 s\u1ea1c \u0111i\u1ec7n tho\u1ea1i.<\/p>\n<p class=\"QN2lPu\">Ti\u1ebft ki\u1ec7m 75% l\u01b0\u1ee3ng n\u0103ng l\u01b0\u1ee3ng ti\u00eau th\u1ee5 so v\u1edbi c\u00e1c \u0111\u00e8n b\u00e0n kh\u00e1c c\u00f9ng c\u01b0\u1eddng \u0111\u1ed9 \u00e1nh s\u00e1ng.<\/p>\n<p class=\"QN2lPu\">\u0110\u00e8n h\u1ecdc ch\u1ed1ng c\u1eadn \u0111i\u1ec1u ch\u1ec9nh \u00e1nh s\u00e1ng ph\u00f9 h\u1ee3p<\/p>\n<p class=\"QN2lPu\">M\u1ed9t trong nh\u1eefng l\u1ee3i th\u1ebf l\u1edbn c\u1ee7a \u0111\u00e8n LED l\u00e0 m\u1ee9c \u0111\u1ed9 t\u00f9y bi\u1ebfn cao. \u0110\u00e8n h\u1ecdc ch\u1ed1ng c\u1eadn Sympa DL004 cho ph\u00e9p b\u1ea1n l\u1ef1a ch\u1ecdn gi\u1eefa 5 ch\u1ebf \u0111\u1ed9 s\u00e1ng v\u00e0 7 m\u1ee9c \u0111\u1ed9 s\u00e1ng, do \u0111\u00f3 b\u1ea1n s\u1ebd lu\u00f4n c\u00f3 \u00e1nh s\u00e1ng ph\u00f9 h\u1ee3p nh\u1ea5t t\u00f9y thu\u1ed9c v\u00e0o th\u1eddi gian trong ng\u00e0y ho\u1eb7c ho\u1ea1t \u0111\u1ed9ng c\u1ee7a b\u1ea1n. \u00c1nh s\u00e1ng m\u1ec1m, \u1ed5n \u0111\u1ecbnh v\u00e0 kh\u00f4ng nh\u1ea5p nh\u00e1y, th\u00e2n thi\u1ec7n v\u1edbi m\u1eaft b\u1ea1n \u0111\u1ec3 b\u1ea1n c\u00f3 th\u1ec3 t\u1eadp trung l\u00e2u h\u01a1n khi \u0111\u1ecdc s\u00e1ch, h\u1ecdc t\u1eadp hay l\u00e0m vi\u1ec7c.<\/p>\n<p class=\"QN2lPu\">C\u1ea3m \u1ee9ng Tr\u01b0\u1ee3t ng\u00f3n tay \u0111\u1ec3 \u0111\u1eb7t m\u1ee9c \u0111\u1ed9 s\u00e1ng v\u00e0 ch\u1ebf \u0111\u1ed9 chi\u1ebfu s\u00e1ng b\u1ea1n ch\u1ecdn. N\u00f3 thu\u1eadn ti\u1ec7n v\u00e0 d\u1ec5 d\u00e0ng h\u01a1n l\u00e0 b\u1eadt c\u00f4ng t\u1eafc \u0111\u00e8n. T\u1eeb m\u00e0u v\u00e0ng n\u00e2u \u1ea5m, \u0111\u1ebfn m\u00e0u tr\u1eafng s\u00e1ng m\u1ea1nh, b\u1ea1n c\u00f3 th\u1ec3 ch\u1ecdn \u00e1nh s\u00e1ng v\u00e0 \u0111\u1ed9 s\u00e1ng t\u1ed1t nh\u1ea5t cho t\u1ea5t c\u1ea3 c\u00e1c ho\u1ea1t \u0111\u1ed9ng y\u00eau th\u00edch c\u1ee7a b\u1ea1n.<\/p>\n<p class=\"QN2lPu\">\u0110\u00e8n LED \u0111\u1ec3n b\u00e0n thi\u1ebft k\u1ebf hi\u1ec7n \u0111\u1ea1i, d\u1ec5 d\u00e0ng \u0111i\u1ec1u ch\u1ec9nh g\u00f3c \u0111\u1ed9<\/p>\n<p class=\"QN2lPu\">\u0110\u00e8n LED \u0111\u1ec3 b\u00e0n Sympa DL004 \u0111\u01b0\u1ee3c thi\u1ebft k\u1ebf b\u1eb1ng nh\u1ef1a b\u1ec1n v\u00e0 h\u1ee3p kim nh\u00f4m mang phong c\u00e1ch hi\u1ec7n \u0111\u1ea1i ph\u00f9 h\u1ee3p v\u1edbi b\u00e0n h\u1ecdc, b\u00e0n l\u00e0m vi\u1ec7c, b\u00e0n ng\u1ee7 \u0111\u1ea7u gi\u01b0\u1eddng.<\/p>\n<p class=\"QN2lPu\">Ngo\u00e0i ra \u0111\u00e8n b\u00e0n c\u00f2n \u0111\u01b0\u1ee3c t\u00edch h\u1ee3p 1 c\u1ed5ng s\u1ea1c USB 5V\/1A \u0111\u1ec3 s\u1ea1c \u0111i\u1ec7n tho\u1ea1i th\u00f4ng minh, m\u00e1y t\u00ednh b\u1ea3ng ho\u1eb7c thi\u1ebft b\u1ecb \u0111\u1ecdc s\u00e1ch \u0111i\u1ec7n t\u1eed,&#8230;<\/p>\n","protected":false},"excerpt":{"rendered":"<p>C\u1ea3m \u1ee9ng, 12W, 5 ch\u1ebf \u0111\u1ed9 s\u00e1ng, 10 m\u1ee9c s\u00e1ng<\/p>\n","protected":false},"featured_media":4566,"comment_status":"open","ping_status":"closed","template":"","meta":[],"product_brand":[],"product_cat":[61,78],"product_tag":[],"class_list":{"0":"post-4565","1":"product","2":"type-product","3":"status-publish","4":"has-post-thumbnail","6":"product_cat-hang-gia-dung","7":"product_cat-den-chong-can","9":"first","10":"instock","11":"shipping-taxable","12":"product-type-simple"},"_links":{"self":[{"href":"https:\/\/nhadepbepxinh.com.vn\/index.php?rest_route=\/wp\/v2\/product\/4565","targetHints":{"allow":["GET"]}}],"collection":[{"href":"https:\/\/nhadepbepxinh.com.vn\/index.php?rest_route=\/wp\/v2\/product"}],"about":[{"href":"https:\/\/nhadepbepxinh.com.vn\/index.php?rest_route=\/wp\/v2\/types\/product"}],"replies":[{"embeddable":true,"href":"https:\/\/nhadepbepxinh.com.vn\/index.php?rest_route=%2Fwp%2Fv2%2Fcomments&post=4565"}],"wp:featuredmedia":[{"embeddable":true,"href":"https:\/\/nhadepbepxinh.com.vn\/index.php?rest_route=\/wp\/v2\/media\/4566"}],"wp:attachment":[{"href":"https:\/\/nhadepbepxinh.com.vn\/index.php?rest_route=%2Fwp%2Fv2%2Fmedia&parent=4565"}],"wp:term":[{"taxonomy":"product_brand","embeddable":true,"href":"https:\/\/nhadepbepxinh.com.vn\/index.php?rest_route=%2Fwp%2Fv2%2Fproduct_brand&post=4565"},{"taxonomy":"product_cat","embeddable":true,"href":"https:\/\/nhadepbepxinh.com.vn\/index.php?rest_route=%2Fwp%2Fv2%2Fproduct_cat&post=4565"},{"taxonomy":"product_tag","embeddable":true,"href":"https:\/\/nhadepbepxinh.com.vn\/index.php?rest_route=%2Fwp%2Fv2%2Fproduct_tag&post=4565"}],"curies":[{"name":"wp","href":"https:\/\/api.w.org\/{rel}","templated":true}]}}