{"id":4488,"date":"2025-04-09T14:55:48","date_gmt":"2025-04-09T07:55:48","guid":{"rendered":"https:\/\/nhadepbepxinh.com.vn\/?post_type=product&#038;p=4488"},"modified":"2025-04-09T14:55:49","modified_gmt":"2025-04-09T07:55:49","slug":"may-lam-sua-hat-olivo-x24-pro","status":"publish","type":"product","link":"https:\/\/nhadepbepxinh.com.vn\/?product=may-lam-sua-hat-olivo-x24-pro","title":{"rendered":"MA\u0301Y LA\u0300M S\u01af\u0303A HA\u0323T OLIVO X24 PRO"},"content":{"rendered":"<h2><strong>\u01afU \u0110I\u1ec2M V\u01af\u1ee2T TR\u1ed8I C\u1ee6A S\u1ea2N PH\u1ea8M M\u00c1Y XAY N\u1ea4U \u0110A N\u0102NG OLIVO X24 PRO\u00a0<\/strong><\/h2>\n<ul data-sourcepos=\"3:1-6:0\">\n<li data-sourcepos=\"3:1-3:269\">M\u00e1y xay n\u1ea5u \u0111a n\u0103ng l\u00e0 thi\u1ebft b\u1ecb gia d\u1ee5ng ti\u1ec7n \u00edch, gi\u00fap b\u1ea1n ch\u1ebf bi\u1ebfn nhi\u1ec1u m\u00f3n \u0103n \u0111a d\u1ea1ng nh\u01b0 s\u1eefa h\u1ea1t, ch\u00e1o, sinh t\u1ed1, canh\u2026 Nh\u1eefng n\u0103m g\u1ea7n \u0111\u00e2y, m\u00e1y xay n\u1ea5u \u0111a n\u0103ng \u0111\u01b0\u1ee3c c\u1ea3i ti\u1ebfn v\u1edbi nhi\u1ec1u t\u00ednh n\u0103ng hi\u1ec7n \u0111\u1ea1i, \u0111\u00e1p \u1ee9ng nhu c\u1ea7u s\u1eed d\u1ee5ng ng\u00e0y c\u00e0ng cao c\u1ee7a ng\u01b0\u1eddi ti\u00eau d\u00f9ng.<\/li>\n<li>OLIVO c\u0169ng kh\u00f4ng n\u1eb1m ngo\u00e0i xu h\u01b0\u1edbng \u0111\u00f3, ch\u00fang t\u00f4i lu\u00f4n lu\u00f4n nghi\u00ean c\u1ee9u v\u00e0 ph\u00e1t tri\u1ec3n nh\u1eefng d\u00f2ng s\u1ea3n ph\u1ea9m m\u1edbi c\u1ea3i ti\u1ebfn h\u01a1n, cao c\u1ea5p h\u01a1n. \u0110i\u1ec1u n\u00e0y gi\u00fap b\u1ea1n ti\u1ebft ki\u1ec7m th\u1eddi gian v\u00e0 c\u00f4ng s\u1ee9c trong vi\u1ec7c b\u1ebfp n\u00fac.<\/li>\n<li>V\u1edbi nh\u1eefng c\u1ea3i ti\u1ebfn v\u01b0\u1ee3t tr\u1ed9i, OLIVO X24 PRO l\u00e0 m\u1ed9t l\u1ef1a ch\u1ecdn l\u00fd t\u01b0\u1edfng cho nh\u1eefng ng\u01b0\u1eddi y\u00eau th\u00edch ch\u1ebf bi\u1ebfn c\u00e1c m\u00f3n \u0103n t\u1eeb h\u1ea1t, \u0111\u1eadu. M\u00e1y gi\u00fap b\u1ea1n d\u1ec5 d\u00e0ng c\u00f3 \u0111\u01b0\u1ee3c nh\u1eefng m\u00f3n \u0103n th\u01a1m ngon, b\u1ed5 d\u01b0\u1ee1ng v\u00e0 c\u1ef1c k\u1ef3 t\u1ed1t cho s\u1ee9c kh\u1ecfe c\u1ee7a c\u1ea3 gia \u0111\u00ecnh.<\/li>\n<\/ul>\n<h3><strong>1. 13 CH\u1ebe \u0110\u1ed8 CH\u1ee8C N\u0102NG C\u00c0I \u0110\u1eb6T S\u1eb4N\u00a0<\/strong><\/h3>\n<ul>\n<li>T\u00edch h\u1ee3p nhi\u1ec1u t\u00ednh n\u0103ng trong c\u00f9ng m\u1ed9t s\u1ea3n ph\u1ea9m gi\u00fap ti\u1ebft ki\u1ec7m kh\u00f4ng gian nh\u00e0 b\u1ebfp, ti\u1ebft ki\u1ec7m chi ph\u00ed.<\/li>\n<li>13 ch\u1ee9c n\u0103ng bao g\u1ed3m: S\u1eefa H\u1ea1t, S\u1eefa 35P, S\u1eefa L\u1ea1nh, Ch\u00e1o M\u1ecbn, Ch\u00e1o H\u1ea1t, Sinh T\u1ed1, H\u1ea5p&amp;H\u1ea7m, Gi\u1eef \u1ea4m, Xay L\u1ea1nh, Xay Kh\u00f4, Kh\u1eed Khu\u1ea9n, H\u1eb9n Gi\u1edd, Xay T\u00f9y Ch\u1ec9nh. M\u1ed7i t\u00ednh n\u0103ng \u0111\u1ec1u \u0111\u01b0\u1ee3c setup th\u1eddi gian v\u00e0 nhi\u1ec7t \u0111\u1ed9 ph\u00f9 h\u1ee3p v\u1edbi nguy\u00ean li\u1ec7u t\u01b0\u01a1ng \u1ee9ng gi\u00fap th\u00e0nh ph\u1ea9m m\u00f3n th\u01a1m ngon v\u00e0 gi\u1eef tr\u1ecdn v\u1eb9n \u0111\u01b0\u1ee3c dinh d\u01b0\u1ee1ng.<\/li>\n<\/ul>\n<h3><strong>2. V\u1ec6 SINH KH\u1eec KHU\u1ea8N\u00a0<\/strong><\/h3>\n<ul>\n<li>Ch\u1ee9c n\u0103ng v\u1ec7 sinh kh\u1eed khu\u1ea9n tr\u00ean m\u00e1y xay n\u1ea5u \u0111a n\u0103ng OLIVO X24 PRO l\u00e0 m\u1ed9t t\u00ednh n\u0103ng h\u1eefu \u00edch\u00a0gi\u00fap m\u00e1y t\u1ef1 \u0111\u1ed9ng\u00a0l\u00e0m s\u1ea1ch, kh\u1eed khu\u1ea9n l\u00f2ng c\u1ed1i v\u00e0 l\u01b0\u1ee1i dao,\u00a0l\u00e0m cho\u00a0m\u00e1y lu\u00f4n s\u1ea1ch s\u1ebd v\u00e0 an to\u00e0n cho s\u1ee9c kh\u1ecfe.<\/li>\n<li>Ch\u1ee9c n\u0103ng n\u00e0y ho\u1ea1t \u0111\u1ed9ng b\u1eb1ng c\u00e1ch s\u1eed d\u1ee5ng n\u01b0\u1edbc n\u00f3ng v\u00e0 dung d\u1ecbch t\u1ea9y r\u1eeda (n\u1ebfu c\u00f3) \u0111\u1ec3 \u0111\u00e1nh bay c\u00e1c v\u1ebft b\u1ea9n, c\u1eb7n th\u1ee9c \u0103n c\u00f2n s\u00f3t l\u1ea1i trong l\u00f2ng c\u1ed1i, \u0111\u1ed3ng th\u1eddi ti\u00eau di\u1ec7t vi khu\u1ea9n, n\u1ea5m m\u1ed1c g\u00e2y h\u1ea1i.<\/li>\n<li>Vi\u1ec7c v\u1ec7 sinh v\u00e0 kh\u1eed khu\u1ea9n m\u00e1y xay n\u1ea5u \u0111a n\u0103ng th\u01b0\u1eddng xuy\u00ean gi\u00fap:<\/li>\n<li>\u0110\u1ea3m b\u1ea3o v\u1ec7 sinh an to\u00e0n th\u1ef1c ph\u1ea9m, tr\u00e1nh vi khu\u1ea9n, n\u1ea5m m\u1ed1c x\u00e2m nh\u1eadp v\u00e0o th\u1ef1c ph\u1ea9m, g\u00e2y ng\u1ed9 \u0111\u1ed9c th\u1ef1c ph\u1ea9m.<\/li>\n<li>Gi\u00fap m\u00e1y ho\u1ea1t \u0111\u1ed9ng hi\u1ec7u qu\u1ea3 h\u01a1n, tr\u00e1nh h\u01b0 h\u1ecfng do c\u1eb7n th\u1ee9c \u0103n t\u00edch t\u1ee5.<\/li>\n<li>K\u00e9o d\u00e0i tu\u1ed5i th\u1ecd c\u1ee7a m\u00e1y.<\/li>\n<\/ul>\n<h3><strong>3. \u0110I\u1ec0U KHI\u1ec2N C\u1ea2M \u1ee8NG\u00a0<\/strong><\/h3>\n<ul>\n<li>OLIVO X24 PRO s\u1edf h\u1eefu b\u1ea3ng \u0111i\u1ec1u khi\u1ec3n c\u1ea3m \u1ee9ng \u0111\u01b0\u1ee3c thi\u1ebft k\u1ebf v\u1edbi c\u00e1c bi\u1ec3u t\u01b0\u1ee3ng v\u00e0 ch\u00fa th\u00edch ti\u1ebfng vi\u1ec7t r\u00f5 r\u00e0ng gi\u00fap ng\u01b0\u1eddi d\u00f9ng d\u1ec5 d\u00e0ng nh\u1eadn bi\u1ebft v\u00e0 thao t\u00e1c ch\u00ednh x\u00e1c v\u1edbi s\u1ea3n ph\u1ea9m.<\/li>\n<li>D\u01b0\u1edbi \u0111\u00e2y l\u00e0 m\u1ed9t s\u1ed1 \u01b0u \u0111i\u1ec3m c\u1ee7a b\u1ea3ng \u0111i\u1ec1u khi\u1ec3n c\u1ea3m \u1ee9ng:<\/li>\n<li>Thao t\u00e1c d\u1ec5 d\u00e0ng v\u00e0 ti\u1ec7n l\u1ee3i: Ng\u01b0\u1eddi d\u00f9ng ch\u1ec9 c\u1ea7n ch\u1ea1m nh\u1eb9 v\u00e0o bi\u1ec3u t\u01b0\u1ee3ng tr\u00ean b\u1ea3ng \u0111i\u1ec1u khi\u1ec3n \u0111\u1ec3 th\u1ef1c hi\u1ec7n c\u00e1c thao t\u00e1c mong mu\u1ed1n.<\/li>\n<li>T\u0103ng t\u00ednh th\u1ea9m m\u1ef9 cho m\u00e1y: B\u1ea3ng \u0111i\u1ec1u khi\u1ec3n c\u1ea3m \u1ee9ng c\u00f3 thi\u1ebft k\u1ebf hi\u1ec7n \u0111\u1ea1i v\u00e0 sang tr\u1ecdng gi\u00fap m\u00e1y tr\u1edf n\u00ean b\u1eaft m\u1eaft h\u01a1n.<\/li>\n<li>T\u0103ng \u0111\u1ed9 b\u1ec1n cho m\u00e1y: B\u1ea3ng \u0111i\u1ec1u khi\u1ec3n c\u1ea3m \u1ee9ng c\u00f3 \u0111\u1ed9 b\u1ec1n cao, \u00edt b\u1ecb h\u01b0 h\u1ecfng do va \u0111\u1eadp ho\u1eb7c t\u00e1c \u0111\u1ed9ng t\u1eeb m\u00f4i tr\u01b0\u1eddng.<\/li>\n<\/ul>\n<h3><strong>4. S\u1eec D\u1ee4NG \u0110\u01a0N GI\u1ea2N\u00a0<\/strong><\/h3>\n<ul>\n<li>M\u1eb7c d\u00f9 t\u00edch h\u1ee3p r\u1ea5t nhi\u1ec1u t\u00ednh n\u0103ng v\u00e0 c\u00f4ng ngh\u1ec7 hi\u1ec7n \u0111\u1ea1i tr\u00ean s\u1ea3n ph\u1ea9m nh\u01b0ng giao di\u1ec7n m\u00e1y s\u1eed d\u1ee5ng r\u1ea5t d\u1ec5 d\u00e0ng nh\u01b0 sau:<\/li>\n<li>B\u01b0\u1edbc 1: K\u1ebft n\u1ed1i ngu\u1ed3n \u0111i\u1ec7n<\/li>\n<li>B\u01b0\u1edbc 2: Cho nguy\u00ean li\u1ec7u v\u00e0 \u0111\u1ed5 n\u01b0\u1edbc \u0111\u00fang \u0111\u1ecbnh m\u1ee9c sau \u0111\u00f3 ch\u1ecdn ch\u1ee9c n\u0103ng t\u01b0\u01a1ng \u1ee9ng v\u1edbi nguy\u00ean li\u1ec7u.<\/li>\n<li>B\u01b0\u1edbc 3: Ch\u1ea1m v\u00e0 n\u00fat B\u1eadt\/T\u1eaft \u0111\u1ec3 m\u00e1y x\u00e1c nh\u1eadn ch\u01b0\u01a1ng tr\u00ecnh v\u00e0 b\u1eaft \u0111\u1ea7u n\u1ea5u. Khi ho\u00e0n th\u00e0nh ch\u01b0\u01a1ng tr\u00ecnh m\u00e1y s\u1ebd ph\u00e1t ra ti\u1ebfng \u201cb\u00edp b\u00edp\u201d \u0111\u1ec3\u00a0th\u00f4ng\u00a0b\u00e1o l\u00fac n\u00e0y b\u1ea1n ch\u1ec9 c\u1ea7n r\u00f3t th\u00e0nh ph\u1ea9m ra ly v\u00e0 th\u01b0\u1edfng th\u1ee9c m\u00e0 kh\u00f4ng c\u1ea7n thao t\u00e1c g\u00ec th\u00eam.<\/li>\n<\/ul>\n<h3><strong>5. DUNG T\u00cdCH 1.75L<\/strong><\/h3>\n<ul>\n<li>Dung t\u00edch 1.75L c\u1ee7a m\u00e1y n\u1ea5u s\u1eefa h\u1ea1t l\u00e0 m\u1ed9t dung t\u00edch l\u1edbn, ph\u00f9 h\u1ee3p v\u1edbi nhu c\u1ea7u s\u1eed d\u1ee5ng c\u1ee7a gia \u0111\u00ecnh t\u1eeb 6-8 ng\u01b0\u1eddi. V\u1edbi dung t\u00edch n\u00e0y, b\u1ea1n c\u00f3 th\u1ec3 n\u1ea5u \u0111\u01b0\u1ee3c m\u1ed9t l\u01b0\u1ee3ng s\u1eefa h\u1ea1t v\u1eeba \u0111\u1ee7 cho c\u1ea3 gia \u0111\u00ecnh s\u1eed d\u1ee5ng trong m\u1ed9t l\u1ea7n.<\/li>\n<li>Ngo\u00e0i ra, dung t\u00edch l\u1edbn c\u0169ng gi\u00fap b\u1ea1n d\u1ec5 d\u00e0ng v\u1ec7 sinh m\u00e1y sau khi s\u1eed d\u1ee5ng, kh\u00f4ng m\u1ea5t th\u1eddi gian chu\u1ea9n b\u1ecb.<\/li>\n<\/ul>\n<h3><strong>6. VAN KH\u00d3A N\u1eaeP AN TO\u00c0N\u00a0<\/strong><\/h3>\n<ul>\n<li>Van kh\u00f3a n\u1eafp an to\u00e0n m\u00e1y xay n\u1ea5u \u0111a n\u0103ng l\u00e0 m\u1ed9t b\u1ed9 ph\u1eadn quan tr\u1ecdng gi\u00fap \u0111\u1ea3m b\u1ea3o an to\u00e0n cho ng\u01b0\u1eddi s\u1eed d\u1ee5ng trong qu\u00e1 tr\u00ecnh n\u1ea5u n\u01b0\u1edbng. Van kh\u00f3a n\u00e0y c\u00f3 t\u00e1c d\u1ee5ng ng\u0103n ch\u1eb7n s\u1ef1 r\u00f2 r\u1ec9 h\u01a1i n\u01b0\u1edbc v\u00e0 ch\u1ea5t l\u1ecfng trong qu\u00e1 tr\u00ecnh n\u1ea5u \u0111\u1ed3ng th\u1eddi gi\u00fap c\u1ed1 \u0111\u1ecbnh n\u1eafp c\u1ed1i xay, tr\u00e1nh b\u1eadt n\u1eafp khi m\u00e1y \u0111ang ho\u1ea1t \u0111\u1ed9ng.<\/li>\n<li>\u0110\u1ec3 \u0111\u1ea3m b\u1ea3o an to\u00e0n khi s\u1eed d\u1ee5ng m\u00e1y xay n\u1ea5u \u0111a n\u0103ng, b\u1ea1n n\u00ean l\u01b0u \u00fd m\u1ed9t s\u1ed1 \u0111i\u1ec1u sau:<\/li>\n<li>Lu\u00f4n \u0111\u00f3ng n\u1eafp c\u1ed1i xay \u0111\u00fang v\u1ecb tr\u00ed tr\u01b0\u1edbc khi kh\u1edfi \u0111\u1ed9ng m\u00e1y.<\/li>\n<li>Kh\u00f4ng n\u00ean m\u1edf n\u1eafp c\u1ed1i xay khi m\u00e1y \u0111ang ho\u1ea1t \u0111\u1ed9ng.<\/li>\n<li>Kh\u00f4ng n\u00ean s\u1eed d\u1ee5ng m\u00e1y xay n\u1ea5u \u0111a n\u0103ng \u0111\u1ec3 xay c\u00e1c lo\u1ea1i nguy\u00ean li\u1ec7u qu\u00e1 n\u00f3ng ho\u1eb7c qu\u00e1 l\u1ea1nh.<\/li>\n<\/ul>\n<h3><strong>7. CH\u1ed0NG TR\u00c0O TUY\u1ec6T \u0110\u1ed0I\u00a0<\/strong><\/h3>\n<ul>\n<li>C\u00f4ng ngh\u1ec7 ch\u1ed1ng tr\u00e0o tuy\u1ec7t \u0111\u1ed1i tr\u00ean m\u00e1y xay n\u1ea5u \u0111a n\u0103ng OLIVO X24 PRO l\u00e0 m\u1ed9t t\u00ednh n\u0103ng hi\u1ec7n \u0111\u1ea1i gi\u00fap ng\u0103n ch\u1eb7n t\u00ecnh tr\u1ea1ng tr\u00e0o m\u00e1y khi n\u1ea5u c\u00e1c m\u00f3n \u0103n c\u00f3 nhi\u1ec1u b\u1ecdt kh\u00ed ho\u1eb7c c\u00f3 \u0111\u1ed9 \u0111\u1eb7c cao nh\u01b0 s\u1eefa h\u1ea1t, ch\u00e1o, s\u00fap\u2026<\/li>\n<li>C\u00f4ng ngh\u1ec7 n\u00e0y ho\u1ea1t \u0111\u1ed9ng d\u1ef1a tr\u00ean 3 l\u1edbp b\u1ea3o v\u1ec7 k\u00e9p, bao g\u1ed3m:<\/li>\n<li><strong>Gio\u0103ng cao su 2 l\u1edbp<\/strong>: Gio\u0103ng cao su 2 l\u1edbp gi\u00fap n\u1eafp c\u1ed1i xay \u0111\u00f3ng kh\u00edt v\u1edbi th\u00e2n c\u1ed1i, ng\u0103n ch\u1eb7n b\u1ecdt kh\u00ed ho\u1eb7c ch\u1ea5t l\u1ecfng tr\u00e0o ra ngo\u00e0i.<\/li>\n<li><strong>T\u1ea7ng gi\u1eefa t\u1ea1o l\u1ef1c c\u1ea3n<\/strong>: T\u1ea7ng gi\u1eefa t\u1ea1o l\u1ef1c c\u1ea3n ng\u0103n ch\u1eb7n d\u00f2ng nguy\u00ean li\u1ec7u tr\u00e0o ra ngo\u00e0i.<\/li>\n<li><strong>Van ch\u1ed1ng tr\u00e0o ngo\u00e0i c\u00f9ng<\/strong>: Van ch\u1ed1ng tr\u00e0o ngo\u00e0i c\u00f9ng kh\u00f3a d\u00f2ng chuy\u1ec3n \u0111\u1ed9ng \u0111\u1ec3 ng\u0103n ch\u1ed1ng tr\u00e0o tuy\u1ec7t \u0111\u1ed1i.<\/li>\n<li>Nh\u1edd c\u00f3 c\u00f4ng ngh\u1ec7 ch\u1ed1ng tr\u00e0o tuy\u1ec7t \u0111\u1ed1i, b\u1ea1n c\u00f3 th\u1ec3 y\u00ean t\u00e2m n\u1ea5u c\u00e1c m\u00f3n \u0103n y\u00eau th\u00edch m\u00e0 kh\u00f4ng lo b\u1ecb tr\u00e0o m\u00e1y, g\u00e2y m\u1ea5t v\u1ec7 sinh v\u00e0 an to\u00e0n.<\/li>\n<li>D\u01b0\u1edbi \u0111\u00e2y l\u00e0 m\u1ed9t s\u1ed1 l\u1ee3i \u00edch c\u1ee7a c\u00f4ng ngh\u1ec7 ch\u1ed1ng tr\u00e0o tuy\u1ec7t \u0111\u1ed1i tr\u00ean m\u00e1y xay n\u1ea5u \u0111a n\u0103ng:<\/li>\n<li><strong>An to\u00e0n cho ng\u01b0\u1eddi s\u1eed d\u1ee5ng<\/strong>: C\u00f4ng ngh\u1ec7 n\u00e0y gi\u00fap ng\u0103n ng\u1eeba tai n\u1ea1n b\u1ecfng do n\u01b0\u1edbc n\u00f3ng ho\u1eb7c ch\u1ea5t l\u1ecfng n\u00f3ng tr\u00e0o ra ngo\u00e0i.<\/li>\n<li><strong>Gi\u1eef v\u1ec7 sinh cho m\u00e1y v\u00e0 khu v\u1ef1c xung quanh<\/strong>: C\u00f4ng ngh\u1ec7 n\u00e0y gi\u00fap ng\u0103n ch\u1eb7n b\u1ecdt kh\u00ed ho\u1eb7c ch\u1ea5t l\u1ecfng tr\u00e0o ra ngo\u00e0i, gi\u00fap gi\u1eef v\u1ec7 sinh cho m\u00e1y v\u00e0 khu v\u1ef1c xung quanh.<\/li>\n<li><strong>Ti\u1ebft ki\u1ec7m th\u1eddi gian v\u00e0 c\u00f4ng s\u1ee9c<\/strong>: B\u1ea1n kh\u00f4ng c\u1ea7n ph\u1ea3i lo l\u1eafng v\u1ec1 vi\u1ec7c v\u1ec7 sinh m\u00e1y sau khi n\u1ea5u, gi\u00fap ti\u1ebft ki\u1ec7m th\u1eddi gian v\u00e0 c\u00f4ng s\u1ee9c.<\/li>\n<\/ul>\n<h3><strong>8. M\u00c2M NHI\u1ec6T CH\u1ea4T LI\u1ec6U G\u1ed0M\u00a0<\/strong><\/h3>\n<ul>\n<li>M\u00e2m nhi\u1ec7t ch\u1ea5t li\u1ec7u g\u1ed1m l\u00e0 m\u1ed9t lo\u1ea1i m\u00e2m nhi\u1ec7t \u0111\u01b0\u1ee3c s\u1eed d\u1ee5ng trong c\u00e1c thi\u1ebft b\u1ecb gia d\u1ee5ng nh\u01b0 b\u1ebfp t\u1eeb, b\u1ebfp h\u1ed3ng ngo\u1ea1i,\u2026 M\u00e2m nhi\u1ec7t g\u1ed1m c\u00f3 c\u1ea5u t\u1ea1o g\u1ed3m m\u1ed9t l\u1edbp g\u1ed1m s\u1ee9 b\u00ean ngo\u00e0i v\u00e0 m\u1ed9t l\u1edbp cu\u1ed9n d\u00e2y \u0111i\u1ec7n tr\u1edf b\u00ean trong. Khi c\u00f3 d\u00f2ng \u0111i\u1ec7n ch\u1ea1y qua, cu\u1ed9n d\u00e2y \u0111i\u1ec7n tr\u1edf s\u1ebd t\u1ea1o ra nhi\u1ec7t v\u00e0 truy\u1ec1n v\u00e0o l\u1edbp g\u1ed1m s\u1ee9, gi\u00fap l\u00e0m n\u00f3ng b\u1ec1 m\u1eb7t m\u00e2m nhi\u1ec7t.<\/li>\n<li>M\u00e2m nhi\u1ec7t g\u1ed1m c\u00f3 nhi\u1ec1u \u01b0u \u0111i\u1ec3m v\u01b0\u1ee3t tr\u1ed9i so v\u1edbi c\u00e1c lo\u1ea1i m\u00e2m nhi\u1ec7t kh\u00e1c, bao g\u1ed3m:<\/li>\n<li><strong>T\u1ed1c \u0111\u1ed9 l\u00e0m n\u00f3ng nhanh<\/strong>: M\u00e2m nhi\u1ec7t g\u1ed1m c\u00f3 kh\u1ea3 n\u0103ng l\u00e0m n\u00f3ng nhanh ch\u00f3ng, gi\u00fap ti\u1ebft ki\u1ec7m th\u1eddi gian n\u1ea5u n\u01b0\u1edbng.<\/li>\n<li><strong>\u0110\u1ed9 b\u1ec1n cao<\/strong>: M\u00e2m nhi\u1ec7t g\u1ed1m c\u00f3 \u0111\u1ed9 b\u1ec1n cao, \u00edt b\u1ecb h\u01b0 h\u1ecfng do va \u0111\u1eadp ho\u1eb7c nhi\u1ec7t \u0111\u1ed9 cao.<\/li>\n<li><strong>An to\u00e0n<\/strong>: M\u00e2m nhi\u1ec7t g\u1ed1m kh\u00f4ng ph\u00e1t ra tia h\u1ed3ng ngo\u1ea1i, gi\u00fap \u0111\u1ea3m b\u1ea3o an to\u00e0n cho ng\u01b0\u1eddi s\u1eed d\u1ee5ng.<\/li>\n<li><strong>Ti\u1ebft ki\u1ec7m \u0111i\u1ec7n<\/strong>: M\u00e2m nhi\u1ec7t g\u1ed1m c\u00f3 hi\u1ec7u su\u1ea5t s\u1eed d\u1ee5ng \u0111i\u1ec7n cao, gi\u00fap ti\u1ebft ki\u1ec7m \u0111i\u1ec7n n\u0103ng.<\/li>\n<li>M\u00e2m nhi\u1ec7t g\u1ed1m gi\u00fap n\u1ea5u n\u01b0\u1edbng nhanh ch\u00f3ng, ti\u1ec7n l\u1ee3i v\u00e0 an to\u00e0n cho ng\u01b0\u1eddi s\u1eed d\u1ee5ng.<\/li>\n<\/ul>\n<h3><strong>9. L\u01af\u1ee0I DAO S\u1eaeC B\u00c9N\u00a0<\/strong><\/h3>\n<ul>\n<li>Xay nhuy\u1ec5n c\u00e1c lo\u1ea1i h\u1ea1t: L\u01b0\u1ee1i dao s\u1eafc b\u00e9n gi\u00fap xay nhuy\u1ec5n c\u00e1c lo\u1ea1i h\u1ea1t c\u1ee9ng, t\u1ea1o ra s\u1eefa h\u1ea1t th\u01a1m ngon, m\u1ecbn m\u00e0ng.<\/li>\n<li><strong>Gi\u1ea3m th\u1eddi gian xay<\/strong>: L\u01b0\u1ee1i dao s\u1eafc b\u00e9n gi\u00fap xay nhuy\u1ec5n c\u00e1c lo\u1ea1i h\u1ea1t nhanh ch\u00f3ng, ti\u1ebft ki\u1ec7m th\u1eddi gian v\u00e0 c\u00f4ng s\u1ee9c.<\/li>\n<li><strong>H\u1ea1n ch\u1ebf t\u00ecnh tr\u1ea1ng h\u1ea1t b\u1ecb v\u00f3n c\u1ee5c<\/strong>: L\u01b0\u1ee1i dao s\u1eafc b\u00e9n gi\u00fap c\u00e1c h\u1ea1t \u0111\u01b0\u1ee3c xay nhuy\u1ec5n \u0111\u1ec1u, kh\u00f4ng b\u1ecb v\u00f3n c\u1ee5c.<\/li>\n<li>\u0110\u1ec3 \u0111\u1ea3m b\u1ea3o l\u01b0\u1ee1i dao lu\u00f4n s\u1eafc b\u00e9n v\u00e0 ho\u1ea1t \u0111\u1ed9ng hi\u1ec7u qu\u1ea3, b\u1ea1n c\u1ea7n v\u1ec7 sinh m\u00e1y th\u01b0\u1eddng xuy\u00ean v\u00e0 \u0111\u00fang c\u00e1ch. Ngo\u00e0i ra, b\u1ea1n c\u0169ng n\u00ean tr\u00e1nh xay c\u00e1c lo\u1ea1i th\u1ef1c ph\u1ea9m c\u1ee9ng qu\u00e1 m\u1ee9c, c\u00f3 th\u1ec3 l\u00e0m h\u1ecfng l\u01b0\u1ee1i dao.<\/li>\n<\/ul>\n<h3><strong>10. C\u00d4NG SU\u1ea4T 2100W<\/strong><\/h3>\n<ul>\n<li>C\u00f4ng su\u1ea5t l\u1edbn 2100W gi\u00fap m\u00e1y xay n\u1ea5u \u0111a n\u0103ng OLIVO X24 PRO xay \u0111\u01b0\u1ee3c nhi\u1ec1u th\u1ef1c ph\u1ea9m c\u00f9ng m\u1ed9t l\u00fac h\u01a1n, ho\u1ea1t \u0111\u1ed9ng hi\u1ec7u qu\u1ea3 v\u00e0 m\u1ea1nh m\u1ebd h\u01a1n.<\/li>\n<\/ul>\n<h3><strong>11. HO\u1ea0T \u0110\u1ed8NG \u00caM \u00c1I\u00a0<\/strong><\/h3>\n<ul>\n<li>Th\u00f4ng th\u01b0\u1eddng, m\u00e1y xay n\u1ea5u \u0111a n\u0103ng ho\u1ea1t \u0111\u1ed9ng v\u1edbi c\u00f4ng su\u1ea5t cao, t\u1ea1o ra ti\u1ebfng \u1ed3n l\u1edbn. \u0110i\u1ec1u n\u00e0y c\u00f3 th\u1ec3 g\u00e2y kh\u00f3 ch\u1ecbu cho nh\u1eefng ng\u01b0\u1eddi xung quanh, \u0111\u1eb7c bi\u1ec7t l\u00e0 khi b\u1ea1n s\u1eed d\u1ee5ng m\u00e1y v\u00e0o ban \u0111\u00eam ho\u1eb7c \u1edf khu v\u1ef1c y\u00ean t\u0129nh.<\/li>\n<li>\u0110\u1ec3 gi\u1ea3i quy\u1ebft v\u1ea5n \u0111\u1ec1 n\u00e0y, c\u00e1c nh\u00e0 s\u1ea3n xu\u1ea5t m\u00e1y xay n\u1ea5u \u0111a n\u0103ng \u0111\u00e3 \u00e1p d\u1ee5ng m\u1ed9t s\u1ed1 c\u00f4ng ngh\u1ec7 hi\u1ec7n \u0111\u1ea1i gi\u00fap gi\u1ea3m ti\u1ebfng \u1ed3n, nh\u01b0:<\/li>\n<li>S\u1eed d\u1ee5ng \u0111\u1ed9ng c\u01a1 kh\u00f4ng ch\u1ed5i than: \u0110\u1ed9ng c\u01a1 kh\u00f4ng ch\u1ed5i than c\u00f3 c\u1ea5u t\u1ea1o \u0111\u01a1n gi\u1ea3n h\u01a1n, \u00edt ma s\u00e1t h\u01a1n so v\u1edbi \u0111\u1ed9ng c\u01a1 ch\u1ed5i than, gi\u00fap gi\u1ea3m ti\u1ebfng \u1ed3n v\u00e0 ti\u1ebft ki\u1ec7m \u0111i\u1ec7n n\u0103ng.<\/li>\n<li>S\u1eed d\u1ee5ng v\u1eadt li\u1ec7u c\u00e1ch \u00e2m: C\u00e1c nh\u00e0 s\u1ea3n xu\u1ea5t s\u1eed d\u1ee5ng c\u00e1c v\u1eadt li\u1ec7u c\u00e1ch \u00e2m nh\u01b0 cao su, m\u00fat,\u2026 \u0111\u1ec3 gi\u1ea3m ti\u1ebfng \u1ed3n ph\u00e1t ra t\u1eeb m\u00e1y xay n\u1ea5u \u0111a n\u0103ng.<\/li>\n<li>Thi\u1ebft k\u1ebf th\u00e2n m\u00e1y ch\u1eafc ch\u1eafn: Th\u00e2n m\u00e1y ch\u1eafc ch\u1eafn gi\u00fap m\u00e1y ho\u1ea1t \u0111\u1ed9ng \u1ed5n \u0111\u1ecbnh, h\u1ea1n ch\u1ebf ti\u1ebfng \u1ed3n ph\u00e1t ra.<\/li>\n<\/ul>\n<h3><strong>12. TH\u00d9NG H\u1ed8P CH\u1eaeC CH\u1eaeN\u00a0<\/strong><\/h3>\n<ul>\n<li>Ph\u1ea7n th\u00f9ng h\u1ed9p mang \u0111\u1eadm phong c\u00e1ch OLIVO lu\u00f4n ch\u1eafc ch\u1eafn v\u00e0 \u1ea5n t\u01b0\u1ee3ng \u0111\u1ea3m b\u1ea3o an to\u00e0n v\u00e0 kh\u00f4ng b\u1ecb m\u00f3p m\u00e9o trong qu\u00e1 tr\u00ecnh v\u1eadn chuy\u1ec3n.<\/li>\n<li>Ngo\u00e0i ra, ph\u1ea7n v\u1ecf h\u1ed9p b\u00ean trong \u0111\u01b0\u1ee3c thi\u1ebft k\u1ebf v\u1ebd tay ho\u00e0n to\u00e0n r\u1ea5t \u0111\u1eb7c bi\u1ec7t v\u00e0 tinh t\u1ebf th\u1ec3 hi\u1ec7n s\u1ef1 t\u1eadn t\u00e2m d\u00e0nh cho kh\u00e1ch h\u00e0ng c\u1ee7a OLIVO.<\/li>\n<\/ul>\n","protected":false},"excerpt":{"rendered":"<h1 class=\"product-title product_title entry-title\">\u0110a Ch\u1ee9c N\u0103ng \u2013 Ch\u1ed1ng Tr\u00e0o Tuy\u1ec7t \u0110\u1ed1i \u2013 M\u00e2m Nhi\u1ec7t G\u1ed1m Ch\u1ed1ng D\u00ednh \u2013 C\u00f4ng Su\u1ea5t 2100W L\u1edbn Nh\u1ea5t Th\u1ecb Tr\u01b0\u1eddng<\/h1>\n","protected":false},"featured_media":4489,"comment_status":"open","ping_status":"closed","template":"","meta":[],"product_brand":[],"product_cat":[69],"product_tag":[],"class_list":{"0":"post-4488","1":"product","2":"type-product","3":"status-publish","4":"has-post-thumbnail","6":"product_cat-may-lam-sua-hat","8":"first","9":"instock","10":"shipping-taxable","11":"product-type-simple"},"_links":{"self":[{"href":"https:\/\/nhadepbepxinh.com.vn\/index.php?rest_route=\/wp\/v2\/product\/4488","targetHints":{"allow":["GET"]}}],"collection":[{"href":"https:\/\/nhadepbepxinh.com.vn\/index.php?rest_route=\/wp\/v2\/product"}],"about":[{"href":"https:\/\/nhadepbepxinh.com.vn\/index.php?rest_route=\/wp\/v2\/types\/product"}],"replies":[{"embeddable":true,"href":"https:\/\/nhadepbepxinh.com.vn\/index.php?rest_route=%2Fwp%2Fv2%2Fcomments&post=4488"}],"wp:featuredmedia":[{"embeddable":true,"href":"https:\/\/nhadepbepxinh.com.vn\/index.php?rest_route=\/wp\/v2\/media\/4489"}],"wp:attachment":[{"href":"https:\/\/nhadepbepxinh.com.vn\/index.php?rest_route=%2Fwp%2Fv2%2Fmedia&parent=4488"}],"wp:term":[{"taxonomy":"product_brand","embeddable":true,"href":"https:\/\/nhadepbepxinh.com.vn\/index.php?rest_route=%2Fwp%2Fv2%2Fproduct_brand&post=4488"},{"taxonomy":"product_cat","embeddable":true,"href":"https:\/\/nhadepbepxinh.com.vn\/index.php?rest_route=%2Fwp%2Fv2%2Fproduct_cat&post=4488"},{"taxonomy":"product_tag","embeddable":true,"href":"https:\/\/nhadepbepxinh.com.vn\/index.php?rest_route=%2Fwp%2Fv2%2Fproduct_tag&post=4488"}],"curies":[{"name":"wp","href":"https:\/\/api.w.org\/{rel}","templated":true}]}}