{"id":4446,"date":"2025-04-09T14:47:25","date_gmt":"2025-04-09T07:47:25","guid":{"rendered":"https:\/\/nhadepbepxinh.com.vn\/?post_type=product&#038;p=4446"},"modified":"2025-04-09T14:47:25","modified_gmt":"2025-04-09T07:47:25","slug":"may-lam-sua-hat-olivo-cb1000","status":"publish","type":"product","link":"https:\/\/nhadepbepxinh.com.vn\/?product=may-lam-sua-hat-olivo-cb1000","title":{"rendered":"MA\u0301Y LA\u0300M S\u01af\u0303A HA\u0323T OLIVO CB1000"},"content":{"rendered":"<h2><strong>\u01afU \u0110I\u1ec2M V\u01af\u1ee2T TR\u1ed8I C\u1ee6A M\u00c1Y XAY N\u1ea4U \u0110A N\u0102NG OLIVO CB1000<\/strong><\/h2>\n<p>M\u00e1y xay n\u1ea5u \u0111a n\u0103ng OLIVO CB1000 th\u1ebf h\u1ec7 m\u1edbi v\u1edbi dung t\u00edch 1000ML kh\u00f4ng qu\u00e1 l\u1edbn, kh\u00f4ng qu\u00e1 nh\u1ecf, d\u1ec5 d\u00f9ng r\u1ea5t th\u00edch h\u1ee3p \u0111\u1ec3 s\u1eed d\u1ee5ng h\u00e0ng ng\u00e0y v\u00e0 ti\u1ec7n l\u1ee3i khi c\u1ea7n mang theo. Thi\u1ebft k\u1ebf hi\u1ec7n \u0111\u1ea1i, m\u00e0u s\u1eafc pastel trendy c\u00f3 th\u1ec3 d\u00f9ng nh\u01b0 m\u1ed9t \u0111\u1ed3 decor trong gian b\u1ebfp.<\/p>\n<h3><strong>1. 9 CH\u1ebe \u0110\u1ed8 CH\u1ee8C N\u0102NG C\u00c0I \u0110\u1eb6T S\u1eb4N\u00a0<\/strong><\/h3>\n<ul>\n<li><strong>S\u1eefa H\u1ea1t<\/strong>: Th\u00edch h\u1ee3p \u0111\u1ec3 n\u1ea5u c\u00e1c lo\u1ea1i h\u1ea1t th\u00f4ng th\u01b0\u1eddng kh\u00f4ng c\u00f3 t\u00ednh ch\u1ea5t \u0111\u1eb7c bi\u1ec7t.<\/li>\n<li><strong>S\u1eefa H\u1ea1t 35 ph\u00fat<\/strong>: Th\u00edch h\u1ee3p \u0111\u1ec3 n\u1ea5u c\u00e1c lo\u1ea1i h\u1ea1t h\u1ecd \u0111\u1eadu nh\u01b0 \u0111\u1eadu xanh, \u0111\u1eadu t\u01b0\u01a1ng\u2026 c\u00e1c lo\u1ea1i h\u1ea1t n\u00e0y n\u1ebfu kh\u00f4ng \u0111\u01b0\u1ee3c n\u1ea5u ch\u00edn k\u1ef9 s\u1ebd r\u1ea5t d\u1ec5 b\u1ecb ng\u00e1i, h\u0103ng.<\/li>\n<li><strong>S\u1eefa L\u1ea1nh<\/strong>: Th\u00edch h\u1ee3p v\u1edbi c\u00e1c lo\u1ea1i h\u1ea1t c\u00f3 t\u00ednh d\u1ea7u, \u0111\u00e3 ch\u00edn nh\u01b0 macca, h\u1ea1t lanh, h\u1ea1t gai d\u1ea7u, h\u1ea1nh nh\u00e2n, \u00f3c ch\u00f3\u2026 Nh\u1eefng lo\u1ea1i h\u1ea1t n\u00e0y n\u1ebfu b\u1ecb n\u1ea5u ch\u00edn qu\u00e1 k\u1ef9 s\u1ebd m\u1ea5t ch\u1ea5t dinh d\u01b0\u1ee1ng t\u1ef1 nhi\u00ean trong h\u1ea1t.<\/li>\n<li><strong>Ch\u00e1o M\u1ecbn<\/strong>: Th\u00edch h\u1ee3p cho ng\u01b0\u1eddi cao tu\u1ed5i ho\u1eb7c tr\u1ebb em trong \u0111\u1ed9 tu\u1ed5i \u0103n d\u1eb7m. Vi\u1ec7c n\u1ea5u ch\u00e1o m\u1ed7i ng\u00e0y s\u1ebd tr\u1edf n\u00ean d\u1ec5 d\u00e0ng h\u01a1n bao gi\u1edd h\u1ebft.<\/li>\n<li><strong>Ch\u00e1o H\u1ea1t<\/strong>: Th\u00edch h\u1ee3p cho ng\u01b0\u1eddi l\u1edbn v\u00e0 tr\u1ebb t\u1eadp \u0103n ch\u00e1o h\u1ea1t.<\/li>\n<li><strong>H\u1ea7m<\/strong>: L\u00e0m c\u00e1c m\u00f3n nh\u01b0 canh x\u01b0\u01a1ng rau c\u1ee7, h\u1ea7m g\u00e0 t\u1ea9m b\u1ed5 s\u1ee9c kh\u1ecfe.<\/li>\n<li><strong>Sinh T\u1ed1<\/strong>: Ngo\u00e0i vi\u1ec7c n\u1ea5u ch\u00e1o, n\u1ea5u s\u1eefa h\u1ea1t OLIVO CB1000 c\u00f3 th\u1ec3 \u0111\u01b0\u1ee3c s\u1eed d\u1ee5ng nh\u01b0 m\u1ed9t chi\u1ebfc m\u00e1y xay \u0111\u1ec3 xay sinh t\u1ed1, l\u00e0m smoothie\u2026 r\u1ea5t ti\u1ec7n l\u1ee3i.<\/li>\n<li><strong>\u0110un N\u01b0\u1edbc<\/strong>: B\u1ea1n c\u00f3 th\u1ec3 s\u1eed d\u1ee5ng OLIVO CB1000 nh\u01b0 m\u1ed9t chi\u1ebfc \u1ea5m si\u00eau t\u1ed1c \u0111\u1ec3 n\u1ea5u n\u01b0\u1edbc n\u00f3ng nhanh ch\u00f3ng.<\/li>\n<li><strong>H\u1eb9n Gi\u1edd<\/strong>: Ch\u1ee9c n\u0103ng h\u1eb9n gi\u1edd l\u00ean \u0111\u1ebfn 12 ti\u1ebfng gi\u00fap c\u00f4ng vi\u1ec7c n\u1ea5u \u0103n tr\u1edf n\u00ean ch\u1ee7 \u0111\u1ed9ng v\u00e0 d\u1ec5 d\u00e0ng h\u01a1n\u1ecb tr\u00ed.<\/li>\n<li><strong>L\u00e0m S\u1ea1ch<\/strong>: Cho n\u01b0\u1edbc v\u00e0o c\u1ed1i ch\u1ecdn ch\u1ee9c n\u0103ng l\u00e0m s\u1ea1ch l\u00e0 m\u00e1y t\u1ef1 \u0111\u1ed9ng l\u00e0m s\u1ea1ch c\u1eb7n s\u1eefa, th\u1ee9c \u0103n c\u00f2n s\u00f3t l\u1ea1i trong l\u00f2ng c\u1ed1i v\u00e0 l\u01b0\u1ee1i dao.<\/li>\n<\/ul>\n<h3><strong>2. DUNG T\u00cdCH 1000ML\u00a0<\/strong><\/h3>\n<ul>\n<li>Kh\u00f4ng qu\u00e1 l\u1edbn nh\u01b0 nh\u1eefng d\u00f2ng m\u00e1y xay n\u1ea5u l\u1edbn, c\u0169ng kh\u00f4ng qu\u00e1 nh\u1ecf nh\u01b0 d\u00f2ng xay n\u1ea5u mini. OLIVO CB1000 c\u00f3 dung t\u00edch 1000ML v\u1eeba \u0111\u1ee7 d\u00f9ng cho 3 \u2013 5 ng\u01b0\u1eddi, ti\u1ec7n l\u1ee3i s\u1eed d\u1ee5ng h\u00e0ng ng\u00e0y.<\/li>\n<\/ul>\n<h3><strong>3. XAY N\u1ea4U T\u1ef0 \u0110\u1ed8NG\u00a0<\/strong><\/h3>\n<ul>\n<li>C\u00e1c ch\u01b0\u01a1ng tr\u00ecnh n\u1ea5u \u0111\u1ec1u \u0111\u01b0\u1ee3c c\u00e0i \u0111\u1eb7t s\u1eb5n tr\u00ean b\u1ea3ng \u0111i\u1ec1u khi\u1ec3n ti\u1ebfng vi\u1ec7t r\u1ea5t d\u1ec5 s\u1eed d\u1ee5ng kh\u00f4ng c\u1ea7n c\u00e0i \u0111\u1eb7t r\u01b0\u1eddm r\u00e0, kh\u00f4ng c\u1ea7n canh th\u1eddi gian n\u1ea5u. Ch\u1ec9 v\u00e0i thao t\u00e1c b\u1ea5m ch\u1ecdn l\u00e0 m\u00e1y s\u1ebd t\u1ef1 \u0111\u1ed9ng xay n\u1ea5u ho\u00e0n th\u00e0nh ch\u01b0\u01a1ng tr\u00ecnh nhanh ch\u00f3ng, ti\u1ec7n l\u1ee3i.<\/li>\n<\/ul>\n<h3><strong>4. CH\u1ed0NG TR\u00c0O TUY\u1ec6T \u0110\u1ed0I<\/strong><\/h3>\n<ul>\n<li>Khi n\u1ea5u s\u1eefa h\u1ea1t, m\u1ed9t v\u1ea5n \u0111\u1ec1 m\u00e0 ch\u1ecb em th\u01b0\u1eddng g\u1eb7p ph\u1ea3i l\u00e0 s\u1eefa b\u1ecb tr\u00e0o ra b\u1ebfp. \u0110i\u1ec1u n\u00e0y v\u1eeba nguy hi\u1ec3m, v\u1eeba l\u00e3ng ph\u00ed nguy\u00ean li\u1ec7u v\u00e0 kh\u00f4ng \u0111\u1ea3m b\u1ea3o \u0111\u01b0\u1ee3c ch\u1ea5t l\u01b0\u1ee3ng s\u1eefa. V\u00ec v\u1eady, khi ch\u1ecdn mua m\u00e1y n\u1ea5u s\u1eefa h\u1ea1t, ch\u1ecb em c\u1ea7n l\u01b0u t\u00e2m \u0111\u1ebfn v\u1ea5n \u0111\u1ec1 n\u00e0y.<\/li>\n<li>Th\u1ea5u hi\u1ec3u \u0111\u01b0\u1ee3c \u0111i\u1ec1u \u0111\u00f3 OLIVO lu\u00f4n \u0111\u1eb7t ti\u00eau ch\u00ed an to\u00e0n v\u00e0 ch\u1ea5t l\u01b0\u1ee3ng l\u00ean h\u00e0ng \u0111\u1ea7u v\u1eady n\u00ean kh\u00f4ng ch\u1ec9 v\u1edbi OLIVO CB1000 m\u00e0 t\u1ea5t c\u1ea3 c\u00e1c d\u00f2ng s\u1ea3n ph\u1ea9m m\u00e1y xay n\u1ea5u \u0111a n\u0103ng, m\u00e1y l\u00e0m s\u1eefa h\u1ea1t c\u1ee7a OLIVO \u0111\u1ec1u \u0111\u01b0\u1ee3c trang b\u1ecb t\u00ednh n\u0103ng ch\u1ed1ng tr\u00e0o tuy\u1ec7t \u0111\u1ed1i.<\/li>\n<li>\u0110\u1ed1i v\u1edbi s\u1ea3n ph\u1ea9m OLIVO CB1000, m\u00e1y \u0111\u01b0\u1ee3c trang b\u1ecb c\u00f4ng ngh\u1ec7 c\u1ea3m bi\u1ebfn nhi\u1ec7t th\u00f4ng minh NTC gi\u00fap ki\u1ec3m so\u00e1t nhi\u1ec7t \u0111\u1ed9 b\u00ean trong m\u00e1y tr\u00e1nh tr\u00e0n b\u00ecnh, kh\u00ea c\u1ed1i r\u1ea5t hi\u1ec7u qu\u1ea3.<\/li>\n<\/ul>\n<h3><strong>5. C\u00c1CH S\u1eec D\u1ee4NG M\u00c1Y \u0110\u01a0N GI\u1ea2N\u00a0<\/strong><\/h3>\n<ul>\n<li>Kh\u00f4ng c\u1ea7u k\u1ef3 nh\u01b0 c\u00e1ch n\u1ea5u s\u1eefa truy\u1ec1n th\u1ed1ng, kh\u00f4ng c\u1ea7n s\u1eed d\u1ee5ng nhi\u1ec1u d\u1ee5ng c\u1ee5 l\u1ec9nh k\u1ec9nh v\u1edbi OLIVO CB1000 m\u1ecdi c\u00f4ng \u0111o\u1ea1n n\u1ea5u ra m\u1ed9t m\u1ebb s\u1eefa th\u01a1m ngon s\u00e1nh m\u1ecbn ch\u1ec9 g\u00f3i g\u1ecdn trong 3 b\u01b0\u1edbc \u0111\u01a1n gi\u1ea3n nh\u01b0 sau:<\/li>\n<li>B\u01b0\u1edbc 1: Chu\u1ea9n b\u1ecb nguy\u00ean li\u1ec7u m\u00e0 b\u1ea1n y\u00eau th\u00edch.<\/li>\n<li>B\u01b0\u1edbc 2: Cho nguy\u00ean li\u1ec7u v\u00e0o c\u1ed1i v\u00e0 \u0111\u1ed5 n\u01b0\u1edbc \u0111\u00fang \u0111\u1ecbnh m\u1ee9c. Sau \u0111\u00f3 ch\u1ecdn ch\u01b0\u01a1ng tr\u00ecnh n\u1ea5u ph\u00f9 h\u1ee3p v\u1edbi nguy\u00ean li\u1ec7u.<\/li>\n<li>B\u01b0\u1edbc 3: Ch\u1edd m\u00e1y ho\u00e0n th\u00e0nh ch\u01b0\u01a1ng tr\u00ecnh v\u00e0 th\u01b0\u1edfng th\u1ee9c th\u00e0nh ph\u1ea9m.<\/li>\n<li>Kh\u00f4ng c\u1ea7n canh th\u1eddi gian, kh\u00f4ng lo tr\u00e0o s\u1eefa, kh\u00f4ng c\u1ea7n r\u00e2y l\u1ecdc\u2026 th\u1eadt tuy\u1ec7t v\u1eddi \u0111\u00fang kh\u00f4ng n\u00e0o.<\/li>\n<\/ul>\n<h3><strong>6. L\u01af\u1ee0I DAO 10 C\u00c1NH\u00a0<\/strong><\/h3>\n<ul>\n<li>S\u1ea3n ph\u1ea9m \u0111\u01b0\u1ee3c trang b\u1ecb l\u01b0\u1ee1i dao l\u00ean t\u1edbi 10 c\u00e1nh v\u1edbi c\u00e1c k\u00edch th\u01b0\u1edbc ng\u1eafn \u2013 d\u00e0i \u2013 to \u2013 nh\u1ecf kh\u00e1c nhau, gi\u00fap l\u01b0\u1ee1i dao c\u00f3 th\u1ec3 ti\u1ebfp x\u00fac v\u1edbi th\u1ef1c ph\u1ea9m t\u1ed1t h\u01a1n \u1edf nhi\u1ec1u g\u00f3c \u0111\u1ed9. D\u1ec5 d\u00e0ng c\u1eaft g\u1ecdn, xay nhuy\u1ec5n m\u1ecdi lo\u1ea1i nguy\u00ean li\u1ec7u.<\/li>\n<\/ul>\n<h3><strong>7. \u0110\u1ed8NG C\u01a0 M\u1ea0NH M\u1ebc\u00a0<\/strong><\/h3>\n<ul>\n<li>\u0110\u1ed9ng c\u01a1 c\u00f4ng su\u1ea5t 880W, t\u1ed1c \u0111\u1ed9 xay 24.000 v\u00f2ng\/ph\u00fat k\u1ebft h\u1ee3p c\u00f9ng l\u01b0\u1ee1i dao s\u1eafc b\u00e9n gi\u00fap xay nhanh h\u01a1n, nhuy\u1ec5n m\u1ecbn h\u01a1n.<\/li>\n<\/ul>\n<h3><strong>8. HO\u1ea0T \u0110\u1ed8NG \u00caM \u00c1I\u00a0<\/strong><\/h3>\n<ul>\n<li>H\u00e0ng ng\u00e0y khi ra ngo\u00e0i l\u00e0m vi\u1ec7c ch\u00fang ta \u0111\u00e3 ph\u1ea3i ti\u1ebfp x\u00fac v\u1edbi r\u1ea5t nhi\u1ec1u nh\u1eefng ti\u1ebfng \u1ed3n kh\u00f3 ch\u1ecbu t\u1eeb xe c\u1ed9, m\u00e1y m\u00f3c c\u00f4ng nghi\u1ec7p\u2026 khi tr\u1edf v\u1ec1 nh\u00e0 m\u1ed9t kh\u00f4ng gian y\u00ean t\u0129nh th\u1eadt s\u1ef1 r\u1ea5t quan tr\u1ecdng.<\/li>\n<li>T\u1ea1i ph\u00f2ng th\u00ed nghi\u1ec7m c\u1ee7a OLIVO ch\u00fang t\u00f4i \u0111o \u0111\u01b0\u1ee3c \u0111\u1ed9 \u1ed3n c\u1ee7a m\u00e1y khi ho\u1ea1t \u0111\u1ed9ng l\u00e0 68dB l\u00e0 m\u1ee9c \u0111\u1ed9 \u1ed3n t\u01b0\u01a1ng \u0111\u1ed1i th\u1ea5p, kh\u00f4ng g\u00e2y \u1ea3nh h\u01b0\u1edfng \u0111\u1ebfn c\u00f4ng vi\u1ec7c v\u00e0 m\u1ecdi ng\u01b0\u1eddi xung quanh. B\u1ea1n c\u00f3 th\u1ec3 ho\u00e0n to\u00e0n y\u00ean t\u00e2m s\u1eed d\u1ee5ng v\u00e0 tr\u1ea3i nghi\u1ec7m v\u1edbi s\u1ea3n ph\u1ea9m.<\/li>\n<\/ul>\n<h3><strong>9. V\u1eacT LI\u1ec6U CAO C\u1ea4P\u00a0<\/strong><\/h3>\n<ul>\n<li>OLIVO l\u00e0 \u0111\u01a1n v\u1ecb cung c\u1ea5p c\u00e1c thi\u1ebft b\u1ecb gia d\u1ee5ng nh\u00e0 b\u1ebfp th\u00f4ng minh, uy t\u00edn th\u01b0\u01a1ng hi\u1ec7u M\u1ef9. Y\u1ebfu t\u1ed1 \u201can to\u00e0n\u201d lu\u00f4n \u0111\u01b0\u1ee3c ch\u00fang t\u00f4i \u0111\u1eb7t l\u00ean h\u00e0ng \u0111\u1ea7u trong t\u1ea5t c\u1ea3 c\u00e1c s\u1ea3n ph\u1ea9m.<\/li>\n<li>L\u00f2ng c\u1ed1i, l\u01b0\u1ee1i dao c\u1ee7a OLIVO \u0111\u01b0\u1ee3c l\u00e0m t\u1eeb INOX 304 s\u00e1ng b\u00f3ng, v\u1eadt li\u1ec7u d\u00f9ng trong y t\u1ebf v\u00e0 \u0111\u01b0\u1ee3c c\u1ea5p gi\u1ea5y ch\u1ee9ng nh\u1eadn an to\u00e0n khi d\u00f9ng ti\u1ebfp x\u00fac v\u1edbi th\u1ef1c ph\u1ea9m \u1edf nhi\u1ec7t \u0111\u1ed9 cao. Ch\u1ea5t li\u1ec7u n\u00e0y c\u0169ng b\u1ec1n \u0111\u1eb9p theo th\u1eddi gian v\u00e0 r\u1ea5t d\u1ec5 d\u00e0ng v\u1ec7 sinh.<\/li>\n<li>V\u1ecf m\u00e1y \u0111\u01b0\u1ee3c l\u00e0m t\u1eeb v\u1eadt li\u1ec7u nh\u1ef1a ABS kh\u00f4ng m\u00e0u, kh\u00f4ng m\u00f9i, kh\u00f4ng ch\u1ee9a BPA,\u00a0 c\u00e1ch nhi\u1ec7t t\u1ed1t \u0111\u1ea3m b\u1ea3o t\u00ednh \u201can to\u00e0n\u201d trong khi m\u00e1y ho\u1ea1t \u0111\u1ed9ng.<\/li>\n<\/ul>\n<h3><strong>10. V\u1ec6 SINH D\u1ec4 D\u00c0NG\u00a0<\/strong><\/h3>\n<ul>\n<li>\u0110am m\u00ea l\u00e0 v\u1eady nh\u01b0ng m\u00e0 n\u1ebfu m\u00e1y m\u00f3c n\u00e0o l\u00e0 c\u1ed3ng k\u1ec1nh, th\u00e1o l\u1eafp l\u1ec9nh k\u1ec9nh v\u1ec7 sinh kh\u00f3 th\u00ec ch\u1ecb em c\u0169ng r\u1ea5t \u201cng\u1ea1i\u201d d\u00f9ng th\u01b0\u1eddng xuy\u00ean \u0111\u00fang kh\u00f4ng n\u00e0o.<\/li>\n<li>Ch\u1ecb em y\u00ean t\u00e2m OLIVO CB1000 thi\u1ebft k\u1ebf t\u1ed1i gi\u1ea3n, th\u00f4ng minh n\u1ea5u n\u01b0\u1edbng d\u1ec5 d\u00e0ng v\u00e0 v\u1ec7 sinh c\u0169ng v\u00f4 c\u00f9ng \u0111\u01a1n gi\u1ea3n. \u0110\u1eb7c bi\u1ec7t m\u00e1y c\u00f3 t\u00edch h\u1ee3p ch\u1ee9c n\u0103ng L\u00e0m S\u1ea1ch ngay tr\u00ean b\u1ea3ng \u0111i\u1ec1u khi\u1ec3n. Sau khi s\u1eed d\u1ee5ng xong ch\u1ecb em ch\u1ec9 c\u1ea7n cho n\u01b0\u1edbc s\u1ea1ch v\u00e0o c\u1ed1i theo \u0111\u00fang \u0111\u1ecbnh m\u1ee9c, ch\u1ecdn ch\u1ebf \u0111\u1ed9 L\u00e0m S\u1ea1ch. Ch\u1ebf \u0111\u1ed9 n\u00e0y s\u1ebd h\u1ed7 tr\u1ee3 l\u00e0m s\u1ea1ch l\u00f2ng c\u1ed1i v\u00e0 l\u01b0\u1ee1i dao hi\u1ec7u qu\u1ea3 gi\u00fap c\u00f4ng vi\u1ec7c v\u1ec7 sinh m\u00e1y nhanh g\u1ecdn, d\u1ec5 d\u00e0ng h\u01a1n bao gi\u1edd h\u1ebft.<\/li>\n<\/ul>\n<h3><strong>11. THI\u1ebeT K\u1ebe TH\u00d4NG MINH, TINH T\u1ebe\u00a0<\/strong><\/h3>\n<ul>\n<li>C\u00e1c s\u1ea3n ph\u1ea9m c\u1ee7a OLIVO \u0111\u01b0\u1ee3c ho\u00e0n thi\u1ec7n t\u1ec9 m\u1ec9 trong t\u1eebng chi ti\u1ebft, t\u1eeb thi\u1ebft k\u1ebf \u0111\u1ebfn ch\u1ea5t li\u1ec7u, \u0111\u1ea3m b\u1ea3o mang \u0111\u1ebfn cho kh\u00e1ch h\u00e0ng nh\u1eefng s\u1ea3n ph\u1ea9m t\u1ed1t nh\u1ea5t.<\/li>\n<li>\u0110\u1ed1i v\u1edbi s\u1ea3n ph\u1ea9m OLIVO CB1000 ph\u1ea7n quai c\u1ea7m thi\u1ebft k\u1ebf ch\u1eafc ch\u1eafn, th\u00e2n thi\u1ec7n v\u1edbi ng\u01b0\u1eddi d\u00f9ng.<\/li>\n<li>Thi\u1ebft k\u1ebf n\u1eafp k\u00ednh k\u1ebft h\u1ee3p INOX Duy Nh\u1ea5t Tr\u00ean Th\u1ecb Tr\u01b0\u1eddng gi\u00fap b\u1ea1n\u00a0quan s\u00e1t \u0111\u01b0\u1ee3c th\u00e0nh ph\u1ea9m v\u00e0 qu\u00e1 tr\u00ecnh m\u00e1y n\u1ea5u.<\/li>\n<li>Khe t\u1ea3n nhi\u1ec7t l\u1edbn gi\u00fap l\u00e0m m\u00e1t \u0111\u1ed9ng c\u01a1 hi\u1ec7u qu\u1ea3, gi\u00fap m\u00e1y ho\u1ea1t \u0111\u1ed9ng b\u1ec1n b\u1ec9. Ngo\u00e0i ra, m\u00e1y c\u00f2n \u0111\u01b0\u1ee3c trang b\u1ecb ch\u00e2n \u0111\u1ebf cao su gi\u00fap m\u00e1y b\u00e1m ch\u1eafc v\u00e0o m\u1eb7t b\u00e0n, tr\u00e1nh rung l\u1eafc trong qu\u00e1 tr\u00ecnh ho\u1ea1t \u0111\u1ed9ng.<\/li>\n<\/ul>\n<h3><strong>12. TH\u00d9NG H\u1ed8P CH\u1eaeC CH\u1eaeN\u00a0<\/strong><\/h3>\n<ul>\n<li>Th\u00f9ng h\u1ed9p mang \u0111\u1eadm phong c\u00e1ch OLIVO lu\u00f4n ch\u1eafc ch\u1eafn v\u00e0 \u1ea5n t\u01b0\u1ee3ng \u0111\u1ea3m b\u1ea3o an to\u00e0n kh\u00f4ng b\u1ecb m\u00f3p m\u00e9o trong qu\u00e1 tr\u00ecnh v\u1eadn chuy\u1ec3n.<\/li>\n<li>Th\u00f4ng s\u1ed1 k\u1ef9 thu\u1eadt c\u01a1 b\u1ea3n c\u1ee7a m\u00e1y c\u0169ng nh\u01b0 h\u00ecnh \u1ea3nh s\u1ea3n ph\u1ea9m th\u1ef1c t\u1ebf c\u0169ng \u0111\u01b0\u1ee3c th\u1ec3 hi\u1ec7n r\u00f5 r\u00e0ng, sinh \u0111\u1ed9ng ngay tr\u00ean v\u1ecf h\u1ed9p. Ch\u1ec9 c\u1ea7n \u0111\u1ecdc c\u00e1c th\u00f4ng s\u1ed1 tr\u00ean th\u00f9ng h\u1ed9p l\u00e0 b\u1ea1n n\u1eafm \u0111\u01b0\u1ee3c c\u00f4ng n\u0103ng v\u00e0 \u01b0u \u0111i\u1ec3m n\u1ed5i tr\u1ed9i c\u1ee7a s\u1ea3n ph\u1ea9m.<\/li>\n<\/ul>\n","protected":false},"excerpt":{"rendered":"<h1 class=\"product-title product_title entry-title\">Dung T\u00edch 1L, N\u1eafp INOX K\u1ebft H\u1ee3p K\u00ednh C\u01b0\u1eddng L\u1ef1c Duy Nh\u1ea5t Tr\u00ean Th\u1ecb Tr\u01b0\u1eddng, C\u00f4ng Su\u1ea5t 880W, 9 Ch\u1ebf \u0110\u1ed9, Ch\u1ed1ng Tr\u00e0o Tuy\u1ec7t \u0110\u1ed1i<\/h1>\n","protected":false},"featured_media":4447,"comment_status":"open","ping_status":"closed","template":"","meta":[],"product_brand":[],"product_cat":[61,69],"product_tag":[],"class_list":{"0":"post-4446","1":"product","2":"type-product","3":"status-publish","4":"has-post-thumbnail","6":"product_cat-hang-gia-dung","7":"product_cat-may-lam-sua-hat","9":"first","10":"instock","11":"shipping-taxable","12":"product-type-simple"},"_links":{"self":[{"href":"https:\/\/nhadepbepxinh.com.vn\/index.php?rest_route=\/wp\/v2\/product\/4446","targetHints":{"allow":["GET"]}}],"collection":[{"href":"https:\/\/nhadepbepxinh.com.vn\/index.php?rest_route=\/wp\/v2\/product"}],"about":[{"href":"https:\/\/nhadepbepxinh.com.vn\/index.php?rest_route=\/wp\/v2\/types\/product"}],"replies":[{"embeddable":true,"href":"https:\/\/nhadepbepxinh.com.vn\/index.php?rest_route=%2Fwp%2Fv2%2Fcomments&post=4446"}],"wp:featuredmedia":[{"embeddable":true,"href":"https:\/\/nhadepbepxinh.com.vn\/index.php?rest_route=\/wp\/v2\/media\/4447"}],"wp:attachment":[{"href":"https:\/\/nhadepbepxinh.com.vn\/index.php?rest_route=%2Fwp%2Fv2%2Fmedia&parent=4446"}],"wp:term":[{"taxonomy":"product_brand","embeddable":true,"href":"https:\/\/nhadepbepxinh.com.vn\/index.php?rest_route=%2Fwp%2Fv2%2Fproduct_brand&post=4446"},{"taxonomy":"product_cat","embeddable":true,"href":"https:\/\/nhadepbepxinh.com.vn\/index.php?rest_route=%2Fwp%2Fv2%2Fproduct_cat&post=4446"},{"taxonomy":"product_tag","embeddable":true,"href":"https:\/\/nhadepbepxinh.com.vn\/index.php?rest_route=%2Fwp%2Fv2%2Fproduct_tag&post=4446"}],"curies":[{"name":"wp","href":"https:\/\/api.w.org\/{rel}","templated":true}]}}