{"id":4393,"date":"2025-04-09T14:35:34","date_gmt":"2025-04-09T07:35:34","guid":{"rendered":"https:\/\/nhadepbepxinh.com.vn\/?post_type=product&#038;p=4393"},"modified":"2025-04-09T14:35:34","modified_gmt":"2025-04-09T07:35:34","slug":"may-xay-sinh-to-olivo-mb300","status":"publish","type":"product","link":"https:\/\/nhadepbepxinh.com.vn\/?product=may-xay-sinh-to-olivo-mb300","title":{"rendered":"MA\u0301Y XAY SINH T\u00d4\u0301 OLIVO MB300"},"content":{"rendered":"<h2><strong>NH\u1eeeNG \u01afU \u0110I\u1ec2M V\u01af\u1ee2T TR\u1ed8I C\u1ee6A M\u00c1Y XAY SINH T\u1ed0 MINI OLIVO MB300<\/strong><\/h2>\n<ul>\n<li>V\u1edbi b\u1ea1n, th\u1ebf n\u00e0o l\u00e0 m\u1ed9t h\u00e0nh tr\u00ecnh s\u1ed1ng kh\u1ecfe, tr\u1ecdn v\u1eb9n v\u00e0 \u00fd ngh\u0129a?<\/li>\n<li>V\u1edbi OLIVO, h\u00e0nh tr\u00ecnh \u1ea5y kh\u00f4ng th\u1ec3 thi\u1ebfu nh\u1eefng tr\u1ee3 th\u1ee7 c\u00f4ng ngh\u1ec7 ti\u1ec7n l\u1ee3i gi\u00fap b\u1ea1n th\u1ea3nh th\u01a1i, ch\u1eb3ng c\u00f2n lo vi\u1ec7c n\u1ed9i tr\u1ee3 ph\u1ee9c t\u1ea1p khi\u1ebfn b\u1ea1n kh\u00f4ng th\u1ec3 duy tr\u00ec th\u00f3i quen s\u1ed1ng kh\u1ecfe h\u00e0ng ng\u00e0y.<\/li>\n<li>Ch\u00ednh v\u00ec l\u1ebd \u0111\u00f3, OLIVO \u0111\u00e3 nghi\u00ean c\u1ee9u v\u00e0 ph\u00e1t tri\u1ec3n \u0111\u1ec3 cho ra \u0111\u1eddi c\u00e1c d\u00f2ng M\u00c1Y XAY SINH T\u1ed0 TH\u1ebe H\u1ec6 M\u1edaI, \u0111a d\u1ea1ng t\u00ednh n\u0103ng, ph\u00f9 h\u1ee3p v\u1edbi nhu c\u1ea7u c\u1ee7a m\u1ecdi nh\u00e0, t\u1eeb c\u00e1 nh\u00e2n \u0111\u1ebfn gia \u0111\u00ecnh \u0111\u00f4ng ng\u01b0\u1eddi. \u0110\u01b0\u1ee3c ph\u00e1t tri\u1ec3n d\u1ef1a tr\u00ean s\u1ef1 th\u1ea5u hi\u1ec3u nhu c\u1ea7u ng\u01b0\u1eddi Vi\u1ec7t, M\u00e1y Xay Sinh T\u1ed1 OLIVO MB300 kh\u00f4ng ch\u1ec9 ti\u1ec7n \u00edch m\u00e0 c\u00f2n h\u1ed7 tr\u1ee3 t\u1ed1i \u0111a vi\u1ec7c gi\u1eef ch\u1ea5t dinh d\u01b0\u1ee1ng trong c\u00e1c th\u1ee9c u\u1ed1ng, mang l\u1ea1i s\u1ee9c kh\u1ecfe v\u00e0 ni\u1ec1m vui cu\u1ed9c s\u1ed1ng m\u1ed7i ng\u00e0y.<\/li>\n<\/ul>\n<h3><strong>1.\u00a02 C\u1ed0C RI\u00caNG BI\u1ec6T<\/strong><\/h3>\n<ul>\n<li>B\u1ed9 s\u1ea3n ph\u1ea9m g\u1ed3m 2 c\u1ed1c dung t\u00edch 600ml, c\u00f3 th\u1ec3 s\u1eed d\u1ee5ng linh ho\u1ea1t cho nhi\u1ec1u m\u1ee5c \u0111\u00edch kh\u00e1c nhau nh\u01b0 u\u1ed1ng n\u01b0\u1edbc, sinh t\u1ed1,\u2026 M\u1ed9t c\u1ed1c c\u00f3 quai c\u1ea7m ti\u1ec7n l\u1ee3i \u0111\u1ec3 u\u1ed1ng li\u1ec1n khi \u0111ang di chuy\u1ec3n, t\u1eadp th\u1ec3 thao.<\/li>\n<\/ul>\n<h3><strong>2. XAY \u0110A N\u0102NG\u00a0<\/strong><\/h3>\n<ul>\n<li>OLIVO MB300 c\u00f3 th\u1ec3 xay nhuy\u1ec5n c\u00e1c lo\u1ea1i tr\u00e1i c\u00e2y, rau c\u1ee7, s\u1eefa, \u0111\u00e1,\u2026 \u0111\u1ec3 t\u1ea1o ra nh\u1eefng ly sinh t\u1ed1 th\u01a1m ngon, b\u1ed5 d\u01b0\u1ee1ng. M\u00e1y c\u00f2n c\u00f3 th\u1ec3 xay \u0111\u00e1 vi\u00ean th\u00e0nh \u0111\u00e1 b\u00e0o nhanh ch\u00f3ng, gi\u00fap b\u1ea1n c\u00f3 th\u1ec3 th\u01b0\u1edfng th\u1ee9c nh\u1eefng ly \u0111\u00e1 b\u00e0o m\u00e1t l\u1ea1nh trong nh\u1eefng ng\u00e0y h\u00e8 n\u00f3ng b\u1ee9c.<\/li>\n<\/ul>\n<h3><strong>3. DUNG T\u00cdCH 600ML\u00a0<\/strong><\/h3>\n<ul>\n<li>OLIVO MB300 l\u00e0 m\u1ed9t chi\u1ebfc m\u00e1y xay sinh t\u1ed1 mini v\u1edbi thi\u1ebft k\u1ebf nh\u1ecf g\u1ecdn, ti\u1ec7n l\u1ee3i. M\u00e1y c\u00f3 dung t\u00edch 600ml, \u0111\u1ee7 d\u00f9ng cho 1-3 ng\u01b0\u1eddi.<\/li>\n<\/ul>\n<h3><strong>4. S\u1eec D\u1ee4NG \u0110\u01a0N GI\u1ea2N\u00a0<\/strong><\/h3>\n<ul>\n<li>Ch\u1ebf \u0111\u1ed9 xay t\u1ef1 \u0111\u1ed9ng kh\u00f4ng c\u1ea7n n\u00fat b\u1ea5m, ch\u1ec9 c\u1ea7n v\u1eb7n c\u1ed1i \u0111\u00fang kh\u1edbp v\u1edbi th\u00e2n m\u00e1y l\u00e0 m\u00e1y t\u1ef1 \u0111\u1ed9ng xay.<\/li>\n<\/ul>\n<p>\u2013 B\u01b0\u1edbc 1: R\u1eeda s\u1ea1ch v\u00e0 c\u1eaft nh\u1ecf nguy\u00ean li\u1ec7u.<\/p>\n<p>\u2013 B\u01b0\u1edbc 2: B\u1ecf nguy\u00ean li\u1ec7u v\u00e0o c\u1ed1i xay, th\u00eam n\u01b0\u1edbc\/s\u1eefa \u0111\u00fang \u0111\u1ecbnh m\u1ee9c.<\/p>\n<p>\u2013 B\u01b0\u1edbc 3: V\u1eb7n c\u1ed1i \u0111\u00fang kh\u1edbp v\u1edbi th\u00e2n m\u00e1y cho m\u00e1y ho\u1ea1t \u0111\u1ed9ng.<\/p>\n<p>\u2013 B\u01b0\u1edbc 4: Th\u01b0\u1edfng th\u1ee9c th\u00e0nh ph\u1ea9m nhuy\u1ec5n m\u1ecbn, t\u01b0\u01a1i ngon nh\u1ea5t.<\/p>\n<h3><strong>5. L\u01af\u1ee0I DAO S\u1eaeC B\u00c9N\u00a0<\/strong><\/h3>\n<ul>\n<li>OLIVO MB300 \u0111\u01b0\u1ee3c trang b\u1ecb l\u01b0\u1ee1i dao 4 c\u00e1nh 2 t\u1ea7ng s\u1eafc b\u00e9n b\u1eb1ng th\u00e9p kh\u00f4ng g\u1ec9 c\u00f3 \u0111\u1ed9 b\u1ec1n cao. L\u01b0\u1ee1i dao \u0111\u01b0\u1ee3c thi\u1ebft k\u1ebf v\u1edbi 4 c\u00e1nh, gi\u00fap ti\u1ebfp x\u00fac v\u1edbi nguy\u00ean li\u1ec7u \u1edf m\u1ecdi g\u00f3c \u0111\u1ed9, mang l\u1ea1i hi\u1ec7u qu\u1ea3 xay t\u1ed1t h\u01a1n. Ngo\u00e0i ra, l\u01b0\u1ee1i dao \u0111\u01b0\u1ee3c l\u00e0m b\u1eb1ng th\u00e9p kh\u00f4ng g\u1ec9 c\u00f3 \u0111\u1ed9 b\u1ec1n cao, gi\u00fap m\u00e1y c\u00f3 th\u1ec3 xay \u0111\u01b0\u1ee3c nhi\u1ec1u lo\u1ea1i th\u1ef1c ph\u1ea9m kh\u00e1c nhau m\u00e0 kh\u00f4ng b\u1ecb h\u01b0 h\u1ecfng.<\/li>\n<\/ul>\n<h3><strong>6. C\u00d4NG SU\u1ea4T 300W\u00a0<\/strong><\/h3>\n<ul>\n<li>L\u01b0\u1ee1i dao s\u1eafc b\u00e9n k\u1ebft h\u1ee3p v\u1edbi t\u1ed1c \u0111\u1ed9 xay m\u1ea1nh m\u1ebd 24.000 v\u00f2ng\/ph\u00fat \u0111\u1ea3m b\u1ea3o xay nhuy\u1ec5n m\u1ecbn, nhanh ch\u00f3ng m\u1ecdi lo\u1ea1i nguy\u00ean li\u1ec7u.<\/li>\n<\/ul>\n<h3><strong>7. HO\u1ea0T \u0110\u1ed8NG \u00caM \u00c1I\u00a0<\/strong><\/h3>\n<ul>\n<li>T\u1ea1i ph\u00f2ng th\u1ef1c nghi\u1ec7m c\u1ee7a OLIVO \u0111o \u0111\u01b0\u1ee3c \u0111\u1ed9 \u1ed3n c\u1ee7a OLIVO MB300 ch\u1ec9 \u1edf m\u1ee9c 60dB. \u0110\u00e2y l\u00e0 c\u1ea5p \u0111\u1ed9 ch\u1ea5p nh\u1eadn \u0111\u01b0\u1ee3c v\u00e0 kh\u00f4ng l\u00e0m \u1ea3nh h\u01b0\u1edfng m\u1ecdi ng\u01b0\u1eddi xung quanh. \u0110\u1ea3m b\u1ea3o mang l\u1ea1i cho kh\u00e1ch h\u00e0ng tr\u1ea3i nghi\u1ec7m tuy\u1ec7t v\u1eddi nh\u1ea5t khi s\u1eed d\u1ee5ng s\u1ea3n ph\u1ea9m.<\/li>\n<\/ul>\n<h3><strong>8. V\u1eacT LI\u1ec6U CAO C\u1ea4P\u00a0<\/strong><\/h3>\n<ul>\n<li>C\u00e1c d\u1ee5ng c\u1ee5 nh\u00e0 b\u1ebfp ti\u1ebfp x\u00fac tr\u1ef1c ti\u1ebfp v\u1edbi th\u1ef1c ph\u1ea9m v\u00e0 s\u1ebd \u1ea3nh h\u01b0\u1edfng tr\u1ef1c ti\u1ebfp \u0111\u1ebfn s\u1ee9c kh\u1ecfe ng\u01b0\u1eddi d\u00f9ng. V\u1eady n\u00ean ch\u1ea5t li\u1ec7u an to\u00e0n lu\u00f4n l\u00e0 ti\u00eau ch\u00ed \u0111\u01b0\u1ee3c OLIVO \u0111\u1eb7t l\u00ean h\u00e0ng \u0111\u1ea7u.<\/li>\n<li>OLIVO MB300 \u0111\u01b0\u1ee3c l\u00e0m b\u1eb1ng nh\u1ef1a Tritan cao c\u1ea5p, \u0111\u00e2y l\u00e0 lo\u1ea1i nh\u1ef1a kh\u00f4ng m\u00e0u, kh\u00f4ng m\u00f9i, kh\u00f4ng ch\u1ee9a BPA v\u00e0 c\u00e1c ch\u1ea5t \u0111\u1ed9c h\u1ea1i kh\u00e1c, \u0111\u1ea3m b\u1ea3o an to\u00e0n cho s\u1ee9c kh\u1ecfe ng\u01b0\u1eddi d\u00f9ng. Ngo\u00e0i ra, c\u1ed1i trong su\u1ed1t, gi\u00fap b\u1ea1n d\u1ec5 d\u00e0ng quan s\u00e1t \u0111\u01b0\u1ee3c th\u00e0nh ph\u1ea9m b\u00ean trong khi m\u00e1y \u0111ang ho\u1ea1t \u0111\u1ed9ng.<\/li>\n<\/ul>\n<h3><strong>9. V\u1ec6 SINH D\u1ec4 D\u00c0NG\u00a0<\/strong><\/h3>\n<ul>\n<li>C\u00e1c chi ti\u1ebft c\u1ee7a m\u00e1y \u0111\u01b0\u1ee3c thi\u1ebft k\u1ebf \u0111\u1ec3 th\u00e1o r\u1eddi d\u1ec5 d\u00e0ng, gi\u00fap b\u1ea1n c\u00f3 th\u1ec3 l\u00e0m s\u1ea1ch t\u1eebng chi ti\u1ebft m\u1ed9t c\u00e1ch nhanh ch\u00f3ng.<\/li>\n<\/ul>\n<h3><strong>10. THI\u1ebeT K\u1ebe TH\u00d4NG MINH\u00a0<\/strong><\/h3>\n<ul>\n<li>OLIVO th\u1ec3 hi\u1ec7n s\u1ef1 tinh t\u1ebf v\u00e0 quan t\u00e2m t\u1edbi kh\u00e1ch h\u00e0ng t\u1eeb nh\u1eefng chi ti\u1ebft nh\u1ecf c\u1ee7a s\u1ea3n ph\u1ea9m nh\u01b0:<\/li>\n<li><span data-sanitized-data-mce-fragment=\"1\">M\u00e1y \u0111\u01b0\u1ee3c trang b\u1ecb vi\u1ec1n INOX cao c\u1ea5p, mang \u0111\u1ebfn v\u1ebb \u0111\u1eb9p sang tr\u1ecdng v\u00e0 tinh t\u1ebf<\/span>.\u00a0<span data-sanitized-data-mce-fragment=\"1\">\u0110\u1ebf m\u00e1y cao gi\u00fap t\u0103ng c\u01b0\u1eddng kh\u1ea3 n\u0103ng t\u1ea3n nhi\u1ec7t, gi\u00fap \u0111\u1ed9ng c\u01a1 ho\u1ea1t \u0111\u1ed9ng hi\u1ec7u qu\u1ea3 v\u00e0 b\u1ec1n b\u1ec9 h\u01a1n.<\/span><\/li>\n<li>Th\u00e2n m\u00e1y \u0111\u01b0\u1ee3c s\u01a1n t\u0129nh \u0111i\u1ec7n cao c\u1ea5p v\u1eeba b\u1ec1n \u0111\u1eb9p v\u1eeba d\u1ec5 d\u00e0ng v\u1ec7 sinh.<\/li>\n<li><span data-sanitized-data-mce-fragment=\"1\">N\u1eafp b\u00ecnh th\u00f4ng minh c\u00f3 th\u1ec3 m\u1edf n\u1eafp b\u1eb1ng m\u1ed9t tay r\u1ea5t ti\u1ec7n l\u1ee3i khi b\u1ea1n ch\u01a1i th\u1ec3 thao. B\u1ea1n kh\u00f4ng c\u1ea7n ph\u1ea3i d\u1eebng l\u1ea1i \u0111\u1ec3 m\u1edf n\u1eafp b\u00ecnh, ch\u1ec9 c\u1ea7n d\u00f9ng m\u1ed9t tay nh\u1ea5n v\u00e0o n\u00fat m\u1edf n\u1eafp v\u00e0 b\u1ea1n c\u00f3 th\u1ec3 u\u1ed1ng n\u01b0\u1edbc ngay l\u1eadp t\u1ee9c. \u0110i\u1ec1u n\u00e0y gi\u00fap b\u1ea1n t\u1eadp trung v\u00e0o vi\u1ec7c ch\u01a1i th\u1ec3 thao m\u00e0 kh\u00f4ng b\u1ecb gi\u00e1n \u0111o\u1ea1n.<\/span><\/li>\n<\/ul>\n<h3><strong>11. PH\u1ee4 KI\u1ec6N \u0110I K\u00c8M \u0110A D\u1ea0NG<\/strong><\/h3>\n<ul>\n<li>B\u1ed9 s\u1ea3n ph\u1ea9m bao g\u1ed3m: th\u00e2n m\u00e1y, 2 c\u1ed1c xay, 1 n\u1eafp xay c\u00f3 l\u01b0\u1ee1i dao, 1 n\u1eafp b\u00ecnh b\u1ea3o qu\u1ea3n, 1 n\u1eafp c\u00f3 khe c\u1eafm \u1ed1ng h\u00fat.<\/li>\n<\/ul>\n<h3><strong>12. TH\u00d9NG H\u1ed8P CH\u1eaeC CH\u1eaeN\u00a0<\/strong><\/h3>\n<ul>\n<li>Th\u00f9ng h\u1ed9p th\u1ec3 hi\u1ec7n t\u00ednh c\u00e1ch c\u1ee7a OLIVO lu\u00f4n ch\u1eafc ch\u1eafn v\u00e0 \u1ea5n t\u01b0\u1ee3ng \u0111\u1ea3m b\u1ea3o an to\u00e0n v\u00e0 kh\u00f4ng b\u1ecb m\u00f3p m\u00e9o trong qu\u00e1 tr\u00ecnh v\u1eadn chuy\u1ec3n.<\/li>\n<\/ul>\n","protected":false},"excerpt":{"rendered":"<h1 class=\"product-title product_title entry-title\">2 C\u1ed1c Linh Ho\u1ea1t \u2013 Xay \u0110\u00e1 B\u00e0o, Sinh T\u1ed1, Smoothie \u2013 Dung T\u00edch 600ML<\/h1>\n","protected":false},"featured_media":4394,"comment_status":"open","ping_status":"closed","template":"","meta":[],"product_brand":[],"product_cat":[61,71],"product_tag":[],"class_list":{"0":"post-4393","1":"product","2":"type-product","3":"status-publish","4":"has-post-thumbnail","6":"product_cat-hang-gia-dung","7":"product_cat-may-xay-sinh-to","9":"first","10":"instock","11":"shipping-taxable","12":"product-type-simple"},"_links":{"self":[{"href":"https:\/\/nhadepbepxinh.com.vn\/index.php?rest_route=\/wp\/v2\/product\/4393","targetHints":{"allow":["GET"]}}],"collection":[{"href":"https:\/\/nhadepbepxinh.com.vn\/index.php?rest_route=\/wp\/v2\/product"}],"about":[{"href":"https:\/\/nhadepbepxinh.com.vn\/index.php?rest_route=\/wp\/v2\/types\/product"}],"replies":[{"embeddable":true,"href":"https:\/\/nhadepbepxinh.com.vn\/index.php?rest_route=%2Fwp%2Fv2%2Fcomments&post=4393"}],"wp:featuredmedia":[{"embeddable":true,"href":"https:\/\/nhadepbepxinh.com.vn\/index.php?rest_route=\/wp\/v2\/media\/4394"}],"wp:attachment":[{"href":"https:\/\/nhadepbepxinh.com.vn\/index.php?rest_route=%2Fwp%2Fv2%2Fmedia&parent=4393"}],"wp:term":[{"taxonomy":"product_brand","embeddable":true,"href":"https:\/\/nhadepbepxinh.com.vn\/index.php?rest_route=%2Fwp%2Fv2%2Fproduct_brand&post=4393"},{"taxonomy":"product_cat","embeddable":true,"href":"https:\/\/nhadepbepxinh.com.vn\/index.php?rest_route=%2Fwp%2Fv2%2Fproduct_cat&post=4393"},{"taxonomy":"product_tag","embeddable":true,"href":"https:\/\/nhadepbepxinh.com.vn\/index.php?rest_route=%2Fwp%2Fv2%2Fproduct_tag&post=4393"}],"curies":[{"name":"wp","href":"https:\/\/api.w.org\/{rel}","templated":true}]}}