{"id":4390,"date":"2025-04-09T14:29:25","date_gmt":"2025-04-09T07:29:25","guid":{"rendered":"https:\/\/nhadepbepxinh.com.vn\/?post_type=product&#038;p=4390"},"modified":"2025-04-09T14:29:25","modified_gmt":"2025-04-09T07:29:25","slug":"binh-nong-lanh-ferroli-verdi-ae","status":"publish","type":"product","link":"https:\/\/nhadepbepxinh.com.vn\/?product=binh-nong-lanh-ferroli-verdi-ae","title":{"rendered":"BI\u0300NH NO\u0301NG LA\u0323NH FERROLI VERDI AE"},"content":{"rendered":"<div class=\"tinh_nang\">\n<div class=\"info_tinhnang\">\n<h3 class=\"title_tn\"><strong>ELCB (ch\u1ed1ng gi\u1eadt)<\/strong><\/h3>\n<p>B\u1ed9 ch\u1ed1ng r\u00f2 \u0111i\u1ec7n (ELCB) l\u00e0 thi\u1ebft b\u1ecb an to\u00e0n s\u1ebd ng\u1eaft k\u1ebft n\u1ed1i gi\u1eefa thi\u1ebft b\u1ecb v\u1edbi m\u1ea1ch \u0111i\u1ec7n b\u1ea5t c\u1ee9 khi n\u00e0o xu\u1ea5t hi\u1ec7n r\u00f2 \u0111i\u1ec7n th\u00f4ng qua c\u01a1 th\u1ec3 con ng\u01b0\u1eddi khi ch\u1ea1m ph\u1ea3i c\u00e1c ph\u1ea7n m\u1ea1ng \u0111i\u1ec7n c\u1ee7a thi\u1ebft b\u1ecb.<\/p>\n<\/div>\n<\/div>\n<div class=\"tinh_nang\">\n<p><img decoding=\"async\" class=\"img_tinhnang\" src=\"https:\/\/ferroli.com.vn\/wp-content\/uploads\/2015\/11\/lop-cach-nhiet-ko-chua-cfc.png\" alt=\"\" \/><\/p>\n<div class=\"info_tinhnang\">\n<h3 class=\"title_tn\"><strong>L\u1edbp c\u00e1ch nhi\u1ec7t kh\u00f4ng ch\u1ee9a CFC<\/strong><\/h3>\n<p>\u0110\u01b0\u1ee3c c\u1ea5u t\u1ea1o b\u1eb1ng l\u1edbp b\u1ecdt t\u1ed5ng h\u1ee3p Polyurethane \u0111\u1eadm \u0111\u1eb7c kh\u00f4ng c\u00f3 CFC, l\u1edbp c\u00e1ch nhi\u1ec7t \u0111\u1ea3m b\u1ea3o gi\u1ea3m \u0111\u01b0\u1ee3c s\u1ef1 th\u1ea5t tho\u00e1t nhi\u1ec7t v\u00e0 t\u1ed5n th\u1ea5t n\u0103ng l\u01b0\u1ee3ng<\/p>\n<\/div>\n<\/div>\n<div class=\"tinh_nang\">\n<p><img class=\"img_tinhnang\" alt=\"\" \/><\/p>\n<div class=\"info_tinhnang\">\n<h3 class=\"title_tn\"><strong>L\u1ef1a ch\u1ecdn c\u00f4ng su\u1ea5t<\/strong><\/h3>\n<p>T\u00f9y theo \u0111i\u1ec1u ki\u1ec7n th\u1eddi ti\u1ebft, kh\u00ed h\u1eadu theo m\u00f9a m\u00e0 ng\u01b0\u1eddi s\u1eed d\u1ee5ng c\u00f3 th\u1ec3 l\u1ef1a ch\u1ecdn m\u1ee9c c\u00f4ng su\u1ea5t ph\u00f9 h\u1ee3p t\u1eeb 1000W-1500W-2500W, \u0111\u1ea3m b\u1ea3o hi\u1ec7u su\u1ea5t l\u00e0m n\u00f3ng nhanh, ti\u1ebft ki\u1ec7m n\u0103ng l\u01b0\u1ee3ng.<\/p>\n<\/div>\n<\/div>\n<div class=\"tinh_nang\">\n<p><img decoding=\"async\" class=\"img_tinhnang\" src=\"https:\/\/ferroli.com.vn\/wp-content\/uploads\/2015\/11\/den-led-hien-thi-nhiet-do.png\" alt=\"\" \/><\/p>\n<div class=\"info_tinhnang\">\n<h3 class=\"title_tn\"><strong>M\u00e0n h\u00ecnh Led hi\u1ec3n th\u1ecb nhi\u1ec7t \u0111\u1ed9<\/strong><\/h3>\n<p>M\u00e0n h\u00ecnh led hi\u1ec3n th\u1ecb nhi\u1ec7t \u0111\u1ed9 ch\u00ednh x\u00e1c<\/p>\n<\/div>\n<\/div>\n<div class=\"tinh_nang\">\n<p><img decoding=\"async\" class=\"img_tinhnang\" src=\"https:\/\/ferroli.com.vn\/wp-content\/uploads\/2021\/03\/num-xoay-chinh-nhiet-do.jpg\" alt=\"\" \/><\/p>\n<div class=\"info_tinhnang\">\n<h3 class=\"title_tn\"><strong>N\u00fat xoay \u0111i\u1ec1u ch\u1ec9nh nhi\u1ec7t<\/strong><\/h3>\n<p>Cho ph\u00e9p t\u00f9y ch\u1ec9nh nhi\u1ec7t \u0111\u1ed9 thu\u1eadn ti\u1ec7n, \u0111\u00e1p \u1ee9ng nhu c\u1ea7u s\u1eed d\u1ee5ng. Lu\u00f4n duy tr\u00ec nhi\u1ec7t \u0111\u1ed9 n\u01b0\u1edbc kh\u00f4ng \u0111\u1ed5i.<\/p>\n<\/div>\n<\/div>\n<div class=\"tinh_nang\">\n<p><img decoding=\"async\" class=\"img_tinhnang\" src=\"https:\/\/ferroli.com.vn\/wp-content\/uploads\/2015\/10\/s7.jpg\" alt=\"\" \/><\/p>\n<div class=\"info_tinhnang\">\n<h3 class=\"title_tn\"><strong>Thanh nhi\u1ec7t tr\u00e1ng men si\u00eau b\u1ec1n<\/strong><\/h3>\n<p>C\u00f4ng ngh\u1ec7 tr\u00e1ng men \u0111\u01b0\u1ee3c nghi\u00ean c\u1ee9u nh\u1eb1m ng\u0103n ng\u1eeba m\u1ea3ng b\u00e1m, gi\u1ea3m c\u00e1c t\u00e1c h\u1ea1i do c\u1eb7n n\u01b0\u1edbc g\u00e2y ra, \u0111\u1ea3m b\u1ea3o hi\u1ec7u xu\u1ea5t thanh nhi\u1ec7t lu\u00f4n \u0111\u01b0\u1ee3c duy tr\u00ec song song v\u1edbi tu\u1ed5i th\u1ecd.<\/p>\n<\/div>\n<\/div>\n<div class=\"tinh_nang\">\n<p><img decoding=\"async\" class=\"img_tinhnang\" src=\"https:\/\/ferroli.com.vn\/wp-content\/uploads\/2021\/03\/van-xa-tien-ich.png\" alt=\"\" \/><\/p>\n<div class=\"info_tinhnang\">\n<h3 class=\"title_tn\"><strong>Van x\u1ea3 c\u1eb7n ti\u1ec7n \u00edch<\/strong><\/h3>\n<p>Vi\u1ec7c v\u1ec7 sinh b\u00ecnh s\u1ebd tr\u1edf n\u00ean d\u1ec5 d\u00e0ng h\u01a1n, ng\u01b0\u1eddi s\u1eed d\u1ee5ng c\u00f3 th\u1ec3 t\u1ef1 th\u00e1o van, x\u1ea3 c\u1eb7n, s\u1ee5c r\u1eeda b\u00ecnh m\u00e0 kh\u00f4ng c\u1ea7n ph\u1ea3i g\u1ecdi d\u1ecbch v\u1ee5 s\u1eeda ch\u1eefa.<\/p>\n<h2 class=\"yikes-custom-woo-tab-title yikes-custom-woo-tab-title-thong-so-ky-thuat\"><strong>Th\u00f4ng s\u1ed1 k\u1ef9 thu\u1eadt<\/strong><\/h2>\n<table width=\"473\">\n<tbody>\n<tr>\n<td width=\"210\"><strong>Model:<\/strong><\/td>\n<td width=\"260\"><strong>Verdi AE<\/strong><\/td>\n<\/tr>\n<tr>\n<td width=\"210\">Dung t\u00edch:<\/td>\n<td width=\"260\">15L, 20L, 30L<\/td>\n<\/tr>\n<tr>\n<td width=\"210\">\u0110i\u1ec7n \u00e1p:<\/td>\n<td width=\"260\">220V<\/td>\n<\/tr>\n<tr>\n<td width=\"210\">K\u00edch th\u01b0\u1edbc:<\/td>\n<td width=\"260\">15L: 511x308x30620L: 630x308x306<\/p>\n<p>30L: 630x348x345<\/td>\n<\/tr>\n<tr>\n<td width=\"210\">\u00c1p l\u1ef1c:<\/td>\n<td width=\"260\">8 bar<\/td>\n<\/tr>\n<tr>\n<td width=\"210\">C\u00f4ng su\u1ea5t:<\/td>\n<td width=\"260\">1000+1500<\/td>\n<\/tr>\n<tr>\n<td width=\"210\">T\u1ea7n s\u1ed1:<\/td>\n<td width=\"260\">50Hz<\/td>\n<\/tr>\n<tr>\n<td width=\"210\">Nhi\u1ec7t \u0111\u1ed9 t\u1ed1i \u0111a:<\/td>\n<td width=\"260\">~75 \u0111\u1ed9 C<\/td>\n<\/tr>\n<tr>\n<td width=\"210\">Tr\u1ecdng l\u01b0\u1ee3ng t\u1ecbnh:<\/td>\n<td width=\"260\">15L: 11kg20L: 11.8kg<\/p>\n<p>30L: 13.5kg<\/td>\n<\/tr>\n<\/tbody>\n<\/table>\n<h2 class=\"yikes-custom-woo-tab-title yikes-custom-woo-tab-title-bao-hanh\"><strong>B\u1ea3o h\u00e0nh<\/strong><\/h2>\n<p><span class=\"text\">S\u1ea3n ph\u1ea9m \u0111\u01b0\u1ee3c b\u1ea3o h\u00e0nh ch\u00ednh h\u00e3ng:<\/span><\/p>\n<p><span class=\"text\">\u2013 B\u00ecnh ch\u1ee9a b\u1ea3o h\u00e0nh 8 n\u0103m k\u1ec3 t\u1eeb ng\u00e0y mua v\u00e0 kh\u00f4ng qu\u00e1 8 n\u0103m 6 th\u00e1ng k\u1ec3 t\u1eeb ng\u00e0y s\u1ea3n xu\u1ea5t v\u1edbi \u0111i\u1ec1u ki\u1ec7n s\u1eed d\u1ee5ng k\u1ec3 t\u1eeb n\u0103m th\u1ee9 3 s\u1ea3n ph\u1ea9m ph\u1ea3i \u0111\u01b0\u1ee3c s\u00fac r\u1eeda v\u00e0 thay th\u1ebf thanh Anode ch\u00ednh h\u00e3ng \u0111\u1ecbnh k\u1ef3 m\u1ed7i n\u0103m 1 l\u1ea7n.<\/span><\/p>\n<p><span class=\"text\">\u2013 C\u00e1c linh ki\u1ec7n kh\u00e1c b\u1ea3o h\u00e0nh 18 th\u00e1ng k\u1ec3 t\u1eeb ng\u00e0y mua v\u00e0 kh\u00f4ng qu\u00e1 24 th\u00e1ng k\u1ec3 t\u1eeb ng\u00e0y s\u1ea3n xu\u1ea5t.<\/span><\/p>\n<p>\u2013 C\u00e1c ph\u1eadn nh\u1ef1a v\u00e0 thanh Magi\u00ea s\u1ebd kh\u00f4ng n\u1eb1m trong linh ki\u1ec7n \u0111\u01b0\u1ee3c b\u1ea3o h\u00e0nh.<\/p>\n<\/div>\n<\/div>\n","protected":false},"excerpt":{"rendered":"<ul>\n<li><strong>B\u00ecnh ch\u1ee9a tr\u00e1ng men Titan si\u00eau b\u1ec1n<\/strong><\/li>\n<li><strong>03 ch\u1ebf \u0111\u1ed9 c\u00f4ng su\u1ea5t, ti\u1ebft ki\u1ec7m \u0111i\u1ec7n<\/strong><\/li>\n<li><strong>Thanh \u0111\u1ed1t tr\u00e1ng men, b\u1ea3o h\u00e0nh v\u0129nh vi\u1ec5n<\/strong><\/li>\n<li>Ch\u1ebf \u0111\u1ed9 b\u1ea3o v\u1ec7 an to\u00e0n \u0111a c\u1ea5p<\/li>\n<li><strong>M\u00e0n h\u00ecnh hi\u1ec3n th\u1ecb nhi\u1ec7t \u0111\u1ed9 ch\u00ednh x\u00e1c<\/strong><\/li>\n<li>\u0110\u00e8n LED hi\u1ec3n th\u1ecb tr\u1ea1ng th\u00e1i<\/li>\n<li>L\u1edbp c\u00e1ch nhi\u1ec7t Polyurethane kh\u00f4ng ch\u1ee9a CFC<\/li>\n<li>Thanh Mg l\u1eafp \u1edf \u0111\u01b0\u1eddng x\u1ea3 c\u1eb7n, d\u1ec5 thay th\u1ebf<\/li>\n<li>V\u1ecf nh\u1ef1a ABS ch\u1ecbu va \u0111\u1eadp<\/li>\n<\/ul>\n","protected":false},"featured_media":4391,"comment_status":"open","ping_status":"closed","template":"","meta":[],"product_brand":[],"product_cat":[18,32],"product_tag":[],"class_list":{"0":"post-4390","1":"product","2":"type-product","3":"status-publish","4":"has-post-thumbnail","6":"product_cat-thiet-bi-ve-sinh","7":"product_cat-binh-nong-lanh","9":"first","10":"instock","11":"shipping-taxable","12":"product-type-simple"},"_links":{"self":[{"href":"https:\/\/nhadepbepxinh.com.vn\/index.php?rest_route=\/wp\/v2\/product\/4390","targetHints":{"allow":["GET"]}}],"collection":[{"href":"https:\/\/nhadepbepxinh.com.vn\/index.php?rest_route=\/wp\/v2\/product"}],"about":[{"href":"https:\/\/nhadepbepxinh.com.vn\/index.php?rest_route=\/wp\/v2\/types\/product"}],"replies":[{"embeddable":true,"href":"https:\/\/nhadepbepxinh.com.vn\/index.php?rest_route=%2Fwp%2Fv2%2Fcomments&post=4390"}],"wp:featuredmedia":[{"embeddable":true,"href":"https:\/\/nhadepbepxinh.com.vn\/index.php?rest_route=\/wp\/v2\/media\/4391"}],"wp:attachment":[{"href":"https:\/\/nhadepbepxinh.com.vn\/index.php?rest_route=%2Fwp%2Fv2%2Fmedia&parent=4390"}],"wp:term":[{"taxonomy":"product_brand","embeddable":true,"href":"https:\/\/nhadepbepxinh.com.vn\/index.php?rest_route=%2Fwp%2Fv2%2Fproduct_brand&post=4390"},{"taxonomy":"product_cat","embeddable":true,"href":"https:\/\/nhadepbepxinh.com.vn\/index.php?rest_route=%2Fwp%2Fv2%2Fproduct_cat&post=4390"},{"taxonomy":"product_tag","embeddable":true,"href":"https:\/\/nhadepbepxinh.com.vn\/index.php?rest_route=%2Fwp%2Fv2%2Fproduct_tag&post=4390"}],"curies":[{"name":"wp","href":"https:\/\/api.w.org\/{rel}","templated":true}]}}