{"id":4358,"date":"2025-04-09T14:26:45","date_gmt":"2025-04-09T07:26:45","guid":{"rendered":"https:\/\/nhadepbepxinh.com.vn\/?post_type=product&#038;p=4358"},"modified":"2025-04-09T14:26:45","modified_gmt":"2025-04-09T07:26:45","slug":"may-ep-cham-truc-ngang-olivo-sj22","status":"publish","type":"product","link":"https:\/\/nhadepbepxinh.com.vn\/?product=may-ep-cham-truc-ngang-olivo-sj22","title":{"rendered":"MA\u0301Y E\u0301P CH\u00c2\u0323M TRU\u0323C NGANG OLIVO SJ22"},"content":{"rendered":"<h2><strong>NH\u1eeeNG \u01afU \u0110I\u1ec2M V\u01af\u1ee2T TR\u1ed8I C\u1ee6A M\u00c1Y \u00c9P CH\u1eacM\u00a0TR\u1ee4C NGANG OLIVO SJ22<\/strong><\/h2>\n<ul>\n<li>B\u1ea1n \u0111ang t\u00ecm ki\u1ebfm m\u1ed9t chi\u1ebfc m\u00e1y \u00e9p c\u00f3 th\u1ec3 \u201cc\u00e2n\u201d \u0111\u01b0\u1ee3c c\u1ea3 c\u00e1c lo\u1ea1i rau c\u1ee7, k\u1ec3 c\u1ea3 nh\u1eefng lo\u1ea1i th\u1ef1c ph\u1ea9m kh\u00f3 \u00e9p nh\u1ea5t m\u00e0 kh\u00f4ng lo k\u1eb9t m\u00e1y? M\u00e1y \u00e9p ch\u1eadm OLIVO SJ22 s\u1ebd l\u00e0 l\u1ef1a ch\u1ecdn ho\u00e0n h\u1ea3o cho b\u1ea1n.<\/li>\n<li><strong>SJ22<\/strong>\u00a0l\u00e0 d\u00f2ng m\u00e1y \u00e9p ch\u1eadm m\u1edbi nh\u1ea5t \u0111\u1ebfn t\u1eeb th\u01b0\u01a1ng hi\u1ec7u OLIVO v\u1edbi thi\u1ebft k\u1ebf ho\u00e0n thi\u1ec7n, c\u00f4ng n\u0103ng t\u1ed1i \u01b0u nh\u1ea5t \u0111em l\u1ea1i hi\u1ec7u qu\u1ea3 \u00e9p \u0111\u00e1ng kinh ng\u1ea1c cho gia \u0111\u00ecnh b\u1ea1n. C\u00f9ng kh\u00e1m ph\u00e1 nh\u1eefng t\u00ednh n\u0103ng n\u1ed5i b\u1eadt \u1edf chi\u1ebfc m\u00e1y \u00e9p \u201cnh\u1ecf nh\u01b0ng c\u00f3 v\u00f5\u201d n\u00e0y nh\u00e9!<\/li>\n<\/ul>\n<h3><b>1.\u00a0<\/b><strong>\u00c9P KI\u1ec6T B\u00c3 T\u1edaI 98% \u2013 KH\u00d4NG LO K\u1eb8T M\u00c1Y<\/strong><\/h3>\n<ul>\n<li>V\u1edbi m\u00e1y \u00e9p ch\u1eadm OLIVO SJ22, b\u1ea1n c\u00f3 th\u1ec3 \u201cx\u1eed \u0111\u1eb9p\u201d m\u1ecdi lo\u1ea1i rau m\u00e0 kh\u00f4ng lo k\u1eb9t m\u00e1y v\u1edbi hi\u1ec7u qu\u1ea3 \u00e9p ki\u1ec7t l\u00ean t\u1edbi 98%. C\u00f9ng m\u1ed9t l\u01b0\u1ee3ng rau c\u1ee7, b\u1ea1n c\u00f3 th\u1ec3 thu \u0111\u01b0\u1ee3c nhi\u1ec1u n\u01b0\u1edbc h\u01a1n, ti\u1ebft ki\u1ec7m h\u01a1n nhi\u1ec1u so v\u1edbi c\u00e1c lo\u1ea1i m\u00e1y \u00e9p th\u00f4ng th\u01b0\u1eddng kh\u00e1c.<\/li>\n<li>\u0110\u1eb7c bi\u1ec7t, v\u1edbi thi\u1ebft k\u1ebf \u0111\u01b0\u1eddng xo\u1eafn \u00e9p 7 \u0111o\u1ea1n gi\u00fap t\u0103ng g\u1ea5p \u0111\u00f4i s\u1ed1 l\u1ea7n ti\u1ebfp x\u00fac trong m\u1ed7i v\u00f2ng \u00e9p. \u0110\u1ea7u tr\u1ee5c \u0111\u01b0\u1ee3c thi\u1ebft k\u1ebf thu nh\u1ecf d\u1ea7n v\u1edbi c\u00e1c g\u00e2n hoa kh\u1ebf k\u1ebft h\u1ee3p v\u1edbi ph\u1ea7n \u0111\u1ea7u tr\u1ee5c v\u1eeba kh\u00edt gi\u00fap th\u1ef1c ph\u1ea9m \u0111\u01b0\u1ee3c v\u1eaft ki\u1ec7t l\u1ea7n cu\u1ed1i tr\u01b0\u1edbc khi \u0111\u01b0\u1ee3c \u0111\u1ea9y ra \u0111\u1ed3ng th\u1eddi gi\u00fap ch\u1ed1ng k\u1eb9t m\u00e1y.<\/li>\n<li>C\u1ed1c l\u1ecdc v\u1edbi 3 t\u1ea7ng l\u01b0\u1edbi nh\u1ecf d\u1ea7n, h\u1ed7 tr\u1ee3 \u00e9p ki\u1ec7t ho\u00e0n to\u00e0n th\u1ef1c ph\u1ea9m v\u00e0 cho ra th\u00e0nh ph\u1ea9m c\u00f3 \u0111\u1ed9 tinh khi\u1ebft cao nh\u1ea5t.<\/li>\n<\/ul>\n<h3><b>2.\u00a0<\/b><strong>GI\u1eee TR\u1eccN PH\u1ea6N TINH KHI\u1ebeT NH\u1ea4T T\u1eea RAU, C\u1ee6<\/strong><\/h3>\n<ul>\n<li>M\u1ed9t \u01b0u \u0111i\u1ec3m v\u01b0\u1ee3t tr\u1ed9i c\u1ee7a m\u00e1y \u00e9p ch\u1eadm so v\u1edbi m\u00e1y \u00e9p th\u00f4ng th\u01b0\u1eddng l\u00e0 gi\u1eef n\u01b0\u1edbc \u00e9p\u00a0<b>kh\u00f4ng b\u1ecb ph\u00e2n t\u1ea7ng v\u00e0 oxy h\u00f3a<\/b>.<\/li>\n<li>M\u00e1y \u00e9p tr\u00e1i c\u00e2y ch\u1eadm OLIVO SJ22 t\u1ea1o ra n\u01b0\u1edbc \u00e9p tr\u00e1i c\u00e2y ho\u1eb7c rau c\u1ee7 ch\u1ea5t l\u01b0\u1ee3ng cao d\u1ef1a tr\u00ean ph\u01b0\u01a1ng ph\u00e1p gi\u1ea3m thi\u1ec3u ti\u1ebfp x\u00fac v\u1edbi oxy v\u00e0 nhi\u1ec7t, th\u00fac \u0111\u1ea9y c\u00e1c enzym c\u00f3 l\u1ee3i cho s\u1ee9c kh\u1ecfe. V\u00ec v\u1eady, b\u1ea1n c\u00f3 th\u1ec3 l\u01b0u tr\u1eef n\u01b0\u1edbc \u00e9p tr\u00e1i c\u00e2y \u0111\u1ebfn 72h m\u00e0 kh\u00f4ng lo h\u1ec1 b\u1ecb ph\u00e2n h\u1ee7y hay t\u00e1ch n\u01b0\u1edbc.<\/li>\n<\/ul>\n<h3><b>3.\u00a0<\/b><strong>THI\u1ebeT K\u1ebe AN TO\u00c0N TUY\u1ec6T \u0110\u1ed0I<\/strong><\/h3>\n<p>M\u00e1y \u00e9p ch\u1eadm OLIVO SJ22 \u0111\u01b0\u1ee3c thi\u1ebft k\u1ebf v\u1edbi ch\u1ea5t li\u1ec7u cao c\u1ea5p, \u0111\u1ea3m b\u1ea3o kh\u00f4ng \u1ea3nh h\u01b0\u1edfng \u0111\u1ebfn ch\u1ea5t l\u01b0\u1ee3ng th\u1ef1c ph\u1ea9m v\u00e0 an to\u00e0n cho s\u1ee9c kh\u1ecfe gia \u0111\u00ecnh.<\/p>\n<ul>\n<li>C\u1ed1c l\u1ecdc b\u1eb1ng inox kh\u00f4ng g\u1ec9 \u2013 Kh\u00f4ng b\u1ecb \u00e1m m\u00f9i cho th\u1ef1c ph\u1ea9m<\/li>\n<li>Tr\u1ee5c v\u00e0 ca h\u1ee9ng b\u1eb1ng nh\u1ef1a tritan cao c\u1ea5p, an to\u00e0n cho s\u1ee9c kh\u1ecfe v\u00e0 m\u00f4i tr\u01b0\u1eddng.<\/li>\n<li>\u0110\u1ebf m\u00e1y v\u1edbi b\u1ed9 t\u1ea3n nhi\u1ec7t gi\u00fap gi\u1ea3m b\u1edbt nhi\u1ec7t trong qu\u00e1 tr\u00ecnh m\u00e1y v\u1eadn h\u00e0nh, kh\u00f4ng l\u00e0m bi\u1ebfn \u0111\u1ed5i ch\u1ea5t l\u01b0\u1ee3ng s\u1ea3n ph\u1ea9m.<\/li>\n<\/ul>\n<h3><b>4.\u00a0<\/b><strong>\u0110\u1ed8NG C\u01a0 M\u1ea0NH M\u1ebc \u2013 V\u1eacN H\u00c0NH \u00caM \u00c1I<\/strong><\/h3>\n<ul>\n<li>\u0110\u01b0\u1ee3c trang b\u1ecb \u0111\u1ed9ng c\u01a1 DC l\u00f5i \u0111\u1ed3ng v\u00e0 qu\u1ea1t t\u1ea3n nhi\u1ec7t gi\u00fap m\u00e1y c\u00f3 th\u1ec3 ho\u1ea1t \u0111\u1ed9ng li\u00ean t\u1ee5c kh\u00f4ng lo n\u00f3ng m\u00e1y.<\/li>\n<li>\u0110\u1ed9 \u1ed3n d\u01b0\u1edbi 60dB, kh\u00f4ng l\u00e0m \u1ea3nh h\u01b0\u1edfng \u0111\u1ebfn kh\u00f4ng gian chung c\u1ee7a c\u1ea3 gia \u0111\u00ecnh b\u1ea1n.<\/li>\n<\/ul>\n<h3><b>5.\u00a0<\/b><strong>D\u1ec4 D\u00c0NG TH\u00c1O L\u1eaeP, V\u1ec6 SINH<\/strong><\/h3>\n<ul>\n<li>T\u1ea5t c\u1ea3 c\u00e1c b\u1ed9 ph\u1eadn c\u00f3 th\u1ec3 th\u00e1o r\u1eddi \u0111\u01b0\u1ee3c l\u00e0m b\u1eb1ng v\u1eadt li\u1ec7u Food Grade ch\u1ea5t l\u01b0\u1ee3ng cao v\u00e0 an to\u00e0n v\u1edbi m\u00e1y r\u1eeda ch\u00e9n gi\u00fap b\u1ea1n d\u1ec5 d\u00e0ng th\u00e1o l\u1eafp v\u00e0 v\u1ec7 sinh s\u1ea3n ph\u1ea9m.<\/li>\n<\/ul>\n<p><i>Tr\u1ea3i nghi\u1ec7m ngay M\u00e1y \u00e9p ch\u1eadm OLIVO SJ22 C\u00f4ng ngh\u1ec7 \u00e9p ki\u1ec7t t\u1edbi 98% m\u1ecdi lo\u1ea1i rau c\u1ee7!\u00a0<\/i><\/p>\n","protected":false},"excerpt":{"rendered":"<p><span style=\"font-size: 25.92px; color: #333333;\">\u00c9p Rau Kh\u00f4ng Lo K\u1eb9t M\u00e1y \u2013 \u00c9p Ki\u1ec7t B\u00e3 \u2013 D\u1ec5 V\u1ec7 Sinh<\/span><\/p>\n","protected":false},"featured_media":4359,"comment_status":"open","ping_status":"closed","template":"","meta":[],"product_brand":[],"product_cat":[61,93],"product_tag":[],"class_list":{"0":"post-4358","1":"product","2":"type-product","3":"status-publish","4":"has-post-thumbnail","6":"product_cat-hang-gia-dung","7":"product_cat-may-ep-hoa-qua","9":"first","10":"instock","11":"shipping-taxable","12":"product-type-simple"},"_links":{"self":[{"href":"https:\/\/nhadepbepxinh.com.vn\/index.php?rest_route=\/wp\/v2\/product\/4358","targetHints":{"allow":["GET"]}}],"collection":[{"href":"https:\/\/nhadepbepxinh.com.vn\/index.php?rest_route=\/wp\/v2\/product"}],"about":[{"href":"https:\/\/nhadepbepxinh.com.vn\/index.php?rest_route=\/wp\/v2\/types\/product"}],"replies":[{"embeddable":true,"href":"https:\/\/nhadepbepxinh.com.vn\/index.php?rest_route=%2Fwp%2Fv2%2Fcomments&post=4358"}],"wp:featuredmedia":[{"embeddable":true,"href":"https:\/\/nhadepbepxinh.com.vn\/index.php?rest_route=\/wp\/v2\/media\/4359"}],"wp:attachment":[{"href":"https:\/\/nhadepbepxinh.com.vn\/index.php?rest_route=%2Fwp%2Fv2%2Fmedia&parent=4358"}],"wp:term":[{"taxonomy":"product_brand","embeddable":true,"href":"https:\/\/nhadepbepxinh.com.vn\/index.php?rest_route=%2Fwp%2Fv2%2Fproduct_brand&post=4358"},{"taxonomy":"product_cat","embeddable":true,"href":"https:\/\/nhadepbepxinh.com.vn\/index.php?rest_route=%2Fwp%2Fv2%2Fproduct_cat&post=4358"},{"taxonomy":"product_tag","embeddable":true,"href":"https:\/\/nhadepbepxinh.com.vn\/index.php?rest_route=%2Fwp%2Fv2%2Fproduct_tag&post=4358"}],"curies":[{"name":"wp","href":"https:\/\/api.w.org\/{rel}","templated":true}]}}