{"id":4329,"date":"2025-04-09T14:18:18","date_gmt":"2025-04-09T07:18:18","guid":{"rendered":"https:\/\/nhadepbepxinh.com.vn\/?post_type=product&#038;p=4329"},"modified":"2025-04-09T14:18:18","modified_gmt":"2025-04-09T07:18:18","slug":"may-ep-cham-olivo-sj210","status":"publish","type":"product","link":"https:\/\/nhadepbepxinh.com.vn\/?product=may-ep-cham-olivo-sj210","title":{"rendered":"MA\u0301Y E\u0301P CH\u00c2\u0323M OLIVO SJ210"},"content":{"rendered":"<h2><strong>M\u00c1Y \u00c9P CH\u1eacM \u0110A N\u0102NG 3 TRONG 1: L\u00c0M N\u01af\u1edaC \u00c9P, L\u00c0M KEM, L\u00c0M S\u1eeeA H\u1ea0T<\/strong><\/h2>\n<ul>\n<li><strong>M\u00e1y \u00c9p\u00a0Tr\u00e1i C\u00e2y\u00a0OLIVO SJ210<\/strong>\u00a0\u2013 \u00c9p hoa qu\u1ea3 tr\u00e1i c\u00e2y, rau c\u1ee7 \u0111a n\u0103ng,\u00a0<strong>\u00e9p ki\u1ec7t b\u00e3 t\u1edbi 97%<\/strong>, thi\u1ebft k\u1ebf\u00a0<strong>nh\u1ecf g\u1ecdn d\u1ec5 v\u1ec7 sinh<\/strong>, d\u1ec5 d\u00e0ng th\u00e1o l\u1eafp s\u1ebd mang l\u1ea1i nh\u1eefng ly n\u01b0\u1edbc \u00e9p t\u01b0\u01a1i ngon v\u00e0 b\u1ed5 d\u01b0\u1ee1ng nh\u1ea5t cho B\u1ea1n c\u00f9ng gia \u0111\u00ecnh.<\/li>\n<li><strong>M\u00e1y \u00c9p Ch\u1eadm OLIVO SJ210<\/strong>\u00a0<strong>Th\u01b0\u01a1ng Hi\u1ec7u M\u1ef9<\/strong>\u00a0\u0111\u01b0\u1ee3c\u00a0b\u1ea3o h\u00e0nh\u00a0<strong>24 Th\u00e1ng<\/strong>,\u00a0<strong>1 \u0111\u1ed5i 1<\/strong>\u00a0trong 10 ng\u00e0y n\u00ean qu\u00fd Kh\u00e1ch h\u00e0ng ho\u00e0n to\u00e0n y\u00ean t\u00e2m v\u1ec1 ch\u1ea5t l\u01b0\u1ee3ng c\u1ee7a s\u1ea3n ph\u1ea9m c\u0169ng nh\u01b0 c\u00e1c d\u1ecbch v\u1ee5 ch\u00ednh h\u00e3ng t\u1eeb Olivo Vi\u1ec7t Nam<\/li>\n<li><strong>M\u00e1y \u00c9p Hoa Qu\u1ea3 Ch\u1eadm OLIVO SJ 210<\/strong>\u00a0\u2013 \u00c9p hoa qu\u1ea3, tr\u00e1i c\u00e2y, rau c\u1ee7,\u00a0<strong>L\u00e0m Kem,<\/strong>\u00a0<strong>L\u00e0m S\u1eefa H\u1ea1t, Sinh T\u1ed1.<\/strong>\u00a0<strong>\u00c9<\/strong><strong>p ki\u1ec7t b\u00e3 t\u1edbi 97%<\/strong>, thi\u1ebft k\u1ebf\u00a0<strong>nh\u1ecf g\u1ecdn d\u1ec5 v\u1ec7 sinh<\/strong>, d\u1ec5 d\u00e0ng th\u00e1o l\u1eafp,\u00a0m\u00e0u s\u1eafc sang tr\u1ecdng v\u00e0 \u0111\u1eb7c bi\u1ec7t kh\u00f4ng chi\u1ebfm nhi\u1ec1u di\u1ec7n t\u00edch.\u00a0<strong>OLIVO SJ 210<\/strong>\u00a0s\u1ef1 l\u1ef1a ch\u1ecdn tinh t\u1ebf cho c\u0103n b\u1ebfp nh\u00e0 b\u1ea1n.<\/li>\n<\/ul>\n<h3><strong>\u01afU \u0110I\u1ec2M V\u01af\u1ee2T TR\u1ed8I:<\/strong><\/h3>\n<ul>\n<li>Nh\u1ecf g\u1ecdn, D\u1ec5 D\u00e0ng L\u1eafp \u0110\u1eb7t<\/li>\n<li><strong>\u00c9p Ki\u1ec7t B\u00e3 Nh\u1ea5t<\/strong>\u00a0n\u1ebfu so s\u00e1nh v\u1edbi c\u00e1c d\u00f2ng m\u00e1y kh\u00e1c tr\u00ean th\u1ecb tr\u01b0\u1eddng<\/li>\n<li>Thi\u1ebft k\u1ebf c\u1ee7 \u00e9p m\u1edbi gi\u00fap \u00c9P RAU KH\u00d4NG LO K\u1eb8T M\u00c1Y<\/li>\n<li>T\u1ed1c \u0111\u1ed9 \u00e9p ch\u1ec9\u00a0<strong>40 v\u00f2ng\/ph\u00fat<\/strong>\u00a0gi\u00fap<\/li>\n<li><strong>GI\u1eee T\u1ed0I \u0110A D\u01af\u1ee0NG CH\u1ea4T<\/strong>\u00a0C\u00d3 TRONG RAU C\u1ee6<\/li>\n<li>\u0110\u1eb7c bi\u1ec7t h\u01a1n n\u1eefa l\u00e0 TH\u00c1O L\u1eaeP, V\u1ec6 SINH c\u1ef1c k\u1ef3 D\u1ec4 D\u00c0NG<\/li>\n<li><strong>\u1ed0ng ti\u1ebfp li\u1ec7u to d\u1ea1ng ph\u1ec5u<\/strong>\u00a0gi\u00fap d\u1ec5 d\u00e0ng \u0111\u01b0a nguy\u00ean li\u1ec7u v\u00e0o trong<\/li>\n<li>Thi\u1ebft k\u1ebf \u0111\u01a1n gi\u1ea3n v\u1edbi v\u1ecf nh\u00f4m t\u1ea1o c\u1ea3m gi\u00e1c hi\u1ec7n \u0111\u1ea1i, cao c\u1ea5p. D\u1ec5 v\u1ec7 sinh<\/li>\n<li>C\u00f3\u00a0<strong>2\u00a0l\u01b0\u1edbi l\u1ecdc<\/strong>\u00a0chuy\u00ean bi\u1ec7t:<strong>\u00a0L\u1ecdc Tinh, L\u01b0\u1edbi L\u00e0m Kem<\/strong>\u00a0(Ch\u1ec9 c\u00f3 tr\u00ean c\u00e1c s\u1ea3n ph\u1ea9m cao c\u1ea5p)<\/li>\n<\/ul>\n","protected":false},"excerpt":{"rendered":"<h1 class=\"product-title product_title entry-title\">\u00c9p Ki\u1ec7t B\u00e3 97% \u2013 \u00c9p Tr\u00e1i C\u00e2y Hoa Qu\u1ea3 Rau C\u1ee7 \u0110a N\u0103ng<\/h1>\n","protected":false},"featured_media":4330,"comment_status":"open","ping_status":"closed","template":"","meta":[],"product_brand":[],"product_cat":[61,93],"product_tag":[],"class_list":{"0":"post-4329","1":"product","2":"type-product","3":"status-publish","4":"has-post-thumbnail","6":"product_cat-hang-gia-dung","7":"product_cat-may-ep-hoa-qua","9":"first","10":"instock","11":"shipping-taxable","12":"product-type-simple"},"_links":{"self":[{"href":"https:\/\/nhadepbepxinh.com.vn\/index.php?rest_route=\/wp\/v2\/product\/4329","targetHints":{"allow":["GET"]}}],"collection":[{"href":"https:\/\/nhadepbepxinh.com.vn\/index.php?rest_route=\/wp\/v2\/product"}],"about":[{"href":"https:\/\/nhadepbepxinh.com.vn\/index.php?rest_route=\/wp\/v2\/types\/product"}],"replies":[{"embeddable":true,"href":"https:\/\/nhadepbepxinh.com.vn\/index.php?rest_route=%2Fwp%2Fv2%2Fcomments&post=4329"}],"wp:featuredmedia":[{"embeddable":true,"href":"https:\/\/nhadepbepxinh.com.vn\/index.php?rest_route=\/wp\/v2\/media\/4330"}],"wp:attachment":[{"href":"https:\/\/nhadepbepxinh.com.vn\/index.php?rest_route=%2Fwp%2Fv2%2Fmedia&parent=4329"}],"wp:term":[{"taxonomy":"product_brand","embeddable":true,"href":"https:\/\/nhadepbepxinh.com.vn\/index.php?rest_route=%2Fwp%2Fv2%2Fproduct_brand&post=4329"},{"taxonomy":"product_cat","embeddable":true,"href":"https:\/\/nhadepbepxinh.com.vn\/index.php?rest_route=%2Fwp%2Fv2%2Fproduct_cat&post=4329"},{"taxonomy":"product_tag","embeddable":true,"href":"https:\/\/nhadepbepxinh.com.vn\/index.php?rest_route=%2Fwp%2Fv2%2Fproduct_tag&post=4329"}],"curies":[{"name":"wp","href":"https:\/\/api.w.org\/{rel}","templated":true}]}}