{"id":4307,"date":"2025-04-09T11:56:39","date_gmt":"2025-04-09T04:56:39","guid":{"rendered":"https:\/\/nhadepbepxinh.com.vn\/?post_type=product&#038;p=4307"},"modified":"2025-04-18T16:29:36","modified_gmt":"2025-04-18T09:29:36","slug":"may-ep-cham-olivo-sj240","status":"publish","type":"product","link":"https:\/\/nhadepbepxinh.com.vn\/?product=may-ep-cham-olivo-sj240","title":{"rendered":"MA\u0301Y E\u0301P CH\u00c2\u0323M OLIVO SJ240"},"content":{"rendered":"<h2><strong>\u01afU \u0110I\u1ec2M V\u01af\u1ee2T TR\u1ed8I C\u1ee6A M\u00c1Y \u00c9P CH\u1eacM OLIVO SJ240<\/strong><\/h2>\n<p>B\u1ea1n \u0111ang t\u00ecm ki\u1ebfm m\u1ed9t gi\u1ea3i ph\u00e1p ho\u00e0n h\u1ea3o \u0111\u1ec3 \u00e9p k\u1ebft h\u1ee3p rau c\u1ee7 v\u00e0 tr\u00e1i c\u00e2y, mang \u0111\u1ebfn nh\u1eefng ly n\u01b0\u1edbc \u00e9p th\u01a1m ngon, d\u1ec5 u\u1ed1ng. V\u1eady th\u00ec OLIVO SJ240 t\u1ef1 h\u00e0o l\u00e0 l\u1ef1a ch\u1ecdn t\u1ed1i \u01b0u d\u00e0nh cho b\u1ea1n.<\/p>\n<p>Kh\u00e1c bi\u1ec7t v\u1edbi nh\u1eefng lo\u1ea1i m\u00e1y \u00e9p chuy\u00ean v\u1ec1 \u00e9p rau hay \u00e9p hoa qu\u1ea3, OLIVO SJ240 s\u1edf h\u1eefu kh\u1ea3 n\u0103ng \u00e9p hi\u1ec7u qu\u1ea3 c\u1ea3 hai lo\u1ea1i nguy\u00ean li\u1ec7u n\u00e0y. Nh\u1edd \u0111\u00f3, b\u1ea1n c\u00f3 th\u1ec3 d\u1ec5 d\u00e0ng t\u1ea1o ra nh\u1eefng ly n\u01b0\u1edbc \u00e9p \u0111a d\u1ea1ng, b\u1ed5 d\u01b0\u1ee1ng ch\u1ec9 v\u1edbi m\u1ed9t thi\u1ebft b\u1ecb duy nh\u1ea5t.<\/p>\n<h3><strong>1. KHOANG TI\u1ebeP NGUY\u00caN LI\u1ec6U L\u00caN T\u1edaI 10.8CM\u00a0<\/strong><\/h3>\n<ul>\n<li>Tho\u1ea3i m\u00e1i \u00e9p tr\u00e1i c\u00e2y nguy\u00ean qu\u1ea3 v\u1edbi OLIVO SJ240 m\u00e0 kh\u00f4ng c\u1ea7n c\u1eaft nh\u1ecf, gi\u00fap b\u1ea1n ti\u1ebft ki\u1ec7m th\u1eddi gian s\u01a1 ch\u1ebf v\u00e0 t\u0103ng n\u0103ng su\u1ea5t \u00e9p. M\u00e1y cho ph\u00e9p \u00e9p nhi\u1ec1u nguy\u00ean li\u1ec7u trong m\u1ed9t l\u1ea7n, mang \u0111\u1ebfn tr\u1ea3i nghi\u1ec7m s\u1eed d\u1ee5ng ti\u1ec7n l\u1ee3i h\u01a1n cho kh\u00e1ch h\u00e0ng.<\/li>\n<li>Thi\u1ebft k\u1ebf \u1ed1ng ti\u1ebfp nguy\u00ean li\u1ec7u k\u00e9p th\u00f4ng minh:<\/li>\n<\/ul>\n<ul>\n<li>\u1ed0ng ti\u1ebfp nguy\u00ean li\u1ec7u d\u00e0i: D\u1ec5 d\u00e0ng \u00e9p rau nguy\u00ean c\u00e0nh nh\u01b0 c\u1ea7n t\u00e2y, c\u00e0 r\u1ed1t.<\/li>\n<li>Khoang ti\u1ebfp nguy\u00ean li\u1ec7u l\u1edbn: \u00c9p \u0111a d\u1ea1ng rau c\u1ee7, tr\u00e1i c\u00e2y v\u1edbi k\u00edch th\u01b0\u1edbc l\u1edbn.<\/li>\n<\/ul>\n<ul>\n<li>Tho\u1ea3i m\u00e1i s\u00e1ng t\u1ea1o nh\u1eefng ly n\u01b0\u1edbc \u00e9p th\u01a1m ngon, \u0111\u1ea7y dinh d\u01b0\u1ee1ng cho b\u1ea3n th\u00e2n v\u00e0 gia \u0111\u00ecnh v\u1edbi OLIVO SJ240.<\/li>\n<\/ul>\n<h3><strong>2. \u00c9P KI\u1ec6T B\u00c3, H\u1ea0N CH\u1ebe K\u1eb8T M\u00c1Y, B\u00d3 C\u1ed0I\u00a0<\/strong><\/h3>\n<ul>\n<li>C\u00f4ng ngh\u1ec7 \u00e9p tr\u1ee5c xo\u1eafn hi\u1ec7n \u0111\u1ea1i \u0111\u01b0\u1ee3c trang b\u1ecb tr\u00ean OLIVO SJ240 mang \u0111\u1ebfn kh\u1ea3 n\u0103ng \u00e9p ki\u1ec7t b\u00e3 v\u01b0\u1ee3t tr\u1ed9i so v\u1edbi c\u00e1c lo\u1ea1i m\u00e1y \u00e9p th\u00f4ng th\u01b0\u1eddng. Nh\u1edd v\u1eady, b\u1ea1n s\u1ebd thu \u0111\u01b0\u1ee3c l\u01b0\u1ee3ng n\u01b0\u1edbc \u00e9p nhi\u1ec1u h\u01a1n m\u1ed7i l\u1ea7n \u00e9p, \u0111\u1ed3ng th\u1eddi gi\u1ea3m l\u01b0\u1ee3ng b\u00e3 l\u1eabn trong th\u00e0nh ph\u1ea9m.<\/li>\n<li>L\u01b0\u1ee3ng b\u00e3 sau khi \u00e9p kh\u00f4 r\u00e1o gi\u00fap h\u1ea1n ch\u1ebf t\u00ecnh tr\u1ea1ng k\u1eb9t m\u00e1y, b\u00f3 c\u1ed1i, d\u1ec5 d\u00e0ng s\u1eed d\u1ee5ng v\u00e0 v\u1ec7 sinh m\u00e1y.<\/li>\n<\/ul>\n<h3><strong>3. L\u01af\u1edaI L\u1eccC V\u00c0 KHOANG TI\u1ebeP NGUY\u00caN LI\u1ec6U LI\u1ec0N NHAU\u00a0<\/strong><\/h3>\n<ul>\n<li>S\u1ea3n ph\u1ea9m k\u1ebft h\u1ee3p hai b\u1ed9 ph\u1eadn quan tr\u1ecdng c\u1ee7a s\u1ea3n ph\u1ea9m l\u00e0: l\u01b0\u1edbi l\u1ecdc v\u00e0 khoang ti\u1ebfp nguy\u00ean li\u1ec7u mang l\u1ea1i nh\u1eefng l\u1ee3i \u00edch v\u01b0\u1ee3t tr\u1ed9i, gi\u1ea3m chi ti\u1ebft m\u00e1y gi\u00fap vi\u1ec7c th\u00e1o\/l\u1eafp \u0111\u01a1n gi\u1ea3n h\u01a1n.<\/li>\n<\/ul>\n<h3><strong>4. C\u1ee6 \u00c9P C\u1ea2I TI\u1ebeN \u0110\u1eb6C BI\u1ec6T\u00a0<\/strong><\/h3>\n<ul>\n<li>C\u1ee7 \u00e9p \u0111\u01b0\u1ee3c \u0111\u00fac nguy\u00ean kh\u1ed1i t\u1eeb v\u1eadt li\u1ec7u cao c\u1ea5p si\u00eau b\u1ec1n, ch\u1ed1ng m\u00e0i m\u00f2n. K\u1ebft h\u1ee3p v\u1edbi thi\u1ebft k\u1ebf xo\u1eafn \u1ed1c v\u00e0 \u0111\u01b0\u1eddng g\u00e2n n\u1ed5i bao quanh tr\u1ee5c gi\u00fap ti\u1ebfp x\u00fac v\u1edbi nguy\u00ean li\u1ec7u t\u1ed1t h\u01a1n v\u00e0 v\u1eaft ki\u1ec7t n\u01b0\u1edbc trong rau c\u1ee7 qu\u1ea3.<\/li>\n<\/ul>\n<h3><strong>5. T\u1ed0C \u0110\u1ed8 \u00c9P CH\u1ec8 40 \u2013 60 V\u00d2NG\/PH\u00daT\u00a0<\/strong><\/h3>\n<ul>\n<li>C\u00f4ng ngh\u1ec7 \u00e9p t\u1ed1c \u0111\u1ed9 ch\u1eadm kh\u00f4ng sinh nhi\u1ec7t gi\u00fap th\u00e0nh ph\u1ea9m n\u01b0\u1edbc \u00e9p gi\u1eef nguy\u00ean \u0111\u01b0\u1ee3c ch\u1ea5t dinh d\u01b0\u1ee1ng, vitamin, enzyme\u2026 t\u1ef1 nhi\u00ean c\u00f3 trong rau c\u1ee7 qu\u1ea3. N\u01b0\u1edbc \u00e9p \u0111\u1eadm v\u1ecb, kh\u00f4ng b\u1ecb oxy h\u00f3a, ph\u00e2n t\u1ea7ng t\u00e1ch n\u01b0\u1edbc.<\/li>\n<\/ul>\n<h3><strong>6. C\u00d4NG SU\u1ea4T L\u1edaN 200W<\/strong><\/h3>\n<ul>\n<li>C\u00f4ng su\u1ea5t \u00e9p 200W m\u1ea1nh m\u1ebd l\u00e0 m\u1ed9t trong nh\u1eefng y\u1ebfu t\u1ed1 quan tr\u1ecdng quy\u1ebft \u0111\u1ecbnh hi\u1ec7u qu\u1ea3 ho\u1ea1t \u0111\u1ed9ng c\u1ee7a m\u00e1y \u00e9p tr\u00e1i c\u00e2y.<\/li>\n<li>Nh\u1edd \u0111\u1ed9ng c\u01a1 m\u1ea1nh m\u1ebd, m\u00e1y \u00e9p c\u00f3 th\u1ec3 nghi\u1ec1n n\u00e1t nguy\u00ean li\u1ec7u m\u1ed9t c\u00e1ch hi\u1ec7u qu\u1ea3, gi\u00fap \u00e9p ki\u1ec7t b\u00e3 h\u01a1n so v\u1edbi c\u00e1c lo\u1ea1i m\u00e1y c\u00f3 c\u00f4ng su\u1ea5t th\u1ea5p. Nh\u1edd v\u1eady, b\u1ea1n s\u1ebd thu \u0111\u01b0\u1ee3c nhi\u1ec1u n\u01b0\u1edbc \u00e9p h\u01a1n, \u0111\u1ed3ng th\u1eddi gi\u1eef l\u1ea1i \u0111\u01b0\u1ee3c t\u1ed1i \u0111a d\u01b0\u1ee1ng ch\u1ea5t t\u1eeb tr\u00e1i c\u00e2y v\u00e0 rau c\u1ee7.<\/li>\n<\/ul>\n<h3><strong>7. TH\u00c1O L\u1eaeP \u0110\u01a0N GI\u1ea2N, V\u1ec6 SINH D\u1ec4 D\u00c0NG\u00a0<\/strong><\/h3>\n<ul>\n<li>C\u00e1c b\u1ed9 ph\u1eadn c\u1ee7a m\u00e1y \u0111\u01b0\u1ee3c r\u00e1p n\u1ed1i v\u1edbi nhau r\u1ea5t khoa h\u1ecdc d\u1ec5 d\u00e0ng th\u00e1o l\u1eafp v\u00e0 v\u1ec7 sinh m\u00e1y sau khi s\u1eed d\u1ee5ng.<\/li>\n<li>D\u1ec5 d\u00e0ng l\u00e0m s\u1ea1ch c\u00e1c chi ti\u1ebft v\u1edbi n\u01b0\u1edbc s\u1ea1ch, s\u1eed d\u1ee5ng th\u00eam b\u00e0n ch\u1ea3i t\u1eb7ng k\u00e8m m\u00e1y \u0111\u1ec3 v\u1ec7 sinh ph\u1ea7n l\u01b0\u1edbi l\u1ecdc hi\u1ec7u qu\u1ea3 h\u01a1n.<\/li>\n<\/ul>\n<h3><strong>8. TH\u00d9NG H\u1ed8P CH\u1eaeC CH\u1eaeN<\/strong><\/h3>\n<ul>\n<li>Th\u00f9ng h\u1ed9p th\u1ec3 hi\u1ec7n t\u00ednh c\u00e1ch c\u1ee7a OLIVO lu\u00f4n ch\u1eafc ch\u1eafn v\u00e0 \u1ea5n t\u01b0\u1ee3ng \u0111\u1ea3m b\u1ea3o an to\u00e0n v\u00e0 kh\u00f4ng b\u1ecb m\u00f3p m\u00e9o trong qu\u00e1 tr\u00ecnh v\u1eadn chuy\u1ec3n.<\/li>\n<\/ul>\n","protected":false},"excerpt":{"rendered":"<h1 class=\"product-title product_title entry-title\">Phi\u00ean B\u1ea3n Gi\u1edbi H\u1ea1n M\u00e0u Titanium \u2013 Khoang Ti\u1ebfp L\u1edbn \u2013 Gi\u1ea3i Ph\u00e1p Ho\u00e0n H\u1ea3o Cho Vi\u1ec7c \u00c9p K\u1ebft H\u1ee3p Tr\u00e1i C\u00e2y, Rau C\u1ee7<\/h1>\n","protected":false},"featured_media":4308,"comment_status":"open","ping_status":"closed","template":"","meta":[],"product_brand":[],"product_cat":[61,93],"product_tag":[],"class_list":{"0":"post-4307","1":"product","2":"type-product","3":"status-publish","4":"has-post-thumbnail","6":"product_cat-hang-gia-dung","7":"product_cat-may-ep-hoa-qua","9":"first","10":"instock","11":"shipping-taxable","12":"product-type-simple"},"_links":{"self":[{"href":"https:\/\/nhadepbepxinh.com.vn\/index.php?rest_route=\/wp\/v2\/product\/4307","targetHints":{"allow":["GET"]}}],"collection":[{"href":"https:\/\/nhadepbepxinh.com.vn\/index.php?rest_route=\/wp\/v2\/product"}],"about":[{"href":"https:\/\/nhadepbepxinh.com.vn\/index.php?rest_route=\/wp\/v2\/types\/product"}],"replies":[{"embeddable":true,"href":"https:\/\/nhadepbepxinh.com.vn\/index.php?rest_route=%2Fwp%2Fv2%2Fcomments&post=4307"}],"wp:featuredmedia":[{"embeddable":true,"href":"https:\/\/nhadepbepxinh.com.vn\/index.php?rest_route=\/wp\/v2\/media\/4308"}],"wp:attachment":[{"href":"https:\/\/nhadepbepxinh.com.vn\/index.php?rest_route=%2Fwp%2Fv2%2Fmedia&parent=4307"}],"wp:term":[{"taxonomy":"product_brand","embeddable":true,"href":"https:\/\/nhadepbepxinh.com.vn\/index.php?rest_route=%2Fwp%2Fv2%2Fproduct_brand&post=4307"},{"taxonomy":"product_cat","embeddable":true,"href":"https:\/\/nhadepbepxinh.com.vn\/index.php?rest_route=%2Fwp%2Fv2%2Fproduct_cat&post=4307"},{"taxonomy":"product_tag","embeddable":true,"href":"https:\/\/nhadepbepxinh.com.vn\/index.php?rest_route=%2Fwp%2Fv2%2Fproduct_tag&post=4307"}],"curies":[{"name":"wp","href":"https:\/\/api.w.org\/{rel}","templated":true}]}}