{"id":4290,"date":"2025-04-08T11:32:15","date_gmt":"2025-04-08T04:32:15","guid":{"rendered":"https:\/\/nhadepbepxinh.com.vn\/?post_type=product&#038;p=4290"},"modified":"2025-04-08T11:32:16","modified_gmt":"2025-04-08T04:32:16","slug":"bep-gas-am-eurosun-eu-ga291d","status":"publish","type":"product","link":"https:\/\/nhadepbepxinh.com.vn\/?product=bep-gas-am-eurosun-eu-ga291d","title":{"rendered":"B\u00ca\u0301P GAS \u00c2M EUROSUN EU-GA291D"},"content":{"rendered":"<div class=\"single-top\">\n<div class=\"row\">\n<div class=\"product-gallery large-6 col\">\n<div class=\"images\n\"><\/p>\n<div class=\"woocommerce-product-gallery__image \">\n<div class=\"yith_magnifier_zoom_wrap\">\n<div class=\"yith_magnifier_mousetrap pp_woocommerce\">\n<div class=\"expand-button-hidden\"><img decoding=\"async\" style=\"font-size: 14.4px;\" src=\"https:\/\/eurosun.com.vn\/wp-content\/uploads\/2022\/08\/banner.jpg\" alt=\"bep-ga-am-EU-GA291D-banner\" \/><\/div>\n<\/div>\n<\/div>\n<\/div>\n<\/div>\n<\/div>\n<\/div>\n<\/div>\n<div class=\"product-footer\">\n<div class=\"wc-tabs-wrapper tabbed-content\">\n<div class=\"tab-panels\">\n<div id=\"tab-\" class=\"woocommerce-Tabs-panel woocommerce-Tabs-panel-- panel entry-content active\" role=\"tabpanel\" aria-labelledby=\"tab-title-\">\n<div class=\"row row_location\">\n<div class=\"col medium-6 small-12 large-6\">\n<div class=\"box_content\">\n<div class=\"title\">\n<h2 class=\"title__Tt\">B\u1ebeP GAS \u00c2M EU-GA291D<\/h2>\n<\/div>\n<div id=\"xem_1\" class=\"des rt_text_rg rt_text_rg_1\">\n<p>B\u1ebfp ga \u00e2m Eurosun EU-GA291D l\u00e0 m\u1ed9t trong thi\u1ebft b\u1ecb b\u1ebfp cao c\u1ea5p nh\u1ea5t tr\u00ean th\u1ecb tr\u01b0\u1eddng Vi\u1ec7t nam hi\u1ec7n nay. S\u1ea3n ph\u1ea9m \u0111\u01b0\u1ee3c nh\u1eadp kh\u1ea9u nguy\u00ean chi\u1ebfc v\u1edbi nhi\u1ec1u t\u00ednh n\u0103ng h\u1eefu \u00edch, thi\u1ebft th\u1ef1c cho ng\u01b0\u1eddi d\u00f9ng. Ngo\u00e0i ra b\u1ebfp ga \u00e2m Eurosun EU-GA291D thi\u1ebft k\u1ebf sang tr\u1ecdng \u0111\u01b0\u1eddng n\u00e9t tinh t\u1ebf r\u1ea5t \u0111\u01b0\u1ee3c ng\u01b0\u1eddi ti\u00eau d\u00f9ng l\u1ef1a ch\u1ecdn cho kh\u00f4ng gian b\u1ebfp sang tr\u1ecdng c\u1ee7a gia \u0111\u00ecnh m\u00ecnh.<\/p>\n<\/div>\n<\/div>\n<\/div>\n<div class=\"col medium-6 small-12 large-6\"><img decoding=\"async\" src=\"https:\/\/eurosun.com.vn\/wp-content\/uploads\/2022\/08\/GA-291-3.jpg\" alt=\"B\u1ebeP GAS \u00c2M EU-GA291D\" \/><\/div>\n<\/div>\n<div class=\"row row_location\">\n<div class=\"col medium-6 small-12 large-6\">\n<div class=\"box_content\">\n<div class=\"title\">\n<h2 class=\"title__Tt\">THI\u1ebeT K\u1ebe HI\u1ec6N \u0110\u1ea0I &#8211; SANG TR\u1eccNG<\/h2>\n<\/div>\n<div id=\"xem_2\" class=\"des rt_text_rg rt_text_rg_2 rt_text_rg_hover\">\n<p>B\u1ebfp ga \u00e2m Eurosun EU-GA291D, 2 l\u00f2 n\u1ea5u \u0111\u01b0\u1ee3c s\u1ea3n xu\u1ea5t tr\u00ean d\u00e2y chuy\u1ec1n hi\u1ec7n \u0111\u1ea1i v\u1edbi c\u00e1c linh ki\u1ec7n cao c\u1ea5p \u0111\u1ed3ng b\u1ed9 c\u1ea5u th\u00e0nh s\u1ea3n ph\u1ea9m.<\/p>\n<p>B\u1ebfp ga EUROSUN \u0111\u01b0\u1ee3c trang b\u1ecb\u00a0<strong>m\u1eb7t k\u00ednh c\u01b0\u1eddng l\u1ef1c c\u1ee1\u00a0l\u1edbn<\/strong>\u00a0v\u1edbi k\u00edch th\u01b0\u1edbc l\u00ean \u0111\u1ebfn\u00a0 760* 440mm d\u00e0y 8mm , \u0111\u00e2y l\u00e0 lo\u1ea1i b\u1ebfp ga \u0111\u01b0\u1ee3c trang b\u1ecb m\u1eb7t k\u00ednh l\u1edbn nh\u1ea5t hi\u1ec7n nay, t\u00f4n ph\u1ea7n\u00a0 sang tr\u1ecdng cho kh\u00f4ng gian b\u1ebfp.<\/p>\n<\/div>\n<div class=\"xem_tc_hd xem_tc_hd_2 rt_xemthem_hover\"><img decoding=\"async\" style=\"font-size: 14.4px;\" src=\"https:\/\/eurosun.com.vn\/wp-content\/uploads\/2022\/08\/A1_0.jpg\" alt=\"bep-ga-am-EU-GA291D-thiet-ke\" \/><\/div>\n<\/div>\n<\/div>\n<\/div>\n<div class=\"row row_location\">\n<div class=\"col medium-6 small-12 large-6\">\n<div class=\"box_content\">\n<div class=\"title\">\n<h2 class=\"title__Tt\">CH\u1ee8C N\u0102NG H\u1eb8N GI\u1edc<\/h2>\n<\/div>\n<div id=\"xem_3\" class=\"des rt_text_rg rt_text_rg_3\">\n<p>B\u1ebfp ga \u00e2m Eurosun \u0111\u01b0\u1ee3c trang b\u1ecb\u00a0<strong>ch\u1ee9c n\u0103ng h\u1eb9n gi\u1edd \u0111\u1ed9c l\u1eadp cho t\u1eebng l\u00f2 n\u1ea5u<\/strong>\u00a0\u00a0t\u1eeb\u00a0<strong>0 \u2013 180 ph\u00fat<\/strong>, gi\u00fap ng\u01b0\u1eddi d\u00f9ng c\u00f3 th\u1ec3 d\u1ec5 d\u00e0ng thi\u1ebft l\u1eadp th\u1eddi gian \u0111un n\u1ea5u, b\u1ebfp s\u1ebd t\u01b0 \u0111\u1ed9ng ng\u1eaft khi h\u1ebft th\u1eddi gian \u0111\u00e3 \u0111\u01b0\u1ee3c c\u00e0i \u0111\u1eb7t m\u00e0 kh\u00f4ng m\u1ea5t th\u1eddi gian \u0111\u1ee3i khi k\u1ebft th\u00fac n\u1ea5u m\u00f3n \u0103n.<\/p>\n<\/div>\n<\/div>\n<\/div>\n<div class=\"col medium-6 small-12 large-6\"><img decoding=\"async\" src=\"https:\/\/eurosun.com.vn\/wp-content\/uploads\/2022\/08\/3-7.jpg\" alt=\"b\u1ebfp gas EU-GA291D\" \/><\/div>\n<\/div>\n<div class=\"row row_location\">\n<div class=\"col medium-6 small-12 large-6\">\n<div class=\"box_content\">\n<div class=\"title\">\n<h2 class=\"title__Tt\">M\u00c2M CHIA L\u1eecA B\u1eb0NG \u0110\u1ed2NG NGUY\u00caN CH\u1ea4T<\/h2>\n<\/div>\n<div id=\"xem_4\" class=\"des rt_text_rg rt_text_rg_4\">\n<p><strong>M\u00e2m chia l\u1eeda b\u1eb1ng \u0111\u1ed3ng nguy\u00ean ch\u1ea5t<\/strong>\u00a0\u0111\u01b0\u1ee3c d\u1eadp n\u00f3ng, ho\u00e0n thi\u1ec7n CNC v\u00e0 \u0111\u01b0\u1ee3c ph\u1ee7 men ch\u1ed1ng ch\u00e1y ch\u1ecbu nhi\u1ec7t cao, t\u1ea1o n\u00ean th\u1ea9m m\u1ef9 g\u00f3p ph\u1ea7n t\u00f4n l\u00ean ng\u1ecdn\u00a0Ng\u1ecdn l\u1eeda xanh ch\u00e1y hi\u1ec7u qu\u1ea3 gi\u00fap b\u1ea1n c\u00f3 th\u1ec3 n\u1ea5u ch\u00edn m\u00f3n \u0103n nhanh h\u01a1n m\u00e0 l\u1ea1i kh\u00f4ng hao t\u1ed1n nhi\u1ec1u n\u0103ng l\u01b0\u1ee3ng.<\/p>\n<\/div>\n<\/div>\n<\/div>\n<div class=\"col medium-6 small-12 large-6\"><img decoding=\"async\" src=\"https:\/\/eurosun.com.vn\/wp-content\/uploads\/2023\/02\/MAM-CHIA-LUA-2.jpg\" alt=\"m\u00e2m chia l\u1eeda b\u1ebfp gas eurosun\" \/><\/div>\n<\/div>\n<div class=\"row row_location\">\n<div class=\"col medium-6 small-12 large-6\">\n<div class=\"box_content\">\n<div class=\"title\">\n<h2 class=\"title__Tt\">H\u1eccNG B\u1ebeP CH\u1ea4T LI\u1ec6U \u0110\u1ed2NG 100%<\/h2>\n<\/div>\n<div id=\"xem_5\" class=\"des rt_text_rg rt_text_rg_5\">\n<p><strong>H\u1ecdng b\u1ebfp<\/strong>\u00a0\u0111\u01b0\u1ee3c l\u00e0m b\u1eb1ng ch\u1ea5t li\u1ec7u \u0111\u1ed3ng 100% c\u00f4ng ngh\u1ec7 Italy, ch\u1ed1ng oxy h\u00f3a, t\u0103ng tu\u1ed5i th\u1ecd cho b\u1ebfp v\u1edbi thi\u1ebft k\u1ebf t\u1ea1o h\u00ecnh \u1ed1ng ph\u1ec5u thu gi\u00f3 gi\u00fap t\u0103ng c\u01b0\u1eddng hi\u1ec7u su\u1ea5t t\u1ed1i \u0111a trong qu\u00e1 tr\u00ecnh \u0111\u1ed1t ch\u00e1y.<\/p>\n<\/div>\n<\/div>\n<\/div>\n<div class=\"col medium-6 small-12 large-6\"><img decoding=\"async\" src=\"https:\/\/eurosun.com.vn\/wp-content\/uploads\/2023\/02\/HONG-BEP-1.jpg\" alt=\"h\u1ecdng b\u1ebfp gas eurosun l\u00e0m t\u1eeb \u0111\u1ed3ng nguy\u00ean ch\u1ea5t\" \/><\/div>\n<\/div>\n<div class=\"row row_location\">\n<div class=\"col medium-6 small-12 large-6\">\n<div class=\"box_content\">\n<div class=\"title\">\n<h2 class=\"title__Tt\">CH\u1ee8C N\u0102NG AN TO\u00c0N<\/h2>\n<\/div>\n<div id=\"xem_6\" class=\"des rt_text_rg rt_text_rg_6 rt_text_rg_hover\">\n<p>B\u1ebfp ga \u00e2m\u00a0Eurosun EU-GA291D \u0111\u01b0\u1ee3c trang b\u1ecb 2 ch\u1ee9c n\u0103ng an to\u00e0n \u0111\u1ea3m b\u1ea3o an to\u00e0n cho ng\u1eddi s\u1eed d\u1ee5ng trong qu\u00e1 tr\u00ecnh s\u1eed d\u1ee5ng.<\/p>\n<p><strong>Ch\u1ee9c n\u0103ng c\u1ea3m bi\u1ebfn ng\u1eaft gas an to\u00e0n:<\/strong>\u00a0t\u1ea5t c\u1ea3 c\u00e1c d\u00f2ng b\u1ebfp ga \u00e2m EUROSUN \u0111\u01b0\u1ee3c trang b\u1ecb b\u1ed9 ph\u1eadn kim ng\u1eaft gas an to\u00e0n Orkali \u0111\u1ea3m b\u1ea3o s\u1ef1 an to\u00e0n cho ng\u01b0\u1eddi d\u00f9ng, gi\u00fap ph\u00f2ng tr\u00e1nh khi x\u1ea3y ra s\u1ef1 c\u1ed1 b\u1ea5t th\u01b0\u1eddng l\u00e0m ng\u1ecdn l\u1eeda b\u1ecb t\u1eaft \u0111i nh\u01b0ng van gas v\u1eabn m\u1edf, kim ng\u1eaft gas s\u1ebd t\u1ef1 \u0111\u1ed9ng k\u00edch ho\u1ea1t ch\u1ee9c n\u0103ng v\u00e0 \u0111\u00f3ng gas l\u1ea1i ngay t\u1ee9c th\u00ec, \u0111\u1ec1 ph\u00f2ng tr\u01b0\u1eddng h\u1ee3p sau khi ng\u1ecdn l\u1eeda \u0111\u00e3 t\u1eaft nh\u01b0ng gas v\u1eabn \u0111\u01b0\u1ee3c c\u1ea5p ra ngo\u00e0i v\u00e0 \u0111\u01b0\u1ee3c t\u00edch t\u1ee5 l\u1ea1i trong ph\u00f2ng b\u1ebfp, khi v\u00f4 t\u00ecnh ch\u00fang ta b\u1eadt thi\u1ebft b\u1ecb \u0111i\u1ec7n hay c\u00f3 tia l\u1eeda s\u1ebd d\u1eabn \u0111\u1ebfn vi\u1ec7c ch\u00e1y n\u1ed5 \u0111\u00e1ng ti\u1ebfc x\u1ea3y ra.<\/p>\n<p><strong>C\u1ea3m bi\u1ebfn \u0111\u00e1nh l\u1eeda nhanh:<\/strong> Thi\u1ebft k\u1ebf th\u00f4ng minh c\u1ee7a n\u00fam v\u1eb7n c\u00f9ng b\u1ed9 \u0111\u00e1nh l\u1eeda \u0111i\u1ec7n t\u1eed t\u00edch h\u1ee3p gi\u00fap b\u1ea1n c\u00f3 th\u1ec3 b\u1eadt b\u1ebfp ch\u1ec9 b\u1eb1ng m\u1ed9t b\u01b0\u1edbc th\u1eadt d\u1ec5 d\u00e0ng. Nh\u1ea5n n\u00fam v\u1eb7n xu\u1ed1ng v\u00e0 xoay l\u00e0 b\u1ea1n c\u00f3 th\u1ec3 b\u1eadt l\u1eeda ngay l\u1eadp t\u1ee9c, kh\u00f4ng \u0111\u1ec3 l\u1ea1i m\u00f9i gas t\u1ed3n d\u01b0 trong kh\u00f4ng kh\u00ed.<\/p>\n<\/div>\n<\/div>\n<\/div>\n<div class=\"col medium-6 small-12 large-6\"><img decoding=\"async\" src=\"https:\/\/eurosun.com.vn\/wp-content\/uploads\/2023\/02\/Bep-ga-292SA-cam-bien.jpg\" alt=\"c\u1ea3m bi\u1ebfn ch\u1ed1ng ch\u00e1y t\u1ef1 \u0111\u1ed9ng\" \/><\/div>\n<\/div>\n<div id=\"tab-thong-so-ky-thuat\" class=\"row tab_thong_so\">\n<div class=\"col medium-12 small-12 large-12\">\n<div class=\"title\">\n<h2 class=\"title__Tt\">TH\u00d4NG S\u1ed0 S\u1ea2N PH\u1ea8M<\/h2>\n<\/div>\n<\/div>\n<div class=\"col medium-6 small-12 large-8 table-sp\">\n<div class=\"table_center rt_text_hover\">\n<table class=\"xem_table\" border=\"1\" cellspacing=\"0\" cellpadding=\"0\">\n<tbody>\n<tr>\n<td>T\u00ean s\u1ea3n ph\u1ea9m<\/td>\n<td><strong>B\u1ebeP GAS \u00c2M EU-GA291D<\/strong><\/td>\n<\/tr>\n<tr>\n<td>Th\u01b0\u01a1ng hi\u1ec7u<\/td>\n<td><strong>EUROSUN<\/strong><\/td>\n<\/tr>\n<tr>\n<td>Xu\u1ea5t x\u1ee9<\/td>\n<td><strong>PRC<\/strong><\/td>\n<\/tr>\n<tr>\n<td>S\u1ed1 l\u00f2 n\u1ea5u<\/td>\n<td><strong>2<\/strong><\/td>\n<\/tr>\n<tr>\n<td>Ch\u1ea5t li\u1ec7u m\u1eb7t k\u00ednh<\/td>\n<td><strong>K\u00ednh c\u01b0\u1eddng l\u1ef1c, ch\u1ecbu nhi\u1ec7t d\u00e0y 8mm<\/strong><\/td>\n<\/tr>\n<tr>\n<td>Ki\u1ec1ng b\u1ebfp<\/td>\n<td><strong>Gang \u0111\u00fac ch\u1ed1ng tr\u01b0\u1ee3t<\/strong><\/td>\n<\/tr>\n<tr>\n<td>Khay<\/td>\n<td><strong>Inox 304 ch\u1ed1ng han g\u1ec9<\/strong><\/td>\n<\/tr>\n<tr>\n<td>H\u1ecdng b\u1ebfp<\/td>\n<td><strong>Ch\u1ea5t li\u1ec7u \u0111\u1ed3ng 100% c\u00f4ng ngh\u1ec7 Italy<\/strong><\/td>\n<\/tr>\n<tr>\n<td>H\u1ec7 th\u1ed1ng \u0111\u00e1nh l\u1eeda<\/td>\n<td><strong>PIN (DC)<\/strong><\/td>\n<\/tr>\n<tr>\n<td>Ch\u1ee9c n\u0103ng h\u1eb9n gi\u1edd<\/td>\n<td><strong>C\u00f3<\/strong><\/td>\n<\/tr>\n<tr>\n<td>Ch\u1ebf \u0111\u1ed9 h\u1ea7m ti\u1ebft ki\u1ec7m<\/td>\n<td><strong>C\u00f3<\/strong><\/td>\n<\/tr>\n<tr>\n<td>C\u1ea3m bi\u1ebfn an to\u00e0n t\u1ef1 \u0111\u1ed9ng kh\u00f3a Orkli<\/td>\n<td><strong>C\u00f3<\/strong><\/td>\n<\/tr>\n<tr>\n<td>C\u1ea3m bi\u1ebfn \u0111\u00e1nh l\u1eeda nhanh, ch\u1ed1ng tr\u00e0n gas<\/td>\n<td><strong>C\u00f3<\/strong><\/td>\n<\/tr>\n<tr>\n<td>L\u01b0\u1ee3ng gas ti\u00eau th\u1ee5<\/td>\n<td><strong>280g\/h\/l\u00f2<\/strong><\/td>\n<\/tr>\n<tr>\n<td>K\u00edch th\u01b0\u1edbc s\u1ea3n ph\u1ea9m<\/td>\n<td><strong>760 x 440 x 108 (mm)<\/strong><\/td>\n<\/tr>\n<tr>\n<td>K\u00edch th\u01b0\u1edbc c\u1eaft \u0111\u00e1<\/td>\n<td><strong>660 x 360 (mm)<\/strong><\/td>\n<\/tr>\n<tr>\n<td>B\u1ea3o h\u00e0nh<\/td>\n<td><strong>24 th\u00e1ng<\/strong><\/td>\n<\/tr>\n<\/tbody>\n<\/table>\n<p><img decoding=\"async\" src=\"https:\/\/eurosun.com.vn\/wp-content\/uploads\/2023\/02\/CO-291378-scaled.jpg\" alt=\"\u1ea2nh ch\u1ee9ng nh\u1eadn CO 291+378\" \/><\/p>\n<\/div>\n<\/div>\n<\/div>\n<\/div>\n<\/div>\n<\/div>\n<\/div>\n","protected":false},"excerpt":{"rendered":"<p>B\u1ebeP GAS \u00c2M EU-GA291D B\u1ebfp ga \u00e2m Eurosun EU-GA291D l\u00e0 m\u1ed9t trong thi\u1ebft b\u1ecb b\u1ebfp cao c\u1ea5p nh\u1ea5t tr\u00ean th\u1ecb tr\u01b0\u1eddng Vi\u1ec7t nam hi\u1ec7n nay. S\u1ea3n ph\u1ea9m \u0111\u01b0\u1ee3c nh\u1eadp kh\u1ea9u nguy\u00ean chi\u1ebfc v\u1edbi nhi\u1ec1u t\u00ednh n\u0103ng h\u1eefu \u00edch, thi\u1ebft th\u1ef1c cho ng\u01b0\u1eddi d\u00f9ng. Ngo\u00e0i ra b\u1ebfp ga \u00e2m Eurosun EU-GA291D thi\u1ebft k\u1ebf sang tr\u1ecdng \u0111\u01b0\u1eddng&#8230;<\/p>\n","protected":false},"featured_media":4291,"comment_status":"open","ping_status":"closed","template":"","meta":[],"product_brand":[],"product_cat":[37,39],"product_tag":[],"class_list":{"0":"post-4290","1":"product","2":"type-product","3":"status-publish","4":"has-post-thumbnail","6":"product_cat-bep-gas-am","7":"product_cat-eurosun","9":"first","10":"instock","11":"shipping-taxable","12":"product-type-simple"},"_links":{"self":[{"href":"https:\/\/nhadepbepxinh.com.vn\/index.php?rest_route=\/wp\/v2\/product\/4290","targetHints":{"allow":["GET"]}}],"collection":[{"href":"https:\/\/nhadepbepxinh.com.vn\/index.php?rest_route=\/wp\/v2\/product"}],"about":[{"href":"https:\/\/nhadepbepxinh.com.vn\/index.php?rest_route=\/wp\/v2\/types\/product"}],"replies":[{"embeddable":true,"href":"https:\/\/nhadepbepxinh.com.vn\/index.php?rest_route=%2Fwp%2Fv2%2Fcomments&post=4290"}],"wp:featuredmedia":[{"embeddable":true,"href":"https:\/\/nhadepbepxinh.com.vn\/index.php?rest_route=\/wp\/v2\/media\/4291"}],"wp:attachment":[{"href":"https:\/\/nhadepbepxinh.com.vn\/index.php?rest_route=%2Fwp%2Fv2%2Fmedia&parent=4290"}],"wp:term":[{"taxonomy":"product_brand","embeddable":true,"href":"https:\/\/nhadepbepxinh.com.vn\/index.php?rest_route=%2Fwp%2Fv2%2Fproduct_brand&post=4290"},{"taxonomy":"product_cat","embeddable":true,"href":"https:\/\/nhadepbepxinh.com.vn\/index.php?rest_route=%2Fwp%2Fv2%2Fproduct_cat&post=4290"},{"taxonomy":"product_tag","embeddable":true,"href":"https:\/\/nhadepbepxinh.com.vn\/index.php?rest_route=%2Fwp%2Fv2%2Fproduct_tag&post=4290"}],"curies":[{"name":"wp","href":"https:\/\/api.w.org\/{rel}","templated":true}]}}