{"id":4261,"date":"2025-04-08T11:04:54","date_gmt":"2025-04-08T04:04:54","guid":{"rendered":"https:\/\/nhadepbepxinh.com.vn\/?post_type=product&#038;p=4261"},"modified":"2025-04-08T11:21:17","modified_gmt":"2025-04-08T04:21:17","slug":"noi-ap-suat-dien-da-nang-instant-pot-essential-60","status":"publish","type":"product","link":"https:\/\/nhadepbepxinh.com.vn\/?product=noi-ap-suat-dien-da-nang-instant-pot-essential-60","title":{"rendered":"N\u1ed3i \u00c1p Su\u1ea5t \u0110i\u1ec7n \u0110a N\u0103ng Instant Pot Essential 60"},"content":{"rendered":"<section class=\"parameters\">\n<div class=\"content\">\n<p dir=\"ltr\">Chi\u1ebfc n\u1ed3i \u00e1p su\u1ea5t Instant Pot Essential n\u00e0y s\u1ebd gi\u00fap b\u1ea1n n\u1ea5u nh\u1eefng b\u1eefa \u0103n l\u00e0nh m\u1ea1nh, ngon mi\u1ec7ng m\u1ed9t c\u00e1ch \u0111\u01a1n gi\u1ea3n v\u1edbi th\u1eddi gian \u00edt h\u01a1n. Ch\u00fang t\u00f4i hy v\u1ecdng r\u1eb1ng b\u1ea1n s\u1ebd \u201cph\u1ea3i l\u00f2ng\u201d chi\u1ebfc n\u1ed3i n\u00e0y v\u00e0 t\u1eadn h\u01b0\u1edfng n\u00f3 trong c\u0103n b\u1ebfp c\u1ee7a m\u00ecnh trong nhi\u1ec1u n\u0103m t\u1edbi!<\/p>\n<\/div>\n<\/section>\n<section class=\"parameters bor-none\">\n<h3 class=\"parameters-title\">Th\u00f4ng tin s\u1ea3n ph\u1ea9m N\u1ed3i \u00c1p Su\u1ea5t \u0110i\u1ec7n \u0110a N\u0103ng Instant Pot Essential 60<\/h3>\n<div class=\"content\">\n<p dir=\"ltr\">TI\u1ebeT KI\u1ec6M V\u00c0 KINH T\u1ebe: V\u1edbi gi\u00e1 th\u00e0nh c\u1ea1nh tranh, nh\u01b0ng l\u1ea1i s\u1edf h\u1eefu m\u1ed9t s\u1ea3n ph\u1ea9m ch\u1ea5t l\u01b0\u1ee3ng, hi\u1ec7n \u0111\u1ea1i v\u00e0 \u0111\u1ea7y ti\u1ec7n l\u1ee3i.<\/p>\n<p dir=\"ltr\">\n<p dir=\"ltr\">D\u1ec4 D\u00c0NG S\u1eec D\u1ee4NG: Ch\u1ec9 v\u1edbi m\u1ed9t n\u00fat \u0111i\u1ec1u khi\u1ec3n v\u00e0 9 ch\u01b0\u01a1ng tr\u00ecnh \u0111\u01b0\u1ee3c c\u00e0i \u0111\u1eb7t s\u1eb5n<\/p>\n<p dir=\"ltr\">\n<p dir=\"ltr\">9 CH\u1ee8C N\u0102NG CH\u1ec8 TRONG 1 S\u1ea2N PH\u1ea8M: N\u1ea5u \u00e1p su\u1ea5t, Saute (X\u00e0o, \u0111\u1ea3o), N\u1ea5u ch\u1eadm, N\u1ea5u c\u01a1m, H\u00e2m n\u00f3ng th\u1ee9c \u0103n, S\u1eefa chua, Sous Vide v\u00e0 DIY (Tu\u1ef3 ch\u1ecdn).<\/p>\n<p dir=\"ltr\">\n<p dir=\"ltr\">CH\u1ee8C N\u0102NG DIY: C\u00e0i \u0111\u1eb7t nhi\u1ec7t \u0111\u1ed9 v\u00e0 th\u1eddi gian tu\u1ef3 th\u00edch \u2013 m\u1ed9t ch\u1ee9c n\u0103ng ph\u00f9 h\u1ee3p v\u1edbi nhi\u1ec1u m\u00f3n \u0103n kh\u00e1c nhau nh\u01b0 l\u00e0m b\u00e1nh, \u1ee7 b\u1ed9t, n\u1ea5u s\u00fap\u2026<\/p>\n<p dir=\"ltr\">\n<p dir=\"ltr\">\n<p dir=\"ltr\">N\u1ea4U NHANH HAY N\u1ea4U CH\u1eacM TU\u1ef2 TH\u00cdCH: N\u1ea5u \u00e1p su\u1ea5t nhanh h\u01a1n t\u1edbi 70% so v\u1edbi c\u00e1c ph\u01b0\u01a1ng ph\u00e1p n\u1ea5u th\u00f4ng th\u01b0\u1eddng ho\u1eb7c n\u1ea5u ch\u1eadm c\u00e1c m\u00f3n truy\u1ec1n th\u1ed1ng nh\u01b0 c\u00e1ch c\u1ee7a b\u00e0 v\u00e0 m\u1eb9 hay l\u00e0m.<\/p>\n<p dir=\"ltr\">\n<p dir=\"ltr\">V\u1ec6 SINH NHANH CH\u00d3NG V\u00c0 D\u1ec4 D\u00c0NG: V\u1ecf b\u1ecdc b\u1eb1ng th\u00e9p kh\u00f4ng g\u1ec9, ch\u1ed1ng d\u1ea5u v\u00e2n tay. N\u1eafp n\u1ed3i, l\u00f2ng n\u1ed3i v\u00e0 ph\u1ee5 ki\u1ec7n \u0111\u1ec1u an to\u00e0n v\u1edbi m\u00e1y r\u1eeda b\u00e1t.<\/p>\n<p dir=\"ltr\">\n<p dir=\"ltr\">\n<p dir=\"ltr\">PH\u00d9 H\u1ee2P V\u1edaI M\u1eccI GIA \u0110\u00ccNH: N\u1ed3i n\u1ea5u t\u1ed1i \u0111a cho 6 ng\u01b0\u1eddi \u2013 ph\u00f9 h\u1ee3p cho t\u1eeb ng\u01b0\u1eddi \u0111\u1ed9c th\u00e2n cho t\u1edbi c\u00e1c gia \u0111\u00ecnh 2,3 th\u1ebf h\u1ec7.<\/p>\n<p dir=\"ltr\">L\u00d2NG N\u1ed2I \u0110A N\u0102NG: Ch\u1ea5t li\u1ec7u th\u00e9p kh\u00f4ng g\u1ec9 an to\u00e0n v\u1edbi th\u1ef1c ph\u1ea9m. \u0110\u00e1y n\u1ed3i d\u00e0y d\u1eb7n v\u1edbi 3 l\u1edbp gi\u00fap th\u1ef1c ph\u1ea9m ch\u00edn \u0111\u1ec1u h\u01a1n, l\u00e0m c\u00e1c x\u00e0o ngon ho\u00e0n h\u1ea3o.<\/p>\n<p>&nbsp;<\/p>\n<p dir=\"ltr\">\n<p dir=\"ltr\">\n<\/div>\n<p>Do\u0300ng sa\u0309n ph\u00e2\u0309m:\u00a0<strong>Instant Pot<\/strong><\/p>\n<ul>\n<li dir=\"ltr\">Th\u01b0\u01a1ng hi\u1ec7u: Instant Brands<\/li>\n<li dir=\"ltr\">S\u1ea3n xu\u1ea5t t\u1ea1i: Trung Qu\u1ed1c<\/li>\n<li dir=\"ltr\">Ch\u1ea5t li\u1ec7u: Th\u00e9p kh\u00f4ng g\u1ec9<\/li>\n<li dir=\"ltr\">M\u00e0u: \u0110en<\/li>\n<li dir=\"ltr\">Dung t\u00edch: 5.7L<\/li>\n<li dir=\"ltr\">K\u00edch th\u01b0\u1edbc (DxRxC): 33.02 x 30.6 x 30.68 (cm)<\/li>\n<li dir=\"ltr\">Kh\u1ed1i l\u01b0\u1ee3ng: 5.9kg<\/li>\n<li dir=\"ltr\">B\u1ea3ng \u0111i\u1ec1u khi\u1ec3n: \u0110i\u1ec7n t\u1eed<\/li>\n<li dir=\"ltr\">\u0110i\u1ec7n \u00e1p: 220-240V~<\/li>\n<li dir=\"ltr\">C\u00f4ng su\u1ea5t: 1000W<\/li>\n<\/ul>\n<\/section>\n","protected":false},"excerpt":{"rendered":"<ul>\n<li>9 ch\u1ee9c n\u0103ng trong 1 s\u1ea3n ph\u1ea9m<\/li>\n<li>T\u00ednh n\u0103ng Sous-vide \u2013 ph\u01b0\u01a1ng ph\u00e1p n\u1ea5u \u0103n hi\u1ec7n \u0111\u1ea1i v\u00e0 th\u1eddi th\u01b0\u1ee3ng nh\u1ea5t<\/li>\n<li>Ch\u1ee9c n\u0103ng DIY tu\u1ef3 ch\u1ecdn nhi\u1ec7t \u0111\u1ed9 v\u00e0 th\u1eddi gian n\u1ea5u, t\u1ea1o ch\u01b0\u01a1ng tr\u00ecnh n\u1ea5u \u0103n \u0111a d\u1ea1ng theo \u00fd th\u00edch<\/li>\n<li>B\u1ea3ng \u0111i\u1ec1u khi\u1ec3n 1 n\u00fam v\u1eb7n d\u1ec5 d\u00e0ng ch\u1ecdn ch\u01b0\u01a1ng tr\u00ecnh v\u00e0 ch\u1ec9nh nhi\u1ec7t \u0111\u1ed9 ch\u00ednh x\u00e1c<\/li>\n<\/ul>\n","protected":false},"featured_media":4262,"comment_status":"open","ping_status":"closed","template":"","meta":[],"product_brand":[],"product_cat":[61,64],"product_tag":[],"class_list":{"0":"post-4261","1":"product","2":"type-product","3":"status-publish","4":"has-post-thumbnail","6":"product_cat-hang-gia-dung","7":"product_cat-noi-ap-suat","9":"first","10":"instock","11":"shipping-taxable","12":"product-type-simple"},"_links":{"self":[{"href":"https:\/\/nhadepbepxinh.com.vn\/index.php?rest_route=\/wp\/v2\/product\/4261","targetHints":{"allow":["GET"]}}],"collection":[{"href":"https:\/\/nhadepbepxinh.com.vn\/index.php?rest_route=\/wp\/v2\/product"}],"about":[{"href":"https:\/\/nhadepbepxinh.com.vn\/index.php?rest_route=\/wp\/v2\/types\/product"}],"replies":[{"embeddable":true,"href":"https:\/\/nhadepbepxinh.com.vn\/index.php?rest_route=%2Fwp%2Fv2%2Fcomments&post=4261"}],"wp:featuredmedia":[{"embeddable":true,"href":"https:\/\/nhadepbepxinh.com.vn\/index.php?rest_route=\/wp\/v2\/media\/4262"}],"wp:attachment":[{"href":"https:\/\/nhadepbepxinh.com.vn\/index.php?rest_route=%2Fwp%2Fv2%2Fmedia&parent=4261"}],"wp:term":[{"taxonomy":"product_brand","embeddable":true,"href":"https:\/\/nhadepbepxinh.com.vn\/index.php?rest_route=%2Fwp%2Fv2%2Fproduct_brand&post=4261"},{"taxonomy":"product_cat","embeddable":true,"href":"https:\/\/nhadepbepxinh.com.vn\/index.php?rest_route=%2Fwp%2Fv2%2Fproduct_cat&post=4261"},{"taxonomy":"product_tag","embeddable":true,"href":"https:\/\/nhadepbepxinh.com.vn\/index.php?rest_route=%2Fwp%2Fv2%2Fproduct_tag&post=4261"}],"curies":[{"name":"wp","href":"https:\/\/api.w.org\/{rel}","templated":true}]}}