{"id":4228,"date":"2025-04-08T09:15:03","date_gmt":"2025-04-08T02:15:03","guid":{"rendered":"https:\/\/nhadepbepxinh.com.vn\/?post_type=product&#038;p=4228"},"modified":"2025-04-08T09:17:03","modified_gmt":"2025-04-08T02:17:03","slug":"may-hut-bui-lau-san-tineco-floor-one-s5-combo","status":"publish","type":"product","link":"https:\/\/nhadepbepxinh.com.vn\/?product=may-hut-bui-lau-san-tineco-floor-one-s5-combo","title":{"rendered":"Ma\u0301y h\u00fat b\u1ee5i lau s\u00e0n Tineco Floor One S5 Combo"},"content":{"rendered":"<div class=\"raw-html-embed\"><iframe loading=\"lazy\" title=\"YouTube video player\" src=\"https:\/\/www.youtube.com\/embed\/I5CyAfHbqkE?si=Zd2BJM_karDGIDIJ\" width=\"560\" height=\"315\" frameborder=\"0\" allowfullscreen=\"allowfullscreen\" data-mce-fragment=\"1\"><\/iframe><\/div>\n<div class=\"raw-html-embed\"><iframe loading=\"lazy\" title=\"YouTube video player\" src=\"https:\/\/www.youtube.com\/embed\/eFPVZplPVOE?si=-xMoEKUVOlfNtdBs\" width=\"560\" height=\"315\" frameborder=\"0\" allowfullscreen=\"allowfullscreen\" data-mce-fragment=\"1\"><\/iframe><\/div>\n<div>\n<p><img decoding=\"async\" src=\"https:\/\/techzhome.vn\/media\/lib\/459_tineco-s5-slim.jpg\" alt=\"\" width=\"600\" \/><\/p>\n<p>&nbsp;<\/p>\n<p><img decoding=\"async\" src=\"https:\/\/techzhome.vn\/media\/lib\/459_Untitled-2.jpg\" alt=\"\" width=\"600\" \/><\/p>\n<p>C\u00f3 th\u1ec3 d\u1ec5 d\u00e0ng chuy\u1ec3n \u0111\u1ed5i t\u1eeb m\u00e1y lau nh\u00e0 sang m\u00e1y h\u00fat b\u1ee5i b\u1eb1ng c\u00e1ch th\u00e1o r\u1eddi m\u00f4 t\u01a1 v\u00e0 l\u1eafp v\u00e0o c\u00e1c \u0111\u1ea7u h\u00fat kh\u00e1c nhau<\/p>\n<p><img decoding=\"async\" src=\"https:\/\/techzhome.vn\/media\/lib\/459_Untitled-4.jpg\" alt=\"\" width=\"600\" \/><\/p>\n<p>Tineco Floor S5\u00a0Combo d\u1ec5 d\u00e0ng l\u00e0m s\u1ea1ch \u0111\u01b0\u1ee3c c\u1ea3 d\u1ea7u m\u1ee1, l\u00f4ng th\u00fa c\u01b0ng, ch\u1ebf \u0111\u1ed9 h\u00fat n\u01b0\u1edbc ph\u00f2ng t\u1eafm<\/p>\n<p><img decoding=\"async\" src=\"https:\/\/techzhome.vn\/media\/lib\/459_Untitled-5.jpg\" alt=\"\" width=\"600\" \/><\/p>\n<p>Thay \u0111\u1ed5i sang ch\u1ebf \u0111\u1ed9 h\u00fat ti\u1ec7n d\u1ee5ng<\/p>\n<p><img decoding=\"async\" src=\"https:\/\/techzhome.vn\/media\/lib\/459_Untitled-6.jpg\" alt=\"\" width=\"600\" \/><\/p>\n<p>&nbsp;<\/p>\n<p><img decoding=\"async\" src=\"https:\/\/techzhome.vn\/media\/lib\/459_Untitled-3.jpg\" alt=\"\" width=\"600\" \/><\/p>\n<p>Thi\u1ebft k\u1ebf m\u1ecfng, nh\u1eb9, d\u1ec5 d\u00e0ng s\u1eed d\u1ee5ng<\/p>\n<p><img decoding=\"async\" src=\"https:\/\/techzhome.vn\/media\/lib\/459_Untitled-7.jpg\" alt=\"\" width=\"600\" \/><\/p>\n<p>Thi\u1ebft k\u1ebf b\u00ecnh ch\u1ee9a n\u01b0\u1edbc s\u1ea1ch v\u00e0 b\u1ea9n \u0111\u01b0\u1ee3c n\u00e2ng c\u1ea5p. Di\u1ec7n t\u00edch l\u00e0m s\u1ea1ch \u0111\u1ebfn 120 m2 s\u00e0n<\/p>\n<p><img decoding=\"async\" src=\"https:\/\/techzhome.vn\/media\/lib\/459_Untitled-8.jpg\" alt=\"\" width=\"600\" \/><\/p>\n<p>&nbsp;<\/p>\n<p>Thi\u1ebft k\u1ebf con l\u0103n c\u00f3 th\u1ec3 l\u00e0m s\u1ea1ch m\u00e9p t\u01b0\u1eddng. C\u00e1c khu v\u1ef1c nh\u01b0 g\u00f3c t\u01b0\u1eddng, g\u00f3c ph\u1ea3i c\u1ea7u thang, g\u1ea7m gi\u01b0\u1eddng \u0111\u1ec1u c\u00f3 th\u1ec3 \u0111\u01b0\u1ee3c l\u00e0m s\u1ea1ch tri\u1ec7t \u0111\u1ec3, s\u00e0n nh\u00e0 \u0111\u01b0\u1ee3c l\u00e0m s\u1ea1ch m\u00e0 kh\u00f4ng \u0111\u1ec3 l\u1ea1i v\u1ebft<\/p>\n<p><img decoding=\"async\" src=\"https:\/\/techzhome.vn\/media\/lib\/459_Untitled-9.jpg\" alt=\"\" width=\"600\" \/><\/p>\n<p>&nbsp;<\/p>\n<p>D\u1ec5 d\u00e0ng l\u00e0m s\u1ea1ch con l\u0103n ch\u1ec9 b\u1eb1ng 1 n\u00fat b\u1ea5m. Con l\u0103n \u0111\u01b0\u1ee3c gi\u1eb7t ho\u00e0n to\u00e0n t\u1ef1 \u0111\u1ed9ng khi l\u00e0m xong, ch\u1ec9 b\u1eb1ng 1 n\u00fat b\u1ea5m<\/p>\n<p><img decoding=\"async\" src=\"https:\/\/techzhome.vn\/media\/lib\/459_Untitled-11.jpg\" alt=\"\" width=\"600\" \/><\/p>\n<p>V\u1eadt li\u1ec7u \u0111\u01b0\u1ee3c s\u1eed d\u1ee5ng c\u00f4ng ngh\u1ec7 kh\u1eed khu\u1ea9n b\u1eb1ng ion b\u1ea1c, gi\u00fap di\u1ec7t vi khu\u1ea9n \u0111\u1ebfn 99,99%<\/p>\n<p><img decoding=\"async\" src=\"https:\/\/techzhome.vn\/media\/lib\/459_Untitled-12.jpg\" alt=\"\" width=\"600\" \/><\/p>\n<p><img decoding=\"async\" src=\"https:\/\/techzhome.vn\/media\/lib\/459_Untitled-14.jpg\" alt=\"\" width=\"600\" \/><\/p>\n<p>&nbsp;<\/p>\n<p>Thi\u1ebft k\u1ebf m\u00e0n h\u00ecnh Led hi\u1ec3n th\u1ecb th\u00f4ng minh, d\u00ea d\u00e0ng s\u1eed d\u1ee5ng<\/p>\n<p><img decoding=\"async\" src=\"https:\/\/techzhome.vn\/media\/lib\/459_Untitled-13.jpg\" alt=\"\" width=\"600\" \/><\/p>\n<p>\u0110\u1ed9ng c\u01a1 kh\u00f4ng ch\u1ed5i than, hi\u1ec7u su\u1ea5t cao v\u00e0 gi\u1ea3m ti\u1ebfng \u1ed3n<\/p>\n<p><img decoding=\"async\" src=\"https:\/\/techzhome.vn\/media\/lib\/459_Untitled-15.jpg\" alt=\"\" width=\"600\" \/><\/p>\n<p>D\u1ec5 d\u00e0ng l\u00e0m s\u1ea1ch to\u00e0n b\u1ed9 ng\u00f4i nh\u00e0 t\u1eeb s\u00e0n nh\u00e0 cho \u0111\u1ebfn tr\u1ea7n, \u0111\u1ed3 d\u00f9ng trong gia \u0111\u00ecnh<\/p>\n<p><img decoding=\"async\" src=\"https:\/\/techzhome.vn\/media\/lib\/459_Untitled-16.jpg\" alt=\"\" width=\"600\" \/><\/p>\n<p>Thi\u1ebft k\u1ebf b\u1eb1ng v\u1eadt li\u1ec7u nh\u1eb9, kh\u1ed1i l\u01b0\u1ee3ng nh\u1ecf, d\u1ec5 d\u00e0ng di chuy\u1ec3n khi l\u00e0m<\/p>\n<p><img decoding=\"async\" src=\"https:\/\/techzhome.vn\/media\/lib\/459_Untitled-18.jpg\" alt=\"\" width=\"600\" \/><\/p>\n<\/div>\n<figure class=\"image\"><\/figure>\n","protected":false},"excerpt":{"rendered":"<div class=\"title\">\u0110\u1eb7c \u0111i\u1ec3m n\u1ed5i b\u1eadt<\/div>\n<ul>\n<li><i>&#8211;<\/i>\u00a0L\u1ef1c h\u00fat: 12.000 Pa<\/li>\n<li><i>&#8211;<\/i>\u00a0Dung l\u01b0\u1ee3ng pin: 2.500 mAh<\/li>\n<li><i>&#8211;<\/i>\u00a0Th\u1eddi gian ho\u1ea1t \u0111\u1ed9ng: 30 Ph\u00fat<\/li>\n<li><i>&#8211;<\/i>\u00a0Di\u1ec7n t\u00edch l\u00e0m s\u1ea1ch: 120 m2<\/li>\n<li><i>&#8211;<\/i>\u00a0Tr\u1ecdng l\u01b0\u1ee3ng: 4,5 Kg<\/li>\n<li><i>&#8211;<\/i>\u00a0C\u00f3 nhi\u1ec1u \u0111\u1ea7u h\u00fat<\/li>\n<\/ul>\n","protected":false},"featured_media":4231,"comment_status":"open","ping_status":"closed","template":"","meta":[],"product_brand":[],"product_cat":[86,106],"product_tag":[],"class_list":{"0":"post-4228","1":"product","2":"type-product","3":"status-publish","4":"has-post-thumbnail","6":"product_cat-robot-may-hut-bui-lau-nha","7":"product_cat-tineco","9":"first","10":"instock","11":"shipping-taxable","12":"product-type-simple"},"_links":{"self":[{"href":"https:\/\/nhadepbepxinh.com.vn\/index.php?rest_route=\/wp\/v2\/product\/4228","targetHints":{"allow":["GET"]}}],"collection":[{"href":"https:\/\/nhadepbepxinh.com.vn\/index.php?rest_route=\/wp\/v2\/product"}],"about":[{"href":"https:\/\/nhadepbepxinh.com.vn\/index.php?rest_route=\/wp\/v2\/types\/product"}],"replies":[{"embeddable":true,"href":"https:\/\/nhadepbepxinh.com.vn\/index.php?rest_route=%2Fwp%2Fv2%2Fcomments&post=4228"}],"wp:featuredmedia":[{"embeddable":true,"href":"https:\/\/nhadepbepxinh.com.vn\/index.php?rest_route=\/wp\/v2\/media\/4231"}],"wp:attachment":[{"href":"https:\/\/nhadepbepxinh.com.vn\/index.php?rest_route=%2Fwp%2Fv2%2Fmedia&parent=4228"}],"wp:term":[{"taxonomy":"product_brand","embeddable":true,"href":"https:\/\/nhadepbepxinh.com.vn\/index.php?rest_route=%2Fwp%2Fv2%2Fproduct_brand&post=4228"},{"taxonomy":"product_cat","embeddable":true,"href":"https:\/\/nhadepbepxinh.com.vn\/index.php?rest_route=%2Fwp%2Fv2%2Fproduct_cat&post=4228"},{"taxonomy":"product_tag","embeddable":true,"href":"https:\/\/nhadepbepxinh.com.vn\/index.php?rest_route=%2Fwp%2Fv2%2Fproduct_tag&post=4228"}],"curies":[{"name":"wp","href":"https:\/\/api.w.org\/{rel}","templated":true}]}}