{"id":4220,"date":"2025-04-07T18:13:01","date_gmt":"2025-04-07T11:13:01","guid":{"rendered":"https:\/\/nhadepbepxinh.com.vn\/?post_type=product&#038;p=4220"},"modified":"2025-04-07T18:13:01","modified_gmt":"2025-04-07T11:13:01","slug":"noi-com-dien-tu-cuckoo-crp-qs1020fgm","status":"publish","type":"product","link":"https:\/\/nhadepbepxinh.com.vn\/?product=noi-com-dien-tu-cuckoo-crp-qs1020fgm","title":{"rendered":"N\u1ed3i c\u01a1m \u0111i\u1ec7n t\u1eed Cuckoo CRP-QS1020FGM"},"content":{"rendered":"<div id=\"messageView\" class=\"message-view  \" tabindex=\"21\">\n<div>\n<div id=\"messageViewContainer\" class=\" message-view__scroll \">\n<div>\n<div id=\"messageViewScroll\" class=\"message-view__scroll__inner --audit-message-spacing preview-ts fadeInAndOut\">\n<div class=\"block-date\">\n<div class=\"chat-item flx  chat-item-audit chat-item-spacing \">\n<div class=\"chat-content flx flx-col flx-cell chat-content-audit\">\n<div id=\"bb_msg_id_1744024025571\" class=\"chat-message chat-message-v2 wrap-message rotate-container -send-time -reaction\" data-component=\"bubble-message\">\n<div class=\"message-wrapper\">\n<div class=\"message-content-wrapper\">\n<div class=\"message-content-render focused-background\">\n<div class=\" pin-react  last-msg card shadow-bubble message-frame focused-item focused-item--has-border\" data-component=\"message-content-view\" data-qid=\"6481946030143@1744024025571_4512937228969385155_4512937228969385155\">\n<div class=\"\" data-id=\"div_DisabledTargetEventLayer\">\n<div class=\"message-action\">\n<div id=\"text-mCntr_6481946030143-1744024025571-4512937228969385155-4512937228969385155\" class=\"text-message__container\" data-id=\"div_ReceivedMsg_Text\">\n<div>\n<div class=\"overflow-hidden\" data-component=\"message-text-content\"><span class=\"text\">No\u0302\u0300i Co\u031bm \u0110ie\u0323\u0302n Cuckoo &#8211; MADE in KOREA<\/span><\/div>\n<div class=\"overflow-hidden\" data-component=\"message-text-content\"><span class=\"text\">\ud83d\udc49Ma\u0302\u0303u no\u0302\u0300i \u0111en x\u00e1m v\u00e0 \u0111en H\u1ed3ng N\u1ed3i c\u01a1m \u0111i\u1ec7n t\u1eed Cuckoo CRP-QS1020FGM <\/span><\/div>\n<div class=\"overflow-hidden\" data-component=\"message-text-content\"><span class=\"emoji-sizer emoji-outer \">\ud83d\udc49<\/span><span class=\"text\"> Mo\u0301n qua\u0300 vu\u031b\u0300a chua\u0302\u0309n vu\u031b\u0300a co\u0301 y\u0301 nghi\u0303a <\/span><\/div>\n<div class=\"overflow-hidden\" data-component=\"message-text-content\"><span class=\"emoji-sizer emoji-outer \">\ud83d\udc49<\/span><span class=\"text\"> Mo\u0301n qua\u0300 vu\u031b\u0300a cha\u0302\u0301t vu\u031b\u0300a sang <\/span><\/div>\n<div class=\"overflow-hidden\" data-component=\"message-text-content\"><span class=\"emoji-sizer emoji-outer \">\ud83d\udc97<\/span><span class=\"text\"> No\u0302\u0300i co\u031bm \u0111ie\u0323\u0302n CUCKOO no\u0323\u0302i \u0111i\u0323a Ha\u0300n Quo\u0302\u0301c <\/span><\/div>\n<div class=\"overflow-hidden\" data-component=\"message-text-content\"><span class=\"emoji-sizer emoji-outer \">\ud83c\udf5a<\/span><span class=\"emoji-sizer emoji-outer \">\ud83c\udf5a<\/span><span class=\"text\"> CO\u0302NG NGHE\u0323\u0302 HIE\u0323\u0302N \u0110A\u0323I CU\u0309A NO\u0302\u0300I CO\u031bM \u0110IE\u0323\u0302N CUCKOO: <\/span><\/div>\n<div class=\"overflow-hidden\" data-component=\"message-text-content\"><span class=\"text\">\u2714Che\u0302\u0301 \u0111o\u0323\u0302 na\u0302\u0301u \u0111a da\u0323ng: na\u0302\u0301u ga\u0323o lu\u031b\u0301t, na\u0302\u0301u cha\u0301o, co\u031bm tro\u0323\u0302n ca\u0301c loa\u0323i ngu\u0303 co\u0302\u0301c, ha\u0302\u0301p (thi\u0323t, \u0111a\u0323\u0302u phu\u0323, ngo\u0302, khoai, ha\u0323t de\u0309,\u2026). <\/span><\/div>\n<div class=\"overflow-hidden\" data-component=\"message-text-content\"><span class=\"emoji-sizer emoji-outer \">\u2714<\/span><span class=\"text\"> Ti\u0301ch ho\u031b\u0323p tre\u0302n 10 che\u0302\u0301 \u0111o\u0323\u0302 na\u0302\u0301u kha\u0301c nhau, 21 ti\u0301nh na\u0306ng an toa\u0300n cu\u0300ng ca\u0301c che\u0302\u0301 \u0111o\u0323\u0302 na\u0302\u0301u nhanh\/sie\u0302u to\u0302\u0301c\/he\u0323n gio\u031b\u0300. <\/span><\/div>\n<div class=\"overflow-hidden\" data-component=\"message-text-content\"><span class=\"emoji-sizer emoji-outer \">\u2714<\/span><span class=\"text\"> No\u0302\u0300i \u0111ie\u0302\u0300u chi\u0309nh vi\u0323 co\u031bm to\u031b\u0301i 16 mu\u031b\u0301c cho vi\u0323 co\u031bm chua\u0302\u0309n theo \u0111u\u0301ng kha\u0302\u0309u vi\u0323 cu\u0309a gia \u0111i\u0300nh ba\u0323n. <\/span><\/div>\n<div class=\"overflow-hidden\" data-component=\"message-text-content\"><span class=\"emoji-sizer emoji-outer \">\u2714<\/span><span class=\"text\"> He\u0323\u0302 tho\u0302\u0301ng la\u0300m sa\u0323ch, chu\u0300i ru\u031b\u0309a ba\u0306\u0300ng ho\u031bi nu\u031bo\u031b\u0301c tu\u031b\u0323 \u0111o\u0323\u0302ng giu\u0301p no\u0302\u0300i co\u031bm sa\u0323ch trie\u0323\u0302t \u0111e\u0302\u0309 ca\u0301c cha\u0302\u0301t ca\u0323\u0306n kho\u0301 nhi\u0300n tha\u0302\u0301y, die\u0323\u0302t khua\u0302\u0309n va\u0300 mu\u0300i ho\u0302i. <\/span><\/div>\n<div class=\"overflow-hidden\" data-component=\"message-text-content\"><span class=\"emoji-sizer emoji-outer \">\u2714<\/span><span class=\"text\"> Co\u0302ng nghe\u0323\u0302 na\u0302\u0301u co\u031bm ba\u0306\u0300ng ho\u031bi a\u0301p sua\u0302\u0301t &amp; cao ta\u0302\u0300n, cung ca\u0302\u0301p nhie\u0323\u0302t \u0111a chie\u0302\u0300u giu\u0301p co\u031bm chi\u0301n tha\u0302\u0301u tu\u031b\u0300 sa\u0302u be\u0302n trong va\u0300 giu\u031b\u0303 nguye\u0302n cha\u0302\u0301t dinh du\u031bo\u031b\u0303ng. <\/span><\/div>\n<div class=\"overflow-hidden\" data-component=\"message-text-content\"><span class=\"emoji-sizer emoji-outer \">\u2714<\/span><span class=\"text\"> Na\u0306\u0301p thoa\u0301t ho\u031bi \u0111u\u031bo\u031b\u0323c thie\u0302\u0301t ke\u0302\u0301 cho\u0302\u0301ng kho\u0302ng khi\u0301 tu\u031b\u0300 be\u0302n ngoa\u0300i lo\u0323t va\u0300o trong vo\u031b\u0301i cu\u0323m thoa\u0301t nu\u031bo\u031b\u0301c giu\u0301p cho\u0302\u0301ng tra\u0300n, cho\u0302\u0301ng no\u0302\u0309. <\/span><\/div>\n<div class=\"overflow-hidden\" data-component=\"message-text-content\"><span class=\"emoji-sizer emoji-outer \">\ud83d\udc49<\/span><span class=\"emoji-sizer emoji-outer \">\ud83d\udc49<\/span><span class=\"text\"> Vo\u031b\u0301i CUCKOO ca\u0301c Chi\u0323, ca\u0301c Me\u0323 se\u0303 co\u0301 nhu\u031b\u0303ng bu\u031b\u0303a a\u0306n tha\u0323\u0302t ngon cho ca\u0309 gia \u0111i\u0300nh tha\u0323\u0302t de\u0302\u0303 da\u0300ng<\/span><\/div>\n<\/div>\n<\/div>\n<\/div>\n<\/div>\n<\/div>\n<\/div>\n<\/div>\n<\/div>\n<\/div>\n<\/div>\n<\/div>\n<\/div>\n<\/div>\n<\/div>\n<\/div>\n<\/div>\n<\/div>\n<div id=\"chat-box-input-container-id\" class=\"chat-box-input-container\">\n<div id=\"chatInput\" class=\"chat-box-input--audit-2023 chat-box-input--to-focus win32\">\n<div class=\"chat-box-input--audit-2023__heading\"><\/div>\n<div id=\"chat-input-container-id\" class=\"chat-input-container--audit-2023\">\n<div class=\"chat-input-container--audit-2023__left-layout\">\n<div id=\"chat-input-scroller-id\" class=\"chat-input-scrollable\">\n<div class=\"chat-input-wrapper\">\n<div id=\"chat-input-content-id\" class=\"chat-input-content\">\n<div id=\"richInput\" class=\"rich-input empty\" tabindex=\"1\" contenteditable=\"false\" spellcheck=\"false\" data-keybinding-context=\"mainChatInputFocus#1\" data-translate-placeholder=\"STR_MESSAGE_TO\" data-trailer=\"M E C\u1ed1m\u2764\ufe0f\">\n<div id=\"input_line_0\"><\/div>\n<\/div>\n<\/div>\n<\/div>\n<\/div>\n<\/div>\n<\/div>\n<\/div>\n<\/div>\n","protected":false},"excerpt":{"rendered":"<p>No\u0302\u0300i Co\u031bm \u0110ie\u0323\u0302n Cuckoo &#8211; MADE in KOREA \ud83d\udc49Ma\u0302\u0303u no\u0302\u0300i \u0111en x\u00e1m v\u00e0 \u0111en H\u1ed3ng N\u1ed3i c\u01a1m \u0111i\u1ec7n t\u1eed Cuckoo CRP-QS1020FGM \ud83d\udc49 Mo\u0301n qua\u0300 vu\u031b\u0300a chua\u0302\u0309n vu\u031b\u0300a co\u0301 y\u0301 nghi\u0303a \ud83d\udc49 Mo\u0301n qua\u0300 vu\u031b\u0300a cha\u0302\u0301t vu\u031b\u0300a sang \ud83d\udc97 No\u0302\u0300i co\u031bm \u0111ie\u0323\u0302n CUCKOO no\u0323\u0302i \u0111i\u0323a Ha\u0300n Quo\u0302\u0301c \ud83c\udf5a\ud83c\udf5a CO\u0302NG NGHE\u0323\u0302 HIE\u0323\u0302N \u0110A\u0323I CU\u0309A NO\u0302\u0300I CO\u031bM \u0110IE\u0323\u0302N&#8230;<\/p>\n","protected":false},"featured_media":4221,"comment_status":"open","ping_status":"closed","template":"","meta":[],"product_brand":[],"product_cat":[61,62],"product_tag":[],"class_list":{"0":"post-4220","1":"product","2":"type-product","3":"status-publish","4":"has-post-thumbnail","6":"product_cat-hang-gia-dung","7":"product_cat-noi-com","9":"first","10":"instock","11":"shipping-taxable","12":"product-type-simple"},"_links":{"self":[{"href":"https:\/\/nhadepbepxinh.com.vn\/index.php?rest_route=\/wp\/v2\/product\/4220","targetHints":{"allow":["GET"]}}],"collection":[{"href":"https:\/\/nhadepbepxinh.com.vn\/index.php?rest_route=\/wp\/v2\/product"}],"about":[{"href":"https:\/\/nhadepbepxinh.com.vn\/index.php?rest_route=\/wp\/v2\/types\/product"}],"replies":[{"embeddable":true,"href":"https:\/\/nhadepbepxinh.com.vn\/index.php?rest_route=%2Fwp%2Fv2%2Fcomments&post=4220"}],"wp:featuredmedia":[{"embeddable":true,"href":"https:\/\/nhadepbepxinh.com.vn\/index.php?rest_route=\/wp\/v2\/media\/4221"}],"wp:attachment":[{"href":"https:\/\/nhadepbepxinh.com.vn\/index.php?rest_route=%2Fwp%2Fv2%2Fmedia&parent=4220"}],"wp:term":[{"taxonomy":"product_brand","embeddable":true,"href":"https:\/\/nhadepbepxinh.com.vn\/index.php?rest_route=%2Fwp%2Fv2%2Fproduct_brand&post=4220"},{"taxonomy":"product_cat","embeddable":true,"href":"https:\/\/nhadepbepxinh.com.vn\/index.php?rest_route=%2Fwp%2Fv2%2Fproduct_cat&post=4220"},{"taxonomy":"product_tag","embeddable":true,"href":"https:\/\/nhadepbepxinh.com.vn\/index.php?rest_route=%2Fwp%2Fv2%2Fproduct_tag&post=4220"}],"curies":[{"name":"wp","href":"https:\/\/api.w.org\/{rel}","templated":true}]}}