{"id":4182,"date":"2025-04-07T17:48:22","date_gmt":"2025-04-07T10:48:22","guid":{"rendered":"https:\/\/nhadepbepxinh.com.vn\/?post_type=product&#038;p=4182"},"modified":"2025-04-07T17:48:22","modified_gmt":"2025-04-07T10:48:22","slug":"noi-com-dien-unie-urc812","status":"publish","type":"product","link":"https:\/\/nhadepbepxinh.com.vn\/?product=noi-com-dien-unie-urc812","title":{"rendered":"N\u1ed3i C\u01a1m \u0110i\u1ec7n Unie URC812"},"content":{"rendered":"<div class=\"video video-fit mb\">\n<p><iframe loading=\"lazy\" class=\"entered litespeed-loaded\" title=\"N\u1ed2I C\u01a0M \u0110I\u1ec6N UNIE URC812 - L\u00f2ng n\u1ed3i G\u1ed1m Ceramic cao c\u1ea5p\" src=\"https:\/\/www.youtube.com\/embed\/kQkusyicgII?feature=oembed\" width=\"1020\" height=\"574\" frameborder=\"0\" allowfullscreen=\"allowfullscreen\" data-lazyloaded=\"1\" data-src=\"https:\/\/www.youtube.com\/embed\/kQkusyicgII?feature=oembed\" data-ll-status=\"loaded\" data-mce-fragment=\"1\"><\/iframe><\/p>\n<\/div>\n<p>Gi\u1eef tr\u1ecdn dinh d\u01b0\u1ee1ng \u2013 th\u01a1m ngon trong t\u1eebng h\u1ea1t g\u1ea1o nh\u1edd l\u00f2ng n\u1ed3i b\u1eb1ng g\u1ed1m ceramic \u0111\u01b0\u1ee3c c\u1ea5p ch\u1ee9ng nh\u1eadn \u0111\u1ea1t ti\u00eau chu\u1ea9n SGS c\u1ee7a Th\u1ee5y S\u1ef9\u00a0, n\u1ed3i c\u01a1m \u0111i\u1ec7nn Unie URC812 v\u1edbi dung t\u00edch 1.2L\u00a0 nh\u1ecf g\u1ecdn ph\u00f9 h\u1ee3p v\u1edbi gia \u0111\u00ecnh 1-4 ng\u01b0\u1eddi.<\/p>\n<h2><b>L\u00f2ng N\u1ed3i Ceramic Ch\u1ecbu Nhi\u1ec7t \u0110\u1ebfn 750 \u0110\u1ed9 C<\/b><\/h2>\n<p>\u0110i\u1ec3m \u0111\u1eb7c bi\u1ec7t nh\u1ea5t c\u1ee7a n\u1ed3i c\u01a1m \u0111i\u1ec7n Unie URC812 l\u00e0 l\u00f2ng n\u1ed3i l\u00e0m t\u1eeb g\u1ed1m Ceramic v\u1edbi nhi\u1ec1u \u01b0u \u0111i\u1ec3m v\u01b0\u1ee3t tr\u1ed9i:\u0111i\u1ec3m:<\/p>\n<ul>\n<li aria-level=\"1\">Kh\u1ea3 n\u0103ng ch\u1ed1ng d\u00ednh cao, kh\u00f4ng b\u1ecb bong tr\u00f3c m\u00e0i m\u00f2n theo th\u1eddi gian<\/li>\n<li aria-level=\"1\">Ch\u1ecbu \u0111\u01b0\u1ee3c nhi\u1ec7t \u0111\u1ed9 l\u00ean t\u1edbi 750 \u0111\u1ed9 C.<\/li>\n<li aria-level=\"1\">D\u1ec5 d\u00e0ng v\u1ec7 sinh sau khi s\u1eed d\u1ee5ng.<\/li>\n<li aria-level=\"1\">C\u01a1m \u0111\u01b0\u1ee3c n\u1ea5u ra lu\u00f4n t\u01a1i x\u1ed1p, th\u01a1m ngon.<\/li>\n<li aria-level=\"1\">N\u1ea5u c\u01a1m nhanh, gi\u1eef \u1ea5m t\u1ed1t.<\/li>\n<\/ul>\n","protected":false},"excerpt":{"rendered":"<p>Gi\u1eef tr\u1ecdn dinh d\u01b0\u1ee1ng \u2013 th\u01a1m ngon trong t\u1eebng h\u1ea1t g\u1ea1o nh\u1edd l\u00f2ng n\u1ed3i b\u1eb1ng g\u1ed1m ceramic \u0111\u01b0\u1ee3c c\u1ea5p ch\u1ee9ng nh\u1eadn \u0111\u1ea1t ti\u00eau chu\u1ea9n SGS c\u1ee7a Th\u1ee5y S\u1ef9\u00a0, n\u1ed3i c\u01a1m \u0111i\u1ec7nn Unie URC812 v\u1edbi dung t\u00edch 1.2L\u00a0 nh\u1ecf g\u1ecdn ph\u00f9 h\u1ee3p v\u1edbi gia \u0111\u00ecnh 1-4 ng\u01b0\u1eddi.<\/p>\n<p>\u0110\u1eb7c \u0111i\u1ec3m n\u1ed5i b\u1eadt c\u1ee7a s\u1ea3n ph\u1ea9m:<\/p>\n<ul>\n<li aria-level=\"1\">Kh\u1ea3 n\u0103ng ch\u1ed1ng d\u00ednh cao, kh\u00f4ng b\u1ecb bong tr\u00f3c m\u00e0i m\u00f2n theo th\u1eddi gian<\/li>\n<li aria-level=\"1\">Ch\u1ecbu \u0111\u01b0\u1ee3c nhi\u1ec7t \u0111\u1ed9 l\u00ean t\u1edbi 750 \u0111\u1ed9 C.<\/li>\n<li aria-level=\"1\">D\u1ec5 d\u00e0ng v\u1ec7 sinh sau khi s\u1eed d\u1ee5ng.<\/li>\n<li aria-level=\"1\">C\u01a1m \u0111\u01b0\u1ee3c n\u1ea5u ra lu\u00f4n t\u01a1i x\u1ed1p, th\u01a1m ngon.<\/li>\n<li aria-level=\"1\">N\u1ea5u c\u01a1m nhanh, gi\u1eef \u1ea5m t\u1ed1t<\/li>\n<li aria-level=\"1\">B\u1ea3o h\u00e0nh: 12 th\u00e1ng<\/li>\n<\/ul>\n","protected":false},"featured_media":4183,"comment_status":"open","ping_status":"closed","template":"","meta":[],"product_brand":[],"product_cat":[61,62],"product_tag":[],"class_list":{"0":"post-4182","1":"product","2":"type-product","3":"status-publish","4":"has-post-thumbnail","6":"product_cat-hang-gia-dung","7":"product_cat-noi-com","9":"first","10":"instock","11":"shipping-taxable","12":"product-type-simple"},"_links":{"self":[{"href":"https:\/\/nhadepbepxinh.com.vn\/index.php?rest_route=\/wp\/v2\/product\/4182","targetHints":{"allow":["GET"]}}],"collection":[{"href":"https:\/\/nhadepbepxinh.com.vn\/index.php?rest_route=\/wp\/v2\/product"}],"about":[{"href":"https:\/\/nhadepbepxinh.com.vn\/index.php?rest_route=\/wp\/v2\/types\/product"}],"replies":[{"embeddable":true,"href":"https:\/\/nhadepbepxinh.com.vn\/index.php?rest_route=%2Fwp%2Fv2%2Fcomments&post=4182"}],"wp:featuredmedia":[{"embeddable":true,"href":"https:\/\/nhadepbepxinh.com.vn\/index.php?rest_route=\/wp\/v2\/media\/4183"}],"wp:attachment":[{"href":"https:\/\/nhadepbepxinh.com.vn\/index.php?rest_route=%2Fwp%2Fv2%2Fmedia&parent=4182"}],"wp:term":[{"taxonomy":"product_brand","embeddable":true,"href":"https:\/\/nhadepbepxinh.com.vn\/index.php?rest_route=%2Fwp%2Fv2%2Fproduct_brand&post=4182"},{"taxonomy":"product_cat","embeddable":true,"href":"https:\/\/nhadepbepxinh.com.vn\/index.php?rest_route=%2Fwp%2Fv2%2Fproduct_cat&post=4182"},{"taxonomy":"product_tag","embeddable":true,"href":"https:\/\/nhadepbepxinh.com.vn\/index.php?rest_route=%2Fwp%2Fv2%2Fproduct_tag&post=4182"}],"curies":[{"name":"wp","href":"https:\/\/api.w.org\/{rel}","templated":true}]}}