{"id":4169,"date":"2025-04-07T17:46:01","date_gmt":"2025-04-07T10:46:01","guid":{"rendered":"https:\/\/nhadepbepxinh.com.vn\/?post_type=product&#038;p=4169"},"modified":"2025-04-07T17:46:01","modified_gmt":"2025-04-07T10:46:01","slug":"noi-com-dien-long-gom-tu-nhien-unie-urc815","status":"publish","type":"product","link":"https:\/\/nhadepbepxinh.com.vn\/?product=noi-com-dien-long-gom-tu-nhien-unie-urc815","title":{"rendered":"N\u1ed3i c\u01a1m \u0111i\u1ec7n l\u00f2ng g\u1ed1m t\u1ef1 nhi\u00ean UNIE URC815"},"content":{"rendered":"","protected":false},"excerpt":{"rendered":"<p>N\u1ed3i c\u01a1m \u0111i\u1ec7n l\u00f2ng g\u1ed1m t\u1ef1 nhi\u00ean UNIE URC815 l\u00e0 phi\u00ean b\u1ea3n c\u1ea3i ti\u1ebfn m\u1edbi nh\u1ea5t t\u1eeb th\u01b0\u01a1ng hi\u1ec7u UNIE. N\u1ed3i c\u01a1m qu\u1ed1c d\u00e2n v\u1edbi ph\u1ea7n l\u00f2ng g\u1ed1m ch\u1ecbu nhi\u1ec7t si\u00eau c\u1ea5p gi\u00fap n\u1ea5u c\u01a1m ngon v\u00e0 nhanh h\u01a1n.<\/p>\n<p>\u0110\u1eb7c \u0111i\u1ec3m n\u1ed5i b\u1eadt c\u1ee7a s\u1ea3n ph\u1ea9m:<\/p>\n<ul>\n<li>C\u00f4ng ngh\u1ec7 \u1ee7 \u1ea5m 3D<\/li>\n<li>L\u00f2ng n\u1ed3i d\u1ea1ng ni\u00eau \u0111\u1ed9c \u0111\u00e1o<\/li>\n<li>H\u1eb9n gi\u1edd n\u1ea5u 24h ti\u1ec7n l\u1ee3i<\/li>\n<li>6 ch\u1ee9c n\u0103ng n\u1ea5u<\/li>\n<li>L\u00f2ng n\u1ed3i g\u1ed1m Ceramic cao c\u1ea5p<\/li>\n<li>Ch\u1ed1ng qu\u00e1 nhi\u1ec7t an to\u00e0n<\/li>\n<\/ul>\n","protected":false},"featured_media":4170,"comment_status":"open","ping_status":"closed","template":"","meta":[],"product_brand":[],"product_cat":[61,62],"product_tag":[],"class_list":{"0":"post-4169","1":"product","2":"type-product","3":"status-publish","4":"has-post-thumbnail","6":"product_cat-hang-gia-dung","7":"product_cat-noi-com","9":"first","10":"instock","11":"shipping-taxable","12":"product-type-simple"},"_links":{"self":[{"href":"https:\/\/nhadepbepxinh.com.vn\/index.php?rest_route=\/wp\/v2\/product\/4169","targetHints":{"allow":["GET"]}}],"collection":[{"href":"https:\/\/nhadepbepxinh.com.vn\/index.php?rest_route=\/wp\/v2\/product"}],"about":[{"href":"https:\/\/nhadepbepxinh.com.vn\/index.php?rest_route=\/wp\/v2\/types\/product"}],"replies":[{"embeddable":true,"href":"https:\/\/nhadepbepxinh.com.vn\/index.php?rest_route=%2Fwp%2Fv2%2Fcomments&post=4169"}],"wp:featuredmedia":[{"embeddable":true,"href":"https:\/\/nhadepbepxinh.com.vn\/index.php?rest_route=\/wp\/v2\/media\/4170"}],"wp:attachment":[{"href":"https:\/\/nhadepbepxinh.com.vn\/index.php?rest_route=%2Fwp%2Fv2%2Fmedia&parent=4169"}],"wp:term":[{"taxonomy":"product_brand","embeddable":true,"href":"https:\/\/nhadepbepxinh.com.vn\/index.php?rest_route=%2Fwp%2Fv2%2Fproduct_brand&post=4169"},{"taxonomy":"product_cat","embeddable":true,"href":"https:\/\/nhadepbepxinh.com.vn\/index.php?rest_route=%2Fwp%2Fv2%2Fproduct_cat&post=4169"},{"taxonomy":"product_tag","embeddable":true,"href":"https:\/\/nhadepbepxinh.com.vn\/index.php?rest_route=%2Fwp%2Fv2%2Fproduct_tag&post=4169"}],"curies":[{"name":"wp","href":"https:\/\/api.w.org\/{rel}","templated":true}]}}